{"id":127,"date":"2014-08-27T21:50:09","date_gmt":"2014-08-27T18:50:09","guid":{"rendered":"http:\/\/www.lemeta.ro\/?page_id=127"},"modified":"2025-12-03T13:21:32","modified_gmt":"2025-12-03T11:21:32","slug":"aranjat-morminte","status":"publish","type":"page","link":"https:\/\/www.lemeta.ro\/index.php\/aranjat-morminte\/","title":{"rendered":"Aranjat morminte"},"content":{"rendered":"<p><div class=\"fusion-fullwidth fullwidth-box fusion-builder-row-1 fusion-flex-container has-pattern-background has-mask-background nonhundred-percent-fullwidth non-hundred-percent-height-scrolling\" style=\"--awb-border-radius-top-left:0px;--awb-border-radius-top-right:0px;--awb-border-radius-bottom-right:0px;--awb-border-radius-bottom-left:0px;--awb-flex-wrap:wrap;\" ><div class=\"fusion-builder-row fusion-row fusion-flex-align-items-flex-start fusion-flex-content-wrap\" style=\"max-width:calc( 1200px + 80px );margin-left: calc(-80px \/ 2 );margin-right: calc(-80px \/ 2 );\"><div class=\"fusion-layout-column fusion_builder_column fusion-builder-column-0 fusion_builder_column_1_1 1_1 fusion-flex-column\" style=\"--awb-padding-right:40px;--awb-padding-left:43px;--awb-bg-size:cover;--awb-width-large:100%;--awb-margin-top-large:59px;--awb-spacing-right-large:40px;--awb-margin-bottom-large:20px;--awb-spacing-left-large:0px;--awb-width-medium:100%;--awb-order-medium:0;--awb-spacing-right-medium:40px;--awb-spacing-left-medium:0px;--awb-width-small:100%;--awb-order-small:0;--awb-spacing-right-small:40px;--awb-spacing-left-small:40px;\"><div class=\"fusion-column-wrapper fusion-column-has-shadow fusion-flex-justify-content-flex-start fusion-content-layout-column\"><div class=\"fusion-title title fusion-title-1 fusion-sep-none fusion-title-text fusion-title-size-three\" style=\"--awb-margin-top-small:10px;--awb-margin-right-small:0px;--awb-margin-bottom-small:10px;--awb-margin-left-small:0px;\"><h3 class=\"fusion-title-heading title-heading-left\" style=\"margin:0;text-transform:capitalize;\"><h2>Lemeta Comexim \u0219i-a extins serviciile oferite clien\u021biilor pe partea de aranjamente de morminte.<\/h2><\/h3><\/div><\/div><\/div><div class=\"fusion-layout-column fusion_builder_column fusion-builder-column-1 fusion_builder_column_1_2 1_2 fusion-flex-column\" style=\"--awb-bg-size:cover;--awb-width-large:50%;--awb-margin-top-large:0px;--awb-spacing-right-large:40px;--awb-margin-bottom-large:20px;--awb-spacing-left-large:40px;--awb-width-medium:50%;--awb-order-medium:0;--awb-spacing-right-medium:40px;--awb-spacing-left-medium:40px;--awb-width-small:100%;--awb-order-small:0;--awb-spacing-right-small:40px;--awb-spacing-left-small:40px;\"><div class=\"fusion-column-wrapper fusion-column-has-shadow fusion-flex-justify-content-flex-start fusion-content-layout-column\"><div class=\"fusion-image-element \" style=\"--awb-mask-url: url(https:\/\/www.lemeta.ro\/wp-content\/plugins\/fusion-builder\/\/assets\/images\/masks\/mask-15.svg);--awb-caption-title-font-family:var(--h2_typography-font-family);--awb-caption-title-font-weight:var(--h2_typography-font-weight);--awb-caption-title-font-style:var(--h2_typography-font-style);--awb-caption-title-size:var(--h2_typography-font-size);--awb-caption-title-transform:var(--h2_typography-text-transform);--awb-caption-title-line-height:var(--h2_typography-line-height);--awb-caption-title-letter-spacing:var(--h2_typography-letter-spacing);\"><span class=\" fusion-imageframe imageframe-none imageframe-1 hover-type-none has-mask\"><img decoding=\"async\" width=\"800\" height=\"532\" title=\"Headstone cleaning, polishing treatment\" src=\"https:\/\/www.lemeta.ro\/wp-content\/uploads\/2025\/11\/aranjat-morminte.jpg\" data-orig-src=\"https:\/\/www.lemeta.ro\/wp-content\/uploads\/2025\/11\/aranjat-morminte.jpg\" alt class=\"lazyload img-responsive wp-image-21857\" srcset=\"data:image\/svg+xml,%3Csvg%20xmlns%3D%27http%3A%2F%2Fwww.w3.org%2F2000%2Fsvg%27%20width%3D%27800%27%20height%3D%27532%27%20viewBox%3D%270%200%20800%20532%27%3E%3Crect%20width%3D%27800%27%20height%3D%27532%27%20fill-opacity%3D%220%22%2F%3E%3C%2Fsvg%3E\" data-srcset=\"https:\/\/www.lemeta.ro\/wp-content\/uploads\/2025\/11\/aranjat-morminte-200x133.jpg 200w, https:\/\/www.lemeta.ro\/wp-content\/uploads\/2025\/11\/aranjat-morminte-400x266.jpg 400w, https:\/\/www.lemeta.ro\/wp-content\/uploads\/2025\/11\/aranjat-morminte-600x399.jpg 600w, https:\/\/www.lemeta.ro\/wp-content\/uploads\/2025\/11\/aranjat-morminte.jpg 800w\" data-sizes=\"auto\" data-orig-sizes=\"(max-width: 640px) 100vw, 600px\" \/><\/span><\/div><\/div><\/div><div class=\"fusion-layout-column fusion_builder_column fusion-builder-column-2 fusion_builder_column_1_2 1_2 fusion-flex-column\" style=\"--awb-bg-size:cover;--awb-width-large:50%;--awb-margin-top-large:0px;--awb-spacing-right-large:40px;--awb-margin-bottom-large:20px;--awb-spacing-left-large:40px;--awb-width-medium:50%;--awb-order-medium:0;--awb-spacing-right-medium:40px;--awb-spacing-left-medium:40px;--awb-width-small:100%;--awb-order-small:0;--awb-spacing-right-small:40px;--awb-spacing-left-small:40px;\"><div class=\"fusion-column-wrapper fusion-column-has-shadow fusion-flex-justify-content-flex-start fusion-content-layout-column\"><div class=\"fusion-text fusion-text-1\"><p>Nu numai de ziua mor\u021bii, de iluminate oferim acest serviciu, ci \u0219i \u00een fiecare zi a anului.<\/p>\n<\/div><div class=\"fusion-title title fusion-title-2 fusion-sep-none fusion-title-text fusion-title-size-three\" style=\"--awb-margin-top-small:10px;--awb-margin-right-small:0px;--awb-margin-bottom-small:10px;--awb-margin-left-small:0px;\"><h3 class=\"fusion-title-heading title-heading-left\" style=\"margin:0;text-transform:capitalize;\"><h2><strong>Ce tip de serviciu este inclus?<\/strong><\/h2><\/h3><\/div><\/div><\/div><\/div><\/div><div class=\"fusion-fullwidth fullwidth-box fusion-builder-row-2 fusion-flex-container has-pattern-background has-mask-background nonhundred-percent-fullwidth non-hundred-percent-height-scrolling\" style=\"--awb-border-radius-top-left:0px;--awb-border-radius-top-right:0px;--awb-border-radius-bottom-right:0px;--awb-border-radius-bottom-left:0px;--awb-flex-wrap:wrap;\" ><div class=\"fusion-builder-row fusion-row fusion-flex-align-items-flex-start fusion-flex-content-wrap\" style=\"max-width:calc( 1200px + 80px );margin-left: calc(-80px \/ 2 );margin-right: calc(-80px \/ 2 );\"><div class=\"fusion-layout-column fusion_builder_column fusion-builder-column-3 fusion_builder_column_1_1 1_1 fusion-flex-column\" style=\"--awb-bg-size:cover;--awb-width-large:100%;--awb-margin-top-large:16px;--awb-spacing-right-large:40px;--awb-margin-bottom-large:20px;--awb-spacing-left-large:40px;--awb-width-medium:100%;--awb-order-medium:0;--awb-spacing-right-medium:40px;--awb-spacing-left-medium:40px;--awb-width-small:100%;--awb-order-small:0;--awb-spacing-right-small:40px;--awb-spacing-left-small:40px;\"><div class=\"fusion-column-wrapper fusion-column-has-shadow fusion-flex-justify-content-flex-start fusion-content-layout-column\"><ul style=\"--awb-line-height:27.2px;--awb-icon-width:27.2px;--awb-icon-height:27.2px;--awb-icon-margin:11.2px;--awb-content-margin:38.4px;--awb-circlecolor:var(--awb-color4);--awb-circle-yes-font-size:14.08px;\" class=\"fusion-checklist fusion-checklist-1 fusion-checklist-default type-icons\"><li class=\"fusion-li-item\" style=\"--awb-iconcolor:var(--awb-color1);\"><span class=\"icon-wrapper circle-yes\"><i class=\"fusion-li-icon fa-check fas\" aria-hidden=\"true\"><\/i><\/span><div class=\"fusion-li-item-content\">\n<p>\u00cengrijire de morminte: cur\u0103\u021barea mormintelor \u00een \u00eemprejur \u0219i chiar \u0219i morm\u00e2ntul, cur\u0103\u021barea monumentelor, re\u00eennoirea inscrip\u021biilor, preg\u0103tirea mormintelor pentru iarn\u0103<\/p>\n<\/div><\/li><li class=\"fusion-li-item\" style=\"--awb-iconcolor:var(--awb-color1);\"><span class=\"icon-wrapper circle-yes\"><i class=\"fusion-li-icon fa-check fas\" aria-hidden=\"true\"><\/i><\/span><div class=\"fusion-li-item-content\">\n<p>Re\u00eennoirea mormintelor \u00een cazul unor cr\u0103p\u0103turi, spargeri, sau orice daune, chiar placarea lor cu pl\u0103ci din granit existente pe stoc<\/p>\n<\/div><\/li><li class=\"fusion-li-item\" style=\"--awb-iconcolor:var(--awb-color1);\"><span class=\"icon-wrapper circle-yes\"><i class=\"fusion-li-icon awb-icon-check\" aria-hidden=\"true\"><\/i><\/span><div class=\"fusion-li-item-content\">\n<p>\u00cenlocuirea vazelor, a monumentelor, sau pl\u0103cilor. Modelele se pot alege din gama de vaze \u0219i monumente expuse pe site<\/p>\n<\/div><\/li><li class=\"fusion-li-item\" style=\"--awb-iconcolor:var(--awb-color1);\"><span class=\"icon-wrapper circle-yes\"><i class=\"fusion-li-icon awb-icon-check\" aria-hidden=\"true\"><\/i><\/span><div class=\"fusion-li-item-content\">\n<p>\u00cengrijire flori, plant\u0103ri flori, udat flori, a\u0219ezarea a buchetelor sau a ghivecelor de flori, aranjarea tufi\u0219urilor<\/p>\n<\/div><\/li><li class=\"fusion-li-item\" style=\"--awb-iconcolor:var(--awb-color1);\"><span class=\"icon-wrapper circle-yes\"><i class=\"fusion-li-icon awb-icon-check\" aria-hidden=\"true\"><\/i><\/span><div class=\"fusion-li-item-content\">A\u0219ezarea coroanelor din flori artificiale sau naturale<\/div><\/li><li class=\"fusion-li-item\" style=\"--awb-iconcolor:var(--awb-color1);\"><span class=\"icon-wrapper circle-yes\"><i class=\"fusion-li-icon awb-icon-check\" aria-hidden=\"true\"><\/i><\/span><div class=\"fusion-li-item-content\">A\u0219ezarea candelelor sau lum\u00e2n\u0103rilor<\/div><\/li><li class=\"fusion-li-item\" style=\"--awb-iconcolor:var(--awb-color1);\"><span class=\"icon-wrapper circle-yes\"><i class=\"fusion-li-icon awb-icon-check\" aria-hidden=\"true\"><\/i><\/span><div class=\"fusion-li-item-content\">\n<p>Plata taxei anuale \u00een cimitire<\/p>\n<\/div><\/li><\/ul><div class=\"fusion-text fusion-text-2\"><p>De aceste servicii pot beneficia clien\u021bi<strong> s\u0103pt\u0103m\u00e2nal, lunar, din 3 in 3 luni, din 6 in 6 luni, \u00een fiecare an la o dat\u0103 stabilit\u0103, \u00een zile de s\u0103rb\u0103tori<\/strong> (Pa\u0219te, Rusalii, Cr\u0103ciun, sau \u00een orice alt\u0103 zi).<\/p>\n<\/div><\/div><\/div><\/div><\/div><div class=\"fusion-fullwidth fullwidth-box fusion-builder-row-3 fusion-flex-container has-pattern-background has-mask-background nonhundred-percent-fullwidth non-hundred-percent-height-scrolling\" style=\"--awb-border-radius-top-left:0px;--awb-border-radius-top-right:0px;--awb-border-radius-bottom-right:0px;--awb-border-radius-bottom-left:0px;--awb-flex-wrap:wrap;\" ><div class=\"fusion-builder-row fusion-row fusion-flex-align-items-flex-start fusion-flex-content-wrap\" style=\"max-width:calc( 1200px + 80px );margin-left: calc(-80px \/ 2 );margin-right: calc(-80px \/ 2 );\"><div class=\"fusion-layout-column fusion_builder_column fusion-builder-column-4 fusion_builder_column_1_1 1_1 fusion-flex-column\" style=\"--awb-bg-size:cover;--awb-width-large:100%;--awb-margin-top-large:0px;--awb-spacing-right-large:40px;--awb-margin-bottom-large:20px;--awb-spacing-left-large:40px;--awb-width-medium:100%;--awb-order-medium:0;--awb-spacing-right-medium:40px;--awb-spacing-left-medium:40px;--awb-width-small:100%;--awb-order-small:0;--awb-spacing-right-small:40px;--awb-spacing-left-small:40px;\"><div class=\"fusion-column-wrapper fusion-column-has-shadow fusion-flex-justify-content-flex-start fusion-content-layout-column\"><div class=\"fusion-image-element \" style=\"--awb-caption-title-font-family:var(--h2_typography-font-family);--awb-caption-title-font-weight:var(--h2_typography-font-weight);--awb-caption-title-font-style:var(--h2_typography-font-style);--awb-caption-title-size:var(--h2_typography-font-size);--awb-caption-title-transform:var(--h2_typography-text-transform);--awb-caption-title-line-height:var(--h2_typography-line-height);--awb-caption-title-letter-spacing:var(--h2_typography-letter-spacing);\"><span class=\" fusion-imageframe imageframe-none imageframe-2 hover-type-none\"><img decoding=\"async\" width=\"1920\" height=\"540\" title=\"lemeta-(14hghg-of-67)\" src=\"https:\/\/www.lemeta.ro\/wp-content\/uploads\/2020\/04\/lemeta-14hghg-of-67.jpg\" data-orig-src=\"https:\/\/www.lemeta.ro\/wp-content\/uploads\/2020\/04\/lemeta-14hghg-of-67.jpg\" alt class=\"lazyload img-responsive wp-image-2224\" srcset=\"data:image\/svg+xml,%3Csvg%20xmlns%3D%27http%3A%2F%2Fwww.w3.org%2F2000%2Fsvg%27%20width%3D%271920%27%20height%3D%27540%27%20viewBox%3D%270%200%201920%20540%27%3E%3Crect%20width%3D%271920%27%20height%3D%27540%27%20fill-opacity%3D%220%22%2F%3E%3C%2Fsvg%3E\" data-srcset=\"https:\/\/www.lemeta.ro\/wp-content\/uploads\/2020\/04\/lemeta-14hghg-of-67-200x56.jpg 200w, https:\/\/www.lemeta.ro\/wp-content\/uploads\/2020\/04\/lemeta-14hghg-of-67-400x113.jpg 400w, https:\/\/www.lemeta.ro\/wp-content\/uploads\/2020\/04\/lemeta-14hghg-of-67-600x169.jpg 600w, https:\/\/www.lemeta.ro\/wp-content\/uploads\/2020\/04\/lemeta-14hghg-of-67-800x225.jpg 800w, https:\/\/www.lemeta.ro\/wp-content\/uploads\/2020\/04\/lemeta-14hghg-of-67-1200x338.jpg 1200w, https:\/\/www.lemeta.ro\/wp-content\/uploads\/2020\/04\/lemeta-14hghg-of-67.jpg 1920w\" data-sizes=\"auto\" data-orig-sizes=\"(max-width: 640px) 100vw, 1200px\" \/><\/span><\/div><\/div><\/div><\/div><\/div><div class=\"fusion-fullwidth fullwidth-box fusion-builder-row-4 fusion-flex-container has-pattern-background has-mask-background nonhundred-percent-fullwidth non-hundred-percent-height-scrolling\" style=\"--awb-border-radius-top-left:0px;--awb-border-radius-top-right:0px;--awb-border-radius-bottom-right:0px;--awb-border-radius-bottom-left:0px;--awb-flex-wrap:wrap;\" ><div class=\"fusion-builder-row fusion-row fusion-flex-align-items-flex-start fusion-flex-content-wrap\" style=\"max-width:calc( 1200px + 80px );margin-left: calc(-80px \/ 2 );margin-right: calc(-80px \/ 2 );\"><div class=\"fusion-layout-column fusion_builder_column fusion-builder-column-5 fusion_builder_column_1_1 1_1 fusion-flex-column\" style=\"--awb-bg-size:cover;--awb-width-large:100%;--awb-margin-top-large:0px;--awb-spacing-right-large:40px;--awb-margin-bottom-large:20px;--awb-spacing-left-large:40px;--awb-width-medium:100%;--awb-order-medium:0;--awb-spacing-right-medium:40px;--awb-spacing-left-medium:40px;--awb-width-small:100%;--awb-order-small:0;--awb-spacing-right-small:40px;--awb-spacing-left-small:40px;\"><div class=\"fusion-column-wrapper fusion-column-has-shadow fusion-flex-justify-content-flex-start fusion-content-layout-column\"><div class=\"fusion-title title fusion-title-3 fusion-sep-none fusion-title-text fusion-title-size-three\" style=\"--awb-margin-top-small:10px;--awb-margin-right-small:0px;--awb-margin-bottom-small:10px;--awb-margin-left-small:0px;\"><h3 class=\"fusion-title-heading title-heading-left\" style=\"margin:0;text-transform:capitalize;\"><h2><strong>Cum se pot accesa aceste servicii?<\/strong><\/h2><\/h3><\/div><div class=\"fusion-text fusion-text-3\"><p>Pute\u021bi s\u0103 ne contacta\u021bi la pagina de <a title=\"CONTACT\" href=\"https:\/\/www.lemeta.ro\/index.php\/contact_atelier\/\" target=\"_blank\" rel=\"noopener noreferrer\">CONTACT<\/a>, l\u0103s\u00e2ndu-v\u0103 datele Dumneavoastr\u0103 \u0219i \u00een mesaj specific\u00e2nd care sunt serviciile dorite \u0219i \u00een ce cimitir este amplasat morm\u00e2ntul.<\/p>\n<p>\u00cen 24 de ore un consultant de la Lemeta Comexim v\u0103 contacteaz\u0103 telefonic pentru confirmarea comenzii \u0219i a serviciilor. Se complecteaz\u0103 de c\u0103tre client o foaie de comand\u0103.<\/p>\n<p>Suma de plat\u0103 se stabile\u0219te \u00een func\u021bie de serviciile oferite, care poate fi achitat la sediul sau atelierul firmei, sau se poate pl\u0103ti prin transfer bancar sau depunere bancar\u0103. Toate datele vor fi transfera prin e-mail c\u0103tre Dumneavoastr\u0103.<\/p>\n<p>Dup\u0103 executarea lucr\u0103rilor, clientul poate s\u0103 preia lucrarea personal sau serviciile oferite sunt fotografiate \u0219i trimise prin e-mail c\u0103tre client, \u00eempreun\u0103 cu restul documentelor (\u00een cazul \u00een care exist\u0103).<br \/>\nPentru orice intrebare v\u0103 rug\u0103m s\u0103 ne <a title=\"Contact\" href=\"https:\/\/www.lemeta.ro\/index.php\/contact_atelier\/\">CONTACTA\u021aI<\/a>.<\/p>\n<p><strong>Telefon:&nbsp;<\/strong><a href=\"tel:0040740680329\">0040740680329<\/a><\/p>\n<p><strong>E-mail<\/strong>:&nbsp;<a href=\"mailto:office@lemeta.ro\">office@lemeta.ro<\/a><\/p>\n<\/div><\/div><\/div><\/div><\/div><div class=\"fusion-fullwidth fullwidth-box fusion-builder-row-5 fusion-flex-container has-pattern-background has-mask-background nonhundred-percent-fullwidth non-hundred-percent-height-scrolling\" style=\"--awb-border-radius-top-left:0px;--awb-border-radius-top-right:0px;--awb-border-radius-bottom-right:0px;--awb-border-radius-bottom-left:0px;--awb-flex-wrap:wrap;\" ><div class=\"fusion-builder-row fusion-row fusion-flex-align-items-flex-start fusion-flex-content-wrap\" style=\"max-width:calc( 1200px + 80px );margin-left: calc(-80px \/ 2 );margin-right: calc(-80px \/ 2 );\"><div class=\"fusion-layout-column fusion_builder_column fusion-builder-column-6 fusion_builder_column_1_1 1_1 fusion-flex-column\" style=\"--awb-bg-size:cover;--awb-width-large:100%;--awb-margin-top-large:0px;--awb-spacing-right-large:40px;--awb-margin-bottom-large:20px;--awb-spacing-left-large:40px;--awb-width-medium:100%;--awb-order-medium:0;--awb-spacing-right-medium:40px;--awb-spacing-left-medium:40px;--awb-width-small:100%;--awb-order-small:0;--awb-spacing-right-small:40px;--awb-spacing-left-small:40px;\"><div class=\"fusion-column-wrapper fusion-column-has-shadow fusion-flex-justify-content-center fusion-content-layout-row\"><div class=\"fusion-title title fusion-title-4 fusion-sep-none fusion-title-text fusion-title-size-two\" style=\"--awb-margin-bottom:30px;--awb-margin-top-small:10px;--awb-margin-right-small:0px;--awb-margin-bottom-small:30px;--awb-margin-left-small:0px;\"><h2 class=\"fusion-title-heading title-heading-left\" style=\"margin:0;letter-spacing:-1px;text-transform:capitalize;\">Ne g\u0103si\u021bi aici:<\/h2><\/div><iframe class=\"lazyload\" src=\"data:image\/svg+xml,%3Csvg%20xmlns%3D%27http%3A%2F%2Fwww.w3.org%2F2000%2Fsvg%27%20width%3D%271100%27%20height%3D%27450%27%20viewBox%3D%270%200%201100%20450%27%3E%3Crect%20width%3D%271100%27%20height%3D%27450%27%20fill-opacity%3D%220%22%2F%3E%3C%2Fsvg%3E\" data-orig-src=\"https:\/\/www.google.com\/maps\/embed?pb=!1m18!1m12!1m3!1d2744.39677213377!2d24.59852927582242!3d46.539837461032185!2m3!1f0!2f0!3f0!3m2!1i1024!2i768!4f13.1!3m3!1m2!1s0x474bb636ab65f58d%3A0x567b29ef9eef6476!2slemeta.ro!5e0!3m2!1sen!2sro!4v1763562748477!5m2!1sen!2sro\" width=\"1100\" height=\"450\" style=\"border:0;\" allowfullscreen=\"\" loading=\"lazy\" referrerpolicy=\"no-referrer-when-downgrade\"><\/iframe><\/div><\/div><\/div><\/div><\/p>\n","protected":false},"excerpt":{"rendered":"","protected":false},"author":1,"featured_media":0,"parent":0,"menu_order":3,"comment_status":"closed","ping_status":"closed","template":"","meta":{"ngg_post_thumbnail":0,"footnotes":""},"class_list":["post-127","page","type-page","status-publish","hentry"],"yoast_head":"<!-- This site is optimized with the Yoast SEO plugin v27.5 - https:\/\/yoast.com\/product\/yoast-seo-wordpress\/ -->\n<title>Aranjat morminte nu numai de ziua mortii - Lemeta Comexim<\/title>\n<meta name=\"description\" content=\"Servicii de aranjare \u0219i \u00eentre\u021binere morminte \u2014 flori, pietre, decora\u021biuni \u0219i amenaj\u0103ri complete, cu respect \u0219i aten\u021bie la detalii.\" \/>\n<meta name=\"robots\" content=\"index, follow, max-snippet:-1, max-image-preview:large, max-video-preview:-1\" \/>\n<link rel=\"canonical\" href=\"https:\/\/www.lemeta.ro\/index.php\/aranjat-morminte\/\" \/>\n<meta property=\"og:locale\" content=\"ro_RO\" \/>\n<meta property=\"og:type\" content=\"article\" \/>\n<meta property=\"og:title\" content=\"Aranjat morminte nu numai de ziua mortii - Lemeta Comexim\" \/>\n<meta property=\"og:description\" content=\"Servicii de aranjare \u0219i \u00eentre\u021binere morminte \u2014 flori, pietre, decora\u021biuni \u0219i amenaj\u0103ri complete, cu respect \u0219i aten\u021bie la detalii.\" \/>\n<meta property=\"og:url\" content=\"https:\/\/www.lemeta.ro\/index.php\/aranjat-morminte\/\" \/>\n<meta property=\"og:site_name\" content=\"Lemeta - Monumente funerare\" \/>\n<meta property=\"article:publisher\" content=\"https:\/\/www.facebook.com\/lemeta.ro\" \/>\n<meta property=\"article:modified_time\" content=\"2025-12-03T11:21:32+00:00\" \/>\n<meta name=\"twitter:card\" content=\"summary_large_image\" \/>\n<meta name=\"twitter:label1\" content=\"Timp estimat pentru citire\" \/>\n\t<meta name=\"twitter:data1\" content=\"3 minute\" \/>\n<script type=\"application\/ld+json\" class=\"yoast-schema-graph\">{\"@context\":\"https:\\\/\\\/schema.org\",\"@graph\":[{\"@type\":\"WebPage\",\"@id\":\"https:\\\/\\\/www.lemeta.ro\\\/index.php\\\/aranjat-morminte\\\/\",\"url\":\"https:\\\/\\\/www.lemeta.ro\\\/index.php\\\/aranjat-morminte\\\/\",\"name\":\"Aranjat morminte nu numai de ziua mortii - Lemeta Comexim\",\"isPartOf\":{\"@id\":\"https:\\\/\\\/www.lemeta.ro\\\/#website\"},\"datePublished\":\"2014-08-27T18:50:09+00:00\",\"dateModified\":\"2025-12-03T11:21:32+00:00\",\"description\":\"Servicii de aranjare \u0219i \u00eentre\u021binere morminte \u2014 flori, pietre, decora\u021biuni \u0219i amenaj\u0103ri complete, cu respect \u0219i aten\u021bie la detalii.\",\"breadcrumb\":{\"@id\":\"https:\\\/\\\/www.lemeta.ro\\\/index.php\\\/aranjat-morminte\\\/#breadcrumb\"},\"inLanguage\":\"ro-RO\",\"potentialAction\":[{\"@type\":\"ReadAction\",\"target\":[\"https:\\\/\\\/www.lemeta.ro\\\/index.php\\\/aranjat-morminte\\\/\"]}]},{\"@type\":\"BreadcrumbList\",\"@id\":\"https:\\\/\\\/www.lemeta.ro\\\/index.php\\\/aranjat-morminte\\\/#breadcrumb\",\"itemListElement\":[{\"@type\":\"ListItem\",\"position\":1,\"name\":\"Home\",\"item\":\"https:\\\/\\\/www.lemeta.ro\\\/\"},{\"@type\":\"ListItem\",\"position\":2,\"name\":\"Aranjat morminte\"}]},{\"@type\":\"WebSite\",\"@id\":\"https:\\\/\\\/www.lemeta.ro\\\/#website\",\"url\":\"https:\\\/\\\/www.lemeta.ro\\\/\",\"name\":\"Lemeta - Monumente funerare\",\"description\":\"Monumente funerare\",\"publisher\":{\"@id\":\"https:\\\/\\\/www.lemeta.ro\\\/#organization\"},\"potentialAction\":[{\"@type\":\"SearchAction\",\"target\":{\"@type\":\"EntryPoint\",\"urlTemplate\":\"https:\\\/\\\/www.lemeta.ro\\\/?s={search_term_string}\"},\"query-input\":{\"@type\":\"PropertyValueSpecification\",\"valueRequired\":true,\"valueName\":\"search_term_string\"}}],\"inLanguage\":\"ro-RO\"},{\"@type\":\"Organization\",\"@id\":\"https:\\\/\\\/www.lemeta.ro\\\/#organization\",\"name\":\"Lemeta - Monumente funerare\",\"url\":\"https:\\\/\\\/www.lemeta.ro\\\/\",\"logo\":{\"@type\":\"ImageObject\",\"inLanguage\":\"ro-RO\",\"@id\":\"https:\\\/\\\/www.lemeta.ro\\\/#\\\/schema\\\/logo\\\/image\\\/\",\"url\":\"https:\\\/\\\/www.lemeta.ro\\\/wp-content\\\/uploads\\\/2024\\\/05\\\/lemeta-logo.jpg\",\"contentUrl\":\"https:\\\/\\\/www.lemeta.ro\\\/wp-content\\\/uploads\\\/2024\\\/05\\\/lemeta-logo.jpg\",\"width\":800,\"height\":800,\"caption\":\"Lemeta - Monumente funerare\"},\"image\":{\"@id\":\"https:\\\/\\\/www.lemeta.ro\\\/#\\\/schema\\\/logo\\\/image\\\/\"},\"sameAs\":[\"https:\\\/\\\/www.facebook.com\\\/lemeta.ro\"]}]}<\/script>\n<!-- \/ Yoast SEO plugin. -->","yoast_head_json":{"title":"Aranjat morminte nu numai de ziua mortii - Lemeta Comexim","description":"Servicii de aranjare \u0219i \u00eentre\u021binere morminte \u2014 flori, pietre, decora\u021biuni \u0219i amenaj\u0103ri complete, cu respect \u0219i aten\u021bie la detalii.","robots":{"index":"index","follow":"follow","max-snippet":"max-snippet:-1","max-image-preview":"max-image-preview:large","max-video-preview":"max-video-preview:-1"},"canonical":"https:\/\/www.lemeta.ro\/index.php\/aranjat-morminte\/","og_locale":"ro_RO","og_type":"article","og_title":"Aranjat morminte nu numai de ziua mortii - Lemeta Comexim","og_description":"Servicii de aranjare \u0219i \u00eentre\u021binere morminte \u2014 flori, pietre, decora\u021biuni \u0219i amenaj\u0103ri complete, cu respect \u0219i aten\u021bie la detalii.","og_url":"https:\/\/www.lemeta.ro\/index.php\/aranjat-morminte\/","og_site_name":"Lemeta - Monumente funerare","article_publisher":"https:\/\/www.facebook.com\/lemeta.ro","article_modified_time":"2025-12-03T11:21:32+00:00","twitter_card":"summary_large_image","twitter_misc":{"Timp estimat pentru citire":"3 minute"},"schema":{"@context":"https:\/\/schema.org","@graph":[{"@type":"WebPage","@id":"https:\/\/www.lemeta.ro\/index.php\/aranjat-morminte\/","url":"https:\/\/www.lemeta.ro\/index.php\/aranjat-morminte\/","name":"Aranjat morminte nu numai de ziua mortii - Lemeta Comexim","isPartOf":{"@id":"https:\/\/www.lemeta.ro\/#website"},"datePublished":"2014-08-27T18:50:09+00:00","dateModified":"2025-12-03T11:21:32+00:00","description":"Servicii de aranjare \u0219i \u00eentre\u021binere morminte \u2014 flori, pietre, decora\u021biuni \u0219i amenaj\u0103ri complete, cu respect \u0219i aten\u021bie la detalii.","breadcrumb":{"@id":"https:\/\/www.lemeta.ro\/index.php\/aranjat-morminte\/#breadcrumb"},"inLanguage":"ro-RO","potentialAction":[{"@type":"ReadAction","target":["https:\/\/www.lemeta.ro\/index.php\/aranjat-morminte\/"]}]},{"@type":"BreadcrumbList","@id":"https:\/\/www.lemeta.ro\/index.php\/aranjat-morminte\/#breadcrumb","itemListElement":[{"@type":"ListItem","position":1,"name":"Home","item":"https:\/\/www.lemeta.ro\/"},{"@type":"ListItem","position":2,"name":"Aranjat morminte"}]},{"@type":"WebSite","@id":"https:\/\/www.lemeta.ro\/#website","url":"https:\/\/www.lemeta.ro\/","name":"Lemeta - Monumente funerare","description":"Monumente funerare","publisher":{"@id":"https:\/\/www.lemeta.ro\/#organization"},"potentialAction":[{"@type":"SearchAction","target":{"@type":"EntryPoint","urlTemplate":"https:\/\/www.lemeta.ro\/?s={search_term_string}"},"query-input":{"@type":"PropertyValueSpecification","valueRequired":true,"valueName":"search_term_string"}}],"inLanguage":"ro-RO"},{"@type":"Organization","@id":"https:\/\/www.lemeta.ro\/#organization","name":"Lemeta - Monumente funerare","url":"https:\/\/www.lemeta.ro\/","logo":{"@type":"ImageObject","inLanguage":"ro-RO","@id":"https:\/\/www.lemeta.ro\/#\/schema\/logo\/image\/","url":"https:\/\/www.lemeta.ro\/wp-content\/uploads\/2024\/05\/lemeta-logo.jpg","contentUrl":"https:\/\/www.lemeta.ro\/wp-content\/uploads\/2024\/05\/lemeta-logo.jpg","width":800,"height":800,"caption":"Lemeta - Monumente funerare"},"image":{"@id":"https:\/\/www.lemeta.ro\/#\/schema\/logo\/image\/"},"sameAs":["https:\/\/www.facebook.com\/lemeta.ro"]}]}},"_links":{"self":[{"href":"https:\/\/www.lemeta.ro\/index.php\/wp-json\/wp\/v2\/pages\/127","targetHints":{"allow":["GET"]}}],"collection":[{"href":"https:\/\/www.lemeta.ro\/index.php\/wp-json\/wp\/v2\/pages"}],"about":[{"href":"https:\/\/www.lemeta.ro\/index.php\/wp-json\/wp\/v2\/types\/page"}],"author":[{"embeddable":true,"href":"https:\/\/www.lemeta.ro\/index.php\/wp-json\/wp\/v2\/users\/1"}],"replies":[{"embeddable":true,"href":"https:\/\/www.lemeta.ro\/index.php\/wp-json\/wp\/v2\/comments?post=127"}],"version-history":[{"count":4,"href":"https:\/\/www.lemeta.ro\/index.php\/wp-json\/wp\/v2\/pages\/127\/revisions"}],"predecessor-version":[{"id":22036,"href":"https:\/\/www.lemeta.ro\/index.php\/wp-json\/wp\/v2\/pages\/127\/revisions\/22036"}],"wp:attachment":[{"href":"https:\/\/www.lemeta.ro\/index.php\/wp-json\/wp\/v2\/media?parent=127"}],"curies":[{"name":"wp","href":"https:\/\/api.w.org\/{rel}","templated":true}]}}