{"id":20548,"date":"2024-09-26T19:32:17","date_gmt":"2024-09-26T16:32:17","guid":{"rendered":"https:\/\/www.lemeta.ro\/index.php\/produs\/monument-funerar-mon-28-r-granit-negru-lucios\/"},"modified":"2026-02-18T10:47:01","modified_gmt":"2026-02-18T08:47:01","slug":"monument-funerar-mon-28-r-granit-negru-lucios","status":"publish","type":"product","link":"https:\/\/www.lemeta.ro\/index.php\/produs\/monument-funerar-mon-28-r-granit-negru-lucios\/","title":{"rendered":"MONUMENT FUNERAR MON 28 R GRANIT NEGRU LUCIOS"},"content":{"rendered":"<p data-start=\"250\" data-end=\"551\">Un monument de o frumuse\u021be solemn\u0103 \u0219i profund simbolic\u0103, realizat din granit negru lucios \u0219i \u00eennobilat de prezen\u021ba unui \u00eenger sculptat care \u021bine monumentul \u00een bra\u021be. Modelul <em data-start=\"424\" data-end=\"434\">Mon-28 R<\/em> este un tribut deopotriv\u0103 artistic \u0219i spiritual, menit s\u0103 p\u0103streze vie amintirea celor dragi cu demnitate \u0219i pace.<\/p>\n<h3 data-start=\"553\" data-end=\"576\"><strong data-start=\"557\" data-end=\"576\">Detalii tehnice<\/strong><\/h3>\n<ul data-start=\"578\" data-end=\"1321\">\n<li data-start=\"578\" data-end=\"723\">\n<p data-start=\"580\" data-end=\"723\"><strong data-start=\"580\" data-end=\"593\">Material:<\/strong> Granit natural negru lucios, cu suprafa\u021b\u0103 \u0219lefuit\u0103 impecabil, ce reflect\u0103 lumina \u0219i accentueaz\u0103 profunzimea nuan\u021bei \u00eentunecate.<\/p>\n<\/li>\n<li data-start=\"724\" data-end=\"952\">\n<p data-start=\"726\" data-end=\"952\"><strong data-start=\"726\" data-end=\"748\">Design distinctiv:<\/strong> Monumentul este sus\u021binut \u0219i \u00eembr\u0103\u021bi\u0219at de un <strong data-start=\"794\" data-end=\"812\">\u00eenger sculptat<\/strong>, simbol al protec\u021biei \u0219i al p\u0103cii ve\u0219nice. \u00cembinarea dintre piatra sobr\u0103 \u0219i figura angelic\u0103 creeaz\u0103 un ansamblu de mare impact emo\u021bional.<\/p>\n<\/li>\n<li data-start=\"953\" data-end=\"1153\">\n<p data-start=\"955\" data-end=\"1153\"><strong data-start=\"955\" data-end=\"984\">Propor\u021bii \u0219i stabilitate:<\/strong> Dimensiunile sunt atent calculate pentru echilibru vizual \u0219i rezisten\u021b\u0103 structural\u0103. Grosimea solid\u0103 a granitului \u0219i baza robust\u0103 asigur\u0103 durabilitate pe termen lung.<\/p>\n<\/li>\n<li data-start=\"1154\" data-end=\"1321\">\n<p data-start=\"1156\" data-end=\"1321\"><strong data-start=\"1156\" data-end=\"1165\">Not\u0103:<\/strong> Pre\u021bul afi\u0219at <strong data-start=\"1180\" data-end=\"1194\">nu include<\/strong> inscrip\u021bia, montajul sau transportul. Fiecare pies\u0103 este unic\u0103 prin varia\u021biile naturale de textur\u0103 \u0219i nuan\u021b\u0103 ale granitului.<\/p>\n<\/li>\n<\/ul>\n<hr data-start=\"1323\" data-end=\"1326\">\n<h3 data-start=\"1328\" data-end=\"1367\"><strong data-start=\"1332\" data-end=\"1367\">Caracteristici care \u00eel fac unic<\/strong><\/h3>\n<ul data-start=\"1369\" data-end=\"2055\">\n<li data-start=\"1369\" data-end=\"1562\">\n<p data-start=\"1371\" data-end=\"1562\"><strong data-start=\"1371\" data-end=\"1393\">\u00cengerul protector:<\/strong> Figura angelic\u0103 ce \u021bine monumentul \u00een bra\u021be adaug\u0103 un element artistic \u0219i spiritual de mare sensibilitate. Este un simbol al speran\u021bei, ocrotirii \u0219i lini\u0219tii ve\u0219nice.<\/p>\n<\/li>\n<li data-start=\"1563\" data-end=\"1705\">\n<p data-start=\"1565\" data-end=\"1705\"><strong data-start=\"1565\" data-end=\"1586\">Elegan\u021b\u0103 solemn\u0103:<\/strong> Granitul negru lucios confer\u0103 monumentului o prezen\u021b\u0103 puternic\u0103 \u0219i grav\u0103, \u00een contrast delicat cu fine\u021bea sculpturii.<\/p>\n<\/li>\n<li data-start=\"1706\" data-end=\"1885\">\n<p data-start=\"1708\" data-end=\"1885\"><strong data-start=\"1708\" data-end=\"1738\">Durabilitate excep\u021bional\u0103:<\/strong> Granitul este un material extrem de rezistent la intemperii, ceea ce garanteaz\u0103 frumuse\u021bea \u0219i soliditatea monumentului pentru genera\u021bii \u00eentregi.<\/p>\n<\/li>\n<li data-start=\"1886\" data-end=\"2055\">\n<p data-start=\"1888\" data-end=\"2055\"><strong data-start=\"1888\" data-end=\"1912\">Unicitate autentic\u0103:<\/strong> \u00cembinarea dintre roca natural\u0103 \u0219i sculptura angelic\u0103 face ca fiecare monument s\u0103 fie nu doar un reper funerar, ci o adev\u0103rat\u0103 oper\u0103 de art\u0103.<\/p>\n<\/li>\n<\/ul>\n<hr data-start=\"2057\" data-end=\"2060\">\n<h3 data-start=\"2062\" data-end=\"2088\"><strong data-start=\"2066\" data-end=\"2088\">Valoare emo\u021bional\u0103<\/strong><\/h3>\n<p data-start=\"2090\" data-end=\"2377\">Acest monument transmite mai mult dec\u00e2t sobrietate \u2013 el simbolizeaz\u0103 grija divin\u0103 \u0219i protec\u021bia asupra celor trecu\u021bi \u00een eternitate. \u00cengerul sculptat sugereaz\u0103 o prezen\u021b\u0103 cald\u0103, care vegheaz\u0103 permanent, iar granitul negru lucios adaug\u0103 gravitatea \u0219i noble\u021bea necesare unui omagiu ve\u0219nic.<\/p>\n<hr data-start=\"2379\" data-end=\"2382\">\n<h3 data-start=\"2384\" data-end=\"2404\"><strong data-start=\"2388\" data-end=\"2404\">\u00cen concluzie<\/strong><\/h3>\n<p data-start=\"2406\" data-end=\"2715\"><strong data-start=\"2406\" data-end=\"2466\">Monument Funerar Mon-28 R \u2013 Granit Negru Lucios cu \u00cenger<\/strong> este alegerea perfect\u0103 pentru cei care caut\u0103 o combina\u021bie de durabilitate, rafinament \u0219i simbolism spiritual. Un omagiu aparte, care reune\u0219te for\u021ba pietrei cu delicate\u021bea sculpturii angelice, devenind un reper al memoriei \u0219i al protec\u021biei eterne.<\/p>\n","protected":false},"excerpt":{"rendered":"<p data-start=\"175\" data-end=\"334\">Monument funerar din granit negru lucios, vegheat de un \u00eenger sculptat. Un simbol al protec\u021biei \u0219i al p\u0103cii ve\u0219nice, menit s\u0103 cinsteasc\u0103 memoria celor dragi.<\/p>\n","protected":false},"featured_media":20958,"template":"","meta":{"ngg_post_thumbnail":0},"product_brand":[],"product_cat":[52],"product_tag":[],"class_list":{"0":"post-20548","1":"product","2":"type-product","3":"status-publish","4":"has-post-thumbnail","6":"product_cat-monumente-granit","8":"first","9":"instock","10":"taxable","11":"shipping-taxable","12":"product-type-simple"},"yoast_head":"<!-- This site is optimized with the Yoast SEO plugin v27.5 - https:\/\/yoast.com\/product\/yoast-seo-wordpress\/ -->\n<title>MONUMENT FUNERAR MON 28 R GRANIT NEGRU LUCIOS - Lemeta - Monumente funerare<\/title>\n<meta name=\"description\" content=\"Monument Funerar: \u00cengerul care vegheaz\u0103 monumentul din granit negru lucios transmite pace, ocrotire \u0219i un omagiu etern celor dragi.\" \/>\n<meta name=\"robots\" content=\"index, follow, max-snippet:-1, max-image-preview:large, max-video-preview:-1\" \/>\n<link rel=\"canonical\" href=\"https:\/\/www.lemeta.ro\/index.php\/produs\/monument-funerar-mon-28-r-granit-negru-lucios\/\" \/>\n<meta property=\"og:locale\" content=\"ro_RO\" \/>\n<meta property=\"og:type\" content=\"article\" \/>\n<meta property=\"og:title\" content=\"MONUMENT FUNERAR MON 28 R GRANIT NEGRU LUCIOS - Lemeta - Monumente funerare\" \/>\n<meta property=\"og:description\" content=\"Monument Funerar: \u00cengerul care vegheaz\u0103 monumentul din granit negru lucios transmite pace, ocrotire \u0219i un omagiu etern celor dragi.\" \/>\n<meta property=\"og:url\" content=\"https:\/\/www.lemeta.ro\/index.php\/produs\/monument-funerar-mon-28-r-granit-negru-lucios\/\" \/>\n<meta property=\"og:site_name\" content=\"Lemeta - Monumente funerare\" \/>\n<meta property=\"article:publisher\" content=\"https:\/\/www.facebook.com\/lemeta.ro\" \/>\n<meta property=\"article:modified_time\" content=\"2026-02-18T08:47:01+00:00\" \/>\n<meta property=\"og:image\" content=\"https:\/\/www.lemeta.ro\/wp-content\/uploads\/2024\/09\/MONUMENT-FUNERAR-MON-28-R-GRANIT-NEGRU-LUCIOS.jpg\" \/>\n\t<meta property=\"og:image:width\" content=\"1024\" \/>\n\t<meta property=\"og:image:height\" content=\"1024\" \/>\n\t<meta property=\"og:image:type\" content=\"image\/jpeg\" \/>\n<meta name=\"twitter:card\" content=\"summary_large_image\" \/>\n<meta name=\"twitter:label1\" content=\"Timp estimat pentru citire\" \/>\n\t<meta name=\"twitter:data1\" content=\"1 minut\" \/>\n<script type=\"application\/ld+json\" class=\"yoast-schema-graph\">{\"@context\":\"https:\\\/\\\/schema.org\",\"@graph\":[{\"@type\":\"WebPage\",\"@id\":\"https:\\\/\\\/www.lemeta.ro\\\/index.php\\\/produs\\\/monument-funerar-mon-28-r-granit-negru-lucios\\\/\",\"url\":\"https:\\\/\\\/www.lemeta.ro\\\/index.php\\\/produs\\\/monument-funerar-mon-28-r-granit-negru-lucios\\\/\",\"name\":\"MONUMENT FUNERAR MON 28 R GRANIT NEGRU LUCIOS - Lemeta - Monumente funerare\",\"isPartOf\":{\"@id\":\"https:\\\/\\\/www.lemeta.ro\\\/#website\"},\"primaryImageOfPage\":{\"@id\":\"https:\\\/\\\/www.lemeta.ro\\\/index.php\\\/produs\\\/monument-funerar-mon-28-r-granit-negru-lucios\\\/#primaryimage\"},\"image\":{\"@id\":\"https:\\\/\\\/www.lemeta.ro\\\/index.php\\\/produs\\\/monument-funerar-mon-28-r-granit-negru-lucios\\\/#primaryimage\"},\"thumbnailUrl\":\"https:\\\/\\\/www.lemeta.ro\\\/wp-content\\\/uploads\\\/2024\\\/09\\\/MONUMENT-FUNERAR-MON-28-R-GRANIT-NEGRU-LUCIOS.jpg\",\"datePublished\":\"2024-09-26T16:32:17+00:00\",\"dateModified\":\"2026-02-18T08:47:01+00:00\",\"description\":\"Monument Funerar: \u00cengerul care vegheaz\u0103 monumentul din granit negru lucios transmite pace, ocrotire \u0219i un omagiu etern celor dragi.\",\"breadcrumb\":{\"@id\":\"https:\\\/\\\/www.lemeta.ro\\\/index.php\\\/produs\\\/monument-funerar-mon-28-r-granit-negru-lucios\\\/#breadcrumb\"},\"inLanguage\":\"ro-RO\",\"potentialAction\":[{\"@type\":\"ReadAction\",\"target\":[\"https:\\\/\\\/www.lemeta.ro\\\/index.php\\\/produs\\\/monument-funerar-mon-28-r-granit-negru-lucios\\\/\"]}]},{\"@type\":\"ImageObject\",\"inLanguage\":\"ro-RO\",\"@id\":\"https:\\\/\\\/www.lemeta.ro\\\/index.php\\\/produs\\\/monument-funerar-mon-28-r-granit-negru-lucios\\\/#primaryimage\",\"url\":\"https:\\\/\\\/www.lemeta.ro\\\/wp-content\\\/uploads\\\/2024\\\/09\\\/MONUMENT-FUNERAR-MON-28-R-GRANIT-NEGRU-LUCIOS.jpg\",\"contentUrl\":\"https:\\\/\\\/www.lemeta.ro\\\/wp-content\\\/uploads\\\/2024\\\/09\\\/MONUMENT-FUNERAR-MON-28-R-GRANIT-NEGRU-LUCIOS.jpg\",\"width\":1024,\"height\":1024},{\"@type\":\"BreadcrumbList\",\"@id\":\"https:\\\/\\\/www.lemeta.ro\\\/index.php\\\/produs\\\/monument-funerar-mon-28-r-granit-negru-lucios\\\/#breadcrumb\",\"itemListElement\":[{\"@type\":\"ListItem\",\"position\":1,\"name\":\"Home\",\"item\":\"https:\\\/\\\/www.lemeta.ro\\\/\"},{\"@type\":\"ListItem\",\"position\":2,\"name\":\"Shop Lemeta\",\"item\":\"https:\\\/\\\/www.lemeta.ro\\\/index.php\\\/shop-lemeta\\\/\"},{\"@type\":\"ListItem\",\"position\":3,\"name\":\"MONUMENT FUNERAR MON 28 R GRANIT NEGRU LUCIOS\"}]},{\"@type\":\"WebSite\",\"@id\":\"https:\\\/\\\/www.lemeta.ro\\\/#website\",\"url\":\"https:\\\/\\\/www.lemeta.ro\\\/\",\"name\":\"Lemeta - Monumente funerare\",\"description\":\"Monumente funerare\",\"publisher\":{\"@id\":\"https:\\\/\\\/www.lemeta.ro\\\/#organization\"},\"potentialAction\":[{\"@type\":\"SearchAction\",\"target\":{\"@type\":\"EntryPoint\",\"urlTemplate\":\"https:\\\/\\\/www.lemeta.ro\\\/?s={search_term_string}\"},\"query-input\":{\"@type\":\"PropertyValueSpecification\",\"valueRequired\":true,\"valueName\":\"search_term_string\"}}],\"inLanguage\":\"ro-RO\"},{\"@type\":\"Organization\",\"@id\":\"https:\\\/\\\/www.lemeta.ro\\\/#organization\",\"name\":\"Lemeta - Monumente funerare\",\"url\":\"https:\\\/\\\/www.lemeta.ro\\\/\",\"logo\":{\"@type\":\"ImageObject\",\"inLanguage\":\"ro-RO\",\"@id\":\"https:\\\/\\\/www.lemeta.ro\\\/#\\\/schema\\\/logo\\\/image\\\/\",\"url\":\"https:\\\/\\\/www.lemeta.ro\\\/wp-content\\\/uploads\\\/2024\\\/05\\\/lemeta-logo.jpg\",\"contentUrl\":\"https:\\\/\\\/www.lemeta.ro\\\/wp-content\\\/uploads\\\/2024\\\/05\\\/lemeta-logo.jpg\",\"width\":800,\"height\":800,\"caption\":\"Lemeta - Monumente funerare\"},\"image\":{\"@id\":\"https:\\\/\\\/www.lemeta.ro\\\/#\\\/schema\\\/logo\\\/image\\\/\"},\"sameAs\":[\"https:\\\/\\\/www.facebook.com\\\/lemeta.ro\"]}]}<\/script>\n<!-- \/ Yoast SEO plugin. -->","yoast_head_json":{"title":"MONUMENT FUNERAR MON 28 R GRANIT NEGRU LUCIOS - Lemeta - Monumente funerare","description":"Monument Funerar: \u00cengerul care vegheaz\u0103 monumentul din granit negru lucios transmite pace, ocrotire \u0219i un omagiu etern celor dragi.","robots":{"index":"index","follow":"follow","max-snippet":"max-snippet:-1","max-image-preview":"max-image-preview:large","max-video-preview":"max-video-preview:-1"},"canonical":"https:\/\/www.lemeta.ro\/index.php\/produs\/monument-funerar-mon-28-r-granit-negru-lucios\/","og_locale":"ro_RO","og_type":"article","og_title":"MONUMENT FUNERAR MON 28 R GRANIT NEGRU LUCIOS - Lemeta - Monumente funerare","og_description":"Monument Funerar: \u00cengerul care vegheaz\u0103 monumentul din granit negru lucios transmite pace, ocrotire \u0219i un omagiu etern celor dragi.","og_url":"https:\/\/www.lemeta.ro\/index.php\/produs\/monument-funerar-mon-28-r-granit-negru-lucios\/","og_site_name":"Lemeta - Monumente funerare","article_publisher":"https:\/\/www.facebook.com\/lemeta.ro","article_modified_time":"2026-02-18T08:47:01+00:00","og_image":[{"width":1024,"height":1024,"url":"https:\/\/www.lemeta.ro\/wp-content\/uploads\/2024\/09\/MONUMENT-FUNERAR-MON-28-R-GRANIT-NEGRU-LUCIOS.jpg","type":"image\/jpeg"}],"twitter_card":"summary_large_image","twitter_misc":{"Timp estimat pentru citire":"1 minut"},"schema":{"@context":"https:\/\/schema.org","@graph":[{"@type":"WebPage","@id":"https:\/\/www.lemeta.ro\/index.php\/produs\/monument-funerar-mon-28-r-granit-negru-lucios\/","url":"https:\/\/www.lemeta.ro\/index.php\/produs\/monument-funerar-mon-28-r-granit-negru-lucios\/","name":"MONUMENT FUNERAR MON 28 R GRANIT NEGRU LUCIOS - Lemeta - Monumente funerare","isPartOf":{"@id":"https:\/\/www.lemeta.ro\/#website"},"primaryImageOfPage":{"@id":"https:\/\/www.lemeta.ro\/index.php\/produs\/monument-funerar-mon-28-r-granit-negru-lucios\/#primaryimage"},"image":{"@id":"https:\/\/www.lemeta.ro\/index.php\/produs\/monument-funerar-mon-28-r-granit-negru-lucios\/#primaryimage"},"thumbnailUrl":"https:\/\/www.lemeta.ro\/wp-content\/uploads\/2024\/09\/MONUMENT-FUNERAR-MON-28-R-GRANIT-NEGRU-LUCIOS.jpg","datePublished":"2024-09-26T16:32:17+00:00","dateModified":"2026-02-18T08:47:01+00:00","description":"Monument Funerar: \u00cengerul care vegheaz\u0103 monumentul din granit negru lucios transmite pace, ocrotire \u0219i un omagiu etern celor dragi.","breadcrumb":{"@id":"https:\/\/www.lemeta.ro\/index.php\/produs\/monument-funerar-mon-28-r-granit-negru-lucios\/#breadcrumb"},"inLanguage":"ro-RO","potentialAction":[{"@type":"ReadAction","target":["https:\/\/www.lemeta.ro\/index.php\/produs\/monument-funerar-mon-28-r-granit-negru-lucios\/"]}]},{"@type":"ImageObject","inLanguage":"ro-RO","@id":"https:\/\/www.lemeta.ro\/index.php\/produs\/monument-funerar-mon-28-r-granit-negru-lucios\/#primaryimage","url":"https:\/\/www.lemeta.ro\/wp-content\/uploads\/2024\/09\/MONUMENT-FUNERAR-MON-28-R-GRANIT-NEGRU-LUCIOS.jpg","contentUrl":"https:\/\/www.lemeta.ro\/wp-content\/uploads\/2024\/09\/MONUMENT-FUNERAR-MON-28-R-GRANIT-NEGRU-LUCIOS.jpg","width":1024,"height":1024},{"@type":"BreadcrumbList","@id":"https:\/\/www.lemeta.ro\/index.php\/produs\/monument-funerar-mon-28-r-granit-negru-lucios\/#breadcrumb","itemListElement":[{"@type":"ListItem","position":1,"name":"Home","item":"https:\/\/www.lemeta.ro\/"},{"@type":"ListItem","position":2,"name":"Shop Lemeta","item":"https:\/\/www.lemeta.ro\/index.php\/shop-lemeta\/"},{"@type":"ListItem","position":3,"name":"MONUMENT FUNERAR MON 28 R GRANIT NEGRU LUCIOS"}]},{"@type":"WebSite","@id":"https:\/\/www.lemeta.ro\/#website","url":"https:\/\/www.lemeta.ro\/","name":"Lemeta - Monumente funerare","description":"Monumente funerare","publisher":{"@id":"https:\/\/www.lemeta.ro\/#organization"},"potentialAction":[{"@type":"SearchAction","target":{"@type":"EntryPoint","urlTemplate":"https:\/\/www.lemeta.ro\/?s={search_term_string}"},"query-input":{"@type":"PropertyValueSpecification","valueRequired":true,"valueName":"search_term_string"}}],"inLanguage":"ro-RO"},{"@type":"Organization","@id":"https:\/\/www.lemeta.ro\/#organization","name":"Lemeta - Monumente funerare","url":"https:\/\/www.lemeta.ro\/","logo":{"@type":"ImageObject","inLanguage":"ro-RO","@id":"https:\/\/www.lemeta.ro\/#\/schema\/logo\/image\/","url":"https:\/\/www.lemeta.ro\/wp-content\/uploads\/2024\/05\/lemeta-logo.jpg","contentUrl":"https:\/\/www.lemeta.ro\/wp-content\/uploads\/2024\/05\/lemeta-logo.jpg","width":800,"height":800,"caption":"Lemeta - Monumente funerare"},"image":{"@id":"https:\/\/www.lemeta.ro\/#\/schema\/logo\/image\/"},"sameAs":["https:\/\/www.facebook.com\/lemeta.ro"]}]}},"_links":{"self":[{"href":"https:\/\/www.lemeta.ro\/index.php\/wp-json\/wp\/v2\/product\/20548","targetHints":{"allow":["GET"]}}],"collection":[{"href":"https:\/\/www.lemeta.ro\/index.php\/wp-json\/wp\/v2\/product"}],"about":[{"href":"https:\/\/www.lemeta.ro\/index.php\/wp-json\/wp\/v2\/types\/product"}],"wp:featuredmedia":[{"embeddable":true,"href":"https:\/\/www.lemeta.ro\/index.php\/wp-json\/wp\/v2\/media\/20958"}],"wp:attachment":[{"href":"https:\/\/www.lemeta.ro\/index.php\/wp-json\/wp\/v2\/media?parent=20548"}],"wp:term":[{"taxonomy":"product_brand","embeddable":true,"href":"https:\/\/www.lemeta.ro\/index.php\/wp-json\/wp\/v2\/product_brand?post=20548"},{"taxonomy":"product_cat","embeddable":true,"href":"https:\/\/www.lemeta.ro\/index.php\/wp-json\/wp\/v2\/product_cat?post=20548"},{"taxonomy":"product_tag","embeddable":true,"href":"https:\/\/www.lemeta.ro\/index.php\/wp-json\/wp\/v2\/product_tag?post=20548"}],"curies":[{"name":"wp","href":"https:\/\/api.w.org\/{rel}","templated":true}]}}