{"id":20578,"date":"2024-09-26T19:32:24","date_gmt":"2024-09-26T16:32:24","guid":{"rendered":"https:\/\/www.lemeta.ro\/index.php\/produs\/monument-funerar-ort-2-granit-maroniu\/"},"modified":"2026-02-18T10:47:06","modified_gmt":"2026-02-18T08:47:06","slug":"monument-funerar-ort-2-granit-maroniu","status":"publish","type":"product","link":"https:\/\/www.lemeta.ro\/index.php\/produs\/monument-funerar-ort-2-granit-maroniu\/","title":{"rendered":"MONUMENT FUNERAR ORT 2 GRANIT MARONIU"},"content":{"rendered":"<p data-start=\"219\" data-end=\"432\">O amintire gravat\u0103 \u00een piatr\u0103, menit\u0103 s\u0103 d\u0103inuie cu noble\u021be. Modelul <em data-start=\"287\" data-end=\"294\">Ort 2<\/em>, realizat din granit natural maroniu, \u00een grosime de 8 cm, \u00eembin\u0103 tradi\u021bia funerar\u0103 cu rafinamentul discret \u0219i durabilitatea excep\u021bional\u0103.<\/p>\n<h3 data-start=\"434\" data-end=\"457\"><strong data-start=\"438\" data-end=\"457\">Detalii tehnice<\/strong><\/h3>\n<ul data-start=\"458\" data-end=\"931\">\n<li data-start=\"458\" data-end=\"539\">\n<p data-start=\"460\" data-end=\"539\"><strong data-start=\"460\" data-end=\"473\">Material:<\/strong> Granit natural maroniu \u2014 sofisticat, cald \u0219i extrem de rezistent.<\/p>\n<\/li>\n<li data-start=\"540\" data-end=\"671\">\n<p data-start=\"542\" data-end=\"566\"><strong data-start=\"542\" data-end=\"564\">Dimensiuni exacte:<\/strong><\/p>\n<ul data-start=\"569\" data-end=\"671\">\n<li data-start=\"569\" data-end=\"602\">\n<p data-start=\"571\" data-end=\"602\">Monument: <strong data-start=\"581\" data-end=\"600\">110 \u00d7 60 \u00d7 8 cm<\/strong><\/p>\n<\/li>\n<li data-start=\"605\" data-end=\"671\">\n<p data-start=\"607\" data-end=\"671\">Baz\u0103: <strong data-start=\"613\" data-end=\"631\">95 \u00d7 15 \u00d7 8 cm<\/strong><\/p>\n<\/li>\n<\/ul>\n<\/li>\n<li data-start=\"672\" data-end=\"931\">\n<p data-start=\"674\" data-end=\"931\"><strong data-start=\"674\" data-end=\"694\">Not\u0103 important\u0103:<\/strong> Pre\u021bul afi\u0219at <strong data-start=\"709\" data-end=\"723\">nu include<\/strong> inscrip\u021bia, montajul \u0219i transportul. Granitul este un material natural, astfel pot exista varia\u021bii subtile de nuan\u021b\u0103 \u0219i structur\u0103, conferind unicitate fiec\u0103rui monument.<\/p>\n<\/li>\n<\/ul>\n<hr data-start=\"933\" data-end=\"936\">\n<h3 data-start=\"938\" data-end=\"972\"><strong data-start=\"942\" data-end=\"972\">Caracteristici distinctive<\/strong><\/h3>\n<ul data-start=\"974\" data-end=\"1599\">\n<li data-start=\"974\" data-end=\"1098\">\n<p data-start=\"976\" data-end=\"1098\"><strong data-start=\"976\" data-end=\"997\">Sobrietate cald\u0103:<\/strong> Nuan\u021ba maroniu aduce lini\u0219te \u0219i solemnitate, conferind spa\u021biului de reculegere o aur\u0103 reconfortant\u0103.<\/p>\n<\/li>\n<li data-start=\"1099\" data-end=\"1248\">\n<p data-start=\"1101\" data-end=\"1248\"><strong data-start=\"1101\" data-end=\"1128\">Durabilitate autentica:<\/strong> Granitul este extrem de rezistent la intemperii \u0219i trecerea timpului, garant\u00e2nd rezisten\u021b\u0103 \u0219i frumuse\u021be pe termen lung.<\/p>\n<\/li>\n<li data-start=\"1249\" data-end=\"1377\">\n<p data-start=\"1251\" data-end=\"1377\"><strong data-start=\"1251\" data-end=\"1278\">Originalitate natural\u0103:<\/strong> Variabilitatea natural\u0103 a texturii \u0219i culorii granitului creeaz\u0103 o amprent\u0103 unic\u0103 pentru monument.<\/p>\n<\/li>\n<li data-start=\"1378\" data-end=\"1599\">\n<p data-start=\"1380\" data-end=\"1599\"><strong data-start=\"1380\" data-end=\"1411\">Profesionalism \u0219i tradi\u021bie:<\/strong> Atelierul Lemeta Comexim ofer\u0103 experien\u021b\u0103 de trei genera\u021bii, consultan\u021b\u0103 dedicat\u0103, montaj atent \u0219i o garan\u021bie de <strong data-start=\"1525\" data-end=\"1534\">2 ani<\/strong> pentru lucr\u0103rile funerare.<\/p>\n<\/li>\n<\/ul>\n<hr data-start=\"1601\" data-end=\"1604\">\n<h3 data-start=\"1606\" data-end=\"1632\"><strong data-start=\"1610\" data-end=\"1632\">Valoare emo\u021bional\u0103<\/strong><\/h3>\n<p data-start=\"1634\" data-end=\"1988\">Acest monument este mai mult dec\u00e2t o prezen\u021b\u0103 fizic\u0103: este un spa\u021biu al reculegerii \u0219i al reveren\u021bei. Cu o form\u0103 echilibrat\u0103 \u0219i ton cald, modelul <em data-start=\"1780\" data-end=\"1787\">Ort 2<\/em> transmite respect profund, oferind o prezen\u021b\u0103 vertical\u0103 care aduce \u00een acela\u0219i timp lini\u0219te sufleteasc\u0103 \u0219i dignitate. Acesta este un omagiu sincer \u0219i trainic, menit s\u0103 p\u0103streze vie memoria celor dragi.<\/p>\n<hr data-start=\"1990\" data-end=\"1993\">\n<h3 data-start=\"1995\" data-end=\"2015\"><strong data-start=\"1999\" data-end=\"2015\">\u00cen concluzie<\/strong><\/h3>\n<p data-start=\"2017\" data-end=\"2230\"><strong data-start=\"2017\" data-end=\"2060\">Monument funerar Ort 2 \u2013 Granit Maroniu<\/strong> este alegerea ideal\u0103 pentru cei care caut\u0103 o solu\u021bie combina\u021bie de tradi\u021bie, rafinament \u0219i durabilitate. O m\u0103rturie emo\u021bionant\u0103 \u0219i peren\u0103, realizat\u0103 cu grij\u0103 \u0219i respect.<\/p>\n","protected":false},"excerpt":{"rendered":"<p>Monument funerar Ort 2 din granit maroniu, sobru \u0219i elegant. Un omagiu plin de lini\u0219te \u0219i demnitate, creat pentru a p\u0103stra vie memoria celor dragi.<\/p>\n","protected":false},"featured_media":20939,"template":"","meta":{"ngg_post_thumbnail":0},"product_brand":[],"product_cat":[52],"product_tag":[],"class_list":{"0":"post-20578","1":"product","2":"type-product","3":"status-publish","4":"has-post-thumbnail","6":"product_cat-monumente-granit","8":"first","9":"instock","10":"taxable","11":"shipping-taxable","12":"product-type-simple"},"yoast_head":"<!-- This site is optimized with the Yoast SEO plugin v27.5 - https:\/\/yoast.com\/product\/yoast-seo-wordpress\/ -->\n<title>MONUMENT FUNERAR ORT 2 GRANIT MARONIU - Lemeta - Monumente funerare<\/title>\n<meta name=\"description\" content=\"Monument funerar Ort 2 din granit maroniu, elegant \u0219i rezistent. Alege Lemeta pentru monumente funerare din granit, durabile \u0219i de calitate superioar\u0103.\" \/>\n<meta name=\"robots\" content=\"index, follow, max-snippet:-1, max-image-preview:large, max-video-preview:-1\" \/>\n<link rel=\"canonical\" href=\"https:\/\/www.lemeta.ro\/index.php\/produs\/monument-funerar-ort-2-granit-maroniu\/\" \/>\n<meta property=\"og:locale\" content=\"ro_RO\" \/>\n<meta property=\"og:type\" content=\"article\" \/>\n<meta property=\"og:title\" content=\"MONUMENT FUNERAR ORT 2 GRANIT MARONIU - Lemeta - Monumente funerare\" \/>\n<meta property=\"og:description\" content=\"Monument funerar Ort 2 din granit maroniu, elegant \u0219i rezistent. Alege Lemeta pentru monumente funerare din granit, durabile \u0219i de calitate superioar\u0103.\" \/>\n<meta property=\"og:url\" content=\"https:\/\/www.lemeta.ro\/index.php\/produs\/monument-funerar-ort-2-granit-maroniu\/\" \/>\n<meta property=\"og:site_name\" content=\"Lemeta - Monumente funerare\" \/>\n<meta property=\"article:publisher\" content=\"https:\/\/www.facebook.com\/lemeta.ro\" \/>\n<meta property=\"article:modified_time\" content=\"2026-02-18T08:47:06+00:00\" \/>\n<meta property=\"og:image\" content=\"https:\/\/www.lemeta.ro\/wp-content\/uploads\/2024\/09\/MONUMENT-FUNERAR-ORT-2-GRANIT-MARONIU.jpg\" \/>\n\t<meta property=\"og:image:width\" content=\"1024\" \/>\n\t<meta property=\"og:image:height\" content=\"1024\" \/>\n\t<meta property=\"og:image:type\" content=\"image\/jpeg\" \/>\n<meta name=\"twitter:card\" content=\"summary_large_image\" \/>\n<meta name=\"twitter:label1\" content=\"Timp estimat pentru citire\" \/>\n\t<meta name=\"twitter:data1\" content=\"1 minut\" \/>\n<script type=\"application\/ld+json\" class=\"yoast-schema-graph\">{\"@context\":\"https:\\\/\\\/schema.org\",\"@graph\":[{\"@type\":\"WebPage\",\"@id\":\"https:\\\/\\\/www.lemeta.ro\\\/index.php\\\/produs\\\/monument-funerar-ort-2-granit-maroniu\\\/\",\"url\":\"https:\\\/\\\/www.lemeta.ro\\\/index.php\\\/produs\\\/monument-funerar-ort-2-granit-maroniu\\\/\",\"name\":\"MONUMENT FUNERAR ORT 2 GRANIT MARONIU - Lemeta - Monumente funerare\",\"isPartOf\":{\"@id\":\"https:\\\/\\\/www.lemeta.ro\\\/#website\"},\"primaryImageOfPage\":{\"@id\":\"https:\\\/\\\/www.lemeta.ro\\\/index.php\\\/produs\\\/monument-funerar-ort-2-granit-maroniu\\\/#primaryimage\"},\"image\":{\"@id\":\"https:\\\/\\\/www.lemeta.ro\\\/index.php\\\/produs\\\/monument-funerar-ort-2-granit-maroniu\\\/#primaryimage\"},\"thumbnailUrl\":\"https:\\\/\\\/www.lemeta.ro\\\/wp-content\\\/uploads\\\/2024\\\/09\\\/MONUMENT-FUNERAR-ORT-2-GRANIT-MARONIU.jpg\",\"datePublished\":\"2024-09-26T16:32:24+00:00\",\"dateModified\":\"2026-02-18T08:47:06+00:00\",\"description\":\"Monument funerar Ort 2 din granit maroniu, elegant \u0219i rezistent. Alege Lemeta pentru monumente funerare din granit, durabile \u0219i de calitate superioar\u0103.\",\"breadcrumb\":{\"@id\":\"https:\\\/\\\/www.lemeta.ro\\\/index.php\\\/produs\\\/monument-funerar-ort-2-granit-maroniu\\\/#breadcrumb\"},\"inLanguage\":\"ro-RO\",\"potentialAction\":[{\"@type\":\"ReadAction\",\"target\":[\"https:\\\/\\\/www.lemeta.ro\\\/index.php\\\/produs\\\/monument-funerar-ort-2-granit-maroniu\\\/\"]}]},{\"@type\":\"ImageObject\",\"inLanguage\":\"ro-RO\",\"@id\":\"https:\\\/\\\/www.lemeta.ro\\\/index.php\\\/produs\\\/monument-funerar-ort-2-granit-maroniu\\\/#primaryimage\",\"url\":\"https:\\\/\\\/www.lemeta.ro\\\/wp-content\\\/uploads\\\/2024\\\/09\\\/MONUMENT-FUNERAR-ORT-2-GRANIT-MARONIU.jpg\",\"contentUrl\":\"https:\\\/\\\/www.lemeta.ro\\\/wp-content\\\/uploads\\\/2024\\\/09\\\/MONUMENT-FUNERAR-ORT-2-GRANIT-MARONIU.jpg\",\"width\":1024,\"height\":1024},{\"@type\":\"BreadcrumbList\",\"@id\":\"https:\\\/\\\/www.lemeta.ro\\\/index.php\\\/produs\\\/monument-funerar-ort-2-granit-maroniu\\\/#breadcrumb\",\"itemListElement\":[{\"@type\":\"ListItem\",\"position\":1,\"name\":\"Home\",\"item\":\"https:\\\/\\\/www.lemeta.ro\\\/\"},{\"@type\":\"ListItem\",\"position\":2,\"name\":\"Shop Lemeta\",\"item\":\"https:\\\/\\\/www.lemeta.ro\\\/index.php\\\/shop-lemeta\\\/\"},{\"@type\":\"ListItem\",\"position\":3,\"name\":\"MONUMENT FUNERAR ORT 2 GRANIT MARONIU\"}]},{\"@type\":\"WebSite\",\"@id\":\"https:\\\/\\\/www.lemeta.ro\\\/#website\",\"url\":\"https:\\\/\\\/www.lemeta.ro\\\/\",\"name\":\"Lemeta - Monumente funerare\",\"description\":\"Monumente funerare\",\"publisher\":{\"@id\":\"https:\\\/\\\/www.lemeta.ro\\\/#organization\"},\"potentialAction\":[{\"@type\":\"SearchAction\",\"target\":{\"@type\":\"EntryPoint\",\"urlTemplate\":\"https:\\\/\\\/www.lemeta.ro\\\/?s={search_term_string}\"},\"query-input\":{\"@type\":\"PropertyValueSpecification\",\"valueRequired\":true,\"valueName\":\"search_term_string\"}}],\"inLanguage\":\"ro-RO\"},{\"@type\":\"Organization\",\"@id\":\"https:\\\/\\\/www.lemeta.ro\\\/#organization\",\"name\":\"Lemeta - Monumente funerare\",\"url\":\"https:\\\/\\\/www.lemeta.ro\\\/\",\"logo\":{\"@type\":\"ImageObject\",\"inLanguage\":\"ro-RO\",\"@id\":\"https:\\\/\\\/www.lemeta.ro\\\/#\\\/schema\\\/logo\\\/image\\\/\",\"url\":\"https:\\\/\\\/www.lemeta.ro\\\/wp-content\\\/uploads\\\/2024\\\/05\\\/lemeta-logo.jpg\",\"contentUrl\":\"https:\\\/\\\/www.lemeta.ro\\\/wp-content\\\/uploads\\\/2024\\\/05\\\/lemeta-logo.jpg\",\"width\":800,\"height\":800,\"caption\":\"Lemeta - Monumente funerare\"},\"image\":{\"@id\":\"https:\\\/\\\/www.lemeta.ro\\\/#\\\/schema\\\/logo\\\/image\\\/\"},\"sameAs\":[\"https:\\\/\\\/www.facebook.com\\\/lemeta.ro\"]}]}<\/script>\n<!-- \/ Yoast SEO plugin. -->","yoast_head_json":{"title":"MONUMENT FUNERAR ORT 2 GRANIT MARONIU - Lemeta - Monumente funerare","description":"Monument funerar Ort 2 din granit maroniu, elegant \u0219i rezistent. Alege Lemeta pentru monumente funerare din granit, durabile \u0219i de calitate superioar\u0103.","robots":{"index":"index","follow":"follow","max-snippet":"max-snippet:-1","max-image-preview":"max-image-preview:large","max-video-preview":"max-video-preview:-1"},"canonical":"https:\/\/www.lemeta.ro\/index.php\/produs\/monument-funerar-ort-2-granit-maroniu\/","og_locale":"ro_RO","og_type":"article","og_title":"MONUMENT FUNERAR ORT 2 GRANIT MARONIU - Lemeta - Monumente funerare","og_description":"Monument funerar Ort 2 din granit maroniu, elegant \u0219i rezistent. Alege Lemeta pentru monumente funerare din granit, durabile \u0219i de calitate superioar\u0103.","og_url":"https:\/\/www.lemeta.ro\/index.php\/produs\/monument-funerar-ort-2-granit-maroniu\/","og_site_name":"Lemeta - Monumente funerare","article_publisher":"https:\/\/www.facebook.com\/lemeta.ro","article_modified_time":"2026-02-18T08:47:06+00:00","og_image":[{"width":1024,"height":1024,"url":"https:\/\/www.lemeta.ro\/wp-content\/uploads\/2024\/09\/MONUMENT-FUNERAR-ORT-2-GRANIT-MARONIU.jpg","type":"image\/jpeg"}],"twitter_card":"summary_large_image","twitter_misc":{"Timp estimat pentru citire":"1 minut"},"schema":{"@context":"https:\/\/schema.org","@graph":[{"@type":"WebPage","@id":"https:\/\/www.lemeta.ro\/index.php\/produs\/monument-funerar-ort-2-granit-maroniu\/","url":"https:\/\/www.lemeta.ro\/index.php\/produs\/monument-funerar-ort-2-granit-maroniu\/","name":"MONUMENT FUNERAR ORT 2 GRANIT MARONIU - Lemeta - Monumente funerare","isPartOf":{"@id":"https:\/\/www.lemeta.ro\/#website"},"primaryImageOfPage":{"@id":"https:\/\/www.lemeta.ro\/index.php\/produs\/monument-funerar-ort-2-granit-maroniu\/#primaryimage"},"image":{"@id":"https:\/\/www.lemeta.ro\/index.php\/produs\/monument-funerar-ort-2-granit-maroniu\/#primaryimage"},"thumbnailUrl":"https:\/\/www.lemeta.ro\/wp-content\/uploads\/2024\/09\/MONUMENT-FUNERAR-ORT-2-GRANIT-MARONIU.jpg","datePublished":"2024-09-26T16:32:24+00:00","dateModified":"2026-02-18T08:47:06+00:00","description":"Monument funerar Ort 2 din granit maroniu, elegant \u0219i rezistent. Alege Lemeta pentru monumente funerare din granit, durabile \u0219i de calitate superioar\u0103.","breadcrumb":{"@id":"https:\/\/www.lemeta.ro\/index.php\/produs\/monument-funerar-ort-2-granit-maroniu\/#breadcrumb"},"inLanguage":"ro-RO","potentialAction":[{"@type":"ReadAction","target":["https:\/\/www.lemeta.ro\/index.php\/produs\/monument-funerar-ort-2-granit-maroniu\/"]}]},{"@type":"ImageObject","inLanguage":"ro-RO","@id":"https:\/\/www.lemeta.ro\/index.php\/produs\/monument-funerar-ort-2-granit-maroniu\/#primaryimage","url":"https:\/\/www.lemeta.ro\/wp-content\/uploads\/2024\/09\/MONUMENT-FUNERAR-ORT-2-GRANIT-MARONIU.jpg","contentUrl":"https:\/\/www.lemeta.ro\/wp-content\/uploads\/2024\/09\/MONUMENT-FUNERAR-ORT-2-GRANIT-MARONIU.jpg","width":1024,"height":1024},{"@type":"BreadcrumbList","@id":"https:\/\/www.lemeta.ro\/index.php\/produs\/monument-funerar-ort-2-granit-maroniu\/#breadcrumb","itemListElement":[{"@type":"ListItem","position":1,"name":"Home","item":"https:\/\/www.lemeta.ro\/"},{"@type":"ListItem","position":2,"name":"Shop Lemeta","item":"https:\/\/www.lemeta.ro\/index.php\/shop-lemeta\/"},{"@type":"ListItem","position":3,"name":"MONUMENT FUNERAR ORT 2 GRANIT MARONIU"}]},{"@type":"WebSite","@id":"https:\/\/www.lemeta.ro\/#website","url":"https:\/\/www.lemeta.ro\/","name":"Lemeta - Monumente funerare","description":"Monumente funerare","publisher":{"@id":"https:\/\/www.lemeta.ro\/#organization"},"potentialAction":[{"@type":"SearchAction","target":{"@type":"EntryPoint","urlTemplate":"https:\/\/www.lemeta.ro\/?s={search_term_string}"},"query-input":{"@type":"PropertyValueSpecification","valueRequired":true,"valueName":"search_term_string"}}],"inLanguage":"ro-RO"},{"@type":"Organization","@id":"https:\/\/www.lemeta.ro\/#organization","name":"Lemeta - Monumente funerare","url":"https:\/\/www.lemeta.ro\/","logo":{"@type":"ImageObject","inLanguage":"ro-RO","@id":"https:\/\/www.lemeta.ro\/#\/schema\/logo\/image\/","url":"https:\/\/www.lemeta.ro\/wp-content\/uploads\/2024\/05\/lemeta-logo.jpg","contentUrl":"https:\/\/www.lemeta.ro\/wp-content\/uploads\/2024\/05\/lemeta-logo.jpg","width":800,"height":800,"caption":"Lemeta - Monumente funerare"},"image":{"@id":"https:\/\/www.lemeta.ro\/#\/schema\/logo\/image\/"},"sameAs":["https:\/\/www.facebook.com\/lemeta.ro"]}]}},"_links":{"self":[{"href":"https:\/\/www.lemeta.ro\/index.php\/wp-json\/wp\/v2\/product\/20578","targetHints":{"allow":["GET"]}}],"collection":[{"href":"https:\/\/www.lemeta.ro\/index.php\/wp-json\/wp\/v2\/product"}],"about":[{"href":"https:\/\/www.lemeta.ro\/index.php\/wp-json\/wp\/v2\/types\/product"}],"wp:featuredmedia":[{"embeddable":true,"href":"https:\/\/www.lemeta.ro\/index.php\/wp-json\/wp\/v2\/media\/20939"}],"wp:attachment":[{"href":"https:\/\/www.lemeta.ro\/index.php\/wp-json\/wp\/v2\/media?parent=20578"}],"wp:term":[{"taxonomy":"product_brand","embeddable":true,"href":"https:\/\/www.lemeta.ro\/index.php\/wp-json\/wp\/v2\/product_brand?post=20578"},{"taxonomy":"product_cat","embeddable":true,"href":"https:\/\/www.lemeta.ro\/index.php\/wp-json\/wp\/v2\/product_cat?post=20578"},{"taxonomy":"product_tag","embeddable":true,"href":"https:\/\/www.lemeta.ro\/index.php\/wp-json\/wp\/v2\/product_tag?post=20578"}],"curies":[{"name":"wp","href":"https:\/\/api.w.org\/{rel}","templated":true}]}}