{"id":20631,"date":"2024-09-26T19:32:37","date_gmt":"2024-09-26T16:32:37","guid":{"rendered":"https:\/\/www.lemeta.ro\/index.php\/produs\/monument-funerar-triplu-granit-albastru-blue\/"},"modified":"2026-02-18T10:47:29","modified_gmt":"2026-02-18T08:47:29","slug":"monument-funerar-triplu-granit-albastru-blue","status":"publish","type":"product","link":"https:\/\/www.lemeta.ro\/index.php\/produs\/monument-funerar-triplu-granit-albastru-blue\/","title":{"rendered":"MONUMENT FUNERAR TRIPLU GRANIT ALBASTRU BLUE"},"content":{"rendered":"<p data-start=\"492\" data-end=\"661\">Un monument deosebit, realizat din <strong data-start=\"527\" data-end=\"565\">granit albastru de \u00eenalt\u0103 calitate<\/strong>, cu o tonalitate calm\u0103 \u0219i elegant\u0103 care adaug\u0103 solemnitate \u0219i rafinament spa\u021biului comemorativ.<\/p>\n<ul data-start=\"663\" data-end=\"1206\">\n<li data-start=\"663\" data-end=\"883\">\n<p data-start=\"665\" data-end=\"738\"><strong data-start=\"665\" data-end=\"691\">Dimensiuni echilibrate<\/strong>, care asigur\u0103 prezen\u021b\u0103 \u0219i rezisten\u021b\u0103 estetic\u0103:<\/p>\n<ul data-start=\"741\" data-end=\"883\">\n<li data-start=\"741\" data-end=\"796\">\n<p data-start=\"743\" data-end=\"796\">Monument (cu cruce): aproximativ <strong data-start=\"776\" data-end=\"796\">135 \u00d7 40 \u00d7 10 cm<\/strong><\/p>\n<\/li>\n<li data-start=\"799\" data-end=\"841\">\n<p data-start=\"801\" data-end=\"841\">Laterale: aproximativ <strong data-start=\"823\" data-end=\"841\">80 \u00d7 50 \u00d7 8 cm<\/strong><\/p>\n<\/li>\n<li data-start=\"844\" data-end=\"883\">\n<p data-start=\"846\" data-end=\"883\">Baz\u0103: aproximativ <strong data-start=\"864\" data-end=\"883\">165 \u00d7 15 \u00d7 8 cm<\/strong><\/p>\n<\/li>\n<\/ul>\n<\/li>\n<li data-start=\"885\" data-end=\"1028\">\n<p data-start=\"887\" data-end=\"1028\"><strong data-start=\"887\" data-end=\"915\">Material natural \u0219i unic<\/strong>: Granitul albastru poate prezenta varia\u021bii \u00een culoare \u0219i textur\u0103, ceea ce face fiecare pies\u0103 unic\u0103 \u0219i expresiv\u0103.<\/p>\n<\/li>\n<li data-start=\"1030\" data-end=\"1206\">\n<p data-start=\"1032\" data-end=\"1206\"><strong data-start=\"1032\" data-end=\"1059\">Personalizare flexibil\u0103<\/strong>: Inscrip\u021biile, montajul \u0219i transportul pot fi ad\u0103ugate la cerere \u0219i nu sunt incluse \u00een pre\u021b, pentru a oferi solu\u021bii adaptate nevoilor individuale.<\/p>\n<\/li>\n<\/ul>\n<p>Pre\u021bul nu include inscrip\u021bia, montajul \u0219i transportul.<\/p>\n<p>Important: granitul este o roc\u0103 magmatic\u0103, natural\u0103. Din acest motiv se pot prezenta diferente de nuan\u021b\u0103 \u0219i de structur\u0103.<\/p>\n","protected":false},"excerpt":{"rendered":"<p data-start=\"162\" data-end=\"322\">Monument funerar triplu din granit albastru, cu un design elegant \u0219i rezisten\u021b\u0103 de lung\u0103 durat\u0103. O alegere solemn\u0103 \u0219i rafinat\u0103 pentru comemorarea celor dragi.<\/p>\n","protected":false},"featured_media":20855,"template":"","meta":{"ngg_post_thumbnail":0},"product_brand":[],"product_cat":[52],"product_tag":[],"class_list":{"0":"post-20631","1":"product","2":"type-product","3":"status-publish","4":"has-post-thumbnail","6":"product_cat-monumente-granit","8":"first","9":"instock","10":"taxable","11":"shipping-taxable","12":"product-type-simple"},"yoast_head":"<!-- This site is optimized with the Yoast SEO plugin v27.4 - https:\/\/yoast.com\/product\/yoast-seo-wordpress\/ -->\n<title>MONUMENT FUNERAR TRIPLU GRANIT ALBASTRU BLUE - Lemeta - Monumente funerare<\/title>\n<meta name=\"description\" content=\"Monument funerar triplu din granit albastru, elegant \u0219i rezistent, creat pentru a onora memoria celor dragi cu sobrietate \u0219i rafinament.\" \/>\n<meta name=\"robots\" content=\"index, follow, max-snippet:-1, max-image-preview:large, max-video-preview:-1\" \/>\n<link rel=\"canonical\" href=\"https:\/\/www.lemeta.ro\/index.php\/produs\/monument-funerar-triplu-granit-albastru-blue\/\" \/>\n<meta property=\"og:locale\" content=\"ro_RO\" \/>\n<meta property=\"og:type\" content=\"article\" \/>\n<meta property=\"og:title\" content=\"MONUMENT FUNERAR TRIPLU GRANIT ALBASTRU BLUE - Lemeta - Monumente funerare\" \/>\n<meta property=\"og:description\" content=\"Monument funerar triplu din granit albastru, elegant \u0219i rezistent, creat pentru a onora memoria celor dragi cu sobrietate \u0219i rafinament.\" \/>\n<meta property=\"og:url\" content=\"https:\/\/www.lemeta.ro\/index.php\/produs\/monument-funerar-triplu-granit-albastru-blue\/\" \/>\n<meta property=\"og:site_name\" content=\"Lemeta - Monumente funerare\" \/>\n<meta property=\"article:publisher\" content=\"https:\/\/www.facebook.com\/lemeta.ro\" \/>\n<meta property=\"article:modified_time\" content=\"2026-02-18T08:47:29+00:00\" \/>\n<meta property=\"og:image\" content=\"https:\/\/www.lemeta.ro\/wp-content\/uploads\/2024\/09\/MONUMENT-FUNERAR-TRIPLU-GRANIT-ALBASTRU-BLUE1.jpg\" \/>\n\t<meta property=\"og:image:width\" content=\"1024\" \/>\n\t<meta property=\"og:image:height\" content=\"1024\" \/>\n\t<meta property=\"og:image:type\" content=\"image\/jpeg\" \/>\n<meta name=\"twitter:card\" content=\"summary_large_image\" \/>\n<meta name=\"twitter:label1\" content=\"Timp estimat pentru citire\" \/>\n\t<meta name=\"twitter:data1\" content=\"1 minut\" \/>\n<script type=\"application\/ld+json\" class=\"yoast-schema-graph\">{\"@context\":\"https:\\\/\\\/schema.org\",\"@graph\":[{\"@type\":\"WebPage\",\"@id\":\"https:\\\/\\\/www.lemeta.ro\\\/index.php\\\/produs\\\/monument-funerar-triplu-granit-albastru-blue\\\/\",\"url\":\"https:\\\/\\\/www.lemeta.ro\\\/index.php\\\/produs\\\/monument-funerar-triplu-granit-albastru-blue\\\/\",\"name\":\"MONUMENT FUNERAR TRIPLU GRANIT ALBASTRU BLUE - Lemeta - Monumente funerare\",\"isPartOf\":{\"@id\":\"https:\\\/\\\/www.lemeta.ro\\\/#website\"},\"primaryImageOfPage\":{\"@id\":\"https:\\\/\\\/www.lemeta.ro\\\/index.php\\\/produs\\\/monument-funerar-triplu-granit-albastru-blue\\\/#primaryimage\"},\"image\":{\"@id\":\"https:\\\/\\\/www.lemeta.ro\\\/index.php\\\/produs\\\/monument-funerar-triplu-granit-albastru-blue\\\/#primaryimage\"},\"thumbnailUrl\":\"https:\\\/\\\/www.lemeta.ro\\\/wp-content\\\/uploads\\\/2024\\\/09\\\/MONUMENT-FUNERAR-TRIPLU-GRANIT-ALBASTRU-BLUE1.jpg\",\"datePublished\":\"2024-09-26T16:32:37+00:00\",\"dateModified\":\"2026-02-18T08:47:29+00:00\",\"description\":\"Monument funerar triplu din granit albastru, elegant \u0219i rezistent, creat pentru a onora memoria celor dragi cu sobrietate \u0219i rafinament.\",\"breadcrumb\":{\"@id\":\"https:\\\/\\\/www.lemeta.ro\\\/index.php\\\/produs\\\/monument-funerar-triplu-granit-albastru-blue\\\/#breadcrumb\"},\"inLanguage\":\"ro-RO\",\"potentialAction\":[{\"@type\":\"ReadAction\",\"target\":[\"https:\\\/\\\/www.lemeta.ro\\\/index.php\\\/produs\\\/monument-funerar-triplu-granit-albastru-blue\\\/\"]}]},{\"@type\":\"ImageObject\",\"inLanguage\":\"ro-RO\",\"@id\":\"https:\\\/\\\/www.lemeta.ro\\\/index.php\\\/produs\\\/monument-funerar-triplu-granit-albastru-blue\\\/#primaryimage\",\"url\":\"https:\\\/\\\/www.lemeta.ro\\\/wp-content\\\/uploads\\\/2024\\\/09\\\/MONUMENT-FUNERAR-TRIPLU-GRANIT-ALBASTRU-BLUE1.jpg\",\"contentUrl\":\"https:\\\/\\\/www.lemeta.ro\\\/wp-content\\\/uploads\\\/2024\\\/09\\\/MONUMENT-FUNERAR-TRIPLU-GRANIT-ALBASTRU-BLUE1.jpg\",\"width\":1024,\"height\":1024},{\"@type\":\"BreadcrumbList\",\"@id\":\"https:\\\/\\\/www.lemeta.ro\\\/index.php\\\/produs\\\/monument-funerar-triplu-granit-albastru-blue\\\/#breadcrumb\",\"itemListElement\":[{\"@type\":\"ListItem\",\"position\":1,\"name\":\"Home\",\"item\":\"https:\\\/\\\/www.lemeta.ro\\\/\"},{\"@type\":\"ListItem\",\"position\":2,\"name\":\"Shop Lemeta\",\"item\":\"https:\\\/\\\/www.lemeta.ro\\\/index.php\\\/shop-lemeta\\\/\"},{\"@type\":\"ListItem\",\"position\":3,\"name\":\"MONUMENT FUNERAR TRIPLU GRANIT ALBASTRU BLUE\"}]},{\"@type\":\"WebSite\",\"@id\":\"https:\\\/\\\/www.lemeta.ro\\\/#website\",\"url\":\"https:\\\/\\\/www.lemeta.ro\\\/\",\"name\":\"Lemeta - Monumente funerare\",\"description\":\"Monumente funerare\",\"publisher\":{\"@id\":\"https:\\\/\\\/www.lemeta.ro\\\/#organization\"},\"potentialAction\":[{\"@type\":\"SearchAction\",\"target\":{\"@type\":\"EntryPoint\",\"urlTemplate\":\"https:\\\/\\\/www.lemeta.ro\\\/?s={search_term_string}\"},\"query-input\":{\"@type\":\"PropertyValueSpecification\",\"valueRequired\":true,\"valueName\":\"search_term_string\"}}],\"inLanguage\":\"ro-RO\"},{\"@type\":\"Organization\",\"@id\":\"https:\\\/\\\/www.lemeta.ro\\\/#organization\",\"name\":\"Lemeta - Monumente funerare\",\"url\":\"https:\\\/\\\/www.lemeta.ro\\\/\",\"logo\":{\"@type\":\"ImageObject\",\"inLanguage\":\"ro-RO\",\"@id\":\"https:\\\/\\\/www.lemeta.ro\\\/#\\\/schema\\\/logo\\\/image\\\/\",\"url\":\"https:\\\/\\\/www.lemeta.ro\\\/wp-content\\\/uploads\\\/2024\\\/05\\\/lemeta-logo.jpg\",\"contentUrl\":\"https:\\\/\\\/www.lemeta.ro\\\/wp-content\\\/uploads\\\/2024\\\/05\\\/lemeta-logo.jpg\",\"width\":800,\"height\":800,\"caption\":\"Lemeta - Monumente funerare\"},\"image\":{\"@id\":\"https:\\\/\\\/www.lemeta.ro\\\/#\\\/schema\\\/logo\\\/image\\\/\"},\"sameAs\":[\"https:\\\/\\\/www.facebook.com\\\/lemeta.ro\"]}]}<\/script>\n<!-- \/ Yoast SEO plugin. -->","yoast_head_json":{"title":"MONUMENT FUNERAR TRIPLU GRANIT ALBASTRU BLUE - Lemeta - Monumente funerare","description":"Monument funerar triplu din granit albastru, elegant \u0219i rezistent, creat pentru a onora memoria celor dragi cu sobrietate \u0219i rafinament.","robots":{"index":"index","follow":"follow","max-snippet":"max-snippet:-1","max-image-preview":"max-image-preview:large","max-video-preview":"max-video-preview:-1"},"canonical":"https:\/\/www.lemeta.ro\/index.php\/produs\/monument-funerar-triplu-granit-albastru-blue\/","og_locale":"ro_RO","og_type":"article","og_title":"MONUMENT FUNERAR TRIPLU GRANIT ALBASTRU BLUE - Lemeta - Monumente funerare","og_description":"Monument funerar triplu din granit albastru, elegant \u0219i rezistent, creat pentru a onora memoria celor dragi cu sobrietate \u0219i rafinament.","og_url":"https:\/\/www.lemeta.ro\/index.php\/produs\/monument-funerar-triplu-granit-albastru-blue\/","og_site_name":"Lemeta - Monumente funerare","article_publisher":"https:\/\/www.facebook.com\/lemeta.ro","article_modified_time":"2026-02-18T08:47:29+00:00","og_image":[{"width":1024,"height":1024,"url":"https:\/\/www.lemeta.ro\/wp-content\/uploads\/2024\/09\/MONUMENT-FUNERAR-TRIPLU-GRANIT-ALBASTRU-BLUE1.jpg","type":"image\/jpeg"}],"twitter_card":"summary_large_image","twitter_misc":{"Timp estimat pentru citire":"1 minut"},"schema":{"@context":"https:\/\/schema.org","@graph":[{"@type":"WebPage","@id":"https:\/\/www.lemeta.ro\/index.php\/produs\/monument-funerar-triplu-granit-albastru-blue\/","url":"https:\/\/www.lemeta.ro\/index.php\/produs\/monument-funerar-triplu-granit-albastru-blue\/","name":"MONUMENT FUNERAR TRIPLU GRANIT ALBASTRU BLUE - Lemeta - Monumente funerare","isPartOf":{"@id":"https:\/\/www.lemeta.ro\/#website"},"primaryImageOfPage":{"@id":"https:\/\/www.lemeta.ro\/index.php\/produs\/monument-funerar-triplu-granit-albastru-blue\/#primaryimage"},"image":{"@id":"https:\/\/www.lemeta.ro\/index.php\/produs\/monument-funerar-triplu-granit-albastru-blue\/#primaryimage"},"thumbnailUrl":"https:\/\/www.lemeta.ro\/wp-content\/uploads\/2024\/09\/MONUMENT-FUNERAR-TRIPLU-GRANIT-ALBASTRU-BLUE1.jpg","datePublished":"2024-09-26T16:32:37+00:00","dateModified":"2026-02-18T08:47:29+00:00","description":"Monument funerar triplu din granit albastru, elegant \u0219i rezistent, creat pentru a onora memoria celor dragi cu sobrietate \u0219i rafinament.","breadcrumb":{"@id":"https:\/\/www.lemeta.ro\/index.php\/produs\/monument-funerar-triplu-granit-albastru-blue\/#breadcrumb"},"inLanguage":"ro-RO","potentialAction":[{"@type":"ReadAction","target":["https:\/\/www.lemeta.ro\/index.php\/produs\/monument-funerar-triplu-granit-albastru-blue\/"]}]},{"@type":"ImageObject","inLanguage":"ro-RO","@id":"https:\/\/www.lemeta.ro\/index.php\/produs\/monument-funerar-triplu-granit-albastru-blue\/#primaryimage","url":"https:\/\/www.lemeta.ro\/wp-content\/uploads\/2024\/09\/MONUMENT-FUNERAR-TRIPLU-GRANIT-ALBASTRU-BLUE1.jpg","contentUrl":"https:\/\/www.lemeta.ro\/wp-content\/uploads\/2024\/09\/MONUMENT-FUNERAR-TRIPLU-GRANIT-ALBASTRU-BLUE1.jpg","width":1024,"height":1024},{"@type":"BreadcrumbList","@id":"https:\/\/www.lemeta.ro\/index.php\/produs\/monument-funerar-triplu-granit-albastru-blue\/#breadcrumb","itemListElement":[{"@type":"ListItem","position":1,"name":"Home","item":"https:\/\/www.lemeta.ro\/"},{"@type":"ListItem","position":2,"name":"Shop Lemeta","item":"https:\/\/www.lemeta.ro\/index.php\/shop-lemeta\/"},{"@type":"ListItem","position":3,"name":"MONUMENT FUNERAR TRIPLU GRANIT ALBASTRU BLUE"}]},{"@type":"WebSite","@id":"https:\/\/www.lemeta.ro\/#website","url":"https:\/\/www.lemeta.ro\/","name":"Lemeta - Monumente funerare","description":"Monumente funerare","publisher":{"@id":"https:\/\/www.lemeta.ro\/#organization"},"potentialAction":[{"@type":"SearchAction","target":{"@type":"EntryPoint","urlTemplate":"https:\/\/www.lemeta.ro\/?s={search_term_string}"},"query-input":{"@type":"PropertyValueSpecification","valueRequired":true,"valueName":"search_term_string"}}],"inLanguage":"ro-RO"},{"@type":"Organization","@id":"https:\/\/www.lemeta.ro\/#organization","name":"Lemeta - Monumente funerare","url":"https:\/\/www.lemeta.ro\/","logo":{"@type":"ImageObject","inLanguage":"ro-RO","@id":"https:\/\/www.lemeta.ro\/#\/schema\/logo\/image\/","url":"https:\/\/www.lemeta.ro\/wp-content\/uploads\/2024\/05\/lemeta-logo.jpg","contentUrl":"https:\/\/www.lemeta.ro\/wp-content\/uploads\/2024\/05\/lemeta-logo.jpg","width":800,"height":800,"caption":"Lemeta - Monumente funerare"},"image":{"@id":"https:\/\/www.lemeta.ro\/#\/schema\/logo\/image\/"},"sameAs":["https:\/\/www.facebook.com\/lemeta.ro"]}]}},"_links":{"self":[{"href":"https:\/\/www.lemeta.ro\/index.php\/wp-json\/wp\/v2\/product\/20631","targetHints":{"allow":["GET"]}}],"collection":[{"href":"https:\/\/www.lemeta.ro\/index.php\/wp-json\/wp\/v2\/product"}],"about":[{"href":"https:\/\/www.lemeta.ro\/index.php\/wp-json\/wp\/v2\/types\/product"}],"wp:featuredmedia":[{"embeddable":true,"href":"https:\/\/www.lemeta.ro\/index.php\/wp-json\/wp\/v2\/media\/20855"}],"wp:attachment":[{"href":"https:\/\/www.lemeta.ro\/index.php\/wp-json\/wp\/v2\/media?parent=20631"}],"wp:term":[{"taxonomy":"product_brand","embeddable":true,"href":"https:\/\/www.lemeta.ro\/index.php\/wp-json\/wp\/v2\/product_brand?post=20631"},{"taxonomy":"product_cat","embeddable":true,"href":"https:\/\/www.lemeta.ro\/index.php\/wp-json\/wp\/v2\/product_cat?post=20631"},{"taxonomy":"product_tag","embeddable":true,"href":"https:\/\/www.lemeta.ro\/index.php\/wp-json\/wp\/v2\/product_tag?post=20631"}],"curies":[{"name":"wp","href":"https:\/\/api.w.org\/{rel}","templated":true}]}}