{"id":21294,"date":"2026-01-30T15:36:42","date_gmt":"2026-01-30T13:36:42","guid":{"rendered":"https:\/\/www.lemeta.ro\/?post_type=product&#038;p=21294"},"modified":"2026-02-18T10:47:32","modified_gmt":"2026-02-18T08:47:32","slug":"candela-rezerva-memoria-rosu-48-ore-bispol-105g","status":"publish","type":"product","link":"https:\/\/www.lemeta.ro\/index.php\/produs\/candela-rezerva-memoria-rosu-48-ore-bispol-105g\/","title":{"rendered":"Candela rezerva Memoria rosu, 48 ore, Bispol 105g"},"content":{"rendered":"<p data-start=\"182\" data-end=\"858\">Aceast\u0103 rezerv\u0103 de candel\u0103 ro\u0219ie de la Bispol, codul WO2, ofer\u0103 p\u00e2n\u0103 la 48 de ore de ardere continu\u0103 \u2014 perfect\u0103 pentru momente de reculegere sau pentru a marca un gest de respect \u00eentr-un mod discret dar constant. Suprafa\u021ba exterioar\u0103 este din plastic ro\u0219u, iar mixul con\u021bine cel pu\u021bin 30 % ulei vegetal \u00een combina\u021bie cu parafin\u0103, ceea ce contribuie la o ardere mai uniform\u0103 \u015fi cu mai pu\u0163in fum. Produsul este fabricat \u00een Polonia. <br data-start=\"669\" data-end=\"672\">Este indicat s\u0103 o a\u015feza\u0163i pe un suport stabil, s\u0103 evita\u0163i utilizarea nesupravegheat\u0103 \u015fi s\u0103 respecta\u0163i instruc\u0163iunile de siguran\u0163\u0103 tipice pentru lum\u00e2n\u0103ri (de ex. s\u0103 nu fie la \u00eendem\u00e2na copiilor, la distan\u0163\u0103 de materiale inflamabile).<\/p>\n","protected":false},"excerpt":{"rendered":"<article class=\"text-token-text-primary w-full focus:outline-none [--shadow-height:45px] has-data-writing-block:pointer-events-none has-data-writing-block:-mt-(--shadow-height) has-data-writing-block:pt-(--shadow-height) [&amp;:has([data-writing-block])&gt;*]:pointer-events-auto [content-visibility:auto] supports-[content-visibility:auto]:[contain-intrinsic-size:auto_100lvh] scroll-mt-[calc(var(--header-height)+min(200px,max(70px,20svh)))]\" dir=\"auto\" tabindex=\"-1\" data-turn-id=\"request-WEB:1a2dbc41-417a-4d78-abf6-6e959de7a375-6\" data-testid=\"conversation-turn-14\" data-scroll-anchor=\"true\" data-turn=\"assistant\">\n<div class=\"text-base my-auto mx-auto pb-10 [--thread-content-margin:--spacing(4)] thread-sm:[--thread-content-margin:--spacing(6)] thread-lg:[--thread-content-margin:--spacing(16)] px-(--thread-content-margin)\">\n<div class=\"[--thread-content-max-width:40rem] thread-lg:[--thread-content-max-width:48rem] mx-auto max-w-(--thread-content-max-width) flex-1 group\/turn-messages focus-visible:outline-hidden relative flex w-full min-w-0 flex-col agent-turn\" tabindex=\"-1\">\n<div class=\"flex max-w-full flex-col grow\">\n<div class=\"min-h-8 text-message relative flex w-full flex-col items-end gap-2 text-start break-words whitespace-normal [.text-message+&amp;]:mt-1\" dir=\"auto\" data-message-author-role=\"assistant\" data-message-id=\"09dbbc0d-c131-4b8d-aaa6-c55dfd78b01f\" data-message-model-slug=\"gpt-5\">\n<div class=\"flex w-full flex-col gap-1 empty:hidden first:pt-[1px]\">\n<div class=\"markdown prose dark:prose-invert w-full break-words dark markdown-new-styling\">\n<p data-start=\"948\" data-end=\"1124\">Rezerv\u0103 de candel\u0103 ro\u0219ie Bispol WO2 \u2013 p\u00e2n\u0103 la 48 h de flac\u0103r\u0103 continu\u0103, mix ulei vegetal\/parafin\u0103, design simplu \u015fi elegant pentru momente de reculegere.<\/p>\n<\/div>\n<\/div>\n<\/div>\n<\/div>\n<\/div>\n<\/div>\n<\/article>\n","protected":false},"featured_media":21295,"template":"","meta":{"ngg_post_thumbnail":0},"product_brand":[],"product_cat":[12],"product_tag":[],"class_list":{"0":"post-21294","1":"product","2":"type-product","3":"status-publish","4":"has-post-thumbnail","6":"product_cat-lumanari","8":"first","9":"instock","10":"taxable","11":"shipping-taxable","12":"purchasable","13":"product-type-simple"},"yoast_head":"<!-- This site is optimized with the Yoast SEO plugin v27.5 - https:\/\/yoast.com\/product\/yoast-seo-wordpress\/ -->\n<title>Candela rezerva Memoria rosu, 48 ore, Bispol 105g - Lemeta - Monumente funerare<\/title>\n<meta name=\"description\" content=\"Candela rezerv\u0103 ro\u0219ie Bispol WO2 arde p\u00e2n\u0103 la 48 de ore, oferind o lumin\u0103 constant\u0103 \u0219i curat\u0103 \u2013 simbol al lini\u0219tii \u0219i al amintirii care d\u0103inuie.\" \/>\n<meta name=\"robots\" content=\"index, follow, max-snippet:-1, max-image-preview:large, max-video-preview:-1\" \/>\n<link rel=\"canonical\" href=\"https:\/\/www.lemeta.ro\/index.php\/produs\/candela-rezerva-memoria-rosu-48-ore-bispol-105g\/\" \/>\n<meta property=\"og:locale\" content=\"ro_RO\" \/>\n<meta property=\"og:type\" content=\"article\" \/>\n<meta property=\"og:title\" content=\"Candela rezerva Memoria rosu, 48 ore, Bispol 105g - Lemeta - Monumente funerare\" \/>\n<meta property=\"og:description\" content=\"Candela rezerv\u0103 ro\u0219ie Bispol WO2 arde p\u00e2n\u0103 la 48 de ore, oferind o lumin\u0103 constant\u0103 \u0219i curat\u0103 \u2013 simbol al lini\u0219tii \u0219i al amintirii care d\u0103inuie.\" \/>\n<meta property=\"og:url\" content=\"https:\/\/www.lemeta.ro\/index.php\/produs\/candela-rezerva-memoria-rosu-48-ore-bispol-105g\/\" \/>\n<meta property=\"og:site_name\" content=\"Lemeta - Monumente funerare\" \/>\n<meta property=\"article:publisher\" content=\"https:\/\/www.facebook.com\/lemeta.ro\" \/>\n<meta property=\"article:modified_time\" content=\"2026-02-18T08:47:32+00:00\" \/>\n<meta property=\"og:image\" content=\"https:\/\/www.lemeta.ro\/wp-content\/uploads\/2025\/10\/bispol2zile.jpg\" \/>\n\t<meta property=\"og:image:width\" content=\"1000\" \/>\n\t<meta property=\"og:image:height\" content=\"1000\" \/>\n\t<meta property=\"og:image:type\" content=\"image\/jpeg\" \/>\n<meta name=\"twitter:card\" content=\"summary_large_image\" \/>\n<meta name=\"twitter:label1\" content=\"Timp estimat pentru citire\" \/>\n\t<meta name=\"twitter:data1\" content=\"1 minut\" \/>\n<script type=\"application\/ld+json\" class=\"yoast-schema-graph\">{\"@context\":\"https:\\\/\\\/schema.org\",\"@graph\":[{\"@type\":\"WebPage\",\"@id\":\"https:\\\/\\\/www.lemeta.ro\\\/index.php\\\/produs\\\/candela-rezerva-memoria-rosu-48-ore-bispol-105g\\\/\",\"url\":\"https:\\\/\\\/www.lemeta.ro\\\/index.php\\\/produs\\\/candela-rezerva-memoria-rosu-48-ore-bispol-105g\\\/\",\"name\":\"Candela rezerva Memoria rosu, 48 ore, Bispol 105g - Lemeta - Monumente funerare\",\"isPartOf\":{\"@id\":\"https:\\\/\\\/www.lemeta.ro\\\/#website\"},\"primaryImageOfPage\":{\"@id\":\"https:\\\/\\\/www.lemeta.ro\\\/index.php\\\/produs\\\/candela-rezerva-memoria-rosu-48-ore-bispol-105g\\\/#primaryimage\"},\"image\":{\"@id\":\"https:\\\/\\\/www.lemeta.ro\\\/index.php\\\/produs\\\/candela-rezerva-memoria-rosu-48-ore-bispol-105g\\\/#primaryimage\"},\"thumbnailUrl\":\"https:\\\/\\\/www.lemeta.ro\\\/wp-content\\\/uploads\\\/2025\\\/10\\\/bispol2zile.jpg\",\"datePublished\":\"2026-01-30T13:36:42+00:00\",\"dateModified\":\"2026-02-18T08:47:32+00:00\",\"description\":\"Candela rezerv\u0103 ro\u0219ie Bispol WO2 arde p\u00e2n\u0103 la 48 de ore, oferind o lumin\u0103 constant\u0103 \u0219i curat\u0103 \u2013 simbol al lini\u0219tii \u0219i al amintirii care d\u0103inuie.\",\"breadcrumb\":{\"@id\":\"https:\\\/\\\/www.lemeta.ro\\\/index.php\\\/produs\\\/candela-rezerva-memoria-rosu-48-ore-bispol-105g\\\/#breadcrumb\"},\"inLanguage\":\"ro-RO\",\"potentialAction\":[{\"@type\":\"ReadAction\",\"target\":[\"https:\\\/\\\/www.lemeta.ro\\\/index.php\\\/produs\\\/candela-rezerva-memoria-rosu-48-ore-bispol-105g\\\/\"]}]},{\"@type\":\"ImageObject\",\"inLanguage\":\"ro-RO\",\"@id\":\"https:\\\/\\\/www.lemeta.ro\\\/index.php\\\/produs\\\/candela-rezerva-memoria-rosu-48-ore-bispol-105g\\\/#primaryimage\",\"url\":\"https:\\\/\\\/www.lemeta.ro\\\/wp-content\\\/uploads\\\/2025\\\/10\\\/bispol2zile.jpg\",\"contentUrl\":\"https:\\\/\\\/www.lemeta.ro\\\/wp-content\\\/uploads\\\/2025\\\/10\\\/bispol2zile.jpg\",\"width\":1000,\"height\":1000},{\"@type\":\"BreadcrumbList\",\"@id\":\"https:\\\/\\\/www.lemeta.ro\\\/index.php\\\/produs\\\/candela-rezerva-memoria-rosu-48-ore-bispol-105g\\\/#breadcrumb\",\"itemListElement\":[{\"@type\":\"ListItem\",\"position\":1,\"name\":\"Home\",\"item\":\"https:\\\/\\\/www.lemeta.ro\\\/\"},{\"@type\":\"ListItem\",\"position\":2,\"name\":\"Shop Lemeta\",\"item\":\"https:\\\/\\\/www.lemeta.ro\\\/index.php\\\/shop-lemeta\\\/\"},{\"@type\":\"ListItem\",\"position\":3,\"name\":\"Candela rezerva Memoria rosu, 48 ore, Bispol 105g\"}]},{\"@type\":\"WebSite\",\"@id\":\"https:\\\/\\\/www.lemeta.ro\\\/#website\",\"url\":\"https:\\\/\\\/www.lemeta.ro\\\/\",\"name\":\"Lemeta - Monumente funerare\",\"description\":\"Monumente funerare\",\"publisher\":{\"@id\":\"https:\\\/\\\/www.lemeta.ro\\\/#organization\"},\"potentialAction\":[{\"@type\":\"SearchAction\",\"target\":{\"@type\":\"EntryPoint\",\"urlTemplate\":\"https:\\\/\\\/www.lemeta.ro\\\/?s={search_term_string}\"},\"query-input\":{\"@type\":\"PropertyValueSpecification\",\"valueRequired\":true,\"valueName\":\"search_term_string\"}}],\"inLanguage\":\"ro-RO\"},{\"@type\":\"Organization\",\"@id\":\"https:\\\/\\\/www.lemeta.ro\\\/#organization\",\"name\":\"Lemeta - Monumente funerare\",\"url\":\"https:\\\/\\\/www.lemeta.ro\\\/\",\"logo\":{\"@type\":\"ImageObject\",\"inLanguage\":\"ro-RO\",\"@id\":\"https:\\\/\\\/www.lemeta.ro\\\/#\\\/schema\\\/logo\\\/image\\\/\",\"url\":\"https:\\\/\\\/www.lemeta.ro\\\/wp-content\\\/uploads\\\/2024\\\/05\\\/lemeta-logo.jpg\",\"contentUrl\":\"https:\\\/\\\/www.lemeta.ro\\\/wp-content\\\/uploads\\\/2024\\\/05\\\/lemeta-logo.jpg\",\"width\":800,\"height\":800,\"caption\":\"Lemeta - Monumente funerare\"},\"image\":{\"@id\":\"https:\\\/\\\/www.lemeta.ro\\\/#\\\/schema\\\/logo\\\/image\\\/\"},\"sameAs\":[\"https:\\\/\\\/www.facebook.com\\\/lemeta.ro\"]}]}<\/script>\n<!-- \/ Yoast SEO plugin. -->","yoast_head_json":{"title":"Candela rezerva Memoria rosu, 48 ore, Bispol 105g - Lemeta - Monumente funerare","description":"Candela rezerv\u0103 ro\u0219ie Bispol WO2 arde p\u00e2n\u0103 la 48 de ore, oferind o lumin\u0103 constant\u0103 \u0219i curat\u0103 \u2013 simbol al lini\u0219tii \u0219i al amintirii care d\u0103inuie.","robots":{"index":"index","follow":"follow","max-snippet":"max-snippet:-1","max-image-preview":"max-image-preview:large","max-video-preview":"max-video-preview:-1"},"canonical":"https:\/\/www.lemeta.ro\/index.php\/produs\/candela-rezerva-memoria-rosu-48-ore-bispol-105g\/","og_locale":"ro_RO","og_type":"article","og_title":"Candela rezerva Memoria rosu, 48 ore, Bispol 105g - Lemeta - Monumente funerare","og_description":"Candela rezerv\u0103 ro\u0219ie Bispol WO2 arde p\u00e2n\u0103 la 48 de ore, oferind o lumin\u0103 constant\u0103 \u0219i curat\u0103 \u2013 simbol al lini\u0219tii \u0219i al amintirii care d\u0103inuie.","og_url":"https:\/\/www.lemeta.ro\/index.php\/produs\/candela-rezerva-memoria-rosu-48-ore-bispol-105g\/","og_site_name":"Lemeta - Monumente funerare","article_publisher":"https:\/\/www.facebook.com\/lemeta.ro","article_modified_time":"2026-02-18T08:47:32+00:00","og_image":[{"width":1000,"height":1000,"url":"https:\/\/www.lemeta.ro\/wp-content\/uploads\/2025\/10\/bispol2zile.jpg","type":"image\/jpeg"}],"twitter_card":"summary_large_image","twitter_misc":{"Timp estimat pentru citire":"1 minut"},"schema":{"@context":"https:\/\/schema.org","@graph":[{"@type":"WebPage","@id":"https:\/\/www.lemeta.ro\/index.php\/produs\/candela-rezerva-memoria-rosu-48-ore-bispol-105g\/","url":"https:\/\/www.lemeta.ro\/index.php\/produs\/candela-rezerva-memoria-rosu-48-ore-bispol-105g\/","name":"Candela rezerva Memoria rosu, 48 ore, Bispol 105g - Lemeta - Monumente funerare","isPartOf":{"@id":"https:\/\/www.lemeta.ro\/#website"},"primaryImageOfPage":{"@id":"https:\/\/www.lemeta.ro\/index.php\/produs\/candela-rezerva-memoria-rosu-48-ore-bispol-105g\/#primaryimage"},"image":{"@id":"https:\/\/www.lemeta.ro\/index.php\/produs\/candela-rezerva-memoria-rosu-48-ore-bispol-105g\/#primaryimage"},"thumbnailUrl":"https:\/\/www.lemeta.ro\/wp-content\/uploads\/2025\/10\/bispol2zile.jpg","datePublished":"2026-01-30T13:36:42+00:00","dateModified":"2026-02-18T08:47:32+00:00","description":"Candela rezerv\u0103 ro\u0219ie Bispol WO2 arde p\u00e2n\u0103 la 48 de ore, oferind o lumin\u0103 constant\u0103 \u0219i curat\u0103 \u2013 simbol al lini\u0219tii \u0219i al amintirii care d\u0103inuie.","breadcrumb":{"@id":"https:\/\/www.lemeta.ro\/index.php\/produs\/candela-rezerva-memoria-rosu-48-ore-bispol-105g\/#breadcrumb"},"inLanguage":"ro-RO","potentialAction":[{"@type":"ReadAction","target":["https:\/\/www.lemeta.ro\/index.php\/produs\/candela-rezerva-memoria-rosu-48-ore-bispol-105g\/"]}]},{"@type":"ImageObject","inLanguage":"ro-RO","@id":"https:\/\/www.lemeta.ro\/index.php\/produs\/candela-rezerva-memoria-rosu-48-ore-bispol-105g\/#primaryimage","url":"https:\/\/www.lemeta.ro\/wp-content\/uploads\/2025\/10\/bispol2zile.jpg","contentUrl":"https:\/\/www.lemeta.ro\/wp-content\/uploads\/2025\/10\/bispol2zile.jpg","width":1000,"height":1000},{"@type":"BreadcrumbList","@id":"https:\/\/www.lemeta.ro\/index.php\/produs\/candela-rezerva-memoria-rosu-48-ore-bispol-105g\/#breadcrumb","itemListElement":[{"@type":"ListItem","position":1,"name":"Home","item":"https:\/\/www.lemeta.ro\/"},{"@type":"ListItem","position":2,"name":"Shop Lemeta","item":"https:\/\/www.lemeta.ro\/index.php\/shop-lemeta\/"},{"@type":"ListItem","position":3,"name":"Candela rezerva Memoria rosu, 48 ore, Bispol 105g"}]},{"@type":"WebSite","@id":"https:\/\/www.lemeta.ro\/#website","url":"https:\/\/www.lemeta.ro\/","name":"Lemeta - Monumente funerare","description":"Monumente funerare","publisher":{"@id":"https:\/\/www.lemeta.ro\/#organization"},"potentialAction":[{"@type":"SearchAction","target":{"@type":"EntryPoint","urlTemplate":"https:\/\/www.lemeta.ro\/?s={search_term_string}"},"query-input":{"@type":"PropertyValueSpecification","valueRequired":true,"valueName":"search_term_string"}}],"inLanguage":"ro-RO"},{"@type":"Organization","@id":"https:\/\/www.lemeta.ro\/#organization","name":"Lemeta - Monumente funerare","url":"https:\/\/www.lemeta.ro\/","logo":{"@type":"ImageObject","inLanguage":"ro-RO","@id":"https:\/\/www.lemeta.ro\/#\/schema\/logo\/image\/","url":"https:\/\/www.lemeta.ro\/wp-content\/uploads\/2024\/05\/lemeta-logo.jpg","contentUrl":"https:\/\/www.lemeta.ro\/wp-content\/uploads\/2024\/05\/lemeta-logo.jpg","width":800,"height":800,"caption":"Lemeta - Monumente funerare"},"image":{"@id":"https:\/\/www.lemeta.ro\/#\/schema\/logo\/image\/"},"sameAs":["https:\/\/www.facebook.com\/lemeta.ro"]}]}},"_links":{"self":[{"href":"https:\/\/www.lemeta.ro\/index.php\/wp-json\/wp\/v2\/product\/21294","targetHints":{"allow":["GET"]}}],"collection":[{"href":"https:\/\/www.lemeta.ro\/index.php\/wp-json\/wp\/v2\/product"}],"about":[{"href":"https:\/\/www.lemeta.ro\/index.php\/wp-json\/wp\/v2\/types\/product"}],"wp:featuredmedia":[{"embeddable":true,"href":"https:\/\/www.lemeta.ro\/index.php\/wp-json\/wp\/v2\/media\/21295"}],"wp:attachment":[{"href":"https:\/\/www.lemeta.ro\/index.php\/wp-json\/wp\/v2\/media?parent=21294"}],"wp:term":[{"taxonomy":"product_brand","embeddable":true,"href":"https:\/\/www.lemeta.ro\/index.php\/wp-json\/wp\/v2\/product_brand?post=21294"},{"taxonomy":"product_cat","embeddable":true,"href":"https:\/\/www.lemeta.ro\/index.php\/wp-json\/wp\/v2\/product_cat?post=21294"},{"taxonomy":"product_tag","embeddable":true,"href":"https:\/\/www.lemeta.ro\/index.php\/wp-json\/wp\/v2\/product_tag?post=21294"}],"curies":[{"name":"wp","href":"https:\/\/api.w.org\/{rel}","templated":true}]}}