{"id":21297,"date":"2026-01-30T15:36:42","date_gmt":"2026-01-30T13:36:42","guid":{"rendered":"https:\/\/www.lemeta.ro\/?post_type=product&#038;p=21297"},"modified":"2026-03-11T15:16:45","modified_gmt":"2026-03-11T13:16:45","slug":"candela-rezerva-memoria-alb-84-ore-bispol-225g","status":"publish","type":"product","link":"https:\/\/www.lemeta.ro\/index.php\/produs\/candela-rezerva-memoria-alb-84-ore-bispol-225g\/","title":{"rendered":"Candela rezerva Memoria alb, 84 ore, Bispol 225g"},"content":{"rendered":"<p data-start=\"138\" data-end=\"624\">Aduce\u021bi o lumin\u0103 de lini\u0219te \u0219i speran\u021b\u0103 \u00een momentele care conteaz\u0103 cu <strong data-start=\"231\" data-end=\"274\">candela rezerv\u0103 Bispol Memoria WO4 alb\u0103<\/strong>.<\/p>\n<p data-start=\"138\" data-end=\"624\">Cu o durat\u0103 de ardere de p\u00e2n\u0103 la 84 de ore, aceast\u0103 candel\u0103 ofer\u0103 o flac\u0103r\u0103 constant\u0103 \u0219i curat\u0103, ideal\u0103 pentru reculegere, rug\u0103ciune sau pentru a ad\u0103uga o not\u0103 calm\u0103 \u0219i elegant\u0103 \u00een orice spa\u021biu.<\/p>\n<p data-start=\"138\" data-end=\"624\">Culoarea alb\u0103 simbolizeaz\u0103 puritatea, pacea \u0219i echilibrul, f\u0103c\u00e2nd din aceast\u0103 candel\u0103 o alegere potrivit\u0103 at\u00e2t pentru interior, c\u00e2t \u0219i pentru exterior.<\/p>\n<p data-start=\"626\" data-end=\"1029\">Fabricat\u0103 \u00een Polonia, candela Bispol WO4 este realizat\u0103 dintr-un amestec de parafin\u0103 \u0219i cel pu\u021bin 30% ulei vegetal, pentru o ardere uniform\u0103 \u0219i f\u0103r\u0103 fum.<\/p>\n<p data-start=\"626\" data-end=\"1029\">Corpul din plastic rezistent \u0219i capacul protector asigur\u0103 siguran\u021b\u0103 \u00een utilizare \u0219i o estetic\u0103 simpl\u0103, dar rafinat\u0103.<\/p>\n<p data-start=\"626\" data-end=\"1029\">O solu\u021bie durabil\u0103 \u0219i elegant\u0103 pentru cei care doresc ca lumina amintirii sau a reculegerii s\u0103 d\u0103inuie cu demnitate \u0219i senin\u0103tate.<\/p>\n","protected":false},"excerpt":{"rendered":"<article class=\"text-token-text-primary w-full focus:outline-none [--shadow-height:45px] has-data-writing-block:pointer-events-none has-data-writing-block:-mt-(--shadow-height) has-data-writing-block:pt-(--shadow-height) [&amp;:has([data-writing-block])&gt;*]:pointer-events-auto [content-visibility:auto] supports-[content-visibility:auto]:[contain-intrinsic-size:auto_100lvh] scroll-mt-[calc(var(--header-height)+min(200px,max(70px,20svh)))]\" dir=\"auto\" tabindex=\"-1\" data-turn-id=\"request-WEB:1a2dbc41-417a-4d78-abf6-6e959de7a375-12\" data-testid=\"conversation-turn-26\" data-scroll-anchor=\"true\" data-turn=\"assistant\">\n<div class=\"text-base my-auto mx-auto pb-10 [--thread-content-margin:--spacing(4)] thread-sm:[--thread-content-margin:--spacing(6)] thread-lg:[--thread-content-margin:--spacing(16)] px-(--thread-content-margin)\">\n<div class=\"[--thread-content-max-width:40rem] thread-lg:[--thread-content-max-width:48rem] mx-auto max-w-(--thread-content-max-width) flex-1 group\/turn-messages focus-visible:outline-hidden relative flex w-full min-w-0 flex-col agent-turn\" tabindex=\"-1\">\n<div class=\"flex max-w-full flex-col grow\">\n<div class=\"min-h-8 text-message relative flex w-full flex-col items-end gap-2 text-start break-words whitespace-normal [.text-message+&amp;]:mt-1\" dir=\"auto\" data-message-author-role=\"assistant\" data-message-id=\"e64bf1d7-f1a8-4813-891e-38e5ce50a777\" data-message-model-slug=\"gpt-5\">\n<div class=\"flex w-full flex-col gap-1 empty:hidden first:pt-[1px]\">\n<div class=\"markdown prose dark:prose-invert w-full break-words dark markdown-new-styling\">\n<p data-start=\"274\" data-end=\"445\" data-is-last-node=\"\" data-is-only-node=\"\">Candela alb\u0103 Bispol WO4 ofer\u0103 o flac\u0103r\u0103 curat\u0103 \u0219i durabil\u0103 p\u00e2n\u0103 la 84 de ore, aduc\u00e2nd lini\u0219te \u0219i elegan\u021b\u0103 \u00een momentele de reculegere sau reflec\u021bie.<\/p>\n<\/div>\n<\/div>\n<\/div>\n<\/div>\n<\/div>\n<\/div>\n<\/article>\n<div class=\"pointer-events-none h-px w-px\" aria-hidden=\"true\" data-edge=\"true\">&nbsp;<\/div>\n","protected":false},"featured_media":21298,"template":"","meta":{"ngg_post_thumbnail":0},"product_brand":[],"product_cat":[12],"product_tag":[],"class_list":{"0":"post-21297","1":"product","2":"type-product","3":"status-publish","4":"has-post-thumbnail","6":"product_cat-lumanari","8":"first","9":"instock","10":"taxable","11":"shipping-taxable","12":"purchasable","13":"product-type-simple"},"yoast_head":"<!-- This site is optimized with the Yoast SEO plugin v27.4 - https:\/\/yoast.com\/product\/yoast-seo-wordpress\/ -->\n<title>Candela rezerva Memoria alb, 84 ore, Bispol 225g - Lemeta - Monumente funerare<\/title>\n<meta name=\"description\" content=\"Candela Bispol Memoria WO4 alb\u0103, cu ardere de p\u00e2n\u0103 la 84 de ore \u2013 lumin\u0103 curat\u0103 \u0219i constant\u0103, simbol al p\u0103cii \u0219i al reculegerii.\" \/>\n<meta name=\"robots\" content=\"index, follow, max-snippet:-1, max-image-preview:large, max-video-preview:-1\" \/>\n<link rel=\"canonical\" href=\"https:\/\/www.lemeta.ro\/index.php\/produs\/candela-rezerva-memoria-alb-84-ore-bispol-225g\/\" \/>\n<meta property=\"og:locale\" content=\"ro_RO\" \/>\n<meta property=\"og:type\" content=\"article\" \/>\n<meta property=\"og:title\" content=\"Candela rezerva Memoria alb, 84 ore, Bispol 225g - Lemeta - Monumente funerare\" \/>\n<meta property=\"og:description\" content=\"Candela Bispol Memoria WO4 alb\u0103, cu ardere de p\u00e2n\u0103 la 84 de ore \u2013 lumin\u0103 curat\u0103 \u0219i constant\u0103, simbol al p\u0103cii \u0219i al reculegerii.\" \/>\n<meta property=\"og:url\" content=\"https:\/\/www.lemeta.ro\/index.php\/produs\/candela-rezerva-memoria-alb-84-ore-bispol-225g\/\" \/>\n<meta property=\"og:site_name\" content=\"Lemeta - Monumente funerare\" \/>\n<meta property=\"article:publisher\" content=\"https:\/\/www.facebook.com\/lemeta.ro\" \/>\n<meta property=\"article:modified_time\" content=\"2026-03-11T13:16:45+00:00\" \/>\n<meta property=\"og:image\" content=\"https:\/\/www.lemeta.ro\/wp-content\/uploads\/2025\/10\/lca-bispol-memoria-wo4-alb-24bax-33612-1-1687172488-600x600-1.jpg\" \/>\n\t<meta property=\"og:image:width\" content=\"600\" \/>\n\t<meta property=\"og:image:height\" content=\"600\" \/>\n\t<meta property=\"og:image:type\" content=\"image\/jpeg\" \/>\n<meta name=\"twitter:card\" content=\"summary_large_image\" \/>\n<meta name=\"twitter:label1\" content=\"Timp estimat pentru citire\" \/>\n\t<meta name=\"twitter:data1\" content=\"1 minut\" \/>\n<script type=\"application\/ld+json\" class=\"yoast-schema-graph\">{\"@context\":\"https:\\\/\\\/schema.org\",\"@graph\":[{\"@type\":\"WebPage\",\"@id\":\"https:\\\/\\\/www.lemeta.ro\\\/index.php\\\/produs\\\/candela-rezerva-memoria-alb-84-ore-bispol-225g\\\/\",\"url\":\"https:\\\/\\\/www.lemeta.ro\\\/index.php\\\/produs\\\/candela-rezerva-memoria-alb-84-ore-bispol-225g\\\/\",\"name\":\"Candela rezerva Memoria alb, 84 ore, Bispol 225g - Lemeta - Monumente funerare\",\"isPartOf\":{\"@id\":\"https:\\\/\\\/www.lemeta.ro\\\/#website\"},\"primaryImageOfPage\":{\"@id\":\"https:\\\/\\\/www.lemeta.ro\\\/index.php\\\/produs\\\/candela-rezerva-memoria-alb-84-ore-bispol-225g\\\/#primaryimage\"},\"image\":{\"@id\":\"https:\\\/\\\/www.lemeta.ro\\\/index.php\\\/produs\\\/candela-rezerva-memoria-alb-84-ore-bispol-225g\\\/#primaryimage\"},\"thumbnailUrl\":\"https:\\\/\\\/www.lemeta.ro\\\/wp-content\\\/uploads\\\/2025\\\/10\\\/lca-bispol-memoria-wo4-alb-24bax-33612-1-1687172488-600x600-1.jpg\",\"datePublished\":\"2026-01-30T13:36:42+00:00\",\"dateModified\":\"2026-03-11T13:16:45+00:00\",\"description\":\"Candela Bispol Memoria WO4 alb\u0103, cu ardere de p\u00e2n\u0103 la 84 de ore \u2013 lumin\u0103 curat\u0103 \u0219i constant\u0103, simbol al p\u0103cii \u0219i al reculegerii.\",\"breadcrumb\":{\"@id\":\"https:\\\/\\\/www.lemeta.ro\\\/index.php\\\/produs\\\/candela-rezerva-memoria-alb-84-ore-bispol-225g\\\/#breadcrumb\"},\"inLanguage\":\"ro-RO\",\"potentialAction\":[{\"@type\":\"ReadAction\",\"target\":[\"https:\\\/\\\/www.lemeta.ro\\\/index.php\\\/produs\\\/candela-rezerva-memoria-alb-84-ore-bispol-225g\\\/\"]}]},{\"@type\":\"ImageObject\",\"inLanguage\":\"ro-RO\",\"@id\":\"https:\\\/\\\/www.lemeta.ro\\\/index.php\\\/produs\\\/candela-rezerva-memoria-alb-84-ore-bispol-225g\\\/#primaryimage\",\"url\":\"https:\\\/\\\/www.lemeta.ro\\\/wp-content\\\/uploads\\\/2025\\\/10\\\/lca-bispol-memoria-wo4-alb-24bax-33612-1-1687172488-600x600-1.jpg\",\"contentUrl\":\"https:\\\/\\\/www.lemeta.ro\\\/wp-content\\\/uploads\\\/2025\\\/10\\\/lca-bispol-memoria-wo4-alb-24bax-33612-1-1687172488-600x600-1.jpg\",\"width\":600,\"height\":600},{\"@type\":\"BreadcrumbList\",\"@id\":\"https:\\\/\\\/www.lemeta.ro\\\/index.php\\\/produs\\\/candela-rezerva-memoria-alb-84-ore-bispol-225g\\\/#breadcrumb\",\"itemListElement\":[{\"@type\":\"ListItem\",\"position\":1,\"name\":\"Home\",\"item\":\"https:\\\/\\\/www.lemeta.ro\\\/\"},{\"@type\":\"ListItem\",\"position\":2,\"name\":\"Shop Lemeta\",\"item\":\"https:\\\/\\\/www.lemeta.ro\\\/index.php\\\/shop-lemeta\\\/\"},{\"@type\":\"ListItem\",\"position\":3,\"name\":\"Candela rezerva Memoria alb, 84 ore, Bispol 225g\"}]},{\"@type\":\"WebSite\",\"@id\":\"https:\\\/\\\/www.lemeta.ro\\\/#website\",\"url\":\"https:\\\/\\\/www.lemeta.ro\\\/\",\"name\":\"Lemeta - Monumente funerare\",\"description\":\"Monumente funerare\",\"publisher\":{\"@id\":\"https:\\\/\\\/www.lemeta.ro\\\/#organization\"},\"potentialAction\":[{\"@type\":\"SearchAction\",\"target\":{\"@type\":\"EntryPoint\",\"urlTemplate\":\"https:\\\/\\\/www.lemeta.ro\\\/?s={search_term_string}\"},\"query-input\":{\"@type\":\"PropertyValueSpecification\",\"valueRequired\":true,\"valueName\":\"search_term_string\"}}],\"inLanguage\":\"ro-RO\"},{\"@type\":\"Organization\",\"@id\":\"https:\\\/\\\/www.lemeta.ro\\\/#organization\",\"name\":\"Lemeta - Monumente funerare\",\"url\":\"https:\\\/\\\/www.lemeta.ro\\\/\",\"logo\":{\"@type\":\"ImageObject\",\"inLanguage\":\"ro-RO\",\"@id\":\"https:\\\/\\\/www.lemeta.ro\\\/#\\\/schema\\\/logo\\\/image\\\/\",\"url\":\"https:\\\/\\\/www.lemeta.ro\\\/wp-content\\\/uploads\\\/2024\\\/05\\\/lemeta-logo.jpg\",\"contentUrl\":\"https:\\\/\\\/www.lemeta.ro\\\/wp-content\\\/uploads\\\/2024\\\/05\\\/lemeta-logo.jpg\",\"width\":800,\"height\":800,\"caption\":\"Lemeta - Monumente funerare\"},\"image\":{\"@id\":\"https:\\\/\\\/www.lemeta.ro\\\/#\\\/schema\\\/logo\\\/image\\\/\"},\"sameAs\":[\"https:\\\/\\\/www.facebook.com\\\/lemeta.ro\"]}]}<\/script>\n<!-- \/ Yoast SEO plugin. -->","yoast_head_json":{"title":"Candela rezerva Memoria alb, 84 ore, Bispol 225g - Lemeta - Monumente funerare","description":"Candela Bispol Memoria WO4 alb\u0103, cu ardere de p\u00e2n\u0103 la 84 de ore \u2013 lumin\u0103 curat\u0103 \u0219i constant\u0103, simbol al p\u0103cii \u0219i al reculegerii.","robots":{"index":"index","follow":"follow","max-snippet":"max-snippet:-1","max-image-preview":"max-image-preview:large","max-video-preview":"max-video-preview:-1"},"canonical":"https:\/\/www.lemeta.ro\/index.php\/produs\/candela-rezerva-memoria-alb-84-ore-bispol-225g\/","og_locale":"ro_RO","og_type":"article","og_title":"Candela rezerva Memoria alb, 84 ore, Bispol 225g - Lemeta - Monumente funerare","og_description":"Candela Bispol Memoria WO4 alb\u0103, cu ardere de p\u00e2n\u0103 la 84 de ore \u2013 lumin\u0103 curat\u0103 \u0219i constant\u0103, simbol al p\u0103cii \u0219i al reculegerii.","og_url":"https:\/\/www.lemeta.ro\/index.php\/produs\/candela-rezerva-memoria-alb-84-ore-bispol-225g\/","og_site_name":"Lemeta - Monumente funerare","article_publisher":"https:\/\/www.facebook.com\/lemeta.ro","article_modified_time":"2026-03-11T13:16:45+00:00","og_image":[{"width":600,"height":600,"url":"https:\/\/www.lemeta.ro\/wp-content\/uploads\/2025\/10\/lca-bispol-memoria-wo4-alb-24bax-33612-1-1687172488-600x600-1.jpg","type":"image\/jpeg"}],"twitter_card":"summary_large_image","twitter_misc":{"Timp estimat pentru citire":"1 minut"},"schema":{"@context":"https:\/\/schema.org","@graph":[{"@type":"WebPage","@id":"https:\/\/www.lemeta.ro\/index.php\/produs\/candela-rezerva-memoria-alb-84-ore-bispol-225g\/","url":"https:\/\/www.lemeta.ro\/index.php\/produs\/candela-rezerva-memoria-alb-84-ore-bispol-225g\/","name":"Candela rezerva Memoria alb, 84 ore, Bispol 225g - Lemeta - Monumente funerare","isPartOf":{"@id":"https:\/\/www.lemeta.ro\/#website"},"primaryImageOfPage":{"@id":"https:\/\/www.lemeta.ro\/index.php\/produs\/candela-rezerva-memoria-alb-84-ore-bispol-225g\/#primaryimage"},"image":{"@id":"https:\/\/www.lemeta.ro\/index.php\/produs\/candela-rezerva-memoria-alb-84-ore-bispol-225g\/#primaryimage"},"thumbnailUrl":"https:\/\/www.lemeta.ro\/wp-content\/uploads\/2025\/10\/lca-bispol-memoria-wo4-alb-24bax-33612-1-1687172488-600x600-1.jpg","datePublished":"2026-01-30T13:36:42+00:00","dateModified":"2026-03-11T13:16:45+00:00","description":"Candela Bispol Memoria WO4 alb\u0103, cu ardere de p\u00e2n\u0103 la 84 de ore \u2013 lumin\u0103 curat\u0103 \u0219i constant\u0103, simbol al p\u0103cii \u0219i al reculegerii.","breadcrumb":{"@id":"https:\/\/www.lemeta.ro\/index.php\/produs\/candela-rezerva-memoria-alb-84-ore-bispol-225g\/#breadcrumb"},"inLanguage":"ro-RO","potentialAction":[{"@type":"ReadAction","target":["https:\/\/www.lemeta.ro\/index.php\/produs\/candela-rezerva-memoria-alb-84-ore-bispol-225g\/"]}]},{"@type":"ImageObject","inLanguage":"ro-RO","@id":"https:\/\/www.lemeta.ro\/index.php\/produs\/candela-rezerva-memoria-alb-84-ore-bispol-225g\/#primaryimage","url":"https:\/\/www.lemeta.ro\/wp-content\/uploads\/2025\/10\/lca-bispol-memoria-wo4-alb-24bax-33612-1-1687172488-600x600-1.jpg","contentUrl":"https:\/\/www.lemeta.ro\/wp-content\/uploads\/2025\/10\/lca-bispol-memoria-wo4-alb-24bax-33612-1-1687172488-600x600-1.jpg","width":600,"height":600},{"@type":"BreadcrumbList","@id":"https:\/\/www.lemeta.ro\/index.php\/produs\/candela-rezerva-memoria-alb-84-ore-bispol-225g\/#breadcrumb","itemListElement":[{"@type":"ListItem","position":1,"name":"Home","item":"https:\/\/www.lemeta.ro\/"},{"@type":"ListItem","position":2,"name":"Shop Lemeta","item":"https:\/\/www.lemeta.ro\/index.php\/shop-lemeta\/"},{"@type":"ListItem","position":3,"name":"Candela rezerva Memoria alb, 84 ore, Bispol 225g"}]},{"@type":"WebSite","@id":"https:\/\/www.lemeta.ro\/#website","url":"https:\/\/www.lemeta.ro\/","name":"Lemeta - Monumente funerare","description":"Monumente funerare","publisher":{"@id":"https:\/\/www.lemeta.ro\/#organization"},"potentialAction":[{"@type":"SearchAction","target":{"@type":"EntryPoint","urlTemplate":"https:\/\/www.lemeta.ro\/?s={search_term_string}"},"query-input":{"@type":"PropertyValueSpecification","valueRequired":true,"valueName":"search_term_string"}}],"inLanguage":"ro-RO"},{"@type":"Organization","@id":"https:\/\/www.lemeta.ro\/#organization","name":"Lemeta - Monumente funerare","url":"https:\/\/www.lemeta.ro\/","logo":{"@type":"ImageObject","inLanguage":"ro-RO","@id":"https:\/\/www.lemeta.ro\/#\/schema\/logo\/image\/","url":"https:\/\/www.lemeta.ro\/wp-content\/uploads\/2024\/05\/lemeta-logo.jpg","contentUrl":"https:\/\/www.lemeta.ro\/wp-content\/uploads\/2024\/05\/lemeta-logo.jpg","width":800,"height":800,"caption":"Lemeta - Monumente funerare"},"image":{"@id":"https:\/\/www.lemeta.ro\/#\/schema\/logo\/image\/"},"sameAs":["https:\/\/www.facebook.com\/lemeta.ro"]}]}},"_links":{"self":[{"href":"https:\/\/www.lemeta.ro\/index.php\/wp-json\/wp\/v2\/product\/21297","targetHints":{"allow":["GET"]}}],"collection":[{"href":"https:\/\/www.lemeta.ro\/index.php\/wp-json\/wp\/v2\/product"}],"about":[{"href":"https:\/\/www.lemeta.ro\/index.php\/wp-json\/wp\/v2\/types\/product"}],"wp:featuredmedia":[{"embeddable":true,"href":"https:\/\/www.lemeta.ro\/index.php\/wp-json\/wp\/v2\/media\/21298"}],"wp:attachment":[{"href":"https:\/\/www.lemeta.ro\/index.php\/wp-json\/wp\/v2\/media?parent=21297"}],"wp:term":[{"taxonomy":"product_brand","embeddable":true,"href":"https:\/\/www.lemeta.ro\/index.php\/wp-json\/wp\/v2\/product_brand?post=21297"},{"taxonomy":"product_cat","embeddable":true,"href":"https:\/\/www.lemeta.ro\/index.php\/wp-json\/wp\/v2\/product_cat?post=21297"},{"taxonomy":"product_tag","embeddable":true,"href":"https:\/\/www.lemeta.ro\/index.php\/wp-json\/wp\/v2\/product_tag?post=21297"}],"curies":[{"name":"wp","href":"https:\/\/api.w.org\/{rel}","templated":true}]}}