{"id":21313,"date":"2026-01-30T15:37:37","date_gmt":"2026-01-30T13:37:37","guid":{"rendered":"https:\/\/www.lemeta.ro\/?post_type=product&#038;p=21313"},"modified":"2026-03-09T16:57:28","modified_gmt":"2026-03-09T14:57:28","slug":"candela-rezerva-rosu-p70","status":"publish","type":"product","link":"https:\/\/www.lemeta.ro\/index.php\/produs\/candela-rezerva-rosu-p70\/","title":{"rendered":"Candela rezerva rosu p70"},"content":{"rendered":"<p data-start=\"20\" data-end=\"400\">Candela rezerv\u0103 ro\u0219ie P70 este conceput\u0103 pentru a \u00eenlocui cu u\u0219urin\u021b\u0103 candelele consumate, oferind o lumin\u0103 constant\u0103 \u0219i lini\u0219titoare \u00een locurile dedicate reculegerii \u0219i comemor\u0103rii. Fabricat\u0103 din parafin\u0103 de calitate \u0219i prev\u0103zut\u0103 cu recipient din plastic rezistent, aceast\u0103 rezerv\u0103 asigur\u0103 o ardere stabil\u0103 \u0219i sigur\u0103, iar culoarea ro\u0219ie creeaz\u0103 o lumin\u0103 discret\u0103 \u0219i tradi\u021bional\u0103.<\/p>\n<p data-start=\"402\" data-end=\"645\">Rezerva este compatibil\u0103 cu majoritatea candelelor din sticl\u0103, fiind u\u0219or de introdus \u0219i utilizat atunci c\u00e2nd candela trebuie re\u00eennoit\u0103. Setul con\u021bine 4 buc\u0103\u021bi, fiecare echipat\u0103 cu fitil stabil pentru o ardere uniform\u0103 \u0219i o utilizare practic\u0103.<\/p>\n","protected":false},"excerpt":{"rendered":"<p data-start=\"667\" data-end=\"805\">Candel\u0103 rezerv\u0103 ro\u0219ie P70 din parafin\u0103, potrivit\u0103 pentru candele din sticl\u0103. Setul con\u021bine 4 buc\u0103\u021bi \u0219i ofer\u0103 o ardere constant\u0103 \u0219i sigur\u0103<\/p>\n","protected":false},"featured_media":22283,"template":"","meta":{"ngg_post_thumbnail":0},"product_brand":[],"product_cat":[12],"product_tag":[],"class_list":{"0":"post-21313","1":"product","2":"type-product","3":"status-publish","4":"has-post-thumbnail","6":"product_cat-lumanari","8":"first","9":"instock","10":"taxable","11":"shipping-taxable","12":"purchasable","13":"product-type-simple"},"yoast_head":"<!-- This site is optimized with the Yoast SEO plugin v27.4 - https:\/\/yoast.com\/product\/yoast-seo-wordpress\/ -->\n<title>Candela rezerva rosu p70 - Lemeta - Monumente funerare<\/title>\n<meta name=\"description\" content=\"Candela rezerv\u0103 ro\u0219ie P70, set 4 buc\u0103\u021bi. Rezerve din parafin\u0103 pentru candele din sticl\u0103, ideale pentru cimitir \u0219i momente de reculegere.\" \/>\n<meta name=\"robots\" content=\"index, follow, max-snippet:-1, max-image-preview:large, max-video-preview:-1\" \/>\n<link rel=\"canonical\" href=\"https:\/\/www.lemeta.ro\/index.php\/produs\/candela-rezerva-rosu-p70\/\" \/>\n<meta property=\"og:locale\" content=\"ro_RO\" \/>\n<meta property=\"og:type\" content=\"article\" \/>\n<meta property=\"og:title\" content=\"Candela rezerva rosu p70 - Lemeta - Monumente funerare\" \/>\n<meta property=\"og:description\" content=\"Candela rezerv\u0103 ro\u0219ie P70, set 4 buc\u0103\u021bi. Rezerve din parafin\u0103 pentru candele din sticl\u0103, ideale pentru cimitir \u0219i momente de reculegere.\" \/>\n<meta property=\"og:url\" content=\"https:\/\/www.lemeta.ro\/index.php\/produs\/candela-rezerva-rosu-p70\/\" \/>\n<meta property=\"og:site_name\" content=\"Lemeta - Monumente funerare\" \/>\n<meta property=\"article:publisher\" content=\"https:\/\/www.facebook.com\/lemeta.ro\" \/>\n<meta property=\"article:modified_time\" content=\"2026-03-09T14:57:28+00:00\" \/>\n<meta property=\"og:image\" content=\"https:\/\/www.lemeta.ro\/wp-content\/uploads\/2026\/01\/res_ed73ce93d6f607b559fe457efb8a00db.jpg\" \/>\n\t<meta property=\"og:image:width\" content=\"600\" \/>\n\t<meta property=\"og:image:height\" content=\"600\" \/>\n\t<meta property=\"og:image:type\" content=\"image\/jpeg\" \/>\n<meta name=\"twitter:card\" content=\"summary_large_image\" \/>\n<meta name=\"twitter:label1\" content=\"Timp estimat pentru citire\" \/>\n\t<meta name=\"twitter:data1\" content=\"1 minut\" \/>\n<script type=\"application\/ld+json\" class=\"yoast-schema-graph\">{\"@context\":\"https:\\\/\\\/schema.org\",\"@graph\":[{\"@type\":\"WebPage\",\"@id\":\"https:\\\/\\\/www.lemeta.ro\\\/index.php\\\/produs\\\/candela-rezerva-rosu-p70\\\/\",\"url\":\"https:\\\/\\\/www.lemeta.ro\\\/index.php\\\/produs\\\/candela-rezerva-rosu-p70\\\/\",\"name\":\"Candela rezerva rosu p70 - Lemeta - Monumente funerare\",\"isPartOf\":{\"@id\":\"https:\\\/\\\/www.lemeta.ro\\\/#website\"},\"primaryImageOfPage\":{\"@id\":\"https:\\\/\\\/www.lemeta.ro\\\/index.php\\\/produs\\\/candela-rezerva-rosu-p70\\\/#primaryimage\"},\"image\":{\"@id\":\"https:\\\/\\\/www.lemeta.ro\\\/index.php\\\/produs\\\/candela-rezerva-rosu-p70\\\/#primaryimage\"},\"thumbnailUrl\":\"https:\\\/\\\/www.lemeta.ro\\\/wp-content\\\/uploads\\\/2026\\\/01\\\/res_ed73ce93d6f607b559fe457efb8a00db.jpg\",\"datePublished\":\"2026-01-30T13:37:37+00:00\",\"dateModified\":\"2026-03-09T14:57:28+00:00\",\"description\":\"Candela rezerv\u0103 ro\u0219ie P70, set 4 buc\u0103\u021bi. Rezerve din parafin\u0103 pentru candele din sticl\u0103, ideale pentru cimitir \u0219i momente de reculegere.\",\"breadcrumb\":{\"@id\":\"https:\\\/\\\/www.lemeta.ro\\\/index.php\\\/produs\\\/candela-rezerva-rosu-p70\\\/#breadcrumb\"},\"inLanguage\":\"ro-RO\",\"potentialAction\":[{\"@type\":\"ReadAction\",\"target\":[\"https:\\\/\\\/www.lemeta.ro\\\/index.php\\\/produs\\\/candela-rezerva-rosu-p70\\\/\"]}]},{\"@type\":\"ImageObject\",\"inLanguage\":\"ro-RO\",\"@id\":\"https:\\\/\\\/www.lemeta.ro\\\/index.php\\\/produs\\\/candela-rezerva-rosu-p70\\\/#primaryimage\",\"url\":\"https:\\\/\\\/www.lemeta.ro\\\/wp-content\\\/uploads\\\/2026\\\/01\\\/res_ed73ce93d6f607b559fe457efb8a00db.jpg\",\"contentUrl\":\"https:\\\/\\\/www.lemeta.ro\\\/wp-content\\\/uploads\\\/2026\\\/01\\\/res_ed73ce93d6f607b559fe457efb8a00db.jpg\",\"width\":600,\"height\":600},{\"@type\":\"BreadcrumbList\",\"@id\":\"https:\\\/\\\/www.lemeta.ro\\\/index.php\\\/produs\\\/candela-rezerva-rosu-p70\\\/#breadcrumb\",\"itemListElement\":[{\"@type\":\"ListItem\",\"position\":1,\"name\":\"Home\",\"item\":\"https:\\\/\\\/www.lemeta.ro\\\/\"},{\"@type\":\"ListItem\",\"position\":2,\"name\":\"Shop Lemeta\",\"item\":\"https:\\\/\\\/www.lemeta.ro\\\/index.php\\\/shop-lemeta\\\/\"},{\"@type\":\"ListItem\",\"position\":3,\"name\":\"Candela rezerva rosu p70\"}]},{\"@type\":\"WebSite\",\"@id\":\"https:\\\/\\\/www.lemeta.ro\\\/#website\",\"url\":\"https:\\\/\\\/www.lemeta.ro\\\/\",\"name\":\"Lemeta - Monumente funerare\",\"description\":\"Monumente funerare\",\"publisher\":{\"@id\":\"https:\\\/\\\/www.lemeta.ro\\\/#organization\"},\"potentialAction\":[{\"@type\":\"SearchAction\",\"target\":{\"@type\":\"EntryPoint\",\"urlTemplate\":\"https:\\\/\\\/www.lemeta.ro\\\/?s={search_term_string}\"},\"query-input\":{\"@type\":\"PropertyValueSpecification\",\"valueRequired\":true,\"valueName\":\"search_term_string\"}}],\"inLanguage\":\"ro-RO\"},{\"@type\":\"Organization\",\"@id\":\"https:\\\/\\\/www.lemeta.ro\\\/#organization\",\"name\":\"Lemeta - Monumente funerare\",\"url\":\"https:\\\/\\\/www.lemeta.ro\\\/\",\"logo\":{\"@type\":\"ImageObject\",\"inLanguage\":\"ro-RO\",\"@id\":\"https:\\\/\\\/www.lemeta.ro\\\/#\\\/schema\\\/logo\\\/image\\\/\",\"url\":\"https:\\\/\\\/www.lemeta.ro\\\/wp-content\\\/uploads\\\/2024\\\/05\\\/lemeta-logo.jpg\",\"contentUrl\":\"https:\\\/\\\/www.lemeta.ro\\\/wp-content\\\/uploads\\\/2024\\\/05\\\/lemeta-logo.jpg\",\"width\":800,\"height\":800,\"caption\":\"Lemeta - Monumente funerare\"},\"image\":{\"@id\":\"https:\\\/\\\/www.lemeta.ro\\\/#\\\/schema\\\/logo\\\/image\\\/\"},\"sameAs\":[\"https:\\\/\\\/www.facebook.com\\\/lemeta.ro\"]}]}<\/script>\n<!-- \/ Yoast SEO plugin. -->","yoast_head_json":{"title":"Candela rezerva rosu p70 - Lemeta - Monumente funerare","description":"Candela rezerv\u0103 ro\u0219ie P70, set 4 buc\u0103\u021bi. Rezerve din parafin\u0103 pentru candele din sticl\u0103, ideale pentru cimitir \u0219i momente de reculegere.","robots":{"index":"index","follow":"follow","max-snippet":"max-snippet:-1","max-image-preview":"max-image-preview:large","max-video-preview":"max-video-preview:-1"},"canonical":"https:\/\/www.lemeta.ro\/index.php\/produs\/candela-rezerva-rosu-p70\/","og_locale":"ro_RO","og_type":"article","og_title":"Candela rezerva rosu p70 - Lemeta - Monumente funerare","og_description":"Candela rezerv\u0103 ro\u0219ie P70, set 4 buc\u0103\u021bi. Rezerve din parafin\u0103 pentru candele din sticl\u0103, ideale pentru cimitir \u0219i momente de reculegere.","og_url":"https:\/\/www.lemeta.ro\/index.php\/produs\/candela-rezerva-rosu-p70\/","og_site_name":"Lemeta - Monumente funerare","article_publisher":"https:\/\/www.facebook.com\/lemeta.ro","article_modified_time":"2026-03-09T14:57:28+00:00","og_image":[{"width":600,"height":600,"url":"https:\/\/www.lemeta.ro\/wp-content\/uploads\/2026\/01\/res_ed73ce93d6f607b559fe457efb8a00db.jpg","type":"image\/jpeg"}],"twitter_card":"summary_large_image","twitter_misc":{"Timp estimat pentru citire":"1 minut"},"schema":{"@context":"https:\/\/schema.org","@graph":[{"@type":"WebPage","@id":"https:\/\/www.lemeta.ro\/index.php\/produs\/candela-rezerva-rosu-p70\/","url":"https:\/\/www.lemeta.ro\/index.php\/produs\/candela-rezerva-rosu-p70\/","name":"Candela rezerva rosu p70 - Lemeta - Monumente funerare","isPartOf":{"@id":"https:\/\/www.lemeta.ro\/#website"},"primaryImageOfPage":{"@id":"https:\/\/www.lemeta.ro\/index.php\/produs\/candela-rezerva-rosu-p70\/#primaryimage"},"image":{"@id":"https:\/\/www.lemeta.ro\/index.php\/produs\/candela-rezerva-rosu-p70\/#primaryimage"},"thumbnailUrl":"https:\/\/www.lemeta.ro\/wp-content\/uploads\/2026\/01\/res_ed73ce93d6f607b559fe457efb8a00db.jpg","datePublished":"2026-01-30T13:37:37+00:00","dateModified":"2026-03-09T14:57:28+00:00","description":"Candela rezerv\u0103 ro\u0219ie P70, set 4 buc\u0103\u021bi. Rezerve din parafin\u0103 pentru candele din sticl\u0103, ideale pentru cimitir \u0219i momente de reculegere.","breadcrumb":{"@id":"https:\/\/www.lemeta.ro\/index.php\/produs\/candela-rezerva-rosu-p70\/#breadcrumb"},"inLanguage":"ro-RO","potentialAction":[{"@type":"ReadAction","target":["https:\/\/www.lemeta.ro\/index.php\/produs\/candela-rezerva-rosu-p70\/"]}]},{"@type":"ImageObject","inLanguage":"ro-RO","@id":"https:\/\/www.lemeta.ro\/index.php\/produs\/candela-rezerva-rosu-p70\/#primaryimage","url":"https:\/\/www.lemeta.ro\/wp-content\/uploads\/2026\/01\/res_ed73ce93d6f607b559fe457efb8a00db.jpg","contentUrl":"https:\/\/www.lemeta.ro\/wp-content\/uploads\/2026\/01\/res_ed73ce93d6f607b559fe457efb8a00db.jpg","width":600,"height":600},{"@type":"BreadcrumbList","@id":"https:\/\/www.lemeta.ro\/index.php\/produs\/candela-rezerva-rosu-p70\/#breadcrumb","itemListElement":[{"@type":"ListItem","position":1,"name":"Home","item":"https:\/\/www.lemeta.ro\/"},{"@type":"ListItem","position":2,"name":"Shop Lemeta","item":"https:\/\/www.lemeta.ro\/index.php\/shop-lemeta\/"},{"@type":"ListItem","position":3,"name":"Candela rezerva rosu p70"}]},{"@type":"WebSite","@id":"https:\/\/www.lemeta.ro\/#website","url":"https:\/\/www.lemeta.ro\/","name":"Lemeta - Monumente funerare","description":"Monumente funerare","publisher":{"@id":"https:\/\/www.lemeta.ro\/#organization"},"potentialAction":[{"@type":"SearchAction","target":{"@type":"EntryPoint","urlTemplate":"https:\/\/www.lemeta.ro\/?s={search_term_string}"},"query-input":{"@type":"PropertyValueSpecification","valueRequired":true,"valueName":"search_term_string"}}],"inLanguage":"ro-RO"},{"@type":"Organization","@id":"https:\/\/www.lemeta.ro\/#organization","name":"Lemeta - Monumente funerare","url":"https:\/\/www.lemeta.ro\/","logo":{"@type":"ImageObject","inLanguage":"ro-RO","@id":"https:\/\/www.lemeta.ro\/#\/schema\/logo\/image\/","url":"https:\/\/www.lemeta.ro\/wp-content\/uploads\/2024\/05\/lemeta-logo.jpg","contentUrl":"https:\/\/www.lemeta.ro\/wp-content\/uploads\/2024\/05\/lemeta-logo.jpg","width":800,"height":800,"caption":"Lemeta - Monumente funerare"},"image":{"@id":"https:\/\/www.lemeta.ro\/#\/schema\/logo\/image\/"},"sameAs":["https:\/\/www.facebook.com\/lemeta.ro"]}]}},"_links":{"self":[{"href":"https:\/\/www.lemeta.ro\/index.php\/wp-json\/wp\/v2\/product\/21313","targetHints":{"allow":["GET"]}}],"collection":[{"href":"https:\/\/www.lemeta.ro\/index.php\/wp-json\/wp\/v2\/product"}],"about":[{"href":"https:\/\/www.lemeta.ro\/index.php\/wp-json\/wp\/v2\/types\/product"}],"wp:featuredmedia":[{"embeddable":true,"href":"https:\/\/www.lemeta.ro\/index.php\/wp-json\/wp\/v2\/media\/22283"}],"wp:attachment":[{"href":"https:\/\/www.lemeta.ro\/index.php\/wp-json\/wp\/v2\/media?parent=21313"}],"wp:term":[{"taxonomy":"product_brand","embeddable":true,"href":"https:\/\/www.lemeta.ro\/index.php\/wp-json\/wp\/v2\/product_brand?post=21313"},{"taxonomy":"product_cat","embeddable":true,"href":"https:\/\/www.lemeta.ro\/index.php\/wp-json\/wp\/v2\/product_cat?post=21313"},{"taxonomy":"product_tag","embeddable":true,"href":"https:\/\/www.lemeta.ro\/index.php\/wp-json\/wp\/v2\/product_tag?post=21313"}],"curies":[{"name":"wp","href":"https:\/\/api.w.org\/{rel}","templated":true}]}}