{"id":21325,"date":"2026-01-30T15:37:39","date_gmt":"2026-01-30T13:37:39","guid":{"rendered":"https:\/\/www.lemeta.ro\/?post_type=product&#038;p=21325"},"modified":"2026-03-10T12:54:34","modified_gmt":"2026-03-10T10:54:34","slug":"candela-plastic-alb-v1-180","status":"publish","type":"product","link":"https:\/\/www.lemeta.ro\/index.php\/produs\/candela-plastic-alb-v1-180\/","title":{"rendered":"Candela plastic alb V1-180"},"content":{"rendered":"<article class=\"text-token-text-primary w-full focus:outline-none [--shadow-height:45px] has-data-writing-block:pointer-events-none has-data-writing-block:-mt-(--shadow-height) has-data-writing-block:pt-(--shadow-height) [&amp;:has([data-writing-block])&gt;*]:pointer-events-auto [content-visibility:auto] supports-[content-visibility:auto]:[contain-intrinsic-size:auto_100lvh] scroll-mt-[calc(var(--header-height)+min(200px,max(70px,20svh)))]\" dir=\"auto\" tabindex=\"-1\" data-turn-id=\"request-WEB:4dae0bba-0ab7-4419-9a22-4361def50247-14\" data-testid=\"conversation-turn-30\" data-scroll-anchor=\"true\" data-turn=\"assistant\">\n<div class=\"text-base my-auto mx-auto pb-10 [--thread-content-margin:--spacing(4)] thread-sm:[--thread-content-margin:--spacing(6)] thread-lg:[--thread-content-margin:--spacing(16)] px-(--thread-content-margin)\">\n<div class=\"[--thread-content-max-width:40rem] thread-lg:[--thread-content-max-width:48rem] mx-auto max-w-(--thread-content-max-width) flex-1 group\/turn-messages focus-visible:outline-hidden relative flex w-full min-w-0 flex-col agent-turn\" tabindex=\"-1\">\n<div class=\"flex max-w-full flex-col grow\">\n<div class=\"min-h-8 text-message relative flex w-full flex-col items-end gap-2 text-start break-words whitespace-normal [.text-message+&amp;]:mt-1\" dir=\"auto\" data-message-author-role=\"assistant\" data-message-id=\"26565754-3708-4912-a430-8d0c1179784f\" data-message-model-slug=\"gpt-5\">\n<div class=\"flex w-full flex-col gap-1 empty:hidden first:pt-[1px]\">\n<div class=\"markdown prose dark:prose-invert w-full break-words dark markdown-new-styling\">\n<p data-start=\"0\" data-end=\"293\">Candela LCA V1-180 alb\u0103 este realizat\u0103 din parafin\u0103 de \u00eenalt\u0103 calitate, av\u00e2nd exteriorul din plastic alb, rezistent \u0219i elegant. Este ideal\u0103 pentru utilizare \u00een spa\u021bii comemorative, oferind o lumin\u0103 cald\u0103, constant\u0103 \u0219i lini\u0219titoare, simbol al purit\u0103\u021bii \u0219i al amintirii.<\/p>\n<p data-start=\"295\" data-end=\"726\" data-is-last-node=\"\" data-is-only-node=\"\">Cu o durat\u0103 de ardere de aproximativ 48 de ore, aceast\u0103 candela asigur\u0103 o flac\u0103r\u0103 stabil\u0103 \u0219i o ardere uniform\u0103 pentru o perioad\u0103 \u00eendelungat\u0103. Carcasa din plastic protejeaz\u0103 flac\u0103ra \u00eempotriva v\u00e2ntului \u0219i a umidit\u0103\u021bii, permi\u021b\u00e2nd utilizarea produsului \u00een condi\u021bii exterioare. Designul simplu \u0219i culoarea alb\u0103 transmit pace \u0219i respect, f\u0103c\u00e2nd din candela LCA V1-180 o alegere potrivit\u0103 pentru orice moment de reculegere sau comemorare.<\/p>\n<\/div>\n<\/div>\n<\/div>\n<\/div>\n<div class=\"z-0 flex min-h-[46px] justify-start\">&nbsp;<\/div>\n<div class=\"mt-3 w-full empty:hidden\">\n<div class=\"text-center\">&nbsp;<\/div>\n<\/div>\n<\/div>\n<\/div>\n<\/article>\n<div class=\"pointer-events-none h-px w-px\" aria-hidden=\"true\" data-edge=\"true\">&nbsp;<\/div>\n","protected":false},"excerpt":{"rendered":"<p data-start=\"0\" data-end=\"249\">Candela LCA V1-180 alb\u0103 ofer\u0103 o lumin\u0103 calm\u0103 \u0219i constant\u0103 timp de aproximativ 48 de ore. Fabricat\u0103 din parafin\u0103 de calitate, cu exterior din plastic rezistent, este ideal\u0103 pentru spa\u021bii comemorative \u0219i utilizare \u00een exterior.<\/p>\n","protected":false},"featured_media":21327,"template":"","meta":{"ngg_post_thumbnail":0},"product_brand":[],"product_cat":[12],"product_tag":[],"class_list":{"0":"post-21325","1":"product","2":"type-product","3":"status-publish","4":"has-post-thumbnail","6":"product_cat-lumanari","8":"first","9":"instock","10":"taxable","11":"shipping-taxable","12":"purchasable","13":"product-type-simple"},"yoast_head":"<!-- This site is optimized with the Yoast SEO plugin v27.4 - https:\/\/yoast.com\/product\/yoast-seo-wordpress\/ -->\n<title>Candela plastic alb V1-180 - Lemeta - Monumente funerare<\/title>\n<meta name=\"description\" content=\"Candela LCA V1-180 alb\u0103, durat\u0103 48 ore, lumin\u0103 stabil\u0103 \u0219i elegant\u0103 pentru momente de reculegere \u0219i spa\u021bii comemorative. Fabricat\u0103 din parafin\u0103 de calitate.\" \/>\n<meta name=\"robots\" content=\"index, follow, max-snippet:-1, max-image-preview:large, max-video-preview:-1\" \/>\n<link rel=\"canonical\" href=\"https:\/\/www.lemeta.ro\/index.php\/produs\/candela-plastic-alb-v1-180\/\" \/>\n<meta property=\"og:locale\" content=\"ro_RO\" \/>\n<meta property=\"og:type\" content=\"article\" \/>\n<meta property=\"og:title\" content=\"Candela plastic alb V1-180 - Lemeta - Monumente funerare\" \/>\n<meta property=\"og:description\" content=\"Candela LCA V1-180 alb\u0103, durat\u0103 48 ore, lumin\u0103 stabil\u0103 \u0219i elegant\u0103 pentru momente de reculegere \u0219i spa\u021bii comemorative. Fabricat\u0103 din parafin\u0103 de calitate.\" \/>\n<meta property=\"og:url\" content=\"https:\/\/www.lemeta.ro\/index.php\/produs\/candela-plastic-alb-v1-180\/\" \/>\n<meta property=\"og:site_name\" content=\"Lemeta - Monumente funerare\" \/>\n<meta property=\"article:publisher\" content=\"https:\/\/www.facebook.com\/lemeta.ro\" \/>\n<meta property=\"article:modified_time\" content=\"2026-03-10T10:54:34+00:00\" \/>\n<meta property=\"og:image\" content=\"https:\/\/www.lemeta.ro\/wp-content\/uploads\/2025\/11\/candela-alba-v1.jpg\" \/>\n\t<meta property=\"og:image:width\" content=\"1024\" \/>\n\t<meta property=\"og:image:height\" content=\"1024\" \/>\n\t<meta property=\"og:image:type\" content=\"image\/jpeg\" \/>\n<meta name=\"twitter:card\" content=\"summary_large_image\" \/>\n<meta name=\"twitter:label1\" content=\"Timp estimat pentru citire\" \/>\n\t<meta name=\"twitter:data1\" content=\"2 minute\" \/>\n<script type=\"application\/ld+json\" class=\"yoast-schema-graph\">{\"@context\":\"https:\\\/\\\/schema.org\",\"@graph\":[{\"@type\":\"WebPage\",\"@id\":\"https:\\\/\\\/www.lemeta.ro\\\/index.php\\\/produs\\\/candela-plastic-alb-v1-180\\\/\",\"url\":\"https:\\\/\\\/www.lemeta.ro\\\/index.php\\\/produs\\\/candela-plastic-alb-v1-180\\\/\",\"name\":\"Candela plastic alb V1-180 - Lemeta - Monumente funerare\",\"isPartOf\":{\"@id\":\"https:\\\/\\\/www.lemeta.ro\\\/#website\"},\"primaryImageOfPage\":{\"@id\":\"https:\\\/\\\/www.lemeta.ro\\\/index.php\\\/produs\\\/candela-plastic-alb-v1-180\\\/#primaryimage\"},\"image\":{\"@id\":\"https:\\\/\\\/www.lemeta.ro\\\/index.php\\\/produs\\\/candela-plastic-alb-v1-180\\\/#primaryimage\"},\"thumbnailUrl\":\"https:\\\/\\\/www.lemeta.ro\\\/wp-content\\\/uploads\\\/2025\\\/11\\\/candela-alba-v1.jpg\",\"datePublished\":\"2026-01-30T13:37:39+00:00\",\"dateModified\":\"2026-03-10T10:54:34+00:00\",\"description\":\"Candela LCA V1-180 alb\u0103, durat\u0103 48 ore, lumin\u0103 stabil\u0103 \u0219i elegant\u0103 pentru momente de reculegere \u0219i spa\u021bii comemorative. Fabricat\u0103 din parafin\u0103 de calitate.\",\"breadcrumb\":{\"@id\":\"https:\\\/\\\/www.lemeta.ro\\\/index.php\\\/produs\\\/candela-plastic-alb-v1-180\\\/#breadcrumb\"},\"inLanguage\":\"ro-RO\",\"potentialAction\":[{\"@type\":\"ReadAction\",\"target\":[\"https:\\\/\\\/www.lemeta.ro\\\/index.php\\\/produs\\\/candela-plastic-alb-v1-180\\\/\"]}]},{\"@type\":\"ImageObject\",\"inLanguage\":\"ro-RO\",\"@id\":\"https:\\\/\\\/www.lemeta.ro\\\/index.php\\\/produs\\\/candela-plastic-alb-v1-180\\\/#primaryimage\",\"url\":\"https:\\\/\\\/www.lemeta.ro\\\/wp-content\\\/uploads\\\/2025\\\/11\\\/candela-alba-v1.jpg\",\"contentUrl\":\"https:\\\/\\\/www.lemeta.ro\\\/wp-content\\\/uploads\\\/2025\\\/11\\\/candela-alba-v1.jpg\",\"width\":1024,\"height\":1024},{\"@type\":\"BreadcrumbList\",\"@id\":\"https:\\\/\\\/www.lemeta.ro\\\/index.php\\\/produs\\\/candela-plastic-alb-v1-180\\\/#breadcrumb\",\"itemListElement\":[{\"@type\":\"ListItem\",\"position\":1,\"name\":\"Home\",\"item\":\"https:\\\/\\\/www.lemeta.ro\\\/\"},{\"@type\":\"ListItem\",\"position\":2,\"name\":\"Shop Lemeta\",\"item\":\"https:\\\/\\\/www.lemeta.ro\\\/index.php\\\/shop-lemeta\\\/\"},{\"@type\":\"ListItem\",\"position\":3,\"name\":\"Candela plastic alb V1-180\"}]},{\"@type\":\"WebSite\",\"@id\":\"https:\\\/\\\/www.lemeta.ro\\\/#website\",\"url\":\"https:\\\/\\\/www.lemeta.ro\\\/\",\"name\":\"Lemeta - Monumente funerare\",\"description\":\"Monumente funerare\",\"publisher\":{\"@id\":\"https:\\\/\\\/www.lemeta.ro\\\/#organization\"},\"potentialAction\":[{\"@type\":\"SearchAction\",\"target\":{\"@type\":\"EntryPoint\",\"urlTemplate\":\"https:\\\/\\\/www.lemeta.ro\\\/?s={search_term_string}\"},\"query-input\":{\"@type\":\"PropertyValueSpecification\",\"valueRequired\":true,\"valueName\":\"search_term_string\"}}],\"inLanguage\":\"ro-RO\"},{\"@type\":\"Organization\",\"@id\":\"https:\\\/\\\/www.lemeta.ro\\\/#organization\",\"name\":\"Lemeta - Monumente funerare\",\"url\":\"https:\\\/\\\/www.lemeta.ro\\\/\",\"logo\":{\"@type\":\"ImageObject\",\"inLanguage\":\"ro-RO\",\"@id\":\"https:\\\/\\\/www.lemeta.ro\\\/#\\\/schema\\\/logo\\\/image\\\/\",\"url\":\"https:\\\/\\\/www.lemeta.ro\\\/wp-content\\\/uploads\\\/2024\\\/05\\\/lemeta-logo.jpg\",\"contentUrl\":\"https:\\\/\\\/www.lemeta.ro\\\/wp-content\\\/uploads\\\/2024\\\/05\\\/lemeta-logo.jpg\",\"width\":800,\"height\":800,\"caption\":\"Lemeta - Monumente funerare\"},\"image\":{\"@id\":\"https:\\\/\\\/www.lemeta.ro\\\/#\\\/schema\\\/logo\\\/image\\\/\"},\"sameAs\":[\"https:\\\/\\\/www.facebook.com\\\/lemeta.ro\"]}]}<\/script>\n<!-- \/ Yoast SEO plugin. -->","yoast_head_json":{"title":"Candela plastic alb V1-180 - Lemeta - Monumente funerare","description":"Candela LCA V1-180 alb\u0103, durat\u0103 48 ore, lumin\u0103 stabil\u0103 \u0219i elegant\u0103 pentru momente de reculegere \u0219i spa\u021bii comemorative. Fabricat\u0103 din parafin\u0103 de calitate.","robots":{"index":"index","follow":"follow","max-snippet":"max-snippet:-1","max-image-preview":"max-image-preview:large","max-video-preview":"max-video-preview:-1"},"canonical":"https:\/\/www.lemeta.ro\/index.php\/produs\/candela-plastic-alb-v1-180\/","og_locale":"ro_RO","og_type":"article","og_title":"Candela plastic alb V1-180 - Lemeta - Monumente funerare","og_description":"Candela LCA V1-180 alb\u0103, durat\u0103 48 ore, lumin\u0103 stabil\u0103 \u0219i elegant\u0103 pentru momente de reculegere \u0219i spa\u021bii comemorative. Fabricat\u0103 din parafin\u0103 de calitate.","og_url":"https:\/\/www.lemeta.ro\/index.php\/produs\/candela-plastic-alb-v1-180\/","og_site_name":"Lemeta - Monumente funerare","article_publisher":"https:\/\/www.facebook.com\/lemeta.ro","article_modified_time":"2026-03-10T10:54:34+00:00","og_image":[{"width":1024,"height":1024,"url":"https:\/\/www.lemeta.ro\/wp-content\/uploads\/2025\/11\/candela-alba-v1.jpg","type":"image\/jpeg"}],"twitter_card":"summary_large_image","twitter_misc":{"Timp estimat pentru citire":"2 minute"},"schema":{"@context":"https:\/\/schema.org","@graph":[{"@type":"WebPage","@id":"https:\/\/www.lemeta.ro\/index.php\/produs\/candela-plastic-alb-v1-180\/","url":"https:\/\/www.lemeta.ro\/index.php\/produs\/candela-plastic-alb-v1-180\/","name":"Candela plastic alb V1-180 - Lemeta - Monumente funerare","isPartOf":{"@id":"https:\/\/www.lemeta.ro\/#website"},"primaryImageOfPage":{"@id":"https:\/\/www.lemeta.ro\/index.php\/produs\/candela-plastic-alb-v1-180\/#primaryimage"},"image":{"@id":"https:\/\/www.lemeta.ro\/index.php\/produs\/candela-plastic-alb-v1-180\/#primaryimage"},"thumbnailUrl":"https:\/\/www.lemeta.ro\/wp-content\/uploads\/2025\/11\/candela-alba-v1.jpg","datePublished":"2026-01-30T13:37:39+00:00","dateModified":"2026-03-10T10:54:34+00:00","description":"Candela LCA V1-180 alb\u0103, durat\u0103 48 ore, lumin\u0103 stabil\u0103 \u0219i elegant\u0103 pentru momente de reculegere \u0219i spa\u021bii comemorative. Fabricat\u0103 din parafin\u0103 de calitate.","breadcrumb":{"@id":"https:\/\/www.lemeta.ro\/index.php\/produs\/candela-plastic-alb-v1-180\/#breadcrumb"},"inLanguage":"ro-RO","potentialAction":[{"@type":"ReadAction","target":["https:\/\/www.lemeta.ro\/index.php\/produs\/candela-plastic-alb-v1-180\/"]}]},{"@type":"ImageObject","inLanguage":"ro-RO","@id":"https:\/\/www.lemeta.ro\/index.php\/produs\/candela-plastic-alb-v1-180\/#primaryimage","url":"https:\/\/www.lemeta.ro\/wp-content\/uploads\/2025\/11\/candela-alba-v1.jpg","contentUrl":"https:\/\/www.lemeta.ro\/wp-content\/uploads\/2025\/11\/candela-alba-v1.jpg","width":1024,"height":1024},{"@type":"BreadcrumbList","@id":"https:\/\/www.lemeta.ro\/index.php\/produs\/candela-plastic-alb-v1-180\/#breadcrumb","itemListElement":[{"@type":"ListItem","position":1,"name":"Home","item":"https:\/\/www.lemeta.ro\/"},{"@type":"ListItem","position":2,"name":"Shop Lemeta","item":"https:\/\/www.lemeta.ro\/index.php\/shop-lemeta\/"},{"@type":"ListItem","position":3,"name":"Candela plastic alb V1-180"}]},{"@type":"WebSite","@id":"https:\/\/www.lemeta.ro\/#website","url":"https:\/\/www.lemeta.ro\/","name":"Lemeta - Monumente funerare","description":"Monumente funerare","publisher":{"@id":"https:\/\/www.lemeta.ro\/#organization"},"potentialAction":[{"@type":"SearchAction","target":{"@type":"EntryPoint","urlTemplate":"https:\/\/www.lemeta.ro\/?s={search_term_string}"},"query-input":{"@type":"PropertyValueSpecification","valueRequired":true,"valueName":"search_term_string"}}],"inLanguage":"ro-RO"},{"@type":"Organization","@id":"https:\/\/www.lemeta.ro\/#organization","name":"Lemeta - Monumente funerare","url":"https:\/\/www.lemeta.ro\/","logo":{"@type":"ImageObject","inLanguage":"ro-RO","@id":"https:\/\/www.lemeta.ro\/#\/schema\/logo\/image\/","url":"https:\/\/www.lemeta.ro\/wp-content\/uploads\/2024\/05\/lemeta-logo.jpg","contentUrl":"https:\/\/www.lemeta.ro\/wp-content\/uploads\/2024\/05\/lemeta-logo.jpg","width":800,"height":800,"caption":"Lemeta - Monumente funerare"},"image":{"@id":"https:\/\/www.lemeta.ro\/#\/schema\/logo\/image\/"},"sameAs":["https:\/\/www.facebook.com\/lemeta.ro"]}]}},"_links":{"self":[{"href":"https:\/\/www.lemeta.ro\/index.php\/wp-json\/wp\/v2\/product\/21325","targetHints":{"allow":["GET"]}}],"collection":[{"href":"https:\/\/www.lemeta.ro\/index.php\/wp-json\/wp\/v2\/product"}],"about":[{"href":"https:\/\/www.lemeta.ro\/index.php\/wp-json\/wp\/v2\/types\/product"}],"wp:featuredmedia":[{"embeddable":true,"href":"https:\/\/www.lemeta.ro\/index.php\/wp-json\/wp\/v2\/media\/21327"}],"wp:attachment":[{"href":"https:\/\/www.lemeta.ro\/index.php\/wp-json\/wp\/v2\/media?parent=21325"}],"wp:term":[{"taxonomy":"product_brand","embeddable":true,"href":"https:\/\/www.lemeta.ro\/index.php\/wp-json\/wp\/v2\/product_brand?post=21325"},{"taxonomy":"product_cat","embeddable":true,"href":"https:\/\/www.lemeta.ro\/index.php\/wp-json\/wp\/v2\/product_cat?post=21325"},{"taxonomy":"product_tag","embeddable":true,"href":"https:\/\/www.lemeta.ro\/index.php\/wp-json\/wp\/v2\/product_tag?post=21325"}],"curies":[{"name":"wp","href":"https:\/\/api.w.org\/{rel}","templated":true}]}}