{"id":21335,"date":"2026-01-30T15:36:38","date_gmt":"2026-01-30T13:36:38","guid":{"rendered":"https:\/\/www.lemeta.ro\/?post_type=product&#038;p=21335"},"modified":"2026-02-18T10:47:34","modified_gmt":"2026-02-18T08:47:34","slug":"felinar-granit-negru","status":"publish","type":"product","link":"https:\/\/www.lemeta.ro\/index.php\/produs\/felinar-granit-negru\/","title":{"rendered":"Felinar Granit Negru"},"content":{"rendered":"<p data-start=\"199\" data-end=\"721\">Felinarul din granit negru este o alegere elegant\u0103 \u0219i impun\u0103toare, ideal\u0103 pentru a ad\u0103uga un plus de rafinament locului de odihn\u0103 ve\u0219nic\u0103. Realizat din granit natural de \u00eenalt\u0103 calitate, acest model are un design clasic tip pastil\u0103, completat de panouri din sticl\u0103 care permit vizibilitatea fl\u0103c\u0103rii. U\u0219i\u021ba cu balamale faciliteaz\u0103 accesul \u00een interior, permi\u021b\u00e2nd \u00eenlocuirea u\u0219oar\u0103 a candelei. Datorit\u0103 materialului durabil \u0219i rezistent la intemperii, felinarul este potrivit at\u00e2t pentru exterior, c\u00e2t \u0219i pentru interior.<\/p>\n<p data-start=\"723\" data-end=\"1074\">Prin combina\u021bia dintre elegan\u021b\u0103 \u0219i func\u021bionalitate, acest felinar din granit negru ofer\u0103 un omagiu sobru, dar plin de respect. Se monteaz\u0103 u\u0219or pe monumente funerare, pietre sau borduri, complet\u00e2nd armonios ansamblul funerar. Cu dimensiunile sale de <strong data-start=\"976\" data-end=\"997\">13 \u00d7 14 \u00d7 22,5 cm<\/strong>, devine un element decorativ de durat\u0103, care p\u0103streaz\u0103 vie lumina amintirii.<\/p>\n","protected":false},"excerpt":{"rendered":"<p>Felinar din granit negru, elegant \u0219i rezistent, ideal pentru monumente funerare. Realizat din granit natural cu pere\u021bi din sticl\u0103 \u0219i u\u0219i\u021b\u0103 cu balamale, ofer\u0103 protec\u021bie \u0219i vizibilitate fl\u0103c\u0103rii. Dimensiuni: 13 \u00d7 14 \u00d7 22,5 cm.<\/p>\n","protected":false},"featured_media":21336,"template":"","meta":{"ngg_post_thumbnail":0},"product_brand":[],"product_cat":[13],"product_tag":[],"class_list":{"0":"post-21335","1":"product","2":"type-product","3":"status-publish","4":"has-post-thumbnail","6":"product_cat-candele","8":"first","9":"instock","10":"taxable","11":"shipping-taxable","12":"purchasable","13":"product-type-simple"},"yoast_head":"<!-- This site is optimized with the Yoast SEO plugin v27.4 - https:\/\/yoast.com\/product\/yoast-seo-wordpress\/ -->\n<title>Felinar Granit Negru - Lemeta - Monumente funerare<\/title>\n<meta name=\"description\" content=\"Felinar funerar din granit negru, elegant \u0219i rezistent la intemperii. \u00cen\u0103l\u021bime 22,5 cm. Ideal pentru monumente funerare, disponibil pe EvaFunerare.ro.\" \/>\n<meta name=\"robots\" content=\"index, follow, max-snippet:-1, max-image-preview:large, max-video-preview:-1\" \/>\n<link rel=\"canonical\" href=\"https:\/\/www.lemeta.ro\/index.php\/produs\/felinar-granit-negru\/\" \/>\n<meta property=\"og:locale\" content=\"ro_RO\" \/>\n<meta property=\"og:type\" content=\"article\" \/>\n<meta property=\"og:title\" content=\"Felinar Granit Negru - Lemeta - Monumente funerare\" \/>\n<meta property=\"og:description\" content=\"Felinar funerar din granit negru, elegant \u0219i rezistent la intemperii. \u00cen\u0103l\u021bime 22,5 cm. Ideal pentru monumente funerare, disponibil pe EvaFunerare.ro.\" \/>\n<meta property=\"og:url\" content=\"https:\/\/www.lemeta.ro\/index.php\/produs\/felinar-granit-negru\/\" \/>\n<meta property=\"og:site_name\" content=\"Lemeta - Monumente funerare\" \/>\n<meta property=\"article:publisher\" content=\"https:\/\/www.facebook.com\/lemeta.ro\" \/>\n<meta property=\"article:modified_time\" content=\"2026-02-18T08:47:34+00:00\" \/>\n<meta property=\"og:image\" content=\"https:\/\/www.lemeta.ro\/wp-content\/uploads\/2025\/11\/Felinar-granit-negru.png\" \/>\n\t<meta property=\"og:image:width\" content=\"1024\" \/>\n\t<meta property=\"og:image:height\" content=\"1024\" \/>\n\t<meta property=\"og:image:type\" content=\"image\/png\" \/>\n<meta name=\"twitter:card\" content=\"summary_large_image\" \/>\n<meta name=\"twitter:label1\" content=\"Timp estimat pentru citire\" \/>\n\t<meta name=\"twitter:data1\" content=\"1 minut\" \/>\n<script type=\"application\/ld+json\" class=\"yoast-schema-graph\">{\"@context\":\"https:\\\/\\\/schema.org\",\"@graph\":[{\"@type\":\"WebPage\",\"@id\":\"https:\\\/\\\/www.lemeta.ro\\\/index.php\\\/produs\\\/felinar-granit-negru\\\/\",\"url\":\"https:\\\/\\\/www.lemeta.ro\\\/index.php\\\/produs\\\/felinar-granit-negru\\\/\",\"name\":\"Felinar Granit Negru - Lemeta - Monumente funerare\",\"isPartOf\":{\"@id\":\"https:\\\/\\\/www.lemeta.ro\\\/#website\"},\"primaryImageOfPage\":{\"@id\":\"https:\\\/\\\/www.lemeta.ro\\\/index.php\\\/produs\\\/felinar-granit-negru\\\/#primaryimage\"},\"image\":{\"@id\":\"https:\\\/\\\/www.lemeta.ro\\\/index.php\\\/produs\\\/felinar-granit-negru\\\/#primaryimage\"},\"thumbnailUrl\":\"https:\\\/\\\/www.lemeta.ro\\\/wp-content\\\/uploads\\\/2025\\\/11\\\/Felinar-granit-negru.png\",\"datePublished\":\"2026-01-30T13:36:38+00:00\",\"dateModified\":\"2026-02-18T08:47:34+00:00\",\"description\":\"Felinar funerar din granit negru, elegant \u0219i rezistent la intemperii. \u00cen\u0103l\u021bime 22,5 cm. Ideal pentru monumente funerare, disponibil pe EvaFunerare.ro.\",\"breadcrumb\":{\"@id\":\"https:\\\/\\\/www.lemeta.ro\\\/index.php\\\/produs\\\/felinar-granit-negru\\\/#breadcrumb\"},\"inLanguage\":\"ro-RO\",\"potentialAction\":[{\"@type\":\"ReadAction\",\"target\":[\"https:\\\/\\\/www.lemeta.ro\\\/index.php\\\/produs\\\/felinar-granit-negru\\\/\"]}]},{\"@type\":\"ImageObject\",\"inLanguage\":\"ro-RO\",\"@id\":\"https:\\\/\\\/www.lemeta.ro\\\/index.php\\\/produs\\\/felinar-granit-negru\\\/#primaryimage\",\"url\":\"https:\\\/\\\/www.lemeta.ro\\\/wp-content\\\/uploads\\\/2025\\\/11\\\/Felinar-granit-negru.png\",\"contentUrl\":\"https:\\\/\\\/www.lemeta.ro\\\/wp-content\\\/uploads\\\/2025\\\/11\\\/Felinar-granit-negru.png\",\"width\":1024,\"height\":1024},{\"@type\":\"BreadcrumbList\",\"@id\":\"https:\\\/\\\/www.lemeta.ro\\\/index.php\\\/produs\\\/felinar-granit-negru\\\/#breadcrumb\",\"itemListElement\":[{\"@type\":\"ListItem\",\"position\":1,\"name\":\"Home\",\"item\":\"https:\\\/\\\/www.lemeta.ro\\\/\"},{\"@type\":\"ListItem\",\"position\":2,\"name\":\"Shop Lemeta\",\"item\":\"https:\\\/\\\/www.lemeta.ro\\\/index.php\\\/shop-lemeta\\\/\"},{\"@type\":\"ListItem\",\"position\":3,\"name\":\"Felinar Granit Negru\"}]},{\"@type\":\"WebSite\",\"@id\":\"https:\\\/\\\/www.lemeta.ro\\\/#website\",\"url\":\"https:\\\/\\\/www.lemeta.ro\\\/\",\"name\":\"Lemeta - Monumente funerare\",\"description\":\"Monumente funerare\",\"publisher\":{\"@id\":\"https:\\\/\\\/www.lemeta.ro\\\/#organization\"},\"potentialAction\":[{\"@type\":\"SearchAction\",\"target\":{\"@type\":\"EntryPoint\",\"urlTemplate\":\"https:\\\/\\\/www.lemeta.ro\\\/?s={search_term_string}\"},\"query-input\":{\"@type\":\"PropertyValueSpecification\",\"valueRequired\":true,\"valueName\":\"search_term_string\"}}],\"inLanguage\":\"ro-RO\"},{\"@type\":\"Organization\",\"@id\":\"https:\\\/\\\/www.lemeta.ro\\\/#organization\",\"name\":\"Lemeta - Monumente funerare\",\"url\":\"https:\\\/\\\/www.lemeta.ro\\\/\",\"logo\":{\"@type\":\"ImageObject\",\"inLanguage\":\"ro-RO\",\"@id\":\"https:\\\/\\\/www.lemeta.ro\\\/#\\\/schema\\\/logo\\\/image\\\/\",\"url\":\"https:\\\/\\\/www.lemeta.ro\\\/wp-content\\\/uploads\\\/2024\\\/05\\\/lemeta-logo.jpg\",\"contentUrl\":\"https:\\\/\\\/www.lemeta.ro\\\/wp-content\\\/uploads\\\/2024\\\/05\\\/lemeta-logo.jpg\",\"width\":800,\"height\":800,\"caption\":\"Lemeta - Monumente funerare\"},\"image\":{\"@id\":\"https:\\\/\\\/www.lemeta.ro\\\/#\\\/schema\\\/logo\\\/image\\\/\"},\"sameAs\":[\"https:\\\/\\\/www.facebook.com\\\/lemeta.ro\"]}]}<\/script>\n<!-- \/ Yoast SEO plugin. -->","yoast_head_json":{"title":"Felinar Granit Negru - Lemeta - Monumente funerare","description":"Felinar funerar din granit negru, elegant \u0219i rezistent la intemperii. \u00cen\u0103l\u021bime 22,5 cm. Ideal pentru monumente funerare, disponibil pe EvaFunerare.ro.","robots":{"index":"index","follow":"follow","max-snippet":"max-snippet:-1","max-image-preview":"max-image-preview:large","max-video-preview":"max-video-preview:-1"},"canonical":"https:\/\/www.lemeta.ro\/index.php\/produs\/felinar-granit-negru\/","og_locale":"ro_RO","og_type":"article","og_title":"Felinar Granit Negru - Lemeta - Monumente funerare","og_description":"Felinar funerar din granit negru, elegant \u0219i rezistent la intemperii. \u00cen\u0103l\u021bime 22,5 cm. Ideal pentru monumente funerare, disponibil pe EvaFunerare.ro.","og_url":"https:\/\/www.lemeta.ro\/index.php\/produs\/felinar-granit-negru\/","og_site_name":"Lemeta - Monumente funerare","article_publisher":"https:\/\/www.facebook.com\/lemeta.ro","article_modified_time":"2026-02-18T08:47:34+00:00","og_image":[{"width":1024,"height":1024,"url":"https:\/\/www.lemeta.ro\/wp-content\/uploads\/2025\/11\/Felinar-granit-negru.png","type":"image\/png"}],"twitter_card":"summary_large_image","twitter_misc":{"Timp estimat pentru citire":"1 minut"},"schema":{"@context":"https:\/\/schema.org","@graph":[{"@type":"WebPage","@id":"https:\/\/www.lemeta.ro\/index.php\/produs\/felinar-granit-negru\/","url":"https:\/\/www.lemeta.ro\/index.php\/produs\/felinar-granit-negru\/","name":"Felinar Granit Negru - Lemeta - Monumente funerare","isPartOf":{"@id":"https:\/\/www.lemeta.ro\/#website"},"primaryImageOfPage":{"@id":"https:\/\/www.lemeta.ro\/index.php\/produs\/felinar-granit-negru\/#primaryimage"},"image":{"@id":"https:\/\/www.lemeta.ro\/index.php\/produs\/felinar-granit-negru\/#primaryimage"},"thumbnailUrl":"https:\/\/www.lemeta.ro\/wp-content\/uploads\/2025\/11\/Felinar-granit-negru.png","datePublished":"2026-01-30T13:36:38+00:00","dateModified":"2026-02-18T08:47:34+00:00","description":"Felinar funerar din granit negru, elegant \u0219i rezistent la intemperii. \u00cen\u0103l\u021bime 22,5 cm. Ideal pentru monumente funerare, disponibil pe EvaFunerare.ro.","breadcrumb":{"@id":"https:\/\/www.lemeta.ro\/index.php\/produs\/felinar-granit-negru\/#breadcrumb"},"inLanguage":"ro-RO","potentialAction":[{"@type":"ReadAction","target":["https:\/\/www.lemeta.ro\/index.php\/produs\/felinar-granit-negru\/"]}]},{"@type":"ImageObject","inLanguage":"ro-RO","@id":"https:\/\/www.lemeta.ro\/index.php\/produs\/felinar-granit-negru\/#primaryimage","url":"https:\/\/www.lemeta.ro\/wp-content\/uploads\/2025\/11\/Felinar-granit-negru.png","contentUrl":"https:\/\/www.lemeta.ro\/wp-content\/uploads\/2025\/11\/Felinar-granit-negru.png","width":1024,"height":1024},{"@type":"BreadcrumbList","@id":"https:\/\/www.lemeta.ro\/index.php\/produs\/felinar-granit-negru\/#breadcrumb","itemListElement":[{"@type":"ListItem","position":1,"name":"Home","item":"https:\/\/www.lemeta.ro\/"},{"@type":"ListItem","position":2,"name":"Shop Lemeta","item":"https:\/\/www.lemeta.ro\/index.php\/shop-lemeta\/"},{"@type":"ListItem","position":3,"name":"Felinar Granit Negru"}]},{"@type":"WebSite","@id":"https:\/\/www.lemeta.ro\/#website","url":"https:\/\/www.lemeta.ro\/","name":"Lemeta - Monumente funerare","description":"Monumente funerare","publisher":{"@id":"https:\/\/www.lemeta.ro\/#organization"},"potentialAction":[{"@type":"SearchAction","target":{"@type":"EntryPoint","urlTemplate":"https:\/\/www.lemeta.ro\/?s={search_term_string}"},"query-input":{"@type":"PropertyValueSpecification","valueRequired":true,"valueName":"search_term_string"}}],"inLanguage":"ro-RO"},{"@type":"Organization","@id":"https:\/\/www.lemeta.ro\/#organization","name":"Lemeta - Monumente funerare","url":"https:\/\/www.lemeta.ro\/","logo":{"@type":"ImageObject","inLanguage":"ro-RO","@id":"https:\/\/www.lemeta.ro\/#\/schema\/logo\/image\/","url":"https:\/\/www.lemeta.ro\/wp-content\/uploads\/2024\/05\/lemeta-logo.jpg","contentUrl":"https:\/\/www.lemeta.ro\/wp-content\/uploads\/2024\/05\/lemeta-logo.jpg","width":800,"height":800,"caption":"Lemeta - Monumente funerare"},"image":{"@id":"https:\/\/www.lemeta.ro\/#\/schema\/logo\/image\/"},"sameAs":["https:\/\/www.facebook.com\/lemeta.ro"]}]}},"_links":{"self":[{"href":"https:\/\/www.lemeta.ro\/index.php\/wp-json\/wp\/v2\/product\/21335","targetHints":{"allow":["GET"]}}],"collection":[{"href":"https:\/\/www.lemeta.ro\/index.php\/wp-json\/wp\/v2\/product"}],"about":[{"href":"https:\/\/www.lemeta.ro\/index.php\/wp-json\/wp\/v2\/types\/product"}],"wp:featuredmedia":[{"embeddable":true,"href":"https:\/\/www.lemeta.ro\/index.php\/wp-json\/wp\/v2\/media\/21336"}],"wp:attachment":[{"href":"https:\/\/www.lemeta.ro\/index.php\/wp-json\/wp\/v2\/media?parent=21335"}],"wp:term":[{"taxonomy":"product_brand","embeddable":true,"href":"https:\/\/www.lemeta.ro\/index.php\/wp-json\/wp\/v2\/product_brand?post=21335"},{"taxonomy":"product_cat","embeddable":true,"href":"https:\/\/www.lemeta.ro\/index.php\/wp-json\/wp\/v2\/product_cat?post=21335"},{"taxonomy":"product_tag","embeddable":true,"href":"https:\/\/www.lemeta.ro\/index.php\/wp-json\/wp\/v2\/product_tag?post=21335"}],"curies":[{"name":"wp","href":"https:\/\/api.w.org\/{rel}","templated":true}]}}