{"id":21340,"date":"2026-01-30T15:36:38","date_gmt":"2026-01-30T13:36:38","guid":{"rendered":"https:\/\/www.lemeta.ro\/?post_type=product&#038;p=21340"},"modified":"2026-03-09T17:37:27","modified_gmt":"2026-03-09T15:37:27","slug":"felinar-mare-din-sticla-cu-decoratiune-aurie","status":"publish","type":"product","link":"https:\/\/www.lemeta.ro\/index.php\/produs\/felinar-mare-din-sticla-cu-decoratiune-aurie\/","title":{"rendered":"Felinar Mare din Sticla cu Decoratiune Aurie"},"content":{"rendered":"<p data-start=\"0\" data-end=\"447\">Felinarul mare din sticl\u0103 cu decora\u021biune aurie aduce o not\u0103 de rafinament \u0219i elegan\u021b\u0103 oric\u0103rui loc de reculegere. Realizat din sticl\u0103 groas\u0103, transparent\u0103, cu accente aurii decorative, acest model impresioneaz\u0103 prin designul clasic \u0219i lumina cald\u0103 pe care o ofer\u0103. Capacul \u0219i baza sunt atent finisate, asigur\u00e2nd protec\u021bia fl\u0103c\u0103rii \u00eempotriva v\u00e2ntului \u0219i a ploii, iar materialele de calitate \u00eei confer\u0103 durabilitate \u00een timp.<\/p>\n<p data-start=\"449\" data-end=\"892\" data-is-last-node=\"\" data-is-only-node=\"\">Felinarul este potrivit at\u00e2t pentru utilizarea \u00een aer liber, c\u00e2t \u0219i \u00een spa\u021bii interioare, fiind o alegere inspirat\u0103 pentru decorarea monumentelor funerare sau a locurilor de pomenire. Cu o greutate de aproximativ 1,4 kg, este stabil \u0219i u\u0219or de manevrat, oferind o combina\u021bie perfect\u0103 \u00eentre estetic\u0103 \u0219i func\u021bionalitate. Decora\u021biunea aurie adaug\u0103 un plus de noble\u021be, transform\u00e2nd acest felinar \u00eentr-un simbol luminos al respectului \u0219i amintirii.<\/p>\n","protected":false},"excerpt":{"rendered":"<p>Felinar mare din sticl\u0103 cu decora\u021biune aurie, elegant \u0219i rezistent, ideal pentru monumente funerare sau locuri de reculegere. Ofer\u0103 o lumin\u0103 cald\u0103 \u0219i protec\u021bie \u00eempotriva intemperiilor, combin\u00e2nd rafinamentul cu durabilitatea.<\/p>\n","protected":false},"featured_media":21341,"template":"","meta":{"ngg_post_thumbnail":0},"product_brand":[],"product_cat":[13],"product_tag":[],"class_list":{"0":"post-21340","1":"product","2":"type-product","3":"status-publish","4":"has-post-thumbnail","6":"product_cat-candele","8":"first","9":"instock","10":"taxable","11":"shipping-taxable","12":"purchasable","13":"product-type-simple"},"yoast_head":"<!-- This site is optimized with the Yoast SEO plugin v27.4 - https:\/\/yoast.com\/product\/yoast-seo-wordpress\/ -->\n<title>Felinar Mare din Sticla cu Decoratiune Aurie - Lemeta - Monumente funerare<\/title>\n<meta name=\"description\" content=\"Felinar mare din sticl\u0103 cu detalii aurii, elegant \u0219i rezistent la intemperii. Perfect pentru monumente funerare \u0219i locuri de reculegere.\" \/>\n<meta name=\"robots\" content=\"index, follow, max-snippet:-1, max-image-preview:large, max-video-preview:-1\" \/>\n<link rel=\"canonical\" href=\"https:\/\/www.lemeta.ro\/index.php\/produs\/felinar-mare-din-sticla-cu-decoratiune-aurie\/\" \/>\n<meta property=\"og:locale\" content=\"ro_RO\" \/>\n<meta property=\"og:type\" content=\"article\" \/>\n<meta property=\"og:title\" content=\"Felinar Mare din Sticla cu Decoratiune Aurie - Lemeta - Monumente funerare\" \/>\n<meta property=\"og:description\" content=\"Felinar mare din sticl\u0103 cu detalii aurii, elegant \u0219i rezistent la intemperii. Perfect pentru monumente funerare \u0219i locuri de reculegere.\" \/>\n<meta property=\"og:url\" content=\"https:\/\/www.lemeta.ro\/index.php\/produs\/felinar-mare-din-sticla-cu-decoratiune-aurie\/\" \/>\n<meta property=\"og:site_name\" content=\"Lemeta - Monumente funerare\" \/>\n<meta property=\"article:publisher\" content=\"https:\/\/www.facebook.com\/lemeta.ro\" \/>\n<meta property=\"article:modified_time\" content=\"2026-03-09T15:37:27+00:00\" \/>\n<meta property=\"og:image\" content=\"https:\/\/www.lemeta.ro\/wp-content\/uploads\/2025\/11\/candela-din-sticla.jpg\" \/>\n\t<meta property=\"og:image:width\" content=\"1024\" \/>\n\t<meta property=\"og:image:height\" content=\"1024\" \/>\n\t<meta property=\"og:image:type\" content=\"image\/jpeg\" \/>\n<meta name=\"twitter:card\" content=\"summary_large_image\" \/>\n<meta name=\"twitter:label1\" content=\"Timp estimat pentru citire\" \/>\n\t<meta name=\"twitter:data1\" content=\"1 minut\" \/>\n<script type=\"application\/ld+json\" class=\"yoast-schema-graph\">{\"@context\":\"https:\\\/\\\/schema.org\",\"@graph\":[{\"@type\":\"WebPage\",\"@id\":\"https:\\\/\\\/www.lemeta.ro\\\/index.php\\\/produs\\\/felinar-mare-din-sticla-cu-decoratiune-aurie\\\/\",\"url\":\"https:\\\/\\\/www.lemeta.ro\\\/index.php\\\/produs\\\/felinar-mare-din-sticla-cu-decoratiune-aurie\\\/\",\"name\":\"Felinar Mare din Sticla cu Decoratiune Aurie - Lemeta - Monumente funerare\",\"isPartOf\":{\"@id\":\"https:\\\/\\\/www.lemeta.ro\\\/#website\"},\"primaryImageOfPage\":{\"@id\":\"https:\\\/\\\/www.lemeta.ro\\\/index.php\\\/produs\\\/felinar-mare-din-sticla-cu-decoratiune-aurie\\\/#primaryimage\"},\"image\":{\"@id\":\"https:\\\/\\\/www.lemeta.ro\\\/index.php\\\/produs\\\/felinar-mare-din-sticla-cu-decoratiune-aurie\\\/#primaryimage\"},\"thumbnailUrl\":\"https:\\\/\\\/www.lemeta.ro\\\/wp-content\\\/uploads\\\/2025\\\/11\\\/candela-din-sticla.jpg\",\"datePublished\":\"2026-01-30T13:36:38+00:00\",\"dateModified\":\"2026-03-09T15:37:27+00:00\",\"description\":\"Felinar mare din sticl\u0103 cu detalii aurii, elegant \u0219i rezistent la intemperii. Perfect pentru monumente funerare \u0219i locuri de reculegere.\",\"breadcrumb\":{\"@id\":\"https:\\\/\\\/www.lemeta.ro\\\/index.php\\\/produs\\\/felinar-mare-din-sticla-cu-decoratiune-aurie\\\/#breadcrumb\"},\"inLanguage\":\"ro-RO\",\"potentialAction\":[{\"@type\":\"ReadAction\",\"target\":[\"https:\\\/\\\/www.lemeta.ro\\\/index.php\\\/produs\\\/felinar-mare-din-sticla-cu-decoratiune-aurie\\\/\"]}]},{\"@type\":\"ImageObject\",\"inLanguage\":\"ro-RO\",\"@id\":\"https:\\\/\\\/www.lemeta.ro\\\/index.php\\\/produs\\\/felinar-mare-din-sticla-cu-decoratiune-aurie\\\/#primaryimage\",\"url\":\"https:\\\/\\\/www.lemeta.ro\\\/wp-content\\\/uploads\\\/2025\\\/11\\\/candela-din-sticla.jpg\",\"contentUrl\":\"https:\\\/\\\/www.lemeta.ro\\\/wp-content\\\/uploads\\\/2025\\\/11\\\/candela-din-sticla.jpg\",\"width\":1024,\"height\":1024},{\"@type\":\"BreadcrumbList\",\"@id\":\"https:\\\/\\\/www.lemeta.ro\\\/index.php\\\/produs\\\/felinar-mare-din-sticla-cu-decoratiune-aurie\\\/#breadcrumb\",\"itemListElement\":[{\"@type\":\"ListItem\",\"position\":1,\"name\":\"Home\",\"item\":\"https:\\\/\\\/www.lemeta.ro\\\/\"},{\"@type\":\"ListItem\",\"position\":2,\"name\":\"Shop Lemeta\",\"item\":\"https:\\\/\\\/www.lemeta.ro\\\/index.php\\\/shop-lemeta\\\/\"},{\"@type\":\"ListItem\",\"position\":3,\"name\":\"Felinar Mare din Sticla cu Decoratiune Aurie\"}]},{\"@type\":\"WebSite\",\"@id\":\"https:\\\/\\\/www.lemeta.ro\\\/#website\",\"url\":\"https:\\\/\\\/www.lemeta.ro\\\/\",\"name\":\"Lemeta - Monumente funerare\",\"description\":\"Monumente funerare\",\"publisher\":{\"@id\":\"https:\\\/\\\/www.lemeta.ro\\\/#organization\"},\"potentialAction\":[{\"@type\":\"SearchAction\",\"target\":{\"@type\":\"EntryPoint\",\"urlTemplate\":\"https:\\\/\\\/www.lemeta.ro\\\/?s={search_term_string}\"},\"query-input\":{\"@type\":\"PropertyValueSpecification\",\"valueRequired\":true,\"valueName\":\"search_term_string\"}}],\"inLanguage\":\"ro-RO\"},{\"@type\":\"Organization\",\"@id\":\"https:\\\/\\\/www.lemeta.ro\\\/#organization\",\"name\":\"Lemeta - Monumente funerare\",\"url\":\"https:\\\/\\\/www.lemeta.ro\\\/\",\"logo\":{\"@type\":\"ImageObject\",\"inLanguage\":\"ro-RO\",\"@id\":\"https:\\\/\\\/www.lemeta.ro\\\/#\\\/schema\\\/logo\\\/image\\\/\",\"url\":\"https:\\\/\\\/www.lemeta.ro\\\/wp-content\\\/uploads\\\/2024\\\/05\\\/lemeta-logo.jpg\",\"contentUrl\":\"https:\\\/\\\/www.lemeta.ro\\\/wp-content\\\/uploads\\\/2024\\\/05\\\/lemeta-logo.jpg\",\"width\":800,\"height\":800,\"caption\":\"Lemeta - Monumente funerare\"},\"image\":{\"@id\":\"https:\\\/\\\/www.lemeta.ro\\\/#\\\/schema\\\/logo\\\/image\\\/\"},\"sameAs\":[\"https:\\\/\\\/www.facebook.com\\\/lemeta.ro\"]}]}<\/script>\n<!-- \/ Yoast SEO plugin. -->","yoast_head_json":{"title":"Felinar Mare din Sticla cu Decoratiune Aurie - Lemeta - Monumente funerare","description":"Felinar mare din sticl\u0103 cu detalii aurii, elegant \u0219i rezistent la intemperii. Perfect pentru monumente funerare \u0219i locuri de reculegere.","robots":{"index":"index","follow":"follow","max-snippet":"max-snippet:-1","max-image-preview":"max-image-preview:large","max-video-preview":"max-video-preview:-1"},"canonical":"https:\/\/www.lemeta.ro\/index.php\/produs\/felinar-mare-din-sticla-cu-decoratiune-aurie\/","og_locale":"ro_RO","og_type":"article","og_title":"Felinar Mare din Sticla cu Decoratiune Aurie - Lemeta - Monumente funerare","og_description":"Felinar mare din sticl\u0103 cu detalii aurii, elegant \u0219i rezistent la intemperii. Perfect pentru monumente funerare \u0219i locuri de reculegere.","og_url":"https:\/\/www.lemeta.ro\/index.php\/produs\/felinar-mare-din-sticla-cu-decoratiune-aurie\/","og_site_name":"Lemeta - Monumente funerare","article_publisher":"https:\/\/www.facebook.com\/lemeta.ro","article_modified_time":"2026-03-09T15:37:27+00:00","og_image":[{"width":1024,"height":1024,"url":"https:\/\/www.lemeta.ro\/wp-content\/uploads\/2025\/11\/candela-din-sticla.jpg","type":"image\/jpeg"}],"twitter_card":"summary_large_image","twitter_misc":{"Timp estimat pentru citire":"1 minut"},"schema":{"@context":"https:\/\/schema.org","@graph":[{"@type":"WebPage","@id":"https:\/\/www.lemeta.ro\/index.php\/produs\/felinar-mare-din-sticla-cu-decoratiune-aurie\/","url":"https:\/\/www.lemeta.ro\/index.php\/produs\/felinar-mare-din-sticla-cu-decoratiune-aurie\/","name":"Felinar Mare din Sticla cu Decoratiune Aurie - Lemeta - Monumente funerare","isPartOf":{"@id":"https:\/\/www.lemeta.ro\/#website"},"primaryImageOfPage":{"@id":"https:\/\/www.lemeta.ro\/index.php\/produs\/felinar-mare-din-sticla-cu-decoratiune-aurie\/#primaryimage"},"image":{"@id":"https:\/\/www.lemeta.ro\/index.php\/produs\/felinar-mare-din-sticla-cu-decoratiune-aurie\/#primaryimage"},"thumbnailUrl":"https:\/\/www.lemeta.ro\/wp-content\/uploads\/2025\/11\/candela-din-sticla.jpg","datePublished":"2026-01-30T13:36:38+00:00","dateModified":"2026-03-09T15:37:27+00:00","description":"Felinar mare din sticl\u0103 cu detalii aurii, elegant \u0219i rezistent la intemperii. Perfect pentru monumente funerare \u0219i locuri de reculegere.","breadcrumb":{"@id":"https:\/\/www.lemeta.ro\/index.php\/produs\/felinar-mare-din-sticla-cu-decoratiune-aurie\/#breadcrumb"},"inLanguage":"ro-RO","potentialAction":[{"@type":"ReadAction","target":["https:\/\/www.lemeta.ro\/index.php\/produs\/felinar-mare-din-sticla-cu-decoratiune-aurie\/"]}]},{"@type":"ImageObject","inLanguage":"ro-RO","@id":"https:\/\/www.lemeta.ro\/index.php\/produs\/felinar-mare-din-sticla-cu-decoratiune-aurie\/#primaryimage","url":"https:\/\/www.lemeta.ro\/wp-content\/uploads\/2025\/11\/candela-din-sticla.jpg","contentUrl":"https:\/\/www.lemeta.ro\/wp-content\/uploads\/2025\/11\/candela-din-sticla.jpg","width":1024,"height":1024},{"@type":"BreadcrumbList","@id":"https:\/\/www.lemeta.ro\/index.php\/produs\/felinar-mare-din-sticla-cu-decoratiune-aurie\/#breadcrumb","itemListElement":[{"@type":"ListItem","position":1,"name":"Home","item":"https:\/\/www.lemeta.ro\/"},{"@type":"ListItem","position":2,"name":"Shop Lemeta","item":"https:\/\/www.lemeta.ro\/index.php\/shop-lemeta\/"},{"@type":"ListItem","position":3,"name":"Felinar Mare din Sticla cu Decoratiune Aurie"}]},{"@type":"WebSite","@id":"https:\/\/www.lemeta.ro\/#website","url":"https:\/\/www.lemeta.ro\/","name":"Lemeta - Monumente funerare","description":"Monumente funerare","publisher":{"@id":"https:\/\/www.lemeta.ro\/#organization"},"potentialAction":[{"@type":"SearchAction","target":{"@type":"EntryPoint","urlTemplate":"https:\/\/www.lemeta.ro\/?s={search_term_string}"},"query-input":{"@type":"PropertyValueSpecification","valueRequired":true,"valueName":"search_term_string"}}],"inLanguage":"ro-RO"},{"@type":"Organization","@id":"https:\/\/www.lemeta.ro\/#organization","name":"Lemeta - Monumente funerare","url":"https:\/\/www.lemeta.ro\/","logo":{"@type":"ImageObject","inLanguage":"ro-RO","@id":"https:\/\/www.lemeta.ro\/#\/schema\/logo\/image\/","url":"https:\/\/www.lemeta.ro\/wp-content\/uploads\/2024\/05\/lemeta-logo.jpg","contentUrl":"https:\/\/www.lemeta.ro\/wp-content\/uploads\/2024\/05\/lemeta-logo.jpg","width":800,"height":800,"caption":"Lemeta - Monumente funerare"},"image":{"@id":"https:\/\/www.lemeta.ro\/#\/schema\/logo\/image\/"},"sameAs":["https:\/\/www.facebook.com\/lemeta.ro"]}]}},"_links":{"self":[{"href":"https:\/\/www.lemeta.ro\/index.php\/wp-json\/wp\/v2\/product\/21340","targetHints":{"allow":["GET"]}}],"collection":[{"href":"https:\/\/www.lemeta.ro\/index.php\/wp-json\/wp\/v2\/product"}],"about":[{"href":"https:\/\/www.lemeta.ro\/index.php\/wp-json\/wp\/v2\/types\/product"}],"wp:featuredmedia":[{"embeddable":true,"href":"https:\/\/www.lemeta.ro\/index.php\/wp-json\/wp\/v2\/media\/21341"}],"wp:attachment":[{"href":"https:\/\/www.lemeta.ro\/index.php\/wp-json\/wp\/v2\/media?parent=21340"}],"wp:term":[{"taxonomy":"product_brand","embeddable":true,"href":"https:\/\/www.lemeta.ro\/index.php\/wp-json\/wp\/v2\/product_brand?post=21340"},{"taxonomy":"product_cat","embeddable":true,"href":"https:\/\/www.lemeta.ro\/index.php\/wp-json\/wp\/v2\/product_cat?post=21340"},{"taxonomy":"product_tag","embeddable":true,"href":"https:\/\/www.lemeta.ro\/index.php\/wp-json\/wp\/v2\/product_tag?post=21340"}],"curies":[{"name":"wp","href":"https:\/\/api.w.org\/{rel}","templated":true}]}}