{"id":21349,"date":"2026-01-30T15:36:39","date_gmt":"2026-01-30T13:36:39","guid":{"rendered":"https:\/\/www.lemeta.ro\/?post_type=product&#038;p=21349"},"modified":"2026-03-09T17:32:21","modified_gmt":"2026-03-09T15:32:21","slug":"candela-felinar-din-sticla-445d-s-copie","status":"publish","type":"product","link":"https:\/\/www.lemeta.ro\/index.php\/produs\/candela-felinar-din-sticla-445d-s-copie\/","title":{"rendered":"Candela felinar din sticla 445D S"},"content":{"rendered":"<p>Candela-felinar din sticl\u0103 argintie este o pies\u0103 elegant\u0103 \u0219i rezistent\u0103, conceput\u0103 pentru a aduce o not\u0103 de lumin\u0103 \u0219i reculegere \u00een spa\u021biile funerare. Realizat\u0103 din sticl\u0103 transparent\u0103 cu finisaj argintiu \u0219i baz\u0103 stabil\u0103, aceast\u0103 candela \u00eembin\u0103 rafinamentul estetic cu durabilitatea materialelor.<\/p>\n<p>\u00cen interior este inclus\u0103 o lum\u00e2nare din parafin\u0103 cu fitil central, care ofer\u0103 o lumin\u0103 cald\u0103 \u0219i constant\u0103 timp de aproximativ 40 de ore. Designul sobru, completat de detaliul crucii gravate, exprim\u0103 respect \u0219i credin\u021b\u0103, transform\u00e2nd acest felinar \u00eentr-un simbol al amintirii ve\u0219nice.<br data-start=\"602\" data-end=\"605\" data-is-only-node=\"\">Cu o \u00een\u0103l\u021bime de 25 cm, candela este potrivit\u0103 at\u00e2t pentru utilizarea \u00een aer liber, c\u00e2t \u0219i \u00een interior, oferind protec\u021bie \u00eempotriva v\u00e2ntului \u0219i a ploii. Este o alegere inspirat\u0103 pentru oricine dore\u0219te s\u0103 marcheze un loc de reculegere printr-un detaliu discret \u0219i elegant.<\/p>\n","protected":false},"excerpt":{"rendered":"<p>Candela-felinar din sticl\u0103 argintie, \u00een\u0103l\u021bime 25 cm, cu lum\u00e2nare inclus\u0103 \u0219i durat\u0103 de ardere de p\u00e2n\u0103 la 40 de ore. Elegant\u0103, rezistent\u0103 \u0219i ideal\u0103 pentru monumente funerare sau locuri de reculegere.<\/p>\n","protected":false},"featured_media":21350,"template":"","meta":{"ngg_post_thumbnail":0},"product_brand":[],"product_cat":[13],"product_tag":[],"class_list":{"0":"post-21349","1":"product","2":"type-product","3":"status-publish","4":"has-post-thumbnail","6":"product_cat-candele","8":"first","9":"instock","10":"taxable","11":"shipping-taxable","12":"purchasable","13":"product-type-simple"},"yoast_head":"<!-- This site is optimized with the Yoast SEO plugin v27.4 - https:\/\/yoast.com\/product\/yoast-seo-wordpress\/ -->\n<title>Candela felinar din sticla 445D S - Lemeta - Monumente funerare<\/title>\n<meta name=\"description\" content=\"Felinar din sticl\u0103 argintie, 25 cm, cu lum\u00e2nare inclus\u0103 \u2013 elegant, durabil \u0219i rezistent la intemperii. Potrivit pentru locuri de reculegere.\" \/>\n<meta name=\"robots\" content=\"index, follow, max-snippet:-1, max-image-preview:large, max-video-preview:-1\" \/>\n<link rel=\"canonical\" href=\"https:\/\/www.lemeta.ro\/index.php\/produs\/candela-felinar-din-sticla-445d-s-copie\/\" \/>\n<meta property=\"og:locale\" content=\"ro_RO\" \/>\n<meta property=\"og:type\" content=\"article\" \/>\n<meta property=\"og:title\" content=\"Candela felinar din sticla 445D S - Lemeta - Monumente funerare\" \/>\n<meta property=\"og:description\" content=\"Felinar din sticl\u0103 argintie, 25 cm, cu lum\u00e2nare inclus\u0103 \u2013 elegant, durabil \u0219i rezistent la intemperii. Potrivit pentru locuri de reculegere.\" \/>\n<meta property=\"og:url\" content=\"https:\/\/www.lemeta.ro\/index.php\/produs\/candela-felinar-din-sticla-445d-s-copie\/\" \/>\n<meta property=\"og:site_name\" content=\"Lemeta - Monumente funerare\" \/>\n<meta property=\"article:publisher\" content=\"https:\/\/www.facebook.com\/lemeta.ro\" \/>\n<meta property=\"article:modified_time\" content=\"2026-03-09T15:32:21+00:00\" \/>\n<meta property=\"og:image\" content=\"https:\/\/www.lemeta.ro\/wp-content\/uploads\/2025\/11\/candela-sticla-tip-felinar-argintiu-25-cm-1-1.webp\" \/>\n\t<meta property=\"og:image:width\" content=\"1280\" \/>\n\t<meta property=\"og:image:height\" content=\"1280\" \/>\n\t<meta property=\"og:image:type\" content=\"image\/webp\" \/>\n<meta name=\"twitter:card\" content=\"summary_large_image\" \/>\n<meta name=\"twitter:label1\" content=\"Timp estimat pentru citire\" \/>\n\t<meta name=\"twitter:data1\" content=\"1 minut\" \/>\n<script type=\"application\/ld+json\" class=\"yoast-schema-graph\">{\"@context\":\"https:\\\/\\\/schema.org\",\"@graph\":[{\"@type\":\"WebPage\",\"@id\":\"https:\\\/\\\/www.lemeta.ro\\\/index.php\\\/produs\\\/candela-felinar-din-sticla-445d-s-copie\\\/\",\"url\":\"https:\\\/\\\/www.lemeta.ro\\\/index.php\\\/produs\\\/candela-felinar-din-sticla-445d-s-copie\\\/\",\"name\":\"Candela felinar din sticla 445D S - Lemeta - Monumente funerare\",\"isPartOf\":{\"@id\":\"https:\\\/\\\/www.lemeta.ro\\\/#website\"},\"primaryImageOfPage\":{\"@id\":\"https:\\\/\\\/www.lemeta.ro\\\/index.php\\\/produs\\\/candela-felinar-din-sticla-445d-s-copie\\\/#primaryimage\"},\"image\":{\"@id\":\"https:\\\/\\\/www.lemeta.ro\\\/index.php\\\/produs\\\/candela-felinar-din-sticla-445d-s-copie\\\/#primaryimage\"},\"thumbnailUrl\":\"https:\\\/\\\/www.lemeta.ro\\\/wp-content\\\/uploads\\\/2025\\\/11\\\/candela-sticla-tip-felinar-argintiu-25-cm-1-1.webp\",\"datePublished\":\"2026-01-30T13:36:39+00:00\",\"dateModified\":\"2026-03-09T15:32:21+00:00\",\"description\":\"Felinar din sticl\u0103 argintie, 25 cm, cu lum\u00e2nare inclus\u0103 \u2013 elegant, durabil \u0219i rezistent la intemperii. Potrivit pentru locuri de reculegere.\",\"breadcrumb\":{\"@id\":\"https:\\\/\\\/www.lemeta.ro\\\/index.php\\\/produs\\\/candela-felinar-din-sticla-445d-s-copie\\\/#breadcrumb\"},\"inLanguage\":\"ro-RO\",\"potentialAction\":[{\"@type\":\"ReadAction\",\"target\":[\"https:\\\/\\\/www.lemeta.ro\\\/index.php\\\/produs\\\/candela-felinar-din-sticla-445d-s-copie\\\/\"]}]},{\"@type\":\"ImageObject\",\"inLanguage\":\"ro-RO\",\"@id\":\"https:\\\/\\\/www.lemeta.ro\\\/index.php\\\/produs\\\/candela-felinar-din-sticla-445d-s-copie\\\/#primaryimage\",\"url\":\"https:\\\/\\\/www.lemeta.ro\\\/wp-content\\\/uploads\\\/2025\\\/11\\\/candela-sticla-tip-felinar-argintiu-25-cm-1-1.webp\",\"contentUrl\":\"https:\\\/\\\/www.lemeta.ro\\\/wp-content\\\/uploads\\\/2025\\\/11\\\/candela-sticla-tip-felinar-argintiu-25-cm-1-1.webp\",\"width\":1280,\"height\":1280},{\"@type\":\"BreadcrumbList\",\"@id\":\"https:\\\/\\\/www.lemeta.ro\\\/index.php\\\/produs\\\/candela-felinar-din-sticla-445d-s-copie\\\/#breadcrumb\",\"itemListElement\":[{\"@type\":\"ListItem\",\"position\":1,\"name\":\"Home\",\"item\":\"https:\\\/\\\/www.lemeta.ro\\\/\"},{\"@type\":\"ListItem\",\"position\":2,\"name\":\"Shop Lemeta\",\"item\":\"https:\\\/\\\/www.lemeta.ro\\\/index.php\\\/shop-lemeta\\\/\"},{\"@type\":\"ListItem\",\"position\":3,\"name\":\"Candela felinar din sticla 445D S\"}]},{\"@type\":\"WebSite\",\"@id\":\"https:\\\/\\\/www.lemeta.ro\\\/#website\",\"url\":\"https:\\\/\\\/www.lemeta.ro\\\/\",\"name\":\"Lemeta - Monumente funerare\",\"description\":\"Monumente funerare\",\"publisher\":{\"@id\":\"https:\\\/\\\/www.lemeta.ro\\\/#organization\"},\"potentialAction\":[{\"@type\":\"SearchAction\",\"target\":{\"@type\":\"EntryPoint\",\"urlTemplate\":\"https:\\\/\\\/www.lemeta.ro\\\/?s={search_term_string}\"},\"query-input\":{\"@type\":\"PropertyValueSpecification\",\"valueRequired\":true,\"valueName\":\"search_term_string\"}}],\"inLanguage\":\"ro-RO\"},{\"@type\":\"Organization\",\"@id\":\"https:\\\/\\\/www.lemeta.ro\\\/#organization\",\"name\":\"Lemeta - Monumente funerare\",\"url\":\"https:\\\/\\\/www.lemeta.ro\\\/\",\"logo\":{\"@type\":\"ImageObject\",\"inLanguage\":\"ro-RO\",\"@id\":\"https:\\\/\\\/www.lemeta.ro\\\/#\\\/schema\\\/logo\\\/image\\\/\",\"url\":\"https:\\\/\\\/www.lemeta.ro\\\/wp-content\\\/uploads\\\/2024\\\/05\\\/lemeta-logo.jpg\",\"contentUrl\":\"https:\\\/\\\/www.lemeta.ro\\\/wp-content\\\/uploads\\\/2024\\\/05\\\/lemeta-logo.jpg\",\"width\":800,\"height\":800,\"caption\":\"Lemeta - Monumente funerare\"},\"image\":{\"@id\":\"https:\\\/\\\/www.lemeta.ro\\\/#\\\/schema\\\/logo\\\/image\\\/\"},\"sameAs\":[\"https:\\\/\\\/www.facebook.com\\\/lemeta.ro\"]}]}<\/script>\n<!-- \/ Yoast SEO plugin. -->","yoast_head_json":{"title":"Candela felinar din sticla 445D S - Lemeta - Monumente funerare","description":"Felinar din sticl\u0103 argintie, 25 cm, cu lum\u00e2nare inclus\u0103 \u2013 elegant, durabil \u0219i rezistent la intemperii. Potrivit pentru locuri de reculegere.","robots":{"index":"index","follow":"follow","max-snippet":"max-snippet:-1","max-image-preview":"max-image-preview:large","max-video-preview":"max-video-preview:-1"},"canonical":"https:\/\/www.lemeta.ro\/index.php\/produs\/candela-felinar-din-sticla-445d-s-copie\/","og_locale":"ro_RO","og_type":"article","og_title":"Candela felinar din sticla 445D S - Lemeta - Monumente funerare","og_description":"Felinar din sticl\u0103 argintie, 25 cm, cu lum\u00e2nare inclus\u0103 \u2013 elegant, durabil \u0219i rezistent la intemperii. Potrivit pentru locuri de reculegere.","og_url":"https:\/\/www.lemeta.ro\/index.php\/produs\/candela-felinar-din-sticla-445d-s-copie\/","og_site_name":"Lemeta - Monumente funerare","article_publisher":"https:\/\/www.facebook.com\/lemeta.ro","article_modified_time":"2026-03-09T15:32:21+00:00","og_image":[{"width":1280,"height":1280,"url":"https:\/\/www.lemeta.ro\/wp-content\/uploads\/2025\/11\/candela-sticla-tip-felinar-argintiu-25-cm-1-1.webp","type":"image\/webp"}],"twitter_card":"summary_large_image","twitter_misc":{"Timp estimat pentru citire":"1 minut"},"schema":{"@context":"https:\/\/schema.org","@graph":[{"@type":"WebPage","@id":"https:\/\/www.lemeta.ro\/index.php\/produs\/candela-felinar-din-sticla-445d-s-copie\/","url":"https:\/\/www.lemeta.ro\/index.php\/produs\/candela-felinar-din-sticla-445d-s-copie\/","name":"Candela felinar din sticla 445D S - Lemeta - Monumente funerare","isPartOf":{"@id":"https:\/\/www.lemeta.ro\/#website"},"primaryImageOfPage":{"@id":"https:\/\/www.lemeta.ro\/index.php\/produs\/candela-felinar-din-sticla-445d-s-copie\/#primaryimage"},"image":{"@id":"https:\/\/www.lemeta.ro\/index.php\/produs\/candela-felinar-din-sticla-445d-s-copie\/#primaryimage"},"thumbnailUrl":"https:\/\/www.lemeta.ro\/wp-content\/uploads\/2025\/11\/candela-sticla-tip-felinar-argintiu-25-cm-1-1.webp","datePublished":"2026-01-30T13:36:39+00:00","dateModified":"2026-03-09T15:32:21+00:00","description":"Felinar din sticl\u0103 argintie, 25 cm, cu lum\u00e2nare inclus\u0103 \u2013 elegant, durabil \u0219i rezistent la intemperii. Potrivit pentru locuri de reculegere.","breadcrumb":{"@id":"https:\/\/www.lemeta.ro\/index.php\/produs\/candela-felinar-din-sticla-445d-s-copie\/#breadcrumb"},"inLanguage":"ro-RO","potentialAction":[{"@type":"ReadAction","target":["https:\/\/www.lemeta.ro\/index.php\/produs\/candela-felinar-din-sticla-445d-s-copie\/"]}]},{"@type":"ImageObject","inLanguage":"ro-RO","@id":"https:\/\/www.lemeta.ro\/index.php\/produs\/candela-felinar-din-sticla-445d-s-copie\/#primaryimage","url":"https:\/\/www.lemeta.ro\/wp-content\/uploads\/2025\/11\/candela-sticla-tip-felinar-argintiu-25-cm-1-1.webp","contentUrl":"https:\/\/www.lemeta.ro\/wp-content\/uploads\/2025\/11\/candela-sticla-tip-felinar-argintiu-25-cm-1-1.webp","width":1280,"height":1280},{"@type":"BreadcrumbList","@id":"https:\/\/www.lemeta.ro\/index.php\/produs\/candela-felinar-din-sticla-445d-s-copie\/#breadcrumb","itemListElement":[{"@type":"ListItem","position":1,"name":"Home","item":"https:\/\/www.lemeta.ro\/"},{"@type":"ListItem","position":2,"name":"Shop Lemeta","item":"https:\/\/www.lemeta.ro\/index.php\/shop-lemeta\/"},{"@type":"ListItem","position":3,"name":"Candela felinar din sticla 445D S"}]},{"@type":"WebSite","@id":"https:\/\/www.lemeta.ro\/#website","url":"https:\/\/www.lemeta.ro\/","name":"Lemeta - Monumente funerare","description":"Monumente funerare","publisher":{"@id":"https:\/\/www.lemeta.ro\/#organization"},"potentialAction":[{"@type":"SearchAction","target":{"@type":"EntryPoint","urlTemplate":"https:\/\/www.lemeta.ro\/?s={search_term_string}"},"query-input":{"@type":"PropertyValueSpecification","valueRequired":true,"valueName":"search_term_string"}}],"inLanguage":"ro-RO"},{"@type":"Organization","@id":"https:\/\/www.lemeta.ro\/#organization","name":"Lemeta - Monumente funerare","url":"https:\/\/www.lemeta.ro\/","logo":{"@type":"ImageObject","inLanguage":"ro-RO","@id":"https:\/\/www.lemeta.ro\/#\/schema\/logo\/image\/","url":"https:\/\/www.lemeta.ro\/wp-content\/uploads\/2024\/05\/lemeta-logo.jpg","contentUrl":"https:\/\/www.lemeta.ro\/wp-content\/uploads\/2024\/05\/lemeta-logo.jpg","width":800,"height":800,"caption":"Lemeta - Monumente funerare"},"image":{"@id":"https:\/\/www.lemeta.ro\/#\/schema\/logo\/image\/"},"sameAs":["https:\/\/www.facebook.com\/lemeta.ro"]}]}},"_links":{"self":[{"href":"https:\/\/www.lemeta.ro\/index.php\/wp-json\/wp\/v2\/product\/21349","targetHints":{"allow":["GET"]}}],"collection":[{"href":"https:\/\/www.lemeta.ro\/index.php\/wp-json\/wp\/v2\/product"}],"about":[{"href":"https:\/\/www.lemeta.ro\/index.php\/wp-json\/wp\/v2\/types\/product"}],"wp:featuredmedia":[{"embeddable":true,"href":"https:\/\/www.lemeta.ro\/index.php\/wp-json\/wp\/v2\/media\/21350"}],"wp:attachment":[{"href":"https:\/\/www.lemeta.ro\/index.php\/wp-json\/wp\/v2\/media?parent=21349"}],"wp:term":[{"taxonomy":"product_brand","embeddable":true,"href":"https:\/\/www.lemeta.ro\/index.php\/wp-json\/wp\/v2\/product_brand?post=21349"},{"taxonomy":"product_cat","embeddable":true,"href":"https:\/\/www.lemeta.ro\/index.php\/wp-json\/wp\/v2\/product_cat?post=21349"},{"taxonomy":"product_tag","embeddable":true,"href":"https:\/\/www.lemeta.ro\/index.php\/wp-json\/wp\/v2\/product_tag?post=21349"}],"curies":[{"name":"wp","href":"https:\/\/api.w.org\/{rel}","templated":true}]}}