{"id":21352,"date":"2026-01-30T15:36:39","date_gmt":"2026-01-30T13:36:39","guid":{"rendered":"https:\/\/www.lemeta.ro\/?post_type=product&#038;p=21352"},"modified":"2026-03-10T12:54:34","modified_gmt":"2026-03-10T10:54:34","slug":"candela-din-sticla-cu-cruce-aurie","status":"publish","type":"product","link":"https:\/\/www.lemeta.ro\/index.php\/produs\/candela-din-sticla-cu-cruce-aurie\/","title":{"rendered":"Candela din sticla cu cruce aurie"},"content":{"rendered":"<p data-start=\"0\" data-end=\"413\">Candela din sticl\u0103 cu cruce aurie este o alegere elegant\u0103 \u0219i discret\u0103 pentru a aduce lumin\u0103 \u0219i reculegere \u00eentr-un loc de odihn\u0103 ve\u0219nic\u0103. Realizat\u0103 din sticl\u0103 transparent\u0103 decorat\u0103 cu o cruce \u00een finisaj auriu, aceast\u0103 candela transmite respect \u0219i solemnitate. Designul sobru, dar rafinat, o face potrivit\u0103 pentru utilizare \u00een exterior, fiind rezistent\u0103 la intemperii \u0219i u\u0219or de \u00eentre\u021binut.<\/p>\n<p data-start=\"415\" data-end=\"640\">Cu un timp de ardere de aproximativ <strong data-start=\"451\" data-end=\"464\">28 de ore<\/strong>, ofer\u0103 o lumin\u0103 cald\u0103 \u0219i constant\u0103, simbol al amintirii \u0219i al rug\u0103ciunii. Este o alegere inspirat\u0103 pentru monumente funerare, spa\u021bii de reculegere sau evenimente comemorative.<\/p>\n","protected":false},"excerpt":{"rendered":"<p data-start=\"647\" data-end=\"824\">Candela din sticl\u0103 cu cruce aurie, timp de ardere aproximativ 28 de ore. Elegant\u0103 \u0219i rezistent\u0103, ideal\u0103 pentru monumente funerare \u0219i locuri de reculegere.<\/p>\n","protected":false},"featured_media":21353,"template":"","meta":{"ngg_post_thumbnail":0},"product_brand":[],"product_cat":[13],"product_tag":[],"class_list":{"0":"post-21352","1":"product","2":"type-product","3":"status-publish","4":"has-post-thumbnail","6":"product_cat-candele","8":"first","9":"instock","10":"taxable","11":"shipping-taxable","12":"purchasable","13":"product-type-simple"},"yoast_head":"<!-- This site is optimized with the Yoast SEO plugin v27.4 - https:\/\/yoast.com\/product\/yoast-seo-wordpress\/ -->\n<title>Candela din sticla cu cruce aurie - Lemeta - Monumente funerare<\/title>\n<meta name=\"description\" content=\"Candela din sticl\u0103 cu cruce aurie, 28 h durat\u0103 de ardere \u2013 design elegant, rezistent la intemperii. Ideal\u0103 pentru monumente funerare.\" \/>\n<meta name=\"robots\" content=\"index, follow, max-snippet:-1, max-image-preview:large, max-video-preview:-1\" \/>\n<link rel=\"canonical\" href=\"https:\/\/www.lemeta.ro\/index.php\/produs\/candela-din-sticla-cu-cruce-aurie\/\" \/>\n<meta property=\"og:locale\" content=\"ro_RO\" \/>\n<meta property=\"og:type\" content=\"article\" \/>\n<meta property=\"og:title\" content=\"Candela din sticla cu cruce aurie - Lemeta - Monumente funerare\" \/>\n<meta property=\"og:description\" content=\"Candela din sticl\u0103 cu cruce aurie, 28 h durat\u0103 de ardere \u2013 design elegant, rezistent la intemperii. Ideal\u0103 pentru monumente funerare.\" \/>\n<meta property=\"og:url\" content=\"https:\/\/www.lemeta.ro\/index.php\/produs\/candela-din-sticla-cu-cruce-aurie\/\" \/>\n<meta property=\"og:site_name\" content=\"Lemeta - Monumente funerare\" \/>\n<meta property=\"article:publisher\" content=\"https:\/\/www.facebook.com\/lemeta.ro\" \/>\n<meta property=\"article:modified_time\" content=\"2026-03-10T10:54:34+00:00\" \/>\n<meta name=\"twitter:card\" content=\"summary_large_image\" \/>\n<meta name=\"twitter:label1\" content=\"Timp estimat pentru citire\" \/>\n\t<meta name=\"twitter:data1\" content=\"1 minut\" \/>\n<script type=\"application\/ld+json\" class=\"yoast-schema-graph\">{\"@context\":\"https:\\\/\\\/schema.org\",\"@graph\":[{\"@type\":\"WebPage\",\"@id\":\"https:\\\/\\\/www.lemeta.ro\\\/index.php\\\/produs\\\/candela-din-sticla-cu-cruce-aurie\\\/\",\"url\":\"https:\\\/\\\/www.lemeta.ro\\\/index.php\\\/produs\\\/candela-din-sticla-cu-cruce-aurie\\\/\",\"name\":\"Candela din sticla cu cruce aurie - Lemeta - Monumente funerare\",\"isPartOf\":{\"@id\":\"https:\\\/\\\/www.lemeta.ro\\\/#website\"},\"primaryImageOfPage\":{\"@id\":\"https:\\\/\\\/www.lemeta.ro\\\/index.php\\\/produs\\\/candela-din-sticla-cu-cruce-aurie\\\/#primaryimage\"},\"image\":{\"@id\":\"https:\\\/\\\/www.lemeta.ro\\\/index.php\\\/produs\\\/candela-din-sticla-cu-cruce-aurie\\\/#primaryimage\"},\"thumbnailUrl\":\"https:\\\/\\\/www.lemeta.ro\\\/wp-content\\\/uploads\\\/2025\\\/11\\\/res_94ab0f11d7b328302b4a6df0ee9b16a2.avif\",\"datePublished\":\"2026-01-30T13:36:39+00:00\",\"dateModified\":\"2026-03-10T10:54:34+00:00\",\"description\":\"Candela din sticl\u0103 cu cruce aurie, 28 h durat\u0103 de ardere \u2013 design elegant, rezistent la intemperii. Ideal\u0103 pentru monumente funerare.\",\"breadcrumb\":{\"@id\":\"https:\\\/\\\/www.lemeta.ro\\\/index.php\\\/produs\\\/candela-din-sticla-cu-cruce-aurie\\\/#breadcrumb\"},\"inLanguage\":\"ro-RO\",\"potentialAction\":[{\"@type\":\"ReadAction\",\"target\":[\"https:\\\/\\\/www.lemeta.ro\\\/index.php\\\/produs\\\/candela-din-sticla-cu-cruce-aurie\\\/\"]}]},{\"@type\":\"ImageObject\",\"inLanguage\":\"ro-RO\",\"@id\":\"https:\\\/\\\/www.lemeta.ro\\\/index.php\\\/produs\\\/candela-din-sticla-cu-cruce-aurie\\\/#primaryimage\",\"url\":\"https:\\\/\\\/www.lemeta.ro\\\/wp-content\\\/uploads\\\/2025\\\/11\\\/res_94ab0f11d7b328302b4a6df0ee9b16a2.avif\",\"contentUrl\":\"https:\\\/\\\/www.lemeta.ro\\\/wp-content\\\/uploads\\\/2025\\\/11\\\/res_94ab0f11d7b328302b4a6df0ee9b16a2.avif\",\"width\":720,\"height\":720},{\"@type\":\"BreadcrumbList\",\"@id\":\"https:\\\/\\\/www.lemeta.ro\\\/index.php\\\/produs\\\/candela-din-sticla-cu-cruce-aurie\\\/#breadcrumb\",\"itemListElement\":[{\"@type\":\"ListItem\",\"position\":1,\"name\":\"Home\",\"item\":\"https:\\\/\\\/www.lemeta.ro\\\/\"},{\"@type\":\"ListItem\",\"position\":2,\"name\":\"Shop Lemeta\",\"item\":\"https:\\\/\\\/www.lemeta.ro\\\/index.php\\\/shop-lemeta\\\/\"},{\"@type\":\"ListItem\",\"position\":3,\"name\":\"Candela din sticla cu cruce aurie\"}]},{\"@type\":\"WebSite\",\"@id\":\"https:\\\/\\\/www.lemeta.ro\\\/#website\",\"url\":\"https:\\\/\\\/www.lemeta.ro\\\/\",\"name\":\"Lemeta - Monumente funerare\",\"description\":\"Monumente funerare\",\"publisher\":{\"@id\":\"https:\\\/\\\/www.lemeta.ro\\\/#organization\"},\"potentialAction\":[{\"@type\":\"SearchAction\",\"target\":{\"@type\":\"EntryPoint\",\"urlTemplate\":\"https:\\\/\\\/www.lemeta.ro\\\/?s={search_term_string}\"},\"query-input\":{\"@type\":\"PropertyValueSpecification\",\"valueRequired\":true,\"valueName\":\"search_term_string\"}}],\"inLanguage\":\"ro-RO\"},{\"@type\":\"Organization\",\"@id\":\"https:\\\/\\\/www.lemeta.ro\\\/#organization\",\"name\":\"Lemeta - Monumente funerare\",\"url\":\"https:\\\/\\\/www.lemeta.ro\\\/\",\"logo\":{\"@type\":\"ImageObject\",\"inLanguage\":\"ro-RO\",\"@id\":\"https:\\\/\\\/www.lemeta.ro\\\/#\\\/schema\\\/logo\\\/image\\\/\",\"url\":\"https:\\\/\\\/www.lemeta.ro\\\/wp-content\\\/uploads\\\/2024\\\/05\\\/lemeta-logo.jpg\",\"contentUrl\":\"https:\\\/\\\/www.lemeta.ro\\\/wp-content\\\/uploads\\\/2024\\\/05\\\/lemeta-logo.jpg\",\"width\":800,\"height\":800,\"caption\":\"Lemeta - Monumente funerare\"},\"image\":{\"@id\":\"https:\\\/\\\/www.lemeta.ro\\\/#\\\/schema\\\/logo\\\/image\\\/\"},\"sameAs\":[\"https:\\\/\\\/www.facebook.com\\\/lemeta.ro\"]}]}<\/script>\n<!-- \/ Yoast SEO plugin. -->","yoast_head_json":{"title":"Candela din sticla cu cruce aurie - Lemeta - Monumente funerare","description":"Candela din sticl\u0103 cu cruce aurie, 28 h durat\u0103 de ardere \u2013 design elegant, rezistent la intemperii. Ideal\u0103 pentru monumente funerare.","robots":{"index":"index","follow":"follow","max-snippet":"max-snippet:-1","max-image-preview":"max-image-preview:large","max-video-preview":"max-video-preview:-1"},"canonical":"https:\/\/www.lemeta.ro\/index.php\/produs\/candela-din-sticla-cu-cruce-aurie\/","og_locale":"ro_RO","og_type":"article","og_title":"Candela din sticla cu cruce aurie - Lemeta - Monumente funerare","og_description":"Candela din sticl\u0103 cu cruce aurie, 28 h durat\u0103 de ardere \u2013 design elegant, rezistent la intemperii. Ideal\u0103 pentru monumente funerare.","og_url":"https:\/\/www.lemeta.ro\/index.php\/produs\/candela-din-sticla-cu-cruce-aurie\/","og_site_name":"Lemeta - Monumente funerare","article_publisher":"https:\/\/www.facebook.com\/lemeta.ro","article_modified_time":"2026-03-10T10:54:34+00:00","twitter_card":"summary_large_image","twitter_misc":{"Timp estimat pentru citire":"1 minut"},"schema":{"@context":"https:\/\/schema.org","@graph":[{"@type":"WebPage","@id":"https:\/\/www.lemeta.ro\/index.php\/produs\/candela-din-sticla-cu-cruce-aurie\/","url":"https:\/\/www.lemeta.ro\/index.php\/produs\/candela-din-sticla-cu-cruce-aurie\/","name":"Candela din sticla cu cruce aurie - Lemeta - Monumente funerare","isPartOf":{"@id":"https:\/\/www.lemeta.ro\/#website"},"primaryImageOfPage":{"@id":"https:\/\/www.lemeta.ro\/index.php\/produs\/candela-din-sticla-cu-cruce-aurie\/#primaryimage"},"image":{"@id":"https:\/\/www.lemeta.ro\/index.php\/produs\/candela-din-sticla-cu-cruce-aurie\/#primaryimage"},"thumbnailUrl":"https:\/\/www.lemeta.ro\/wp-content\/uploads\/2025\/11\/res_94ab0f11d7b328302b4a6df0ee9b16a2.avif","datePublished":"2026-01-30T13:36:39+00:00","dateModified":"2026-03-10T10:54:34+00:00","description":"Candela din sticl\u0103 cu cruce aurie, 28 h durat\u0103 de ardere \u2013 design elegant, rezistent la intemperii. Ideal\u0103 pentru monumente funerare.","breadcrumb":{"@id":"https:\/\/www.lemeta.ro\/index.php\/produs\/candela-din-sticla-cu-cruce-aurie\/#breadcrumb"},"inLanguage":"ro-RO","potentialAction":[{"@type":"ReadAction","target":["https:\/\/www.lemeta.ro\/index.php\/produs\/candela-din-sticla-cu-cruce-aurie\/"]}]},{"@type":"ImageObject","inLanguage":"ro-RO","@id":"https:\/\/www.lemeta.ro\/index.php\/produs\/candela-din-sticla-cu-cruce-aurie\/#primaryimage","url":"https:\/\/www.lemeta.ro\/wp-content\/uploads\/2025\/11\/res_94ab0f11d7b328302b4a6df0ee9b16a2.avif","contentUrl":"https:\/\/www.lemeta.ro\/wp-content\/uploads\/2025\/11\/res_94ab0f11d7b328302b4a6df0ee9b16a2.avif","width":720,"height":720},{"@type":"BreadcrumbList","@id":"https:\/\/www.lemeta.ro\/index.php\/produs\/candela-din-sticla-cu-cruce-aurie\/#breadcrumb","itemListElement":[{"@type":"ListItem","position":1,"name":"Home","item":"https:\/\/www.lemeta.ro\/"},{"@type":"ListItem","position":2,"name":"Shop Lemeta","item":"https:\/\/www.lemeta.ro\/index.php\/shop-lemeta\/"},{"@type":"ListItem","position":3,"name":"Candela din sticla cu cruce aurie"}]},{"@type":"WebSite","@id":"https:\/\/www.lemeta.ro\/#website","url":"https:\/\/www.lemeta.ro\/","name":"Lemeta - Monumente funerare","description":"Monumente funerare","publisher":{"@id":"https:\/\/www.lemeta.ro\/#organization"},"potentialAction":[{"@type":"SearchAction","target":{"@type":"EntryPoint","urlTemplate":"https:\/\/www.lemeta.ro\/?s={search_term_string}"},"query-input":{"@type":"PropertyValueSpecification","valueRequired":true,"valueName":"search_term_string"}}],"inLanguage":"ro-RO"},{"@type":"Organization","@id":"https:\/\/www.lemeta.ro\/#organization","name":"Lemeta - Monumente funerare","url":"https:\/\/www.lemeta.ro\/","logo":{"@type":"ImageObject","inLanguage":"ro-RO","@id":"https:\/\/www.lemeta.ro\/#\/schema\/logo\/image\/","url":"https:\/\/www.lemeta.ro\/wp-content\/uploads\/2024\/05\/lemeta-logo.jpg","contentUrl":"https:\/\/www.lemeta.ro\/wp-content\/uploads\/2024\/05\/lemeta-logo.jpg","width":800,"height":800,"caption":"Lemeta - Monumente funerare"},"image":{"@id":"https:\/\/www.lemeta.ro\/#\/schema\/logo\/image\/"},"sameAs":["https:\/\/www.facebook.com\/lemeta.ro"]}]}},"_links":{"self":[{"href":"https:\/\/www.lemeta.ro\/index.php\/wp-json\/wp\/v2\/product\/21352","targetHints":{"allow":["GET"]}}],"collection":[{"href":"https:\/\/www.lemeta.ro\/index.php\/wp-json\/wp\/v2\/product"}],"about":[{"href":"https:\/\/www.lemeta.ro\/index.php\/wp-json\/wp\/v2\/types\/product"}],"wp:featuredmedia":[{"embeddable":true,"href":"https:\/\/www.lemeta.ro\/index.php\/wp-json\/wp\/v2\/media\/21353"}],"wp:attachment":[{"href":"https:\/\/www.lemeta.ro\/index.php\/wp-json\/wp\/v2\/media?parent=21352"}],"wp:term":[{"taxonomy":"product_brand","embeddable":true,"href":"https:\/\/www.lemeta.ro\/index.php\/wp-json\/wp\/v2\/product_brand?post=21352"},{"taxonomy":"product_cat","embeddable":true,"href":"https:\/\/www.lemeta.ro\/index.php\/wp-json\/wp\/v2\/product_cat?post=21352"},{"taxonomy":"product_tag","embeddable":true,"href":"https:\/\/www.lemeta.ro\/index.php\/wp-json\/wp\/v2\/product_tag?post=21352"}],"curies":[{"name":"wp","href":"https:\/\/api.w.org\/{rel}","templated":true}]}}