{"id":21354,"date":"2026-01-30T15:36:38","date_gmt":"2026-01-30T13:36:38","guid":{"rendered":"https:\/\/www.lemeta.ro\/?post_type=product&#038;p=21354"},"modified":"2026-03-09T17:33:13","modified_gmt":"2026-03-09T15:33:13","slug":"candela-din-sticla-cu-cruce-argintie","status":"publish","type":"product","link":"https:\/\/www.lemeta.ro\/index.php\/produs\/candela-din-sticla-cu-cruce-argintie\/","title":{"rendered":"Candela din sticla cu cruce argintie"},"content":{"rendered":"<p data-start=\"0\" data-end=\"431\">Candela din sticl\u0103 neagr\u0103 cu cruce argintie este o alegere elegant\u0103 \u0219i solemn\u0103 pentru a aduce lumin\u0103 \u0219i reculegere \u00een spa\u021biile de pomenire. Realizat\u0103 din sticl\u0103 de calitate, cu finisaj negru lucios \u0219i detaliu decorativ \u00een form\u0103 de cruce argintie, aceast\u0103 candela ofer\u0103 un aspect sobru \u0219i rafinat. Este rezistent\u0103 la intemperii, u\u0219or de \u00eentre\u021binut \u0219i potrivit\u0103 pentru utilizare \u00een aer liber sau \u00een interior.<\/p>\n<p data-start=\"433\" data-end=\"694\">Cu un timp de ardere de aproximativ <strong data-start=\"469\" data-end=\"482\">28 de ore<\/strong>, ofer\u0103 o lumin\u0103 cald\u0103 \u0219i constant\u0103, simbol al credin\u021bei \u0219i al amintirii eterne. Designul s\u0103u echilibrat \u0219i combina\u021bia elegant\u0103 de negru \u0219i argintiu o transform\u0103 \u00eentr-un element decorativ demn \u0219i plin de respect.<\/p>\n","protected":false},"excerpt":{"rendered":"<p data-start=\"701\" data-end=\"891\">Candela din sticl\u0103 neagr\u0103 cu cruce argintie, durat\u0103 de ardere aproximativ 28 de ore. Elegant\u0103, durabil\u0103 \u0219i potrivit\u0103 pentru monumente funerare \u0219i locuri de reculegere.<\/p>\n","protected":false},"featured_media":21355,"template":"","meta":{"ngg_post_thumbnail":0},"product_brand":[],"product_cat":[13],"product_tag":[],"class_list":{"0":"post-21354","1":"product","2":"type-product","3":"status-publish","4":"has-post-thumbnail","6":"product_cat-candele","8":"first","9":"instock","10":"taxable","11":"shipping-taxable","12":"purchasable","13":"product-type-simple"},"yoast_head":"<!-- This site is optimized with the Yoast SEO plugin v27.4 - https:\/\/yoast.com\/product\/yoast-seo-wordpress\/ -->\n<title>Candela din sticla cu cruce argintie - Lemeta - Monumente funerare<\/title>\n<meta name=\"description\" content=\"Candela din sticl\u0103 neagr\u0103 cu cruce argintie, 28 h durat\u0103 de ardere \u2013 design sobru \u0219i elegant, ideal pentru monumente funerare \u0219i locuri de reculegere.\" \/>\n<meta name=\"robots\" content=\"index, follow, max-snippet:-1, max-image-preview:large, max-video-preview:-1\" \/>\n<link rel=\"canonical\" href=\"https:\/\/www.lemeta.ro\/index.php\/produs\/candela-din-sticla-cu-cruce-argintie\/\" \/>\n<meta property=\"og:locale\" content=\"ro_RO\" \/>\n<meta property=\"og:type\" content=\"article\" \/>\n<meta property=\"og:title\" content=\"Candela din sticla cu cruce argintie - Lemeta - Monumente funerare\" \/>\n<meta property=\"og:description\" content=\"Candela din sticl\u0103 neagr\u0103 cu cruce argintie, 28 h durat\u0103 de ardere \u2013 design sobru \u0219i elegant, ideal pentru monumente funerare \u0219i locuri de reculegere.\" \/>\n<meta property=\"og:url\" content=\"https:\/\/www.lemeta.ro\/index.php\/produs\/candela-din-sticla-cu-cruce-argintie\/\" \/>\n<meta property=\"og:site_name\" content=\"Lemeta - Monumente funerare\" \/>\n<meta property=\"article:publisher\" content=\"https:\/\/www.facebook.com\/lemeta.ro\" \/>\n<meta property=\"article:modified_time\" content=\"2026-03-09T15:33:13+00:00\" \/>\n<meta property=\"og:image\" content=\"https:\/\/www.lemeta.ro\/wp-content\/uploads\/2025\/11\/lanterna-cu-cruce-negru.jpg\" \/>\n\t<meta property=\"og:image:width\" content=\"1024\" \/>\n\t<meta property=\"og:image:height\" content=\"1024\" \/>\n\t<meta property=\"og:image:type\" content=\"image\/jpeg\" \/>\n<meta name=\"twitter:card\" content=\"summary_large_image\" \/>\n<meta name=\"twitter:label1\" content=\"Timp estimat pentru citire\" \/>\n\t<meta name=\"twitter:data1\" content=\"1 minut\" \/>\n<script type=\"application\/ld+json\" class=\"yoast-schema-graph\">{\"@context\":\"https:\\\/\\\/schema.org\",\"@graph\":[{\"@type\":\"WebPage\",\"@id\":\"https:\\\/\\\/www.lemeta.ro\\\/index.php\\\/produs\\\/candela-din-sticla-cu-cruce-argintie\\\/\",\"url\":\"https:\\\/\\\/www.lemeta.ro\\\/index.php\\\/produs\\\/candela-din-sticla-cu-cruce-argintie\\\/\",\"name\":\"Candela din sticla cu cruce argintie - Lemeta - Monumente funerare\",\"isPartOf\":{\"@id\":\"https:\\\/\\\/www.lemeta.ro\\\/#website\"},\"primaryImageOfPage\":{\"@id\":\"https:\\\/\\\/www.lemeta.ro\\\/index.php\\\/produs\\\/candela-din-sticla-cu-cruce-argintie\\\/#primaryimage\"},\"image\":{\"@id\":\"https:\\\/\\\/www.lemeta.ro\\\/index.php\\\/produs\\\/candela-din-sticla-cu-cruce-argintie\\\/#primaryimage\"},\"thumbnailUrl\":\"https:\\\/\\\/www.lemeta.ro\\\/wp-content\\\/uploads\\\/2025\\\/11\\\/lanterna-cu-cruce-negru.jpg\",\"datePublished\":\"2026-01-30T13:36:38+00:00\",\"dateModified\":\"2026-03-09T15:33:13+00:00\",\"description\":\"Candela din sticl\u0103 neagr\u0103 cu cruce argintie, 28 h durat\u0103 de ardere \u2013 design sobru \u0219i elegant, ideal pentru monumente funerare \u0219i locuri de reculegere.\",\"breadcrumb\":{\"@id\":\"https:\\\/\\\/www.lemeta.ro\\\/index.php\\\/produs\\\/candela-din-sticla-cu-cruce-argintie\\\/#breadcrumb\"},\"inLanguage\":\"ro-RO\",\"potentialAction\":[{\"@type\":\"ReadAction\",\"target\":[\"https:\\\/\\\/www.lemeta.ro\\\/index.php\\\/produs\\\/candela-din-sticla-cu-cruce-argintie\\\/\"]}]},{\"@type\":\"ImageObject\",\"inLanguage\":\"ro-RO\",\"@id\":\"https:\\\/\\\/www.lemeta.ro\\\/index.php\\\/produs\\\/candela-din-sticla-cu-cruce-argintie\\\/#primaryimage\",\"url\":\"https:\\\/\\\/www.lemeta.ro\\\/wp-content\\\/uploads\\\/2025\\\/11\\\/lanterna-cu-cruce-negru.jpg\",\"contentUrl\":\"https:\\\/\\\/www.lemeta.ro\\\/wp-content\\\/uploads\\\/2025\\\/11\\\/lanterna-cu-cruce-negru.jpg\",\"width\":1024,\"height\":1024},{\"@type\":\"BreadcrumbList\",\"@id\":\"https:\\\/\\\/www.lemeta.ro\\\/index.php\\\/produs\\\/candela-din-sticla-cu-cruce-argintie\\\/#breadcrumb\",\"itemListElement\":[{\"@type\":\"ListItem\",\"position\":1,\"name\":\"Home\",\"item\":\"https:\\\/\\\/www.lemeta.ro\\\/\"},{\"@type\":\"ListItem\",\"position\":2,\"name\":\"Shop Lemeta\",\"item\":\"https:\\\/\\\/www.lemeta.ro\\\/index.php\\\/shop-lemeta\\\/\"},{\"@type\":\"ListItem\",\"position\":3,\"name\":\"Candela din sticla cu cruce argintie\"}]},{\"@type\":\"WebSite\",\"@id\":\"https:\\\/\\\/www.lemeta.ro\\\/#website\",\"url\":\"https:\\\/\\\/www.lemeta.ro\\\/\",\"name\":\"Lemeta - Monumente funerare\",\"description\":\"Monumente funerare\",\"publisher\":{\"@id\":\"https:\\\/\\\/www.lemeta.ro\\\/#organization\"},\"potentialAction\":[{\"@type\":\"SearchAction\",\"target\":{\"@type\":\"EntryPoint\",\"urlTemplate\":\"https:\\\/\\\/www.lemeta.ro\\\/?s={search_term_string}\"},\"query-input\":{\"@type\":\"PropertyValueSpecification\",\"valueRequired\":true,\"valueName\":\"search_term_string\"}}],\"inLanguage\":\"ro-RO\"},{\"@type\":\"Organization\",\"@id\":\"https:\\\/\\\/www.lemeta.ro\\\/#organization\",\"name\":\"Lemeta - Monumente funerare\",\"url\":\"https:\\\/\\\/www.lemeta.ro\\\/\",\"logo\":{\"@type\":\"ImageObject\",\"inLanguage\":\"ro-RO\",\"@id\":\"https:\\\/\\\/www.lemeta.ro\\\/#\\\/schema\\\/logo\\\/image\\\/\",\"url\":\"https:\\\/\\\/www.lemeta.ro\\\/wp-content\\\/uploads\\\/2024\\\/05\\\/lemeta-logo.jpg\",\"contentUrl\":\"https:\\\/\\\/www.lemeta.ro\\\/wp-content\\\/uploads\\\/2024\\\/05\\\/lemeta-logo.jpg\",\"width\":800,\"height\":800,\"caption\":\"Lemeta - Monumente funerare\"},\"image\":{\"@id\":\"https:\\\/\\\/www.lemeta.ro\\\/#\\\/schema\\\/logo\\\/image\\\/\"},\"sameAs\":[\"https:\\\/\\\/www.facebook.com\\\/lemeta.ro\"]}]}<\/script>\n<!-- \/ Yoast SEO plugin. -->","yoast_head_json":{"title":"Candela din sticla cu cruce argintie - Lemeta - Monumente funerare","description":"Candela din sticl\u0103 neagr\u0103 cu cruce argintie, 28 h durat\u0103 de ardere \u2013 design sobru \u0219i elegant, ideal pentru monumente funerare \u0219i locuri de reculegere.","robots":{"index":"index","follow":"follow","max-snippet":"max-snippet:-1","max-image-preview":"max-image-preview:large","max-video-preview":"max-video-preview:-1"},"canonical":"https:\/\/www.lemeta.ro\/index.php\/produs\/candela-din-sticla-cu-cruce-argintie\/","og_locale":"ro_RO","og_type":"article","og_title":"Candela din sticla cu cruce argintie - Lemeta - Monumente funerare","og_description":"Candela din sticl\u0103 neagr\u0103 cu cruce argintie, 28 h durat\u0103 de ardere \u2013 design sobru \u0219i elegant, ideal pentru monumente funerare \u0219i locuri de reculegere.","og_url":"https:\/\/www.lemeta.ro\/index.php\/produs\/candela-din-sticla-cu-cruce-argintie\/","og_site_name":"Lemeta - Monumente funerare","article_publisher":"https:\/\/www.facebook.com\/lemeta.ro","article_modified_time":"2026-03-09T15:33:13+00:00","og_image":[{"width":1024,"height":1024,"url":"https:\/\/www.lemeta.ro\/wp-content\/uploads\/2025\/11\/lanterna-cu-cruce-negru.jpg","type":"image\/jpeg"}],"twitter_card":"summary_large_image","twitter_misc":{"Timp estimat pentru citire":"1 minut"},"schema":{"@context":"https:\/\/schema.org","@graph":[{"@type":"WebPage","@id":"https:\/\/www.lemeta.ro\/index.php\/produs\/candela-din-sticla-cu-cruce-argintie\/","url":"https:\/\/www.lemeta.ro\/index.php\/produs\/candela-din-sticla-cu-cruce-argintie\/","name":"Candela din sticla cu cruce argintie - Lemeta - Monumente funerare","isPartOf":{"@id":"https:\/\/www.lemeta.ro\/#website"},"primaryImageOfPage":{"@id":"https:\/\/www.lemeta.ro\/index.php\/produs\/candela-din-sticla-cu-cruce-argintie\/#primaryimage"},"image":{"@id":"https:\/\/www.lemeta.ro\/index.php\/produs\/candela-din-sticla-cu-cruce-argintie\/#primaryimage"},"thumbnailUrl":"https:\/\/www.lemeta.ro\/wp-content\/uploads\/2025\/11\/lanterna-cu-cruce-negru.jpg","datePublished":"2026-01-30T13:36:38+00:00","dateModified":"2026-03-09T15:33:13+00:00","description":"Candela din sticl\u0103 neagr\u0103 cu cruce argintie, 28 h durat\u0103 de ardere \u2013 design sobru \u0219i elegant, ideal pentru monumente funerare \u0219i locuri de reculegere.","breadcrumb":{"@id":"https:\/\/www.lemeta.ro\/index.php\/produs\/candela-din-sticla-cu-cruce-argintie\/#breadcrumb"},"inLanguage":"ro-RO","potentialAction":[{"@type":"ReadAction","target":["https:\/\/www.lemeta.ro\/index.php\/produs\/candela-din-sticla-cu-cruce-argintie\/"]}]},{"@type":"ImageObject","inLanguage":"ro-RO","@id":"https:\/\/www.lemeta.ro\/index.php\/produs\/candela-din-sticla-cu-cruce-argintie\/#primaryimage","url":"https:\/\/www.lemeta.ro\/wp-content\/uploads\/2025\/11\/lanterna-cu-cruce-negru.jpg","contentUrl":"https:\/\/www.lemeta.ro\/wp-content\/uploads\/2025\/11\/lanterna-cu-cruce-negru.jpg","width":1024,"height":1024},{"@type":"BreadcrumbList","@id":"https:\/\/www.lemeta.ro\/index.php\/produs\/candela-din-sticla-cu-cruce-argintie\/#breadcrumb","itemListElement":[{"@type":"ListItem","position":1,"name":"Home","item":"https:\/\/www.lemeta.ro\/"},{"@type":"ListItem","position":2,"name":"Shop Lemeta","item":"https:\/\/www.lemeta.ro\/index.php\/shop-lemeta\/"},{"@type":"ListItem","position":3,"name":"Candela din sticla cu cruce argintie"}]},{"@type":"WebSite","@id":"https:\/\/www.lemeta.ro\/#website","url":"https:\/\/www.lemeta.ro\/","name":"Lemeta - Monumente funerare","description":"Monumente funerare","publisher":{"@id":"https:\/\/www.lemeta.ro\/#organization"},"potentialAction":[{"@type":"SearchAction","target":{"@type":"EntryPoint","urlTemplate":"https:\/\/www.lemeta.ro\/?s={search_term_string}"},"query-input":{"@type":"PropertyValueSpecification","valueRequired":true,"valueName":"search_term_string"}}],"inLanguage":"ro-RO"},{"@type":"Organization","@id":"https:\/\/www.lemeta.ro\/#organization","name":"Lemeta - Monumente funerare","url":"https:\/\/www.lemeta.ro\/","logo":{"@type":"ImageObject","inLanguage":"ro-RO","@id":"https:\/\/www.lemeta.ro\/#\/schema\/logo\/image\/","url":"https:\/\/www.lemeta.ro\/wp-content\/uploads\/2024\/05\/lemeta-logo.jpg","contentUrl":"https:\/\/www.lemeta.ro\/wp-content\/uploads\/2024\/05\/lemeta-logo.jpg","width":800,"height":800,"caption":"Lemeta - Monumente funerare"},"image":{"@id":"https:\/\/www.lemeta.ro\/#\/schema\/logo\/image\/"},"sameAs":["https:\/\/www.facebook.com\/lemeta.ro"]}]}},"_links":{"self":[{"href":"https:\/\/www.lemeta.ro\/index.php\/wp-json\/wp\/v2\/product\/21354","targetHints":{"allow":["GET"]}}],"collection":[{"href":"https:\/\/www.lemeta.ro\/index.php\/wp-json\/wp\/v2\/product"}],"about":[{"href":"https:\/\/www.lemeta.ro\/index.php\/wp-json\/wp\/v2\/types\/product"}],"wp:featuredmedia":[{"embeddable":true,"href":"https:\/\/www.lemeta.ro\/index.php\/wp-json\/wp\/v2\/media\/21355"}],"wp:attachment":[{"href":"https:\/\/www.lemeta.ro\/index.php\/wp-json\/wp\/v2\/media?parent=21354"}],"wp:term":[{"taxonomy":"product_brand","embeddable":true,"href":"https:\/\/www.lemeta.ro\/index.php\/wp-json\/wp\/v2\/product_brand?post=21354"},{"taxonomy":"product_cat","embeddable":true,"href":"https:\/\/www.lemeta.ro\/index.php\/wp-json\/wp\/v2\/product_cat?post=21354"},{"taxonomy":"product_tag","embeddable":true,"href":"https:\/\/www.lemeta.ro\/index.php\/wp-json\/wp\/v2\/product_tag?post=21354"}],"curies":[{"name":"wp","href":"https:\/\/api.w.org\/{rel}","templated":true}]}}