{"id":21356,"date":"2026-01-30T15:36:38","date_gmt":"2026-01-30T13:36:38","guid":{"rendered":"https:\/\/www.lemeta.ro\/?post_type=product&#038;p=21356"},"modified":"2026-02-18T10:47:34","modified_gmt":"2026-02-18T08:47:34","slug":"candela-din-sticla-rosie-cu-capac-auriu","status":"publish","type":"product","link":"https:\/\/www.lemeta.ro\/index.php\/produs\/candela-din-sticla-rosie-cu-capac-auriu\/","title":{"rendered":"Candela din sticla rosie cu capac auriu"},"content":{"rendered":"<p data-start=\"0\" data-end=\"391\">Candela din sticl\u0103 ro\u0219ie cu cruce aurie este o alegere elegant\u0103 \u0219i simbolic\u0103 pentru spa\u021biile de reculegere \u0219i monumentele funerare. Realizat\u0103 din sticl\u0103 groas\u0103, de culoare ro\u0219u intens, decorat\u0103 cu o cruce aurie delicat\u0103, aceast\u0103 candela transmite c\u0103ldur\u0103, credin\u021b\u0103 \u0219i respect. Este rezistent\u0103 la intemperii, u\u0219or de \u00eentre\u021binut \u0219i ofer\u0103 o flac\u0103r\u0103 constant\u0103 \u0219i sigur\u0103.<\/p>\n<p data-start=\"393\" data-end=\"623\">Cu un timp de ardere de aproximativ <strong data-start=\"429\" data-end=\"442\">72 de ore<\/strong>, ofer\u0103 o lumin\u0103 durabil\u0103, potrivit\u0103 pentru utilizare \u00eendelungat\u0103 \u00een aer liber. Designul clasic, completat de detaliile aurii, adaug\u0103 un plus de rafinament oric\u0103rui loc de pomenire.<\/p>\n","protected":false},"excerpt":{"rendered":"<p data-start=\"630\" data-end=\"815\">Candela din sticl\u0103 ro\u0219ie cu cruce aurie, durat\u0103 de ardere aproximativ 72 de ore. Elegant\u0103, rezistent\u0103 \u0219i ideal\u0103 pentru monumente funerare \u0219i locuri de reculegere.<\/p>\n","protected":false},"featured_media":21357,"template":"","meta":{"ngg_post_thumbnail":0},"product_brand":[],"product_cat":[13],"product_tag":[],"class_list":{"0":"post-21356","1":"product","2":"type-product","3":"status-publish","4":"has-post-thumbnail","6":"product_cat-candele","8":"first","9":"instock","10":"taxable","11":"shipping-taxable","12":"purchasable","13":"product-type-simple"},"yoast_head":"<!-- This site is optimized with the Yoast SEO plugin v27.4 - https:\/\/yoast.com\/product\/yoast-seo-wordpress\/ -->\n<title>Candela din sticla rosie cu capac auriu - Lemeta - Monumente funerare<\/title>\n<meta name=\"description\" content=\"Candela din sticl\u0103 ro\u0219ie cu cruce aurie, 72 h durat\u0103 de ardere \u2013 elegant\u0103 \u0219i durabil\u0103, potrivit\u0103 pentru monumente funerare \u0219i locuri de reculegere.\" \/>\n<meta name=\"robots\" content=\"index, follow, max-snippet:-1, max-image-preview:large, max-video-preview:-1\" \/>\n<link rel=\"canonical\" href=\"https:\/\/www.lemeta.ro\/index.php\/produs\/candela-din-sticla-rosie-cu-capac-auriu\/\" \/>\n<meta property=\"og:locale\" content=\"ro_RO\" \/>\n<meta property=\"og:type\" content=\"article\" \/>\n<meta property=\"og:title\" content=\"Candela din sticla rosie cu capac auriu - Lemeta - Monumente funerare\" \/>\n<meta property=\"og:description\" content=\"Candela din sticl\u0103 ro\u0219ie cu cruce aurie, 72 h durat\u0103 de ardere \u2013 elegant\u0103 \u0219i durabil\u0103, potrivit\u0103 pentru monumente funerare \u0219i locuri de reculegere.\" \/>\n<meta property=\"og:url\" content=\"https:\/\/www.lemeta.ro\/index.php\/produs\/candela-din-sticla-rosie-cu-capac-auriu\/\" \/>\n<meta property=\"og:site_name\" content=\"Lemeta - Monumente funerare\" \/>\n<meta property=\"article:publisher\" content=\"https:\/\/www.facebook.com\/lemeta.ro\" \/>\n<meta property=\"article:modified_time\" content=\"2026-02-18T08:47:34+00:00\" \/>\n<meta name=\"twitter:card\" content=\"summary_large_image\" \/>\n<meta name=\"twitter:label1\" content=\"Timp estimat pentru citire\" \/>\n\t<meta name=\"twitter:data1\" content=\"1 minut\" \/>\n<script type=\"application\/ld+json\" class=\"yoast-schema-graph\">{\"@context\":\"https:\\\/\\\/schema.org\",\"@graph\":[{\"@type\":\"WebPage\",\"@id\":\"https:\\\/\\\/www.lemeta.ro\\\/index.php\\\/produs\\\/candela-din-sticla-rosie-cu-capac-auriu\\\/\",\"url\":\"https:\\\/\\\/www.lemeta.ro\\\/index.php\\\/produs\\\/candela-din-sticla-rosie-cu-capac-auriu\\\/\",\"name\":\"Candela din sticla rosie cu capac auriu - Lemeta - Monumente funerare\",\"isPartOf\":{\"@id\":\"https:\\\/\\\/www.lemeta.ro\\\/#website\"},\"primaryImageOfPage\":{\"@id\":\"https:\\\/\\\/www.lemeta.ro\\\/index.php\\\/produs\\\/candela-din-sticla-rosie-cu-capac-auriu\\\/#primaryimage\"},\"image\":{\"@id\":\"https:\\\/\\\/www.lemeta.ro\\\/index.php\\\/produs\\\/candela-din-sticla-rosie-cu-capac-auriu\\\/#primaryimage\"},\"thumbnailUrl\":\"https:\\\/\\\/www.lemeta.ro\\\/wp-content\\\/uploads\\\/2025\\\/11\\\/res_abb53485453a7b4dace674af18ef655f.avif\",\"datePublished\":\"2026-01-30T13:36:38+00:00\",\"dateModified\":\"2026-02-18T08:47:34+00:00\",\"description\":\"Candela din sticl\u0103 ro\u0219ie cu cruce aurie, 72 h durat\u0103 de ardere \u2013 elegant\u0103 \u0219i durabil\u0103, potrivit\u0103 pentru monumente funerare \u0219i locuri de reculegere.\",\"breadcrumb\":{\"@id\":\"https:\\\/\\\/www.lemeta.ro\\\/index.php\\\/produs\\\/candela-din-sticla-rosie-cu-capac-auriu\\\/#breadcrumb\"},\"inLanguage\":\"ro-RO\",\"potentialAction\":[{\"@type\":\"ReadAction\",\"target\":[\"https:\\\/\\\/www.lemeta.ro\\\/index.php\\\/produs\\\/candela-din-sticla-rosie-cu-capac-auriu\\\/\"]}]},{\"@type\":\"ImageObject\",\"inLanguage\":\"ro-RO\",\"@id\":\"https:\\\/\\\/www.lemeta.ro\\\/index.php\\\/produs\\\/candela-din-sticla-rosie-cu-capac-auriu\\\/#primaryimage\",\"url\":\"https:\\\/\\\/www.lemeta.ro\\\/wp-content\\\/uploads\\\/2025\\\/11\\\/res_abb53485453a7b4dace674af18ef655f.avif\",\"contentUrl\":\"https:\\\/\\\/www.lemeta.ro\\\/wp-content\\\/uploads\\\/2025\\\/11\\\/res_abb53485453a7b4dace674af18ef655f.avif\",\"width\":720,\"height\":720},{\"@type\":\"BreadcrumbList\",\"@id\":\"https:\\\/\\\/www.lemeta.ro\\\/index.php\\\/produs\\\/candela-din-sticla-rosie-cu-capac-auriu\\\/#breadcrumb\",\"itemListElement\":[{\"@type\":\"ListItem\",\"position\":1,\"name\":\"Home\",\"item\":\"https:\\\/\\\/www.lemeta.ro\\\/\"},{\"@type\":\"ListItem\",\"position\":2,\"name\":\"Shop Lemeta\",\"item\":\"https:\\\/\\\/www.lemeta.ro\\\/index.php\\\/shop-lemeta\\\/\"},{\"@type\":\"ListItem\",\"position\":3,\"name\":\"Candela din sticla rosie cu capac auriu\"}]},{\"@type\":\"WebSite\",\"@id\":\"https:\\\/\\\/www.lemeta.ro\\\/#website\",\"url\":\"https:\\\/\\\/www.lemeta.ro\\\/\",\"name\":\"Lemeta - Monumente funerare\",\"description\":\"Monumente funerare\",\"publisher\":{\"@id\":\"https:\\\/\\\/www.lemeta.ro\\\/#organization\"},\"potentialAction\":[{\"@type\":\"SearchAction\",\"target\":{\"@type\":\"EntryPoint\",\"urlTemplate\":\"https:\\\/\\\/www.lemeta.ro\\\/?s={search_term_string}\"},\"query-input\":{\"@type\":\"PropertyValueSpecification\",\"valueRequired\":true,\"valueName\":\"search_term_string\"}}],\"inLanguage\":\"ro-RO\"},{\"@type\":\"Organization\",\"@id\":\"https:\\\/\\\/www.lemeta.ro\\\/#organization\",\"name\":\"Lemeta - Monumente funerare\",\"url\":\"https:\\\/\\\/www.lemeta.ro\\\/\",\"logo\":{\"@type\":\"ImageObject\",\"inLanguage\":\"ro-RO\",\"@id\":\"https:\\\/\\\/www.lemeta.ro\\\/#\\\/schema\\\/logo\\\/image\\\/\",\"url\":\"https:\\\/\\\/www.lemeta.ro\\\/wp-content\\\/uploads\\\/2024\\\/05\\\/lemeta-logo.jpg\",\"contentUrl\":\"https:\\\/\\\/www.lemeta.ro\\\/wp-content\\\/uploads\\\/2024\\\/05\\\/lemeta-logo.jpg\",\"width\":800,\"height\":800,\"caption\":\"Lemeta - Monumente funerare\"},\"image\":{\"@id\":\"https:\\\/\\\/www.lemeta.ro\\\/#\\\/schema\\\/logo\\\/image\\\/\"},\"sameAs\":[\"https:\\\/\\\/www.facebook.com\\\/lemeta.ro\"]}]}<\/script>\n<!-- \/ Yoast SEO plugin. -->","yoast_head_json":{"title":"Candela din sticla rosie cu capac auriu - Lemeta - Monumente funerare","description":"Candela din sticl\u0103 ro\u0219ie cu cruce aurie, 72 h durat\u0103 de ardere \u2013 elegant\u0103 \u0219i durabil\u0103, potrivit\u0103 pentru monumente funerare \u0219i locuri de reculegere.","robots":{"index":"index","follow":"follow","max-snippet":"max-snippet:-1","max-image-preview":"max-image-preview:large","max-video-preview":"max-video-preview:-1"},"canonical":"https:\/\/www.lemeta.ro\/index.php\/produs\/candela-din-sticla-rosie-cu-capac-auriu\/","og_locale":"ro_RO","og_type":"article","og_title":"Candela din sticla rosie cu capac auriu - Lemeta - Monumente funerare","og_description":"Candela din sticl\u0103 ro\u0219ie cu cruce aurie, 72 h durat\u0103 de ardere \u2013 elegant\u0103 \u0219i durabil\u0103, potrivit\u0103 pentru monumente funerare \u0219i locuri de reculegere.","og_url":"https:\/\/www.lemeta.ro\/index.php\/produs\/candela-din-sticla-rosie-cu-capac-auriu\/","og_site_name":"Lemeta - Monumente funerare","article_publisher":"https:\/\/www.facebook.com\/lemeta.ro","article_modified_time":"2026-02-18T08:47:34+00:00","twitter_card":"summary_large_image","twitter_misc":{"Timp estimat pentru citire":"1 minut"},"schema":{"@context":"https:\/\/schema.org","@graph":[{"@type":"WebPage","@id":"https:\/\/www.lemeta.ro\/index.php\/produs\/candela-din-sticla-rosie-cu-capac-auriu\/","url":"https:\/\/www.lemeta.ro\/index.php\/produs\/candela-din-sticla-rosie-cu-capac-auriu\/","name":"Candela din sticla rosie cu capac auriu - Lemeta - Monumente funerare","isPartOf":{"@id":"https:\/\/www.lemeta.ro\/#website"},"primaryImageOfPage":{"@id":"https:\/\/www.lemeta.ro\/index.php\/produs\/candela-din-sticla-rosie-cu-capac-auriu\/#primaryimage"},"image":{"@id":"https:\/\/www.lemeta.ro\/index.php\/produs\/candela-din-sticla-rosie-cu-capac-auriu\/#primaryimage"},"thumbnailUrl":"https:\/\/www.lemeta.ro\/wp-content\/uploads\/2025\/11\/res_abb53485453a7b4dace674af18ef655f.avif","datePublished":"2026-01-30T13:36:38+00:00","dateModified":"2026-02-18T08:47:34+00:00","description":"Candela din sticl\u0103 ro\u0219ie cu cruce aurie, 72 h durat\u0103 de ardere \u2013 elegant\u0103 \u0219i durabil\u0103, potrivit\u0103 pentru monumente funerare \u0219i locuri de reculegere.","breadcrumb":{"@id":"https:\/\/www.lemeta.ro\/index.php\/produs\/candela-din-sticla-rosie-cu-capac-auriu\/#breadcrumb"},"inLanguage":"ro-RO","potentialAction":[{"@type":"ReadAction","target":["https:\/\/www.lemeta.ro\/index.php\/produs\/candela-din-sticla-rosie-cu-capac-auriu\/"]}]},{"@type":"ImageObject","inLanguage":"ro-RO","@id":"https:\/\/www.lemeta.ro\/index.php\/produs\/candela-din-sticla-rosie-cu-capac-auriu\/#primaryimage","url":"https:\/\/www.lemeta.ro\/wp-content\/uploads\/2025\/11\/res_abb53485453a7b4dace674af18ef655f.avif","contentUrl":"https:\/\/www.lemeta.ro\/wp-content\/uploads\/2025\/11\/res_abb53485453a7b4dace674af18ef655f.avif","width":720,"height":720},{"@type":"BreadcrumbList","@id":"https:\/\/www.lemeta.ro\/index.php\/produs\/candela-din-sticla-rosie-cu-capac-auriu\/#breadcrumb","itemListElement":[{"@type":"ListItem","position":1,"name":"Home","item":"https:\/\/www.lemeta.ro\/"},{"@type":"ListItem","position":2,"name":"Shop Lemeta","item":"https:\/\/www.lemeta.ro\/index.php\/shop-lemeta\/"},{"@type":"ListItem","position":3,"name":"Candela din sticla rosie cu capac auriu"}]},{"@type":"WebSite","@id":"https:\/\/www.lemeta.ro\/#website","url":"https:\/\/www.lemeta.ro\/","name":"Lemeta - Monumente funerare","description":"Monumente funerare","publisher":{"@id":"https:\/\/www.lemeta.ro\/#organization"},"potentialAction":[{"@type":"SearchAction","target":{"@type":"EntryPoint","urlTemplate":"https:\/\/www.lemeta.ro\/?s={search_term_string}"},"query-input":{"@type":"PropertyValueSpecification","valueRequired":true,"valueName":"search_term_string"}}],"inLanguage":"ro-RO"},{"@type":"Organization","@id":"https:\/\/www.lemeta.ro\/#organization","name":"Lemeta - Monumente funerare","url":"https:\/\/www.lemeta.ro\/","logo":{"@type":"ImageObject","inLanguage":"ro-RO","@id":"https:\/\/www.lemeta.ro\/#\/schema\/logo\/image\/","url":"https:\/\/www.lemeta.ro\/wp-content\/uploads\/2024\/05\/lemeta-logo.jpg","contentUrl":"https:\/\/www.lemeta.ro\/wp-content\/uploads\/2024\/05\/lemeta-logo.jpg","width":800,"height":800,"caption":"Lemeta - Monumente funerare"},"image":{"@id":"https:\/\/www.lemeta.ro\/#\/schema\/logo\/image\/"},"sameAs":["https:\/\/www.facebook.com\/lemeta.ro"]}]}},"_links":{"self":[{"href":"https:\/\/www.lemeta.ro\/index.php\/wp-json\/wp\/v2\/product\/21356","targetHints":{"allow":["GET"]}}],"collection":[{"href":"https:\/\/www.lemeta.ro\/index.php\/wp-json\/wp\/v2\/product"}],"about":[{"href":"https:\/\/www.lemeta.ro\/index.php\/wp-json\/wp\/v2\/types\/product"}],"wp:featuredmedia":[{"embeddable":true,"href":"https:\/\/www.lemeta.ro\/index.php\/wp-json\/wp\/v2\/media\/21357"}],"wp:attachment":[{"href":"https:\/\/www.lemeta.ro\/index.php\/wp-json\/wp\/v2\/media?parent=21356"}],"wp:term":[{"taxonomy":"product_brand","embeddable":true,"href":"https:\/\/www.lemeta.ro\/index.php\/wp-json\/wp\/v2\/product_brand?post=21356"},{"taxonomy":"product_cat","embeddable":true,"href":"https:\/\/www.lemeta.ro\/index.php\/wp-json\/wp\/v2\/product_cat?post=21356"},{"taxonomy":"product_tag","embeddable":true,"href":"https:\/\/www.lemeta.ro\/index.php\/wp-json\/wp\/v2\/product_tag?post=21356"}],"curies":[{"name":"wp","href":"https:\/\/api.w.org\/{rel}","templated":true}]}}