{"id":21363,"date":"2026-01-30T15:36:40","date_gmt":"2026-01-30T13:36:40","guid":{"rendered":"https:\/\/www.lemeta.ro\/?post_type=product&#038;p=21363"},"modified":"2026-03-10T12:54:34","modified_gmt":"2026-03-10T10:54:34","slug":"candela-din-sticla-alba-cu-capac-auriu-190e-a","status":"publish","type":"product","link":"https:\/\/www.lemeta.ro\/index.php\/produs\/candela-din-sticla-alba-cu-capac-auriu-190e-a\/","title":{"rendered":"Candela din sticla alba cu capac auriu, 190E A"},"content":{"rendered":"<p data-start=\"0\" data-end=\"437\">Candela-felinar din sticl\u0103 alb\u0103 este o alegere elegant\u0103 \u0219i luminoas\u0103, potrivit\u0103 pentru a aduce pace \u0219i reculegere \u00een spa\u021biile funerare. Realizat\u0103 din sticl\u0103 groas\u0103, de culoare alb\u0103, cu design tip felinar \u0219i capac protector, ofer\u0103 o flac\u0103r\u0103 constant\u0103 \u0219i sigur\u0103, protejat\u0103 de v\u00e2nt \u0219i ploaie. Aspectul s\u0103u rafinat \u0219i discret adaug\u0103 un sentiment de lini\u0219te \u0219i demnitate oric\u0103rui monument funerar sau loc de pomenire.<\/p>\n<p data-start=\"439\" data-end=\"727\">Cu un timp de ardere de aproximativ <strong data-start=\"475\" data-end=\"488\">42 de ore<\/strong>, aceast\u0103 candela ofer\u0103 o lumin\u0103 cald\u0103 \u0219i durabil\u0103, simbol al respectului \u0219i al amintirii ve\u0219nice. Datorit\u0103 construc\u021biei stabile \u0219i materialelor rezistente, este ideal\u0103 pentru utilizare \u00een exterior, p\u0103str\u00e2ndu-\u0219i elegan\u021ba \u00een orice condi\u021bii.<\/p>\n","protected":false},"excerpt":{"rendered":"<p data-start=\"734\" data-end=\"911\">Candela-felinar din sticl\u0103 alb\u0103, durat\u0103 de ardere aproximativ 42 de ore. Elegant\u0103, rezistent\u0103 \u0219i ideal\u0103 pentru monumente funerare \u0219i locuri de reculegere.<\/p>\n","protected":false},"featured_media":21365,"template":"","meta":{"ngg_post_thumbnail":0},"product_brand":[],"product_cat":[13],"product_tag":[],"class_list":{"0":"post-21363","1":"product","2":"type-product","3":"status-publish","4":"has-post-thumbnail","6":"product_cat-candele","8":"first","9":"instock","10":"taxable","11":"shipping-taxable","12":"purchasable","13":"product-type-simple"},"yoast_head":"<!-- This site is optimized with the Yoast SEO plugin v27.4 - https:\/\/yoast.com\/product\/yoast-seo-wordpress\/ -->\n<title>Candela din sticla alba cu capac auriu, 190E A - Lemeta - Monumente funerare<\/title>\n<meta name=\"description\" content=\"Candela-felinar din sticl\u0103 alb\u0103, 42 h durat\u0103 de ardere \u2013 elegant\u0103, luminoas\u0103 \u0219i durabil\u0103. Potrivit\u0103 pentru monumente funerare \u0219i locuri de reculegere.\" \/>\n<meta name=\"robots\" content=\"index, follow, max-snippet:-1, max-image-preview:large, max-video-preview:-1\" \/>\n<link rel=\"canonical\" href=\"https:\/\/www.lemeta.ro\/index.php\/produs\/candela-din-sticla-alba-cu-capac-auriu-190e-a\/\" \/>\n<meta property=\"og:locale\" content=\"ro_RO\" \/>\n<meta property=\"og:type\" content=\"article\" \/>\n<meta property=\"og:title\" content=\"Candela din sticla alba cu capac auriu, 190E A - Lemeta - Monumente funerare\" \/>\n<meta property=\"og:description\" content=\"Candela-felinar din sticl\u0103 alb\u0103, 42 h durat\u0103 de ardere \u2013 elegant\u0103, luminoas\u0103 \u0219i durabil\u0103. Potrivit\u0103 pentru monumente funerare \u0219i locuri de reculegere.\" \/>\n<meta property=\"og:url\" content=\"https:\/\/www.lemeta.ro\/index.php\/produs\/candela-din-sticla-alba-cu-capac-auriu-190e-a\/\" \/>\n<meta property=\"og:site_name\" content=\"Lemeta - Monumente funerare\" \/>\n<meta property=\"article:publisher\" content=\"https:\/\/www.facebook.com\/lemeta.ro\" \/>\n<meta property=\"article:modified_time\" content=\"2026-03-10T10:54:34+00:00\" \/>\n<meta property=\"og:image\" content=\"https:\/\/www.lemeta.ro\/wp-content\/uploads\/2025\/11\/candela-alba.jpg\" \/>\n\t<meta property=\"og:image:width\" content=\"1024\" \/>\n\t<meta property=\"og:image:height\" content=\"1024\" \/>\n\t<meta property=\"og:image:type\" content=\"image\/jpeg\" \/>\n<meta name=\"twitter:card\" content=\"summary_large_image\" \/>\n<meta name=\"twitter:label1\" content=\"Timp estimat pentru citire\" \/>\n\t<meta name=\"twitter:data1\" content=\"1 minut\" \/>\n<script type=\"application\/ld+json\" class=\"yoast-schema-graph\">{\"@context\":\"https:\\\/\\\/schema.org\",\"@graph\":[{\"@type\":\"WebPage\",\"@id\":\"https:\\\/\\\/www.lemeta.ro\\\/index.php\\\/produs\\\/candela-din-sticla-alba-cu-capac-auriu-190e-a\\\/\",\"url\":\"https:\\\/\\\/www.lemeta.ro\\\/index.php\\\/produs\\\/candela-din-sticla-alba-cu-capac-auriu-190e-a\\\/\",\"name\":\"Candela din sticla alba cu capac auriu, 190E A - Lemeta - Monumente funerare\",\"isPartOf\":{\"@id\":\"https:\\\/\\\/www.lemeta.ro\\\/#website\"},\"primaryImageOfPage\":{\"@id\":\"https:\\\/\\\/www.lemeta.ro\\\/index.php\\\/produs\\\/candela-din-sticla-alba-cu-capac-auriu-190e-a\\\/#primaryimage\"},\"image\":{\"@id\":\"https:\\\/\\\/www.lemeta.ro\\\/index.php\\\/produs\\\/candela-din-sticla-alba-cu-capac-auriu-190e-a\\\/#primaryimage\"},\"thumbnailUrl\":\"https:\\\/\\\/www.lemeta.ro\\\/wp-content\\\/uploads\\\/2025\\\/11\\\/candela-alba.jpg\",\"datePublished\":\"2026-01-30T13:36:40+00:00\",\"dateModified\":\"2026-03-10T10:54:34+00:00\",\"description\":\"Candela-felinar din sticl\u0103 alb\u0103, 42 h durat\u0103 de ardere \u2013 elegant\u0103, luminoas\u0103 \u0219i durabil\u0103. Potrivit\u0103 pentru monumente funerare \u0219i locuri de reculegere.\",\"breadcrumb\":{\"@id\":\"https:\\\/\\\/www.lemeta.ro\\\/index.php\\\/produs\\\/candela-din-sticla-alba-cu-capac-auriu-190e-a\\\/#breadcrumb\"},\"inLanguage\":\"ro-RO\",\"potentialAction\":[{\"@type\":\"ReadAction\",\"target\":[\"https:\\\/\\\/www.lemeta.ro\\\/index.php\\\/produs\\\/candela-din-sticla-alba-cu-capac-auriu-190e-a\\\/\"]}]},{\"@type\":\"ImageObject\",\"inLanguage\":\"ro-RO\",\"@id\":\"https:\\\/\\\/www.lemeta.ro\\\/index.php\\\/produs\\\/candela-din-sticla-alba-cu-capac-auriu-190e-a\\\/#primaryimage\",\"url\":\"https:\\\/\\\/www.lemeta.ro\\\/wp-content\\\/uploads\\\/2025\\\/11\\\/candela-alba.jpg\",\"contentUrl\":\"https:\\\/\\\/www.lemeta.ro\\\/wp-content\\\/uploads\\\/2025\\\/11\\\/candela-alba.jpg\",\"width\":1024,\"height\":1024},{\"@type\":\"BreadcrumbList\",\"@id\":\"https:\\\/\\\/www.lemeta.ro\\\/index.php\\\/produs\\\/candela-din-sticla-alba-cu-capac-auriu-190e-a\\\/#breadcrumb\",\"itemListElement\":[{\"@type\":\"ListItem\",\"position\":1,\"name\":\"Home\",\"item\":\"https:\\\/\\\/www.lemeta.ro\\\/\"},{\"@type\":\"ListItem\",\"position\":2,\"name\":\"Shop Lemeta\",\"item\":\"https:\\\/\\\/www.lemeta.ro\\\/index.php\\\/shop-lemeta\\\/\"},{\"@type\":\"ListItem\",\"position\":3,\"name\":\"Candela din sticla alba cu capac auriu, 190E A\"}]},{\"@type\":\"WebSite\",\"@id\":\"https:\\\/\\\/www.lemeta.ro\\\/#website\",\"url\":\"https:\\\/\\\/www.lemeta.ro\\\/\",\"name\":\"Lemeta - Monumente funerare\",\"description\":\"Monumente funerare\",\"publisher\":{\"@id\":\"https:\\\/\\\/www.lemeta.ro\\\/#organization\"},\"potentialAction\":[{\"@type\":\"SearchAction\",\"target\":{\"@type\":\"EntryPoint\",\"urlTemplate\":\"https:\\\/\\\/www.lemeta.ro\\\/?s={search_term_string}\"},\"query-input\":{\"@type\":\"PropertyValueSpecification\",\"valueRequired\":true,\"valueName\":\"search_term_string\"}}],\"inLanguage\":\"ro-RO\"},{\"@type\":\"Organization\",\"@id\":\"https:\\\/\\\/www.lemeta.ro\\\/#organization\",\"name\":\"Lemeta - Monumente funerare\",\"url\":\"https:\\\/\\\/www.lemeta.ro\\\/\",\"logo\":{\"@type\":\"ImageObject\",\"inLanguage\":\"ro-RO\",\"@id\":\"https:\\\/\\\/www.lemeta.ro\\\/#\\\/schema\\\/logo\\\/image\\\/\",\"url\":\"https:\\\/\\\/www.lemeta.ro\\\/wp-content\\\/uploads\\\/2024\\\/05\\\/lemeta-logo.jpg\",\"contentUrl\":\"https:\\\/\\\/www.lemeta.ro\\\/wp-content\\\/uploads\\\/2024\\\/05\\\/lemeta-logo.jpg\",\"width\":800,\"height\":800,\"caption\":\"Lemeta - Monumente funerare\"},\"image\":{\"@id\":\"https:\\\/\\\/www.lemeta.ro\\\/#\\\/schema\\\/logo\\\/image\\\/\"},\"sameAs\":[\"https:\\\/\\\/www.facebook.com\\\/lemeta.ro\"]}]}<\/script>\n<!-- \/ Yoast SEO plugin. -->","yoast_head_json":{"title":"Candela din sticla alba cu capac auriu, 190E A - Lemeta - Monumente funerare","description":"Candela-felinar din sticl\u0103 alb\u0103, 42 h durat\u0103 de ardere \u2013 elegant\u0103, luminoas\u0103 \u0219i durabil\u0103. Potrivit\u0103 pentru monumente funerare \u0219i locuri de reculegere.","robots":{"index":"index","follow":"follow","max-snippet":"max-snippet:-1","max-image-preview":"max-image-preview:large","max-video-preview":"max-video-preview:-1"},"canonical":"https:\/\/www.lemeta.ro\/index.php\/produs\/candela-din-sticla-alba-cu-capac-auriu-190e-a\/","og_locale":"ro_RO","og_type":"article","og_title":"Candela din sticla alba cu capac auriu, 190E A - Lemeta - Monumente funerare","og_description":"Candela-felinar din sticl\u0103 alb\u0103, 42 h durat\u0103 de ardere \u2013 elegant\u0103, luminoas\u0103 \u0219i durabil\u0103. Potrivit\u0103 pentru monumente funerare \u0219i locuri de reculegere.","og_url":"https:\/\/www.lemeta.ro\/index.php\/produs\/candela-din-sticla-alba-cu-capac-auriu-190e-a\/","og_site_name":"Lemeta - Monumente funerare","article_publisher":"https:\/\/www.facebook.com\/lemeta.ro","article_modified_time":"2026-03-10T10:54:34+00:00","og_image":[{"width":1024,"height":1024,"url":"https:\/\/www.lemeta.ro\/wp-content\/uploads\/2025\/11\/candela-alba.jpg","type":"image\/jpeg"}],"twitter_card":"summary_large_image","twitter_misc":{"Timp estimat pentru citire":"1 minut"},"schema":{"@context":"https:\/\/schema.org","@graph":[{"@type":"WebPage","@id":"https:\/\/www.lemeta.ro\/index.php\/produs\/candela-din-sticla-alba-cu-capac-auriu-190e-a\/","url":"https:\/\/www.lemeta.ro\/index.php\/produs\/candela-din-sticla-alba-cu-capac-auriu-190e-a\/","name":"Candela din sticla alba cu capac auriu, 190E A - Lemeta - Monumente funerare","isPartOf":{"@id":"https:\/\/www.lemeta.ro\/#website"},"primaryImageOfPage":{"@id":"https:\/\/www.lemeta.ro\/index.php\/produs\/candela-din-sticla-alba-cu-capac-auriu-190e-a\/#primaryimage"},"image":{"@id":"https:\/\/www.lemeta.ro\/index.php\/produs\/candela-din-sticla-alba-cu-capac-auriu-190e-a\/#primaryimage"},"thumbnailUrl":"https:\/\/www.lemeta.ro\/wp-content\/uploads\/2025\/11\/candela-alba.jpg","datePublished":"2026-01-30T13:36:40+00:00","dateModified":"2026-03-10T10:54:34+00:00","description":"Candela-felinar din sticl\u0103 alb\u0103, 42 h durat\u0103 de ardere \u2013 elegant\u0103, luminoas\u0103 \u0219i durabil\u0103. Potrivit\u0103 pentru monumente funerare \u0219i locuri de reculegere.","breadcrumb":{"@id":"https:\/\/www.lemeta.ro\/index.php\/produs\/candela-din-sticla-alba-cu-capac-auriu-190e-a\/#breadcrumb"},"inLanguage":"ro-RO","potentialAction":[{"@type":"ReadAction","target":["https:\/\/www.lemeta.ro\/index.php\/produs\/candela-din-sticla-alba-cu-capac-auriu-190e-a\/"]}]},{"@type":"ImageObject","inLanguage":"ro-RO","@id":"https:\/\/www.lemeta.ro\/index.php\/produs\/candela-din-sticla-alba-cu-capac-auriu-190e-a\/#primaryimage","url":"https:\/\/www.lemeta.ro\/wp-content\/uploads\/2025\/11\/candela-alba.jpg","contentUrl":"https:\/\/www.lemeta.ro\/wp-content\/uploads\/2025\/11\/candela-alba.jpg","width":1024,"height":1024},{"@type":"BreadcrumbList","@id":"https:\/\/www.lemeta.ro\/index.php\/produs\/candela-din-sticla-alba-cu-capac-auriu-190e-a\/#breadcrumb","itemListElement":[{"@type":"ListItem","position":1,"name":"Home","item":"https:\/\/www.lemeta.ro\/"},{"@type":"ListItem","position":2,"name":"Shop Lemeta","item":"https:\/\/www.lemeta.ro\/index.php\/shop-lemeta\/"},{"@type":"ListItem","position":3,"name":"Candela din sticla alba cu capac auriu, 190E A"}]},{"@type":"WebSite","@id":"https:\/\/www.lemeta.ro\/#website","url":"https:\/\/www.lemeta.ro\/","name":"Lemeta - Monumente funerare","description":"Monumente funerare","publisher":{"@id":"https:\/\/www.lemeta.ro\/#organization"},"potentialAction":[{"@type":"SearchAction","target":{"@type":"EntryPoint","urlTemplate":"https:\/\/www.lemeta.ro\/?s={search_term_string}"},"query-input":{"@type":"PropertyValueSpecification","valueRequired":true,"valueName":"search_term_string"}}],"inLanguage":"ro-RO"},{"@type":"Organization","@id":"https:\/\/www.lemeta.ro\/#organization","name":"Lemeta - Monumente funerare","url":"https:\/\/www.lemeta.ro\/","logo":{"@type":"ImageObject","inLanguage":"ro-RO","@id":"https:\/\/www.lemeta.ro\/#\/schema\/logo\/image\/","url":"https:\/\/www.lemeta.ro\/wp-content\/uploads\/2024\/05\/lemeta-logo.jpg","contentUrl":"https:\/\/www.lemeta.ro\/wp-content\/uploads\/2024\/05\/lemeta-logo.jpg","width":800,"height":800,"caption":"Lemeta - Monumente funerare"},"image":{"@id":"https:\/\/www.lemeta.ro\/#\/schema\/logo\/image\/"},"sameAs":["https:\/\/www.facebook.com\/lemeta.ro"]}]}},"_links":{"self":[{"href":"https:\/\/www.lemeta.ro\/index.php\/wp-json\/wp\/v2\/product\/21363","targetHints":{"allow":["GET"]}}],"collection":[{"href":"https:\/\/www.lemeta.ro\/index.php\/wp-json\/wp\/v2\/product"}],"about":[{"href":"https:\/\/www.lemeta.ro\/index.php\/wp-json\/wp\/v2\/types\/product"}],"wp:featuredmedia":[{"embeddable":true,"href":"https:\/\/www.lemeta.ro\/index.php\/wp-json\/wp\/v2\/media\/21365"}],"wp:attachment":[{"href":"https:\/\/www.lemeta.ro\/index.php\/wp-json\/wp\/v2\/media?parent=21363"}],"wp:term":[{"taxonomy":"product_brand","embeddable":true,"href":"https:\/\/www.lemeta.ro\/index.php\/wp-json\/wp\/v2\/product_brand?post=21363"},{"taxonomy":"product_cat","embeddable":true,"href":"https:\/\/www.lemeta.ro\/index.php\/wp-json\/wp\/v2\/product_cat?post=21363"},{"taxonomy":"product_tag","embeddable":true,"href":"https:\/\/www.lemeta.ro\/index.php\/wp-json\/wp\/v2\/product_tag?post=21363"}],"curies":[{"name":"wp","href":"https:\/\/api.w.org\/{rel}","templated":true}]}}