{"id":21371,"date":"2026-01-30T15:36:41","date_gmt":"2026-01-30T13:36:41","guid":{"rendered":"https:\/\/www.lemeta.ro\/?post_type=product&#038;p=21371"},"modified":"2026-02-18T10:47:38","modified_gmt":"2026-02-18T08:47:38","slug":"candela-cu-sticla-rosie-cu-capac-auriu-590e","status":"publish","type":"product","link":"https:\/\/www.lemeta.ro\/index.php\/produs\/candela-cu-sticla-rosie-cu-capac-auriu-590e\/","title":{"rendered":"Candela cu sticla rosie cu capac auriu, 590E"},"content":{"rendered":"<p>Candela-felinar din sticl\u0103 ro\u0219ie este conceput\u0103 pentru a aduce lumin\u0103 \u0219i reculegere \u00eentr-un mod discret \u015fi demn. Fabricat\u0103 din sticl\u0103 de calitate, culoare ro\u0219ie, cu un design simplu \u0219i func\u0163ional, aceast\u0103 candela ofer\u0103 o durat\u0103 de ardere de aproximativ <strong data-start=\"275\" data-end=\"285\">24 ore<\/strong>.<\/p>\n<p>Greutatea de circa 380 g, diametrul de 75 mm \u015fi \u00een\u0103l\u0163imea de 240 mm \u00eei confer\u0103 stabilitate \u015fi prezen\u0163\u0103-vizual\u0103 moderat\u0103. Materialul transparent permite fl\u0103c\u0103rii s\u0103 lumineze uniform, iar utilizarea sa \u00een exterior este facilitat\u0103 prin forma felinar. Este o alegere potrivit\u0103 pentru monumente funerare sau spa\u0163ii de comemorare \u2013 ofer\u0103 o atmosfer\u0103 calm\u0103, de respect \u015fi continuitate a memoriei.<\/p>\n","protected":false},"excerpt":{"rendered":"<p data-start=\"718\" data-end=\"895\">Candela-felinar din sticl\u0103 ro\u0219ie, durat\u0103 de ardere aproximativ 24 ore. Elegant\u0103, stabil\u0103 \u015fi potrivit\u0103 pentru monumente funerare \u015fi locuri de reculegere.<\/p>\n","protected":false},"featured_media":21372,"template":"","meta":{"ngg_post_thumbnail":0},"product_brand":[],"product_cat":[13],"product_tag":[],"class_list":{"0":"post-21371","1":"product","2":"type-product","3":"status-publish","4":"has-post-thumbnail","6":"product_cat-candele","8":"first","9":"instock","10":"taxable","11":"shipping-taxable","12":"purchasable","13":"product-type-simple"},"yoast_head":"<!-- This site is optimized with the Yoast SEO plugin v27.4 - https:\/\/yoast.com\/product\/yoast-seo-wordpress\/ -->\n<title>Candela cu sticla rosie cu capac auriu, 590E - Lemeta - Monumente funerare<\/title>\n<meta name=\"description\" content=\"Candela din sticl\u0103 ro\u0219ie, timp de ardere 24 h \u2013 solu\u0163ie elegant\u0103 \u015fi durabil\u0103 pentru monumente funerare \u015fi locuri de reculegere.\" \/>\n<meta name=\"robots\" content=\"index, follow, max-snippet:-1, max-image-preview:large, max-video-preview:-1\" \/>\n<link rel=\"canonical\" href=\"https:\/\/www.lemeta.ro\/index.php\/produs\/candela-cu-sticla-rosie-cu-capac-auriu-590e\/\" \/>\n<meta property=\"og:locale\" content=\"ro_RO\" \/>\n<meta property=\"og:type\" content=\"article\" \/>\n<meta property=\"og:title\" content=\"Candela cu sticla rosie cu capac auriu, 590E - Lemeta - Monumente funerare\" \/>\n<meta property=\"og:description\" content=\"Candela din sticl\u0103 ro\u0219ie, timp de ardere 24 h \u2013 solu\u0163ie elegant\u0103 \u015fi durabil\u0103 pentru monumente funerare \u015fi locuri de reculegere.\" \/>\n<meta property=\"og:url\" content=\"https:\/\/www.lemeta.ro\/index.php\/produs\/candela-cu-sticla-rosie-cu-capac-auriu-590e\/\" \/>\n<meta property=\"og:site_name\" content=\"Lemeta - Monumente funerare\" \/>\n<meta property=\"article:publisher\" content=\"https:\/\/www.facebook.com\/lemeta.ro\" \/>\n<meta property=\"article:modified_time\" content=\"2026-02-18T08:47:38+00:00\" \/>\n<meta property=\"og:image\" content=\"https:\/\/www.lemeta.ro\/wp-content\/uploads\/2025\/11\/candela-din-sticla-590.jpg\" \/>\n\t<meta property=\"og:image:width\" content=\"1024\" \/>\n\t<meta property=\"og:image:height\" content=\"1024\" \/>\n\t<meta property=\"og:image:type\" content=\"image\/jpeg\" \/>\n<meta name=\"twitter:card\" content=\"summary_large_image\" \/>\n<meta name=\"twitter:label1\" content=\"Timp estimat pentru citire\" \/>\n\t<meta name=\"twitter:data1\" content=\"1 minut\" \/>\n<script type=\"application\/ld+json\" class=\"yoast-schema-graph\">{\"@context\":\"https:\\\/\\\/schema.org\",\"@graph\":[{\"@type\":\"WebPage\",\"@id\":\"https:\\\/\\\/www.lemeta.ro\\\/index.php\\\/produs\\\/candela-cu-sticla-rosie-cu-capac-auriu-590e\\\/\",\"url\":\"https:\\\/\\\/www.lemeta.ro\\\/index.php\\\/produs\\\/candela-cu-sticla-rosie-cu-capac-auriu-590e\\\/\",\"name\":\"Candela cu sticla rosie cu capac auriu, 590E - Lemeta - Monumente funerare\",\"isPartOf\":{\"@id\":\"https:\\\/\\\/www.lemeta.ro\\\/#website\"},\"primaryImageOfPage\":{\"@id\":\"https:\\\/\\\/www.lemeta.ro\\\/index.php\\\/produs\\\/candela-cu-sticla-rosie-cu-capac-auriu-590e\\\/#primaryimage\"},\"image\":{\"@id\":\"https:\\\/\\\/www.lemeta.ro\\\/index.php\\\/produs\\\/candela-cu-sticla-rosie-cu-capac-auriu-590e\\\/#primaryimage\"},\"thumbnailUrl\":\"https:\\\/\\\/www.lemeta.ro\\\/wp-content\\\/uploads\\\/2025\\\/11\\\/candela-din-sticla-590.jpg\",\"datePublished\":\"2026-01-30T13:36:41+00:00\",\"dateModified\":\"2026-02-18T08:47:38+00:00\",\"description\":\"Candela din sticl\u0103 ro\u0219ie, timp de ardere 24 h \u2013 solu\u0163ie elegant\u0103 \u015fi durabil\u0103 pentru monumente funerare \u015fi locuri de reculegere.\",\"breadcrumb\":{\"@id\":\"https:\\\/\\\/www.lemeta.ro\\\/index.php\\\/produs\\\/candela-cu-sticla-rosie-cu-capac-auriu-590e\\\/#breadcrumb\"},\"inLanguage\":\"ro-RO\",\"potentialAction\":[{\"@type\":\"ReadAction\",\"target\":[\"https:\\\/\\\/www.lemeta.ro\\\/index.php\\\/produs\\\/candela-cu-sticla-rosie-cu-capac-auriu-590e\\\/\"]}]},{\"@type\":\"ImageObject\",\"inLanguage\":\"ro-RO\",\"@id\":\"https:\\\/\\\/www.lemeta.ro\\\/index.php\\\/produs\\\/candela-cu-sticla-rosie-cu-capac-auriu-590e\\\/#primaryimage\",\"url\":\"https:\\\/\\\/www.lemeta.ro\\\/wp-content\\\/uploads\\\/2025\\\/11\\\/candela-din-sticla-590.jpg\",\"contentUrl\":\"https:\\\/\\\/www.lemeta.ro\\\/wp-content\\\/uploads\\\/2025\\\/11\\\/candela-din-sticla-590.jpg\",\"width\":1024,\"height\":1024},{\"@type\":\"BreadcrumbList\",\"@id\":\"https:\\\/\\\/www.lemeta.ro\\\/index.php\\\/produs\\\/candela-cu-sticla-rosie-cu-capac-auriu-590e\\\/#breadcrumb\",\"itemListElement\":[{\"@type\":\"ListItem\",\"position\":1,\"name\":\"Home\",\"item\":\"https:\\\/\\\/www.lemeta.ro\\\/\"},{\"@type\":\"ListItem\",\"position\":2,\"name\":\"Shop Lemeta\",\"item\":\"https:\\\/\\\/www.lemeta.ro\\\/index.php\\\/shop-lemeta\\\/\"},{\"@type\":\"ListItem\",\"position\":3,\"name\":\"Candela cu sticla rosie cu capac auriu, 590E\"}]},{\"@type\":\"WebSite\",\"@id\":\"https:\\\/\\\/www.lemeta.ro\\\/#website\",\"url\":\"https:\\\/\\\/www.lemeta.ro\\\/\",\"name\":\"Lemeta - Monumente funerare\",\"description\":\"Monumente funerare\",\"publisher\":{\"@id\":\"https:\\\/\\\/www.lemeta.ro\\\/#organization\"},\"potentialAction\":[{\"@type\":\"SearchAction\",\"target\":{\"@type\":\"EntryPoint\",\"urlTemplate\":\"https:\\\/\\\/www.lemeta.ro\\\/?s={search_term_string}\"},\"query-input\":{\"@type\":\"PropertyValueSpecification\",\"valueRequired\":true,\"valueName\":\"search_term_string\"}}],\"inLanguage\":\"ro-RO\"},{\"@type\":\"Organization\",\"@id\":\"https:\\\/\\\/www.lemeta.ro\\\/#organization\",\"name\":\"Lemeta - Monumente funerare\",\"url\":\"https:\\\/\\\/www.lemeta.ro\\\/\",\"logo\":{\"@type\":\"ImageObject\",\"inLanguage\":\"ro-RO\",\"@id\":\"https:\\\/\\\/www.lemeta.ro\\\/#\\\/schema\\\/logo\\\/image\\\/\",\"url\":\"https:\\\/\\\/www.lemeta.ro\\\/wp-content\\\/uploads\\\/2024\\\/05\\\/lemeta-logo.jpg\",\"contentUrl\":\"https:\\\/\\\/www.lemeta.ro\\\/wp-content\\\/uploads\\\/2024\\\/05\\\/lemeta-logo.jpg\",\"width\":800,\"height\":800,\"caption\":\"Lemeta - Monumente funerare\"},\"image\":{\"@id\":\"https:\\\/\\\/www.lemeta.ro\\\/#\\\/schema\\\/logo\\\/image\\\/\"},\"sameAs\":[\"https:\\\/\\\/www.facebook.com\\\/lemeta.ro\"]}]}<\/script>\n<!-- \/ Yoast SEO plugin. -->","yoast_head_json":{"title":"Candela cu sticla rosie cu capac auriu, 590E - Lemeta - Monumente funerare","description":"Candela din sticl\u0103 ro\u0219ie, timp de ardere 24 h \u2013 solu\u0163ie elegant\u0103 \u015fi durabil\u0103 pentru monumente funerare \u015fi locuri de reculegere.","robots":{"index":"index","follow":"follow","max-snippet":"max-snippet:-1","max-image-preview":"max-image-preview:large","max-video-preview":"max-video-preview:-1"},"canonical":"https:\/\/www.lemeta.ro\/index.php\/produs\/candela-cu-sticla-rosie-cu-capac-auriu-590e\/","og_locale":"ro_RO","og_type":"article","og_title":"Candela cu sticla rosie cu capac auriu, 590E - Lemeta - Monumente funerare","og_description":"Candela din sticl\u0103 ro\u0219ie, timp de ardere 24 h \u2013 solu\u0163ie elegant\u0103 \u015fi durabil\u0103 pentru monumente funerare \u015fi locuri de reculegere.","og_url":"https:\/\/www.lemeta.ro\/index.php\/produs\/candela-cu-sticla-rosie-cu-capac-auriu-590e\/","og_site_name":"Lemeta - Monumente funerare","article_publisher":"https:\/\/www.facebook.com\/lemeta.ro","article_modified_time":"2026-02-18T08:47:38+00:00","og_image":[{"width":1024,"height":1024,"url":"https:\/\/www.lemeta.ro\/wp-content\/uploads\/2025\/11\/candela-din-sticla-590.jpg","type":"image\/jpeg"}],"twitter_card":"summary_large_image","twitter_misc":{"Timp estimat pentru citire":"1 minut"},"schema":{"@context":"https:\/\/schema.org","@graph":[{"@type":"WebPage","@id":"https:\/\/www.lemeta.ro\/index.php\/produs\/candela-cu-sticla-rosie-cu-capac-auriu-590e\/","url":"https:\/\/www.lemeta.ro\/index.php\/produs\/candela-cu-sticla-rosie-cu-capac-auriu-590e\/","name":"Candela cu sticla rosie cu capac auriu, 590E - Lemeta - Monumente funerare","isPartOf":{"@id":"https:\/\/www.lemeta.ro\/#website"},"primaryImageOfPage":{"@id":"https:\/\/www.lemeta.ro\/index.php\/produs\/candela-cu-sticla-rosie-cu-capac-auriu-590e\/#primaryimage"},"image":{"@id":"https:\/\/www.lemeta.ro\/index.php\/produs\/candela-cu-sticla-rosie-cu-capac-auriu-590e\/#primaryimage"},"thumbnailUrl":"https:\/\/www.lemeta.ro\/wp-content\/uploads\/2025\/11\/candela-din-sticla-590.jpg","datePublished":"2026-01-30T13:36:41+00:00","dateModified":"2026-02-18T08:47:38+00:00","description":"Candela din sticl\u0103 ro\u0219ie, timp de ardere 24 h \u2013 solu\u0163ie elegant\u0103 \u015fi durabil\u0103 pentru monumente funerare \u015fi locuri de reculegere.","breadcrumb":{"@id":"https:\/\/www.lemeta.ro\/index.php\/produs\/candela-cu-sticla-rosie-cu-capac-auriu-590e\/#breadcrumb"},"inLanguage":"ro-RO","potentialAction":[{"@type":"ReadAction","target":["https:\/\/www.lemeta.ro\/index.php\/produs\/candela-cu-sticla-rosie-cu-capac-auriu-590e\/"]}]},{"@type":"ImageObject","inLanguage":"ro-RO","@id":"https:\/\/www.lemeta.ro\/index.php\/produs\/candela-cu-sticla-rosie-cu-capac-auriu-590e\/#primaryimage","url":"https:\/\/www.lemeta.ro\/wp-content\/uploads\/2025\/11\/candela-din-sticla-590.jpg","contentUrl":"https:\/\/www.lemeta.ro\/wp-content\/uploads\/2025\/11\/candela-din-sticla-590.jpg","width":1024,"height":1024},{"@type":"BreadcrumbList","@id":"https:\/\/www.lemeta.ro\/index.php\/produs\/candela-cu-sticla-rosie-cu-capac-auriu-590e\/#breadcrumb","itemListElement":[{"@type":"ListItem","position":1,"name":"Home","item":"https:\/\/www.lemeta.ro\/"},{"@type":"ListItem","position":2,"name":"Shop Lemeta","item":"https:\/\/www.lemeta.ro\/index.php\/shop-lemeta\/"},{"@type":"ListItem","position":3,"name":"Candela cu sticla rosie cu capac auriu, 590E"}]},{"@type":"WebSite","@id":"https:\/\/www.lemeta.ro\/#website","url":"https:\/\/www.lemeta.ro\/","name":"Lemeta - Monumente funerare","description":"Monumente funerare","publisher":{"@id":"https:\/\/www.lemeta.ro\/#organization"},"potentialAction":[{"@type":"SearchAction","target":{"@type":"EntryPoint","urlTemplate":"https:\/\/www.lemeta.ro\/?s={search_term_string}"},"query-input":{"@type":"PropertyValueSpecification","valueRequired":true,"valueName":"search_term_string"}}],"inLanguage":"ro-RO"},{"@type":"Organization","@id":"https:\/\/www.lemeta.ro\/#organization","name":"Lemeta - Monumente funerare","url":"https:\/\/www.lemeta.ro\/","logo":{"@type":"ImageObject","inLanguage":"ro-RO","@id":"https:\/\/www.lemeta.ro\/#\/schema\/logo\/image\/","url":"https:\/\/www.lemeta.ro\/wp-content\/uploads\/2024\/05\/lemeta-logo.jpg","contentUrl":"https:\/\/www.lemeta.ro\/wp-content\/uploads\/2024\/05\/lemeta-logo.jpg","width":800,"height":800,"caption":"Lemeta - Monumente funerare"},"image":{"@id":"https:\/\/www.lemeta.ro\/#\/schema\/logo\/image\/"},"sameAs":["https:\/\/www.facebook.com\/lemeta.ro"]}]}},"_links":{"self":[{"href":"https:\/\/www.lemeta.ro\/index.php\/wp-json\/wp\/v2\/product\/21371","targetHints":{"allow":["GET"]}}],"collection":[{"href":"https:\/\/www.lemeta.ro\/index.php\/wp-json\/wp\/v2\/product"}],"about":[{"href":"https:\/\/www.lemeta.ro\/index.php\/wp-json\/wp\/v2\/types\/product"}],"wp:featuredmedia":[{"embeddable":true,"href":"https:\/\/www.lemeta.ro\/index.php\/wp-json\/wp\/v2\/media\/21372"}],"wp:attachment":[{"href":"https:\/\/www.lemeta.ro\/index.php\/wp-json\/wp\/v2\/media?parent=21371"}],"wp:term":[{"taxonomy":"product_brand","embeddable":true,"href":"https:\/\/www.lemeta.ro\/index.php\/wp-json\/wp\/v2\/product_brand?post=21371"},{"taxonomy":"product_cat","embeddable":true,"href":"https:\/\/www.lemeta.ro\/index.php\/wp-json\/wp\/v2\/product_cat?post=21371"},{"taxonomy":"product_tag","embeddable":true,"href":"https:\/\/www.lemeta.ro\/index.php\/wp-json\/wp\/v2\/product_tag?post=21371"}],"curies":[{"name":"wp","href":"https:\/\/api.w.org\/{rel}","templated":true}]}}