{"id":22400,"date":"2026-03-20T12:29:08","date_gmt":"2026-03-20T10:29:08","guid":{"rendered":"https:\/\/www.lemeta.ro\/?post_type=product&#038;p=22400"},"modified":"2026-03-23T15:45:41","modified_gmt":"2026-03-23T13:45:41","slug":"coroana-funerara-artificiala-cu-8-nuferi-multicolore","status":"publish","type":"product","link":"https:\/\/www.lemeta.ro\/index.php\/produs\/coroana-funerara-artificiala-cu-8-nuferi-multicolore\/","title":{"rendered":"Coroana funerara, artificiala cu 8 nuferi multicolore"},"content":{"rendered":"<p data-start=\"227\" data-end=\"570\">Coroana funerar\u0103 artificial\u0103 cu 8 nuferi multicolori este un aranjament delicat, care \u00eembin\u0103 simbolismul profund al florilor cu un design armonios \u0219i echilibrat. Nuf\u0103rul, asociat cu puritatea, lini\u0219tea \u0219i rena\u0219terea spiritual\u0103, aduce un mesaj subtil de pace \u0219i respect, iar combina\u021bia de culori ofer\u0103 un omagiu plin de sensibilitate \u0219i lumin\u0103.<\/p>\n<p data-start=\"572\" data-end=\"1016\">Realizat\u0103 din flori artificiale de calitate, coroana \u00ee\u0219i p\u0103streaz\u0103 forma \u0219i intensitatea culorilor pentru o perioad\u0103 \u00eendelungat\u0103. Structura rezistent\u0103 \u0219i aspectul atent finisat o recomand\u0103 pentru ceremonii funerare sau momente de comemorare, fiind o alegere potrivit\u0103 pentru a exprima respectul \u0219i amintirea durabil\u0103. Coroanele artificiale sunt apreciate pentru rezisten\u021ba lor \u00een timp \u0219i aspectul constant<\/p>\n","protected":false},"excerpt":{"rendered":"<p>Coroan\u0103 funerar\u0103 artificial\u0103 cu 8 nuferi multicolori, simbol al p\u0103cii \u0219i respectului. Design elegant \u0219i rezistent, ideal pentru comemor\u0103ri.<\/p>\n","protected":false},"featured_media":22401,"template":"","meta":{"ngg_post_thumbnail":0},"product_brand":[],"product_cat":[14],"product_tag":[],"class_list":{"0":"post-22400","1":"product","2":"type-product","3":"status-publish","4":"has-post-thumbnail","6":"product_cat-coroane-artificiale","8":"first","9":"instock","10":"taxable","11":"shipping-taxable","12":"purchasable","13":"product-type-simple"},"yoast_head":"<!-- This site is optimized with the Yoast SEO plugin v27.4 - https:\/\/yoast.com\/product\/yoast-seo-wordpress\/ -->\n<title>Coroana funerara, artificiala cu 8 nuferi multicolore - Lemeta - Monumente funerare<\/title>\n<meta name=\"description\" content=\"Coroan\u0103 funerar\u0103 artificial\u0103 cu nuferi multicolori \u2013 omagiu delicat \u0219i durabil pentru comemor\u0103ri. Design elegant \u0219i rezistent.\" \/>\n<meta name=\"robots\" content=\"index, follow, max-snippet:-1, max-image-preview:large, max-video-preview:-1\" \/>\n<link rel=\"canonical\" href=\"https:\/\/www.lemeta.ro\/index.php\/produs\/coroana-funerara-artificiala-cu-8-nuferi-multicolore\/\" \/>\n<meta property=\"og:locale\" content=\"ro_RO\" \/>\n<meta property=\"og:type\" content=\"article\" \/>\n<meta property=\"og:title\" content=\"Coroana funerara, artificiala cu 8 nuferi multicolore - Lemeta - Monumente funerare\" \/>\n<meta property=\"og:description\" content=\"Coroan\u0103 funerar\u0103 artificial\u0103 cu nuferi multicolori \u2013 omagiu delicat \u0219i durabil pentru comemor\u0103ri. Design elegant \u0219i rezistent.\" \/>\n<meta property=\"og:url\" content=\"https:\/\/www.lemeta.ro\/index.php\/produs\/coroana-funerara-artificiala-cu-8-nuferi-multicolore\/\" \/>\n<meta property=\"og:site_name\" content=\"Lemeta - Monumente funerare\" \/>\n<meta property=\"article:publisher\" content=\"https:\/\/www.facebook.com\/lemeta.ro\" \/>\n<meta property=\"article:modified_time\" content=\"2026-03-23T13:45:41+00:00\" \/>\n<meta property=\"og:image\" content=\"https:\/\/www.lemeta.ro\/wp-content\/uploads\/2026\/03\/coroana-artificiala-nufari-multicolore.jpg\" \/>\n\t<meta property=\"og:image:width\" content=\"1512\" \/>\n\t<meta property=\"og:image:height\" content=\"1512\" \/>\n\t<meta property=\"og:image:type\" content=\"image\/jpeg\" \/>\n<meta name=\"twitter:card\" content=\"summary_large_image\" \/>\n<meta name=\"twitter:label1\" content=\"Timp estimat pentru citire\" \/>\n\t<meta name=\"twitter:data1\" content=\"1 minut\" \/>\n<script type=\"application\/ld+json\" class=\"yoast-schema-graph\">{\"@context\":\"https:\\\/\\\/schema.org\",\"@graph\":[{\"@type\":\"WebPage\",\"@id\":\"https:\\\/\\\/www.lemeta.ro\\\/index.php\\\/produs\\\/coroana-funerara-artificiala-cu-8-nuferi-multicolore\\\/\",\"url\":\"https:\\\/\\\/www.lemeta.ro\\\/index.php\\\/produs\\\/coroana-funerara-artificiala-cu-8-nuferi-multicolore\\\/\",\"name\":\"Coroana funerara, artificiala cu 8 nuferi multicolore - Lemeta - Monumente funerare\",\"isPartOf\":{\"@id\":\"https:\\\/\\\/www.lemeta.ro\\\/#website\"},\"primaryImageOfPage\":{\"@id\":\"https:\\\/\\\/www.lemeta.ro\\\/index.php\\\/produs\\\/coroana-funerara-artificiala-cu-8-nuferi-multicolore\\\/#primaryimage\"},\"image\":{\"@id\":\"https:\\\/\\\/www.lemeta.ro\\\/index.php\\\/produs\\\/coroana-funerara-artificiala-cu-8-nuferi-multicolore\\\/#primaryimage\"},\"thumbnailUrl\":\"https:\\\/\\\/www.lemeta.ro\\\/wp-content\\\/uploads\\\/2026\\\/03\\\/coroana-artificiala-nufari-multicolore.jpg\",\"datePublished\":\"2026-03-20T10:29:08+00:00\",\"dateModified\":\"2026-03-23T13:45:41+00:00\",\"description\":\"Coroan\u0103 funerar\u0103 artificial\u0103 cu nuferi multicolori \u2013 omagiu delicat \u0219i durabil pentru comemor\u0103ri. Design elegant \u0219i rezistent.\",\"breadcrumb\":{\"@id\":\"https:\\\/\\\/www.lemeta.ro\\\/index.php\\\/produs\\\/coroana-funerara-artificiala-cu-8-nuferi-multicolore\\\/#breadcrumb\"},\"inLanguage\":\"ro-RO\",\"potentialAction\":[{\"@type\":\"ReadAction\",\"target\":[\"https:\\\/\\\/www.lemeta.ro\\\/index.php\\\/produs\\\/coroana-funerara-artificiala-cu-8-nuferi-multicolore\\\/\"]}]},{\"@type\":\"ImageObject\",\"inLanguage\":\"ro-RO\",\"@id\":\"https:\\\/\\\/www.lemeta.ro\\\/index.php\\\/produs\\\/coroana-funerara-artificiala-cu-8-nuferi-multicolore\\\/#primaryimage\",\"url\":\"https:\\\/\\\/www.lemeta.ro\\\/wp-content\\\/uploads\\\/2026\\\/03\\\/coroana-artificiala-nufari-multicolore.jpg\",\"contentUrl\":\"https:\\\/\\\/www.lemeta.ro\\\/wp-content\\\/uploads\\\/2026\\\/03\\\/coroana-artificiala-nufari-multicolore.jpg\",\"width\":1512,\"height\":1512},{\"@type\":\"BreadcrumbList\",\"@id\":\"https:\\\/\\\/www.lemeta.ro\\\/index.php\\\/produs\\\/coroana-funerara-artificiala-cu-8-nuferi-multicolore\\\/#breadcrumb\",\"itemListElement\":[{\"@type\":\"ListItem\",\"position\":1,\"name\":\"Home\",\"item\":\"https:\\\/\\\/www.lemeta.ro\\\/\"},{\"@type\":\"ListItem\",\"position\":2,\"name\":\"Shop Lemeta\",\"item\":\"https:\\\/\\\/www.lemeta.ro\\\/index.php\\\/shop-lemeta\\\/\"},{\"@type\":\"ListItem\",\"position\":3,\"name\":\"Coroana funerara, artificiala cu 8 nuferi multicolore\"}]},{\"@type\":\"WebSite\",\"@id\":\"https:\\\/\\\/www.lemeta.ro\\\/#website\",\"url\":\"https:\\\/\\\/www.lemeta.ro\\\/\",\"name\":\"Lemeta - Monumente funerare\",\"description\":\"Monumente funerare\",\"publisher\":{\"@id\":\"https:\\\/\\\/www.lemeta.ro\\\/#organization\"},\"potentialAction\":[{\"@type\":\"SearchAction\",\"target\":{\"@type\":\"EntryPoint\",\"urlTemplate\":\"https:\\\/\\\/www.lemeta.ro\\\/?s={search_term_string}\"},\"query-input\":{\"@type\":\"PropertyValueSpecification\",\"valueRequired\":true,\"valueName\":\"search_term_string\"}}],\"inLanguage\":\"ro-RO\"},{\"@type\":\"Organization\",\"@id\":\"https:\\\/\\\/www.lemeta.ro\\\/#organization\",\"name\":\"Lemeta - Monumente funerare\",\"url\":\"https:\\\/\\\/www.lemeta.ro\\\/\",\"logo\":{\"@type\":\"ImageObject\",\"inLanguage\":\"ro-RO\",\"@id\":\"https:\\\/\\\/www.lemeta.ro\\\/#\\\/schema\\\/logo\\\/image\\\/\",\"url\":\"https:\\\/\\\/www.lemeta.ro\\\/wp-content\\\/uploads\\\/2024\\\/05\\\/lemeta-logo.jpg\",\"contentUrl\":\"https:\\\/\\\/www.lemeta.ro\\\/wp-content\\\/uploads\\\/2024\\\/05\\\/lemeta-logo.jpg\",\"width\":800,\"height\":800,\"caption\":\"Lemeta - Monumente funerare\"},\"image\":{\"@id\":\"https:\\\/\\\/www.lemeta.ro\\\/#\\\/schema\\\/logo\\\/image\\\/\"},\"sameAs\":[\"https:\\\/\\\/www.facebook.com\\\/lemeta.ro\"]}]}<\/script>\n<!-- \/ Yoast SEO plugin. -->","yoast_head_json":{"title":"Coroana funerara, artificiala cu 8 nuferi multicolore - Lemeta - Monumente funerare","description":"Coroan\u0103 funerar\u0103 artificial\u0103 cu nuferi multicolori \u2013 omagiu delicat \u0219i durabil pentru comemor\u0103ri. Design elegant \u0219i rezistent.","robots":{"index":"index","follow":"follow","max-snippet":"max-snippet:-1","max-image-preview":"max-image-preview:large","max-video-preview":"max-video-preview:-1"},"canonical":"https:\/\/www.lemeta.ro\/index.php\/produs\/coroana-funerara-artificiala-cu-8-nuferi-multicolore\/","og_locale":"ro_RO","og_type":"article","og_title":"Coroana funerara, artificiala cu 8 nuferi multicolore - Lemeta - Monumente funerare","og_description":"Coroan\u0103 funerar\u0103 artificial\u0103 cu nuferi multicolori \u2013 omagiu delicat \u0219i durabil pentru comemor\u0103ri. Design elegant \u0219i rezistent.","og_url":"https:\/\/www.lemeta.ro\/index.php\/produs\/coroana-funerara-artificiala-cu-8-nuferi-multicolore\/","og_site_name":"Lemeta - Monumente funerare","article_publisher":"https:\/\/www.facebook.com\/lemeta.ro","article_modified_time":"2026-03-23T13:45:41+00:00","og_image":[{"width":1512,"height":1512,"url":"https:\/\/www.lemeta.ro\/wp-content\/uploads\/2026\/03\/coroana-artificiala-nufari-multicolore.jpg","type":"image\/jpeg"}],"twitter_card":"summary_large_image","twitter_misc":{"Timp estimat pentru citire":"1 minut"},"schema":{"@context":"https:\/\/schema.org","@graph":[{"@type":"WebPage","@id":"https:\/\/www.lemeta.ro\/index.php\/produs\/coroana-funerara-artificiala-cu-8-nuferi-multicolore\/","url":"https:\/\/www.lemeta.ro\/index.php\/produs\/coroana-funerara-artificiala-cu-8-nuferi-multicolore\/","name":"Coroana funerara, artificiala cu 8 nuferi multicolore - Lemeta - Monumente funerare","isPartOf":{"@id":"https:\/\/www.lemeta.ro\/#website"},"primaryImageOfPage":{"@id":"https:\/\/www.lemeta.ro\/index.php\/produs\/coroana-funerara-artificiala-cu-8-nuferi-multicolore\/#primaryimage"},"image":{"@id":"https:\/\/www.lemeta.ro\/index.php\/produs\/coroana-funerara-artificiala-cu-8-nuferi-multicolore\/#primaryimage"},"thumbnailUrl":"https:\/\/www.lemeta.ro\/wp-content\/uploads\/2026\/03\/coroana-artificiala-nufari-multicolore.jpg","datePublished":"2026-03-20T10:29:08+00:00","dateModified":"2026-03-23T13:45:41+00:00","description":"Coroan\u0103 funerar\u0103 artificial\u0103 cu nuferi multicolori \u2013 omagiu delicat \u0219i durabil pentru comemor\u0103ri. Design elegant \u0219i rezistent.","breadcrumb":{"@id":"https:\/\/www.lemeta.ro\/index.php\/produs\/coroana-funerara-artificiala-cu-8-nuferi-multicolore\/#breadcrumb"},"inLanguage":"ro-RO","potentialAction":[{"@type":"ReadAction","target":["https:\/\/www.lemeta.ro\/index.php\/produs\/coroana-funerara-artificiala-cu-8-nuferi-multicolore\/"]}]},{"@type":"ImageObject","inLanguage":"ro-RO","@id":"https:\/\/www.lemeta.ro\/index.php\/produs\/coroana-funerara-artificiala-cu-8-nuferi-multicolore\/#primaryimage","url":"https:\/\/www.lemeta.ro\/wp-content\/uploads\/2026\/03\/coroana-artificiala-nufari-multicolore.jpg","contentUrl":"https:\/\/www.lemeta.ro\/wp-content\/uploads\/2026\/03\/coroana-artificiala-nufari-multicolore.jpg","width":1512,"height":1512},{"@type":"BreadcrumbList","@id":"https:\/\/www.lemeta.ro\/index.php\/produs\/coroana-funerara-artificiala-cu-8-nuferi-multicolore\/#breadcrumb","itemListElement":[{"@type":"ListItem","position":1,"name":"Home","item":"https:\/\/www.lemeta.ro\/"},{"@type":"ListItem","position":2,"name":"Shop Lemeta","item":"https:\/\/www.lemeta.ro\/index.php\/shop-lemeta\/"},{"@type":"ListItem","position":3,"name":"Coroana funerara, artificiala cu 8 nuferi multicolore"}]},{"@type":"WebSite","@id":"https:\/\/www.lemeta.ro\/#website","url":"https:\/\/www.lemeta.ro\/","name":"Lemeta - Monumente funerare","description":"Monumente funerare","publisher":{"@id":"https:\/\/www.lemeta.ro\/#organization"},"potentialAction":[{"@type":"SearchAction","target":{"@type":"EntryPoint","urlTemplate":"https:\/\/www.lemeta.ro\/?s={search_term_string}"},"query-input":{"@type":"PropertyValueSpecification","valueRequired":true,"valueName":"search_term_string"}}],"inLanguage":"ro-RO"},{"@type":"Organization","@id":"https:\/\/www.lemeta.ro\/#organization","name":"Lemeta - Monumente funerare","url":"https:\/\/www.lemeta.ro\/","logo":{"@type":"ImageObject","inLanguage":"ro-RO","@id":"https:\/\/www.lemeta.ro\/#\/schema\/logo\/image\/","url":"https:\/\/www.lemeta.ro\/wp-content\/uploads\/2024\/05\/lemeta-logo.jpg","contentUrl":"https:\/\/www.lemeta.ro\/wp-content\/uploads\/2024\/05\/lemeta-logo.jpg","width":800,"height":800,"caption":"Lemeta - Monumente funerare"},"image":{"@id":"https:\/\/www.lemeta.ro\/#\/schema\/logo\/image\/"},"sameAs":["https:\/\/www.facebook.com\/lemeta.ro"]}]}},"_links":{"self":[{"href":"https:\/\/www.lemeta.ro\/index.php\/wp-json\/wp\/v2\/product\/22400","targetHints":{"allow":["GET"]}}],"collection":[{"href":"https:\/\/www.lemeta.ro\/index.php\/wp-json\/wp\/v2\/product"}],"about":[{"href":"https:\/\/www.lemeta.ro\/index.php\/wp-json\/wp\/v2\/types\/product"}],"wp:featuredmedia":[{"embeddable":true,"href":"https:\/\/www.lemeta.ro\/index.php\/wp-json\/wp\/v2\/media\/22401"}],"wp:attachment":[{"href":"https:\/\/www.lemeta.ro\/index.php\/wp-json\/wp\/v2\/media?parent=22400"}],"wp:term":[{"taxonomy":"product_brand","embeddable":true,"href":"https:\/\/www.lemeta.ro\/index.php\/wp-json\/wp\/v2\/product_brand?post=22400"},{"taxonomy":"product_cat","embeddable":true,"href":"https:\/\/www.lemeta.ro\/index.php\/wp-json\/wp\/v2\/product_cat?post=22400"},{"taxonomy":"product_tag","embeddable":true,"href":"https:\/\/www.lemeta.ro\/index.php\/wp-json\/wp\/v2\/product_tag?post=22400"}],"curies":[{"name":"wp","href":"https:\/\/api.w.org\/{rel}","templated":true}]}}