{"id":22451,"date":"2026-03-23T15:27:55","date_gmt":"2026-03-23T13:27:55","guid":{"rendered":"https:\/\/www.lemeta.ro\/?post_type=product&#038;p=22451"},"modified":"2026-03-23T15:44:56","modified_gmt":"2026-03-23T13:44:56","slug":"coroana-funerara-artificiala-cu-8-dalii-rosii","status":"publish","type":"product","link":"https:\/\/www.lemeta.ro\/index.php\/produs\/coroana-funerara-artificiala-cu-8-dalii-rosii\/","title":{"rendered":"Coroana funerara, artificiala cu 8 dalii rosii"},"content":{"rendered":"<p data-start=\"197\" data-end=\"479\">Coroana funerar\u0103 artificial\u0103 cu 8 dalii ro\u0219ii este un omagiu puternic, dedicat celor care au l\u0103sat \u00een urm\u0103 amintiri de neuitat. Ro\u0219ul transmite iubire profund\u0103, respect \u0219i leg\u0103turi care nu se pierd \u00een timp, iar forma bogat\u0103 a daliilor adaug\u0103 elegan\u021b\u0103 \u0219i prezen\u021b\u0103 acestui aranjament.<\/p>\n<p data-start=\"481\" data-end=\"886\">Florile artificiale sunt create pentru a rezista \u0219i pentru a p\u0103stra aceea\u0219i intensitate vizual\u0103, f\u0103r\u0103 degradare \u00een timp. Coroana \u00ee\u0219i men\u021bine aspectul \u00eengrijit indiferent de condi\u021bii \u0219i nu necesit\u0103 \u00eentre\u021binere, fiind potrivit\u0103 at\u00e2t pentru ceremonie, c\u00e2t \u0219i pentru amplasare ulterioar\u0103. Structura stabil\u0103 \u0219i designul echilibrat ofer\u0103 un tribut clar, vizibil \u0219i durabil.<\/p>\n","protected":false},"excerpt":{"rendered":"<p data-start=\"916\" data-end=\"1035\">Coroan\u0103 funerar\u0103 artificial\u0103 cu 8 dalii ro\u0219ii, expresiv\u0103 \u0219i rezistent\u0103, potrivit\u0103 pentru un omagiu puternic \u0219i durabil.<\/p>\n","protected":false},"featured_media":22452,"template":"","meta":{"ngg_post_thumbnail":0},"product_brand":[],"product_cat":[14],"product_tag":[],"class_list":{"0":"post-22451","1":"product","2":"type-product","3":"status-publish","4":"has-post-thumbnail","6":"product_cat-coroane-artificiale","8":"first","9":"instock","10":"taxable","11":"shipping-taxable","12":"purchasable","13":"product-type-simple"},"yoast_head":"<!-- This site is optimized with the Yoast SEO plugin v27.4 - https:\/\/yoast.com\/product\/yoast-seo-wordpress\/ -->\n<title>Coroana funerara, artificiala cu 8 dalii rosii - Lemeta - Monumente funerare<\/title>\n<meta name=\"description\" content=\"Coroan\u0103 funerar\u0103 cu dalii ro\u0219ii, rezistent\u0103 \u0219i elegant\u0103, ideal\u0103 pentru a exprima iubirea, respectul \u0219i un omagiu profund \u00een momentele de comemorare.\" \/>\n<meta name=\"robots\" content=\"index, follow, max-snippet:-1, max-image-preview:large, max-video-preview:-1\" \/>\n<link rel=\"canonical\" href=\"https:\/\/www.lemeta.ro\/index.php\/produs\/coroana-funerara-artificiala-cu-8-dalii-rosii\/\" \/>\n<meta property=\"og:locale\" content=\"ro_RO\" \/>\n<meta property=\"og:type\" content=\"article\" \/>\n<meta property=\"og:title\" content=\"Coroana funerara, artificiala cu 8 dalii rosii - Lemeta - Monumente funerare\" \/>\n<meta property=\"og:description\" content=\"Coroan\u0103 funerar\u0103 cu dalii ro\u0219ii, rezistent\u0103 \u0219i elegant\u0103, ideal\u0103 pentru a exprima iubirea, respectul \u0219i un omagiu profund \u00een momentele de comemorare.\" \/>\n<meta property=\"og:url\" content=\"https:\/\/www.lemeta.ro\/index.php\/produs\/coroana-funerara-artificiala-cu-8-dalii-rosii\/\" \/>\n<meta property=\"og:site_name\" content=\"Lemeta - Monumente funerare\" \/>\n<meta property=\"article:publisher\" content=\"https:\/\/www.facebook.com\/lemeta.ro\" \/>\n<meta property=\"article:modified_time\" content=\"2026-03-23T13:44:56+00:00\" \/>\n<meta property=\"og:image\" content=\"https:\/\/www.lemeta.ro\/wp-content\/uploads\/2026\/03\/Coroana-funerara-artificiala-cu-8-dalii-rosii.jpg\" \/>\n\t<meta property=\"og:image:width\" content=\"1512\" \/>\n\t<meta property=\"og:image:height\" content=\"1512\" \/>\n\t<meta property=\"og:image:type\" content=\"image\/jpeg\" \/>\n<meta name=\"twitter:card\" content=\"summary_large_image\" \/>\n<meta name=\"twitter:label1\" content=\"Timp estimat pentru citire\" \/>\n\t<meta name=\"twitter:data1\" content=\"1 minut\" \/>\n<script type=\"application\/ld+json\" class=\"yoast-schema-graph\">{\"@context\":\"https:\\\/\\\/schema.org\",\"@graph\":[{\"@type\":\"WebPage\",\"@id\":\"https:\\\/\\\/www.lemeta.ro\\\/index.php\\\/produs\\\/coroana-funerara-artificiala-cu-8-dalii-rosii\\\/\",\"url\":\"https:\\\/\\\/www.lemeta.ro\\\/index.php\\\/produs\\\/coroana-funerara-artificiala-cu-8-dalii-rosii\\\/\",\"name\":\"Coroana funerara, artificiala cu 8 dalii rosii - Lemeta - Monumente funerare\",\"isPartOf\":{\"@id\":\"https:\\\/\\\/www.lemeta.ro\\\/#website\"},\"primaryImageOfPage\":{\"@id\":\"https:\\\/\\\/www.lemeta.ro\\\/index.php\\\/produs\\\/coroana-funerara-artificiala-cu-8-dalii-rosii\\\/#primaryimage\"},\"image\":{\"@id\":\"https:\\\/\\\/www.lemeta.ro\\\/index.php\\\/produs\\\/coroana-funerara-artificiala-cu-8-dalii-rosii\\\/#primaryimage\"},\"thumbnailUrl\":\"https:\\\/\\\/www.lemeta.ro\\\/wp-content\\\/uploads\\\/2026\\\/03\\\/Coroana-funerara-artificiala-cu-8-dalii-rosii.jpg\",\"datePublished\":\"2026-03-23T13:27:55+00:00\",\"dateModified\":\"2026-03-23T13:44:56+00:00\",\"description\":\"Coroan\u0103 funerar\u0103 cu dalii ro\u0219ii, rezistent\u0103 \u0219i elegant\u0103, ideal\u0103 pentru a exprima iubirea, respectul \u0219i un omagiu profund \u00een momentele de comemorare.\",\"breadcrumb\":{\"@id\":\"https:\\\/\\\/www.lemeta.ro\\\/index.php\\\/produs\\\/coroana-funerara-artificiala-cu-8-dalii-rosii\\\/#breadcrumb\"},\"inLanguage\":\"ro-RO\",\"potentialAction\":[{\"@type\":\"ReadAction\",\"target\":[\"https:\\\/\\\/www.lemeta.ro\\\/index.php\\\/produs\\\/coroana-funerara-artificiala-cu-8-dalii-rosii\\\/\"]}]},{\"@type\":\"ImageObject\",\"inLanguage\":\"ro-RO\",\"@id\":\"https:\\\/\\\/www.lemeta.ro\\\/index.php\\\/produs\\\/coroana-funerara-artificiala-cu-8-dalii-rosii\\\/#primaryimage\",\"url\":\"https:\\\/\\\/www.lemeta.ro\\\/wp-content\\\/uploads\\\/2026\\\/03\\\/Coroana-funerara-artificiala-cu-8-dalii-rosii.jpg\",\"contentUrl\":\"https:\\\/\\\/www.lemeta.ro\\\/wp-content\\\/uploads\\\/2026\\\/03\\\/Coroana-funerara-artificiala-cu-8-dalii-rosii.jpg\",\"width\":1512,\"height\":1512},{\"@type\":\"BreadcrumbList\",\"@id\":\"https:\\\/\\\/www.lemeta.ro\\\/index.php\\\/produs\\\/coroana-funerara-artificiala-cu-8-dalii-rosii\\\/#breadcrumb\",\"itemListElement\":[{\"@type\":\"ListItem\",\"position\":1,\"name\":\"Home\",\"item\":\"https:\\\/\\\/www.lemeta.ro\\\/\"},{\"@type\":\"ListItem\",\"position\":2,\"name\":\"Shop Lemeta\",\"item\":\"https:\\\/\\\/www.lemeta.ro\\\/index.php\\\/shop-lemeta\\\/\"},{\"@type\":\"ListItem\",\"position\":3,\"name\":\"Coroana funerara, artificiala cu 8 dalii rosii\"}]},{\"@type\":\"WebSite\",\"@id\":\"https:\\\/\\\/www.lemeta.ro\\\/#website\",\"url\":\"https:\\\/\\\/www.lemeta.ro\\\/\",\"name\":\"Lemeta - Monumente funerare\",\"description\":\"Monumente funerare\",\"publisher\":{\"@id\":\"https:\\\/\\\/www.lemeta.ro\\\/#organization\"},\"potentialAction\":[{\"@type\":\"SearchAction\",\"target\":{\"@type\":\"EntryPoint\",\"urlTemplate\":\"https:\\\/\\\/www.lemeta.ro\\\/?s={search_term_string}\"},\"query-input\":{\"@type\":\"PropertyValueSpecification\",\"valueRequired\":true,\"valueName\":\"search_term_string\"}}],\"inLanguage\":\"ro-RO\"},{\"@type\":\"Organization\",\"@id\":\"https:\\\/\\\/www.lemeta.ro\\\/#organization\",\"name\":\"Lemeta - Monumente funerare\",\"url\":\"https:\\\/\\\/www.lemeta.ro\\\/\",\"logo\":{\"@type\":\"ImageObject\",\"inLanguage\":\"ro-RO\",\"@id\":\"https:\\\/\\\/www.lemeta.ro\\\/#\\\/schema\\\/logo\\\/image\\\/\",\"url\":\"https:\\\/\\\/www.lemeta.ro\\\/wp-content\\\/uploads\\\/2024\\\/05\\\/lemeta-logo.jpg\",\"contentUrl\":\"https:\\\/\\\/www.lemeta.ro\\\/wp-content\\\/uploads\\\/2024\\\/05\\\/lemeta-logo.jpg\",\"width\":800,\"height\":800,\"caption\":\"Lemeta - Monumente funerare\"},\"image\":{\"@id\":\"https:\\\/\\\/www.lemeta.ro\\\/#\\\/schema\\\/logo\\\/image\\\/\"},\"sameAs\":[\"https:\\\/\\\/www.facebook.com\\\/lemeta.ro\"]}]}<\/script>\n<!-- \/ Yoast SEO plugin. -->","yoast_head_json":{"title":"Coroana funerara, artificiala cu 8 dalii rosii - Lemeta - Monumente funerare","description":"Coroan\u0103 funerar\u0103 cu dalii ro\u0219ii, rezistent\u0103 \u0219i elegant\u0103, ideal\u0103 pentru a exprima iubirea, respectul \u0219i un omagiu profund \u00een momentele de comemorare.","robots":{"index":"index","follow":"follow","max-snippet":"max-snippet:-1","max-image-preview":"max-image-preview:large","max-video-preview":"max-video-preview:-1"},"canonical":"https:\/\/www.lemeta.ro\/index.php\/produs\/coroana-funerara-artificiala-cu-8-dalii-rosii\/","og_locale":"ro_RO","og_type":"article","og_title":"Coroana funerara, artificiala cu 8 dalii rosii - Lemeta - Monumente funerare","og_description":"Coroan\u0103 funerar\u0103 cu dalii ro\u0219ii, rezistent\u0103 \u0219i elegant\u0103, ideal\u0103 pentru a exprima iubirea, respectul \u0219i un omagiu profund \u00een momentele de comemorare.","og_url":"https:\/\/www.lemeta.ro\/index.php\/produs\/coroana-funerara-artificiala-cu-8-dalii-rosii\/","og_site_name":"Lemeta - Monumente funerare","article_publisher":"https:\/\/www.facebook.com\/lemeta.ro","article_modified_time":"2026-03-23T13:44:56+00:00","og_image":[{"width":1512,"height":1512,"url":"https:\/\/www.lemeta.ro\/wp-content\/uploads\/2026\/03\/Coroana-funerara-artificiala-cu-8-dalii-rosii.jpg","type":"image\/jpeg"}],"twitter_card":"summary_large_image","twitter_misc":{"Timp estimat pentru citire":"1 minut"},"schema":{"@context":"https:\/\/schema.org","@graph":[{"@type":"WebPage","@id":"https:\/\/www.lemeta.ro\/index.php\/produs\/coroana-funerara-artificiala-cu-8-dalii-rosii\/","url":"https:\/\/www.lemeta.ro\/index.php\/produs\/coroana-funerara-artificiala-cu-8-dalii-rosii\/","name":"Coroana funerara, artificiala cu 8 dalii rosii - Lemeta - Monumente funerare","isPartOf":{"@id":"https:\/\/www.lemeta.ro\/#website"},"primaryImageOfPage":{"@id":"https:\/\/www.lemeta.ro\/index.php\/produs\/coroana-funerara-artificiala-cu-8-dalii-rosii\/#primaryimage"},"image":{"@id":"https:\/\/www.lemeta.ro\/index.php\/produs\/coroana-funerara-artificiala-cu-8-dalii-rosii\/#primaryimage"},"thumbnailUrl":"https:\/\/www.lemeta.ro\/wp-content\/uploads\/2026\/03\/Coroana-funerara-artificiala-cu-8-dalii-rosii.jpg","datePublished":"2026-03-23T13:27:55+00:00","dateModified":"2026-03-23T13:44:56+00:00","description":"Coroan\u0103 funerar\u0103 cu dalii ro\u0219ii, rezistent\u0103 \u0219i elegant\u0103, ideal\u0103 pentru a exprima iubirea, respectul \u0219i un omagiu profund \u00een momentele de comemorare.","breadcrumb":{"@id":"https:\/\/www.lemeta.ro\/index.php\/produs\/coroana-funerara-artificiala-cu-8-dalii-rosii\/#breadcrumb"},"inLanguage":"ro-RO","potentialAction":[{"@type":"ReadAction","target":["https:\/\/www.lemeta.ro\/index.php\/produs\/coroana-funerara-artificiala-cu-8-dalii-rosii\/"]}]},{"@type":"ImageObject","inLanguage":"ro-RO","@id":"https:\/\/www.lemeta.ro\/index.php\/produs\/coroana-funerara-artificiala-cu-8-dalii-rosii\/#primaryimage","url":"https:\/\/www.lemeta.ro\/wp-content\/uploads\/2026\/03\/Coroana-funerara-artificiala-cu-8-dalii-rosii.jpg","contentUrl":"https:\/\/www.lemeta.ro\/wp-content\/uploads\/2026\/03\/Coroana-funerara-artificiala-cu-8-dalii-rosii.jpg","width":1512,"height":1512},{"@type":"BreadcrumbList","@id":"https:\/\/www.lemeta.ro\/index.php\/produs\/coroana-funerara-artificiala-cu-8-dalii-rosii\/#breadcrumb","itemListElement":[{"@type":"ListItem","position":1,"name":"Home","item":"https:\/\/www.lemeta.ro\/"},{"@type":"ListItem","position":2,"name":"Shop Lemeta","item":"https:\/\/www.lemeta.ro\/index.php\/shop-lemeta\/"},{"@type":"ListItem","position":3,"name":"Coroana funerara, artificiala cu 8 dalii rosii"}]},{"@type":"WebSite","@id":"https:\/\/www.lemeta.ro\/#website","url":"https:\/\/www.lemeta.ro\/","name":"Lemeta - Monumente funerare","description":"Monumente funerare","publisher":{"@id":"https:\/\/www.lemeta.ro\/#organization"},"potentialAction":[{"@type":"SearchAction","target":{"@type":"EntryPoint","urlTemplate":"https:\/\/www.lemeta.ro\/?s={search_term_string}"},"query-input":{"@type":"PropertyValueSpecification","valueRequired":true,"valueName":"search_term_string"}}],"inLanguage":"ro-RO"},{"@type":"Organization","@id":"https:\/\/www.lemeta.ro\/#organization","name":"Lemeta - Monumente funerare","url":"https:\/\/www.lemeta.ro\/","logo":{"@type":"ImageObject","inLanguage":"ro-RO","@id":"https:\/\/www.lemeta.ro\/#\/schema\/logo\/image\/","url":"https:\/\/www.lemeta.ro\/wp-content\/uploads\/2024\/05\/lemeta-logo.jpg","contentUrl":"https:\/\/www.lemeta.ro\/wp-content\/uploads\/2024\/05\/lemeta-logo.jpg","width":800,"height":800,"caption":"Lemeta - Monumente funerare"},"image":{"@id":"https:\/\/www.lemeta.ro\/#\/schema\/logo\/image\/"},"sameAs":["https:\/\/www.facebook.com\/lemeta.ro"]}]}},"_links":{"self":[{"href":"https:\/\/www.lemeta.ro\/index.php\/wp-json\/wp\/v2\/product\/22451","targetHints":{"allow":["GET"]}}],"collection":[{"href":"https:\/\/www.lemeta.ro\/index.php\/wp-json\/wp\/v2\/product"}],"about":[{"href":"https:\/\/www.lemeta.ro\/index.php\/wp-json\/wp\/v2\/types\/product"}],"wp:featuredmedia":[{"embeddable":true,"href":"https:\/\/www.lemeta.ro\/index.php\/wp-json\/wp\/v2\/media\/22452"}],"wp:attachment":[{"href":"https:\/\/www.lemeta.ro\/index.php\/wp-json\/wp\/v2\/media?parent=22451"}],"wp:term":[{"taxonomy":"product_brand","embeddable":true,"href":"https:\/\/www.lemeta.ro\/index.php\/wp-json\/wp\/v2\/product_brand?post=22451"},{"taxonomy":"product_cat","embeddable":true,"href":"https:\/\/www.lemeta.ro\/index.php\/wp-json\/wp\/v2\/product_cat?post=22451"},{"taxonomy":"product_tag","embeddable":true,"href":"https:\/\/www.lemeta.ro\/index.php\/wp-json\/wp\/v2\/product_tag?post=22451"}],"curies":[{"name":"wp","href":"https:\/\/api.w.org\/{rel}","templated":true}]}}