{"id":22466,"date":"2026-04-01T14:43:24","date_gmt":"2026-04-01T11:43:24","guid":{"rendered":"https:\/\/www.lemeta.ro\/?post_type=product&#038;p=22466"},"modified":"2026-04-01T14:51:46","modified_gmt":"2026-04-01T11:51:46","slug":"coroana-funerara-artificiala-cu-8-trandafiri-albe","status":"publish","type":"product","link":"https:\/\/www.lemeta.ro\/index.php\/produs\/coroana-funerara-artificiala-cu-8-trandafiri-albe\/","title":{"rendered":"Coroana funerara, artificiala cu 8 trandafiri albe"},"content":{"rendered":"<p data-start=\"193\" data-end=\"582\">Coroana funerar\u0103 artificial\u0103 cu 8 trandafiri albi este un aranjament sobru \u0219i elegant, potrivit pentru a transmite respectul \u0219i omagiul sincer \u00een momentele de desp\u0103r\u021bire. Trandafirii albi sunt asocia\u021bi cu puritatea, pacea \u0219i lini\u0219tea sufleteasc\u0103, fiind una dintre cele mai alese op\u021biuni pentru aranjamente funerare datorit\u0103 semnifica\u021biei lor profunde .<\/p>\n<p data-start=\"584\" data-end=\"968\">Construit\u0103 din flori artificiale rezistente, coroana \u00ee\u0219i p\u0103streaz\u0103 aspectul \u00eengrijit \u0219i culoarea \u00een timp, f\u0103r\u0103 a necesita \u00eentre\u021binere. Este u\u0219or de utilizat \u0219i potrivit\u0103 at\u00e2t pentru ceremonii funerare, c\u00e2t \u0219i pentru amplasare ulterioar\u0103, oferind un omagiu constant \u0219i vizibil. Designul echilibrat \u0219i aspectul curat o transform\u0103 \u00eentr-o alegere sigur\u0103 \u0219i potrivit\u0103 pentru orice context.<\/p>\n","protected":false},"excerpt":{"rendered":"<p data-start=\"998\" data-end=\"1108\">Coroan\u0103 funerar\u0103 artificial\u0103 cu 8 trandafiri albi, elegant\u0103 \u0219i rezistent\u0103, simbol al purit\u0103\u021bii \u0219i respectului.<\/p>\n","protected":false},"featured_media":22467,"template":"","meta":{"ngg_post_thumbnail":0},"product_brand":[],"product_cat":[14],"product_tag":[],"class_list":{"0":"post-22466","1":"product","2":"type-product","3":"status-publish","4":"has-post-thumbnail","6":"product_cat-coroane-artificiale","8":"first","9":"instock","10":"taxable","11":"shipping-taxable","12":"purchasable","13":"product-type-simple"},"yoast_head":"<!-- This site is optimized with the Yoast SEO plugin v27.4 - https:\/\/yoast.com\/product\/yoast-seo-wordpress\/ -->\n<title>Coroana funerara, artificiala cu 8 trandafiri albe - Lemeta - Monumente funerare<\/title>\n<meta name=\"description\" content=\"Coroan\u0103 funerar\u0103 cu trandafiri albi, elegant\u0103 \u0219i durabil\u0103, ideal\u0103 pentru a exprima respectul, puritatea \u0219i omagiul sincer \u00een momentele de comemorare.\" \/>\n<meta name=\"robots\" content=\"index, follow, max-snippet:-1, max-image-preview:large, max-video-preview:-1\" \/>\n<link rel=\"canonical\" href=\"https:\/\/www.lemeta.ro\/index.php\/produs\/coroana-funerara-artificiala-cu-8-trandafiri-albe\/\" \/>\n<meta property=\"og:locale\" content=\"ro_RO\" \/>\n<meta property=\"og:type\" content=\"article\" \/>\n<meta property=\"og:title\" content=\"Coroana funerara, artificiala cu 8 trandafiri albe - Lemeta - Monumente funerare\" \/>\n<meta property=\"og:description\" content=\"Coroan\u0103 funerar\u0103 cu trandafiri albi, elegant\u0103 \u0219i durabil\u0103, ideal\u0103 pentru a exprima respectul, puritatea \u0219i omagiul sincer \u00een momentele de comemorare.\" \/>\n<meta property=\"og:url\" content=\"https:\/\/www.lemeta.ro\/index.php\/produs\/coroana-funerara-artificiala-cu-8-trandafiri-albe\/\" \/>\n<meta property=\"og:site_name\" content=\"Lemeta - Monumente funerare\" \/>\n<meta property=\"article:publisher\" content=\"https:\/\/www.facebook.com\/lemeta.ro\" \/>\n<meta property=\"article:modified_time\" content=\"2026-04-01T11:51:46+00:00\" \/>\n<meta property=\"og:image\" content=\"https:\/\/www.lemeta.ro\/wp-content\/uploads\/2026\/04\/coroana-artificiala-alba.jpeg\" \/>\n\t<meta property=\"og:image:width\" content=\"1080\" \/>\n\t<meta property=\"og:image:height\" content=\"1080\" \/>\n\t<meta property=\"og:image:type\" content=\"image\/jpeg\" \/>\n<meta name=\"twitter:card\" content=\"summary_large_image\" \/>\n<meta name=\"twitter:label1\" content=\"Timp estimat pentru citire\" \/>\n\t<meta name=\"twitter:data1\" content=\"1 minut\" \/>\n<script type=\"application\/ld+json\" class=\"yoast-schema-graph\">{\"@context\":\"https:\\\/\\\/schema.org\",\"@graph\":[{\"@type\":\"WebPage\",\"@id\":\"https:\\\/\\\/www.lemeta.ro\\\/index.php\\\/produs\\\/coroana-funerara-artificiala-cu-8-trandafiri-albe\\\/\",\"url\":\"https:\\\/\\\/www.lemeta.ro\\\/index.php\\\/produs\\\/coroana-funerara-artificiala-cu-8-trandafiri-albe\\\/\",\"name\":\"Coroana funerara, artificiala cu 8 trandafiri albe - Lemeta - Monumente funerare\",\"isPartOf\":{\"@id\":\"https:\\\/\\\/www.lemeta.ro\\\/#website\"},\"primaryImageOfPage\":{\"@id\":\"https:\\\/\\\/www.lemeta.ro\\\/index.php\\\/produs\\\/coroana-funerara-artificiala-cu-8-trandafiri-albe\\\/#primaryimage\"},\"image\":{\"@id\":\"https:\\\/\\\/www.lemeta.ro\\\/index.php\\\/produs\\\/coroana-funerara-artificiala-cu-8-trandafiri-albe\\\/#primaryimage\"},\"thumbnailUrl\":\"https:\\\/\\\/www.lemeta.ro\\\/wp-content\\\/uploads\\\/2026\\\/04\\\/coroana-artificiala-alba.jpeg\",\"datePublished\":\"2026-04-01T11:43:24+00:00\",\"dateModified\":\"2026-04-01T11:51:46+00:00\",\"description\":\"Coroan\u0103 funerar\u0103 cu trandafiri albi, elegant\u0103 \u0219i durabil\u0103, ideal\u0103 pentru a exprima respectul, puritatea \u0219i omagiul sincer \u00een momentele de comemorare.\",\"breadcrumb\":{\"@id\":\"https:\\\/\\\/www.lemeta.ro\\\/index.php\\\/produs\\\/coroana-funerara-artificiala-cu-8-trandafiri-albe\\\/#breadcrumb\"},\"inLanguage\":\"ro-RO\",\"potentialAction\":[{\"@type\":\"ReadAction\",\"target\":[\"https:\\\/\\\/www.lemeta.ro\\\/index.php\\\/produs\\\/coroana-funerara-artificiala-cu-8-trandafiri-albe\\\/\"]}]},{\"@type\":\"ImageObject\",\"inLanguage\":\"ro-RO\",\"@id\":\"https:\\\/\\\/www.lemeta.ro\\\/index.php\\\/produs\\\/coroana-funerara-artificiala-cu-8-trandafiri-albe\\\/#primaryimage\",\"url\":\"https:\\\/\\\/www.lemeta.ro\\\/wp-content\\\/uploads\\\/2026\\\/04\\\/coroana-artificiala-alba.jpeg\",\"contentUrl\":\"https:\\\/\\\/www.lemeta.ro\\\/wp-content\\\/uploads\\\/2026\\\/04\\\/coroana-artificiala-alba.jpeg\",\"width\":1080,\"height\":1080},{\"@type\":\"BreadcrumbList\",\"@id\":\"https:\\\/\\\/www.lemeta.ro\\\/index.php\\\/produs\\\/coroana-funerara-artificiala-cu-8-trandafiri-albe\\\/#breadcrumb\",\"itemListElement\":[{\"@type\":\"ListItem\",\"position\":1,\"name\":\"Home\",\"item\":\"https:\\\/\\\/www.lemeta.ro\\\/\"},{\"@type\":\"ListItem\",\"position\":2,\"name\":\"Shop Lemeta\",\"item\":\"https:\\\/\\\/www.lemeta.ro\\\/index.php\\\/shop-lemeta\\\/\"},{\"@type\":\"ListItem\",\"position\":3,\"name\":\"Coroana funerara, artificiala cu 8 trandafiri albe\"}]},{\"@type\":\"WebSite\",\"@id\":\"https:\\\/\\\/www.lemeta.ro\\\/#website\",\"url\":\"https:\\\/\\\/www.lemeta.ro\\\/\",\"name\":\"Lemeta - Monumente funerare\",\"description\":\"Monumente funerare\",\"publisher\":{\"@id\":\"https:\\\/\\\/www.lemeta.ro\\\/#organization\"},\"potentialAction\":[{\"@type\":\"SearchAction\",\"target\":{\"@type\":\"EntryPoint\",\"urlTemplate\":\"https:\\\/\\\/www.lemeta.ro\\\/?s={search_term_string}\"},\"query-input\":{\"@type\":\"PropertyValueSpecification\",\"valueRequired\":true,\"valueName\":\"search_term_string\"}}],\"inLanguage\":\"ro-RO\"},{\"@type\":\"Organization\",\"@id\":\"https:\\\/\\\/www.lemeta.ro\\\/#organization\",\"name\":\"Lemeta - Monumente funerare\",\"url\":\"https:\\\/\\\/www.lemeta.ro\\\/\",\"logo\":{\"@type\":\"ImageObject\",\"inLanguage\":\"ro-RO\",\"@id\":\"https:\\\/\\\/www.lemeta.ro\\\/#\\\/schema\\\/logo\\\/image\\\/\",\"url\":\"https:\\\/\\\/www.lemeta.ro\\\/wp-content\\\/uploads\\\/2024\\\/05\\\/lemeta-logo.jpg\",\"contentUrl\":\"https:\\\/\\\/www.lemeta.ro\\\/wp-content\\\/uploads\\\/2024\\\/05\\\/lemeta-logo.jpg\",\"width\":800,\"height\":800,\"caption\":\"Lemeta - Monumente funerare\"},\"image\":{\"@id\":\"https:\\\/\\\/www.lemeta.ro\\\/#\\\/schema\\\/logo\\\/image\\\/\"},\"sameAs\":[\"https:\\\/\\\/www.facebook.com\\\/lemeta.ro\"]}]}<\/script>\n<!-- \/ Yoast SEO plugin. -->","yoast_head_json":{"title":"Coroana funerara, artificiala cu 8 trandafiri albe - Lemeta - Monumente funerare","description":"Coroan\u0103 funerar\u0103 cu trandafiri albi, elegant\u0103 \u0219i durabil\u0103, ideal\u0103 pentru a exprima respectul, puritatea \u0219i omagiul sincer \u00een momentele de comemorare.","robots":{"index":"index","follow":"follow","max-snippet":"max-snippet:-1","max-image-preview":"max-image-preview:large","max-video-preview":"max-video-preview:-1"},"canonical":"https:\/\/www.lemeta.ro\/index.php\/produs\/coroana-funerara-artificiala-cu-8-trandafiri-albe\/","og_locale":"ro_RO","og_type":"article","og_title":"Coroana funerara, artificiala cu 8 trandafiri albe - Lemeta - Monumente funerare","og_description":"Coroan\u0103 funerar\u0103 cu trandafiri albi, elegant\u0103 \u0219i durabil\u0103, ideal\u0103 pentru a exprima respectul, puritatea \u0219i omagiul sincer \u00een momentele de comemorare.","og_url":"https:\/\/www.lemeta.ro\/index.php\/produs\/coroana-funerara-artificiala-cu-8-trandafiri-albe\/","og_site_name":"Lemeta - Monumente funerare","article_publisher":"https:\/\/www.facebook.com\/lemeta.ro","article_modified_time":"2026-04-01T11:51:46+00:00","og_image":[{"width":1080,"height":1080,"url":"https:\/\/www.lemeta.ro\/wp-content\/uploads\/2026\/04\/coroana-artificiala-alba.jpeg","type":"image\/jpeg"}],"twitter_card":"summary_large_image","twitter_misc":{"Timp estimat pentru citire":"1 minut"},"schema":{"@context":"https:\/\/schema.org","@graph":[{"@type":"WebPage","@id":"https:\/\/www.lemeta.ro\/index.php\/produs\/coroana-funerara-artificiala-cu-8-trandafiri-albe\/","url":"https:\/\/www.lemeta.ro\/index.php\/produs\/coroana-funerara-artificiala-cu-8-trandafiri-albe\/","name":"Coroana funerara, artificiala cu 8 trandafiri albe - Lemeta - Monumente funerare","isPartOf":{"@id":"https:\/\/www.lemeta.ro\/#website"},"primaryImageOfPage":{"@id":"https:\/\/www.lemeta.ro\/index.php\/produs\/coroana-funerara-artificiala-cu-8-trandafiri-albe\/#primaryimage"},"image":{"@id":"https:\/\/www.lemeta.ro\/index.php\/produs\/coroana-funerara-artificiala-cu-8-trandafiri-albe\/#primaryimage"},"thumbnailUrl":"https:\/\/www.lemeta.ro\/wp-content\/uploads\/2026\/04\/coroana-artificiala-alba.jpeg","datePublished":"2026-04-01T11:43:24+00:00","dateModified":"2026-04-01T11:51:46+00:00","description":"Coroan\u0103 funerar\u0103 cu trandafiri albi, elegant\u0103 \u0219i durabil\u0103, ideal\u0103 pentru a exprima respectul, puritatea \u0219i omagiul sincer \u00een momentele de comemorare.","breadcrumb":{"@id":"https:\/\/www.lemeta.ro\/index.php\/produs\/coroana-funerara-artificiala-cu-8-trandafiri-albe\/#breadcrumb"},"inLanguage":"ro-RO","potentialAction":[{"@type":"ReadAction","target":["https:\/\/www.lemeta.ro\/index.php\/produs\/coroana-funerara-artificiala-cu-8-trandafiri-albe\/"]}]},{"@type":"ImageObject","inLanguage":"ro-RO","@id":"https:\/\/www.lemeta.ro\/index.php\/produs\/coroana-funerara-artificiala-cu-8-trandafiri-albe\/#primaryimage","url":"https:\/\/www.lemeta.ro\/wp-content\/uploads\/2026\/04\/coroana-artificiala-alba.jpeg","contentUrl":"https:\/\/www.lemeta.ro\/wp-content\/uploads\/2026\/04\/coroana-artificiala-alba.jpeg","width":1080,"height":1080},{"@type":"BreadcrumbList","@id":"https:\/\/www.lemeta.ro\/index.php\/produs\/coroana-funerara-artificiala-cu-8-trandafiri-albe\/#breadcrumb","itemListElement":[{"@type":"ListItem","position":1,"name":"Home","item":"https:\/\/www.lemeta.ro\/"},{"@type":"ListItem","position":2,"name":"Shop Lemeta","item":"https:\/\/www.lemeta.ro\/index.php\/shop-lemeta\/"},{"@type":"ListItem","position":3,"name":"Coroana funerara, artificiala cu 8 trandafiri albe"}]},{"@type":"WebSite","@id":"https:\/\/www.lemeta.ro\/#website","url":"https:\/\/www.lemeta.ro\/","name":"Lemeta - Monumente funerare","description":"Monumente funerare","publisher":{"@id":"https:\/\/www.lemeta.ro\/#organization"},"potentialAction":[{"@type":"SearchAction","target":{"@type":"EntryPoint","urlTemplate":"https:\/\/www.lemeta.ro\/?s={search_term_string}"},"query-input":{"@type":"PropertyValueSpecification","valueRequired":true,"valueName":"search_term_string"}}],"inLanguage":"ro-RO"},{"@type":"Organization","@id":"https:\/\/www.lemeta.ro\/#organization","name":"Lemeta - Monumente funerare","url":"https:\/\/www.lemeta.ro\/","logo":{"@type":"ImageObject","inLanguage":"ro-RO","@id":"https:\/\/www.lemeta.ro\/#\/schema\/logo\/image\/","url":"https:\/\/www.lemeta.ro\/wp-content\/uploads\/2024\/05\/lemeta-logo.jpg","contentUrl":"https:\/\/www.lemeta.ro\/wp-content\/uploads\/2024\/05\/lemeta-logo.jpg","width":800,"height":800,"caption":"Lemeta - Monumente funerare"},"image":{"@id":"https:\/\/www.lemeta.ro\/#\/schema\/logo\/image\/"},"sameAs":["https:\/\/www.facebook.com\/lemeta.ro"]}]}},"_links":{"self":[{"href":"https:\/\/www.lemeta.ro\/index.php\/wp-json\/wp\/v2\/product\/22466","targetHints":{"allow":["GET"]}}],"collection":[{"href":"https:\/\/www.lemeta.ro\/index.php\/wp-json\/wp\/v2\/product"}],"about":[{"href":"https:\/\/www.lemeta.ro\/index.php\/wp-json\/wp\/v2\/types\/product"}],"wp:featuredmedia":[{"embeddable":true,"href":"https:\/\/www.lemeta.ro\/index.php\/wp-json\/wp\/v2\/media\/22467"}],"wp:attachment":[{"href":"https:\/\/www.lemeta.ro\/index.php\/wp-json\/wp\/v2\/media?parent=22466"}],"wp:term":[{"taxonomy":"product_brand","embeddable":true,"href":"https:\/\/www.lemeta.ro\/index.php\/wp-json\/wp\/v2\/product_brand?post=22466"},{"taxonomy":"product_cat","embeddable":true,"href":"https:\/\/www.lemeta.ro\/index.php\/wp-json\/wp\/v2\/product_cat?post=22466"},{"taxonomy":"product_tag","embeddable":true,"href":"https:\/\/www.lemeta.ro\/index.php\/wp-json\/wp\/v2\/product_tag?post=22466"}],"curies":[{"name":"wp","href":"https:\/\/api.w.org\/{rel}","templated":true}]}}