{"id":22469,"date":"2026-04-01T14:52:30","date_gmt":"2026-04-01T11:52:30","guid":{"rendered":"https:\/\/www.lemeta.ro\/?post_type=product&#038;p=22469"},"modified":"2026-04-01T15:04:41","modified_gmt":"2026-04-01T12:04:41","slug":"coroana-funerara-artificiala-cu-8-trandafiri-culoarea-crema","status":"publish","type":"product","link":"https:\/\/www.lemeta.ro\/index.php\/produs\/coroana-funerara-artificiala-cu-8-trandafiri-culoarea-crema\/","title":{"rendered":"Coroana funerara, artificiala cu 8 trandafiri culoarea crema"},"content":{"rendered":"<p data-start=\"176\" data-end=\"702\">Coroana funerar\u0103 artificial\u0103 cu 8 trandafiri \u00een nuan\u021b\u0103 crem este un aranjament discret \u0219i rafinat, potrivit pentru a exprima respectul \u0219i omagiul \u00eentr-o manier\u0103 calm\u0103 \u0219i echilibrat\u0103. Tonurile crem sunt asociate cu lini\u0219tea, sinceritatea \u0219i elegan\u021ba, oferind o alternativ\u0103 subtil\u0103 fa\u021b\u0103 de aranjamentele clasice, dar p\u0103str\u00e2nd aceea\u0219i \u00eenc\u0103rc\u0103tur\u0103 emo\u021bional\u0103. Trandafirii, simboluri universale ale iubirii \u0219i pre\u021buirii, completeaz\u0103 acest aranjament printr-o prezen\u021b\u0103 delicat\u0103 \u0219i armonioas\u0103.<\/p>\n<p data-start=\"704\" data-end=\"1142\">Coroana este realizat\u0103 din flori artificiale de calitate, concepute pentru a-\u0219i men\u021bine aspectul \u00een timp, indiferent de condi\u021biile de mediu. Nu necesit\u0103 \u00eentre\u021binere \u0219i \u00ee\u0219i p\u0103streaz\u0103 forma \u0219i culoarea pe termen lung, fiind potrivit\u0103 at\u00e2t pentru ceremonii funerare, c\u00e2t \u0219i pentru amplasare ulterioar\u0103. Aranjamentele artificiale sunt apreciate pentru durabilitatea \u0219i stabilitatea lor vizual\u0103 \u00een timp.<\/p>\n","protected":false},"excerpt":{"rendered":"<p data-start=\"1172\" data-end=\"1291\">Coroan\u0103 funerar\u0103 artificial\u0103 cu 8 trandafiri crem, elegant\u0103 \u0219i discret\u0103, potrivit\u0103 pentru un omagiu rafinat \u0219i durabil.<\/p>\n","protected":false},"featured_media":22470,"template":"","meta":{"ngg_post_thumbnail":0},"product_brand":[],"product_cat":[14],"product_tag":[],"class_list":{"0":"post-22469","1":"product","2":"type-product","3":"status-publish","4":"has-post-thumbnail","6":"product_cat-coroane-artificiale","8":"first","9":"instock","10":"taxable","11":"shipping-taxable","12":"purchasable","13":"product-type-simple"},"yoast_head":"<!-- This site is optimized with the Yoast SEO plugin v27.4 - https:\/\/yoast.com\/product\/yoast-seo-wordpress\/ -->\n<title>Coroana funerara, artificiala cu 8 trandafiri culoarea crema - Lemeta - Monumente funerare<\/title>\n<meta name=\"description\" content=\"Coroan\u0103 funerar\u0103 cu trandafiri crem, elegant\u0103 \u0219i rezistent\u0103, ideal\u0103 pentru a transmite respectul \u0219i omagiul sincer \u00eentr-un mod discret \u0219i rafinat.\" \/>\n<meta name=\"robots\" content=\"index, follow, max-snippet:-1, max-image-preview:large, max-video-preview:-1\" \/>\n<link rel=\"canonical\" href=\"https:\/\/www.lemeta.ro\/index.php\/produs\/coroana-funerara-artificiala-cu-8-trandafiri-culoarea-crema\/\" \/>\n<meta property=\"og:locale\" content=\"ro_RO\" \/>\n<meta property=\"og:type\" content=\"article\" \/>\n<meta property=\"og:title\" content=\"Coroana funerara, artificiala cu 8 trandafiri culoarea crema - Lemeta - Monumente funerare\" \/>\n<meta property=\"og:description\" content=\"Coroan\u0103 funerar\u0103 cu trandafiri crem, elegant\u0103 \u0219i rezistent\u0103, ideal\u0103 pentru a transmite respectul \u0219i omagiul sincer \u00eentr-un mod discret \u0219i rafinat.\" \/>\n<meta property=\"og:url\" content=\"https:\/\/www.lemeta.ro\/index.php\/produs\/coroana-funerara-artificiala-cu-8-trandafiri-culoarea-crema\/\" \/>\n<meta property=\"og:site_name\" content=\"Lemeta - Monumente funerare\" \/>\n<meta property=\"article:publisher\" content=\"https:\/\/www.facebook.com\/lemeta.ro\" \/>\n<meta property=\"article:modified_time\" content=\"2026-04-01T12:04:41+00:00\" \/>\n<meta property=\"og:image\" content=\"https:\/\/www.lemeta.ro\/wp-content\/uploads\/2026\/04\/coroana-artificiala-cu-culoarea-crem.jpeg\" \/>\n\t<meta property=\"og:image:width\" content=\"1080\" \/>\n\t<meta property=\"og:image:height\" content=\"1080\" \/>\n\t<meta property=\"og:image:type\" content=\"image\/jpeg\" \/>\n<meta name=\"twitter:card\" content=\"summary_large_image\" \/>\n<meta name=\"twitter:label1\" content=\"Timp estimat pentru citire\" \/>\n\t<meta name=\"twitter:data1\" content=\"1 minut\" \/>\n<script type=\"application\/ld+json\" class=\"yoast-schema-graph\">{\"@context\":\"https:\\\/\\\/schema.org\",\"@graph\":[{\"@type\":\"WebPage\",\"@id\":\"https:\\\/\\\/www.lemeta.ro\\\/index.php\\\/produs\\\/coroana-funerara-artificiala-cu-8-trandafiri-culoarea-crema\\\/\",\"url\":\"https:\\\/\\\/www.lemeta.ro\\\/index.php\\\/produs\\\/coroana-funerara-artificiala-cu-8-trandafiri-culoarea-crema\\\/\",\"name\":\"Coroana funerara, artificiala cu 8 trandafiri culoarea crema - Lemeta - Monumente funerare\",\"isPartOf\":{\"@id\":\"https:\\\/\\\/www.lemeta.ro\\\/#website\"},\"primaryImageOfPage\":{\"@id\":\"https:\\\/\\\/www.lemeta.ro\\\/index.php\\\/produs\\\/coroana-funerara-artificiala-cu-8-trandafiri-culoarea-crema\\\/#primaryimage\"},\"image\":{\"@id\":\"https:\\\/\\\/www.lemeta.ro\\\/index.php\\\/produs\\\/coroana-funerara-artificiala-cu-8-trandafiri-culoarea-crema\\\/#primaryimage\"},\"thumbnailUrl\":\"https:\\\/\\\/www.lemeta.ro\\\/wp-content\\\/uploads\\\/2026\\\/04\\\/coroana-artificiala-cu-culoarea-crem.jpeg\",\"datePublished\":\"2026-04-01T11:52:30+00:00\",\"dateModified\":\"2026-04-01T12:04:41+00:00\",\"description\":\"Coroan\u0103 funerar\u0103 cu trandafiri crem, elegant\u0103 \u0219i rezistent\u0103, ideal\u0103 pentru a transmite respectul \u0219i omagiul sincer \u00eentr-un mod discret \u0219i rafinat.\",\"breadcrumb\":{\"@id\":\"https:\\\/\\\/www.lemeta.ro\\\/index.php\\\/produs\\\/coroana-funerara-artificiala-cu-8-trandafiri-culoarea-crema\\\/#breadcrumb\"},\"inLanguage\":\"ro-RO\",\"potentialAction\":[{\"@type\":\"ReadAction\",\"target\":[\"https:\\\/\\\/www.lemeta.ro\\\/index.php\\\/produs\\\/coroana-funerara-artificiala-cu-8-trandafiri-culoarea-crema\\\/\"]}]},{\"@type\":\"ImageObject\",\"inLanguage\":\"ro-RO\",\"@id\":\"https:\\\/\\\/www.lemeta.ro\\\/index.php\\\/produs\\\/coroana-funerara-artificiala-cu-8-trandafiri-culoarea-crema\\\/#primaryimage\",\"url\":\"https:\\\/\\\/www.lemeta.ro\\\/wp-content\\\/uploads\\\/2026\\\/04\\\/coroana-artificiala-cu-culoarea-crem.jpeg\",\"contentUrl\":\"https:\\\/\\\/www.lemeta.ro\\\/wp-content\\\/uploads\\\/2026\\\/04\\\/coroana-artificiala-cu-culoarea-crem.jpeg\",\"width\":1080,\"height\":1080},{\"@type\":\"BreadcrumbList\",\"@id\":\"https:\\\/\\\/www.lemeta.ro\\\/index.php\\\/produs\\\/coroana-funerara-artificiala-cu-8-trandafiri-culoarea-crema\\\/#breadcrumb\",\"itemListElement\":[{\"@type\":\"ListItem\",\"position\":1,\"name\":\"Home\",\"item\":\"https:\\\/\\\/www.lemeta.ro\\\/\"},{\"@type\":\"ListItem\",\"position\":2,\"name\":\"Shop Lemeta\",\"item\":\"https:\\\/\\\/www.lemeta.ro\\\/index.php\\\/shop-lemeta\\\/\"},{\"@type\":\"ListItem\",\"position\":3,\"name\":\"Coroana funerara, artificiala cu 8 trandafiri culoarea crema\"}]},{\"@type\":\"WebSite\",\"@id\":\"https:\\\/\\\/www.lemeta.ro\\\/#website\",\"url\":\"https:\\\/\\\/www.lemeta.ro\\\/\",\"name\":\"Lemeta - Monumente funerare\",\"description\":\"Monumente funerare\",\"publisher\":{\"@id\":\"https:\\\/\\\/www.lemeta.ro\\\/#organization\"},\"potentialAction\":[{\"@type\":\"SearchAction\",\"target\":{\"@type\":\"EntryPoint\",\"urlTemplate\":\"https:\\\/\\\/www.lemeta.ro\\\/?s={search_term_string}\"},\"query-input\":{\"@type\":\"PropertyValueSpecification\",\"valueRequired\":true,\"valueName\":\"search_term_string\"}}],\"inLanguage\":\"ro-RO\"},{\"@type\":\"Organization\",\"@id\":\"https:\\\/\\\/www.lemeta.ro\\\/#organization\",\"name\":\"Lemeta - Monumente funerare\",\"url\":\"https:\\\/\\\/www.lemeta.ro\\\/\",\"logo\":{\"@type\":\"ImageObject\",\"inLanguage\":\"ro-RO\",\"@id\":\"https:\\\/\\\/www.lemeta.ro\\\/#\\\/schema\\\/logo\\\/image\\\/\",\"url\":\"https:\\\/\\\/www.lemeta.ro\\\/wp-content\\\/uploads\\\/2024\\\/05\\\/lemeta-logo.jpg\",\"contentUrl\":\"https:\\\/\\\/www.lemeta.ro\\\/wp-content\\\/uploads\\\/2024\\\/05\\\/lemeta-logo.jpg\",\"width\":800,\"height\":800,\"caption\":\"Lemeta - Monumente funerare\"},\"image\":{\"@id\":\"https:\\\/\\\/www.lemeta.ro\\\/#\\\/schema\\\/logo\\\/image\\\/\"},\"sameAs\":[\"https:\\\/\\\/www.facebook.com\\\/lemeta.ro\"]}]}<\/script>\n<!-- \/ Yoast SEO plugin. -->","yoast_head_json":{"title":"Coroana funerara, artificiala cu 8 trandafiri culoarea crema - Lemeta - Monumente funerare","description":"Coroan\u0103 funerar\u0103 cu trandafiri crem, elegant\u0103 \u0219i rezistent\u0103, ideal\u0103 pentru a transmite respectul \u0219i omagiul sincer \u00eentr-un mod discret \u0219i rafinat.","robots":{"index":"index","follow":"follow","max-snippet":"max-snippet:-1","max-image-preview":"max-image-preview:large","max-video-preview":"max-video-preview:-1"},"canonical":"https:\/\/www.lemeta.ro\/index.php\/produs\/coroana-funerara-artificiala-cu-8-trandafiri-culoarea-crema\/","og_locale":"ro_RO","og_type":"article","og_title":"Coroana funerara, artificiala cu 8 trandafiri culoarea crema - Lemeta - Monumente funerare","og_description":"Coroan\u0103 funerar\u0103 cu trandafiri crem, elegant\u0103 \u0219i rezistent\u0103, ideal\u0103 pentru a transmite respectul \u0219i omagiul sincer \u00eentr-un mod discret \u0219i rafinat.","og_url":"https:\/\/www.lemeta.ro\/index.php\/produs\/coroana-funerara-artificiala-cu-8-trandafiri-culoarea-crema\/","og_site_name":"Lemeta - Monumente funerare","article_publisher":"https:\/\/www.facebook.com\/lemeta.ro","article_modified_time":"2026-04-01T12:04:41+00:00","og_image":[{"width":1080,"height":1080,"url":"https:\/\/www.lemeta.ro\/wp-content\/uploads\/2026\/04\/coroana-artificiala-cu-culoarea-crem.jpeg","type":"image\/jpeg"}],"twitter_card":"summary_large_image","twitter_misc":{"Timp estimat pentru citire":"1 minut"},"schema":{"@context":"https:\/\/schema.org","@graph":[{"@type":"WebPage","@id":"https:\/\/www.lemeta.ro\/index.php\/produs\/coroana-funerara-artificiala-cu-8-trandafiri-culoarea-crema\/","url":"https:\/\/www.lemeta.ro\/index.php\/produs\/coroana-funerara-artificiala-cu-8-trandafiri-culoarea-crema\/","name":"Coroana funerara, artificiala cu 8 trandafiri culoarea crema - Lemeta - Monumente funerare","isPartOf":{"@id":"https:\/\/www.lemeta.ro\/#website"},"primaryImageOfPage":{"@id":"https:\/\/www.lemeta.ro\/index.php\/produs\/coroana-funerara-artificiala-cu-8-trandafiri-culoarea-crema\/#primaryimage"},"image":{"@id":"https:\/\/www.lemeta.ro\/index.php\/produs\/coroana-funerara-artificiala-cu-8-trandafiri-culoarea-crema\/#primaryimage"},"thumbnailUrl":"https:\/\/www.lemeta.ro\/wp-content\/uploads\/2026\/04\/coroana-artificiala-cu-culoarea-crem.jpeg","datePublished":"2026-04-01T11:52:30+00:00","dateModified":"2026-04-01T12:04:41+00:00","description":"Coroan\u0103 funerar\u0103 cu trandafiri crem, elegant\u0103 \u0219i rezistent\u0103, ideal\u0103 pentru a transmite respectul \u0219i omagiul sincer \u00eentr-un mod discret \u0219i rafinat.","breadcrumb":{"@id":"https:\/\/www.lemeta.ro\/index.php\/produs\/coroana-funerara-artificiala-cu-8-trandafiri-culoarea-crema\/#breadcrumb"},"inLanguage":"ro-RO","potentialAction":[{"@type":"ReadAction","target":["https:\/\/www.lemeta.ro\/index.php\/produs\/coroana-funerara-artificiala-cu-8-trandafiri-culoarea-crema\/"]}]},{"@type":"ImageObject","inLanguage":"ro-RO","@id":"https:\/\/www.lemeta.ro\/index.php\/produs\/coroana-funerara-artificiala-cu-8-trandafiri-culoarea-crema\/#primaryimage","url":"https:\/\/www.lemeta.ro\/wp-content\/uploads\/2026\/04\/coroana-artificiala-cu-culoarea-crem.jpeg","contentUrl":"https:\/\/www.lemeta.ro\/wp-content\/uploads\/2026\/04\/coroana-artificiala-cu-culoarea-crem.jpeg","width":1080,"height":1080},{"@type":"BreadcrumbList","@id":"https:\/\/www.lemeta.ro\/index.php\/produs\/coroana-funerara-artificiala-cu-8-trandafiri-culoarea-crema\/#breadcrumb","itemListElement":[{"@type":"ListItem","position":1,"name":"Home","item":"https:\/\/www.lemeta.ro\/"},{"@type":"ListItem","position":2,"name":"Shop Lemeta","item":"https:\/\/www.lemeta.ro\/index.php\/shop-lemeta\/"},{"@type":"ListItem","position":3,"name":"Coroana funerara, artificiala cu 8 trandafiri culoarea crema"}]},{"@type":"WebSite","@id":"https:\/\/www.lemeta.ro\/#website","url":"https:\/\/www.lemeta.ro\/","name":"Lemeta - Monumente funerare","description":"Monumente funerare","publisher":{"@id":"https:\/\/www.lemeta.ro\/#organization"},"potentialAction":[{"@type":"SearchAction","target":{"@type":"EntryPoint","urlTemplate":"https:\/\/www.lemeta.ro\/?s={search_term_string}"},"query-input":{"@type":"PropertyValueSpecification","valueRequired":true,"valueName":"search_term_string"}}],"inLanguage":"ro-RO"},{"@type":"Organization","@id":"https:\/\/www.lemeta.ro\/#organization","name":"Lemeta - Monumente funerare","url":"https:\/\/www.lemeta.ro\/","logo":{"@type":"ImageObject","inLanguage":"ro-RO","@id":"https:\/\/www.lemeta.ro\/#\/schema\/logo\/image\/","url":"https:\/\/www.lemeta.ro\/wp-content\/uploads\/2024\/05\/lemeta-logo.jpg","contentUrl":"https:\/\/www.lemeta.ro\/wp-content\/uploads\/2024\/05\/lemeta-logo.jpg","width":800,"height":800,"caption":"Lemeta - Monumente funerare"},"image":{"@id":"https:\/\/www.lemeta.ro\/#\/schema\/logo\/image\/"},"sameAs":["https:\/\/www.facebook.com\/lemeta.ro"]}]}},"_links":{"self":[{"href":"https:\/\/www.lemeta.ro\/index.php\/wp-json\/wp\/v2\/product\/22469","targetHints":{"allow":["GET"]}}],"collection":[{"href":"https:\/\/www.lemeta.ro\/index.php\/wp-json\/wp\/v2\/product"}],"about":[{"href":"https:\/\/www.lemeta.ro\/index.php\/wp-json\/wp\/v2\/types\/product"}],"wp:featuredmedia":[{"embeddable":true,"href":"https:\/\/www.lemeta.ro\/index.php\/wp-json\/wp\/v2\/media\/22470"}],"wp:attachment":[{"href":"https:\/\/www.lemeta.ro\/index.php\/wp-json\/wp\/v2\/media?parent=22469"}],"wp:term":[{"taxonomy":"product_brand","embeddable":true,"href":"https:\/\/www.lemeta.ro\/index.php\/wp-json\/wp\/v2\/product_brand?post=22469"},{"taxonomy":"product_cat","embeddable":true,"href":"https:\/\/www.lemeta.ro\/index.php\/wp-json\/wp\/v2\/product_cat?post=22469"},{"taxonomy":"product_tag","embeddable":true,"href":"https:\/\/www.lemeta.ro\/index.php\/wp-json\/wp\/v2\/product_tag?post=22469"}],"curies":[{"name":"wp","href":"https:\/\/api.w.org\/{rel}","templated":true}]}}