{"id":22481,"date":"2026-04-01T15:41:48","date_gmt":"2026-04-01T12:41:48","guid":{"rendered":"https:\/\/www.lemeta.ro\/?post_type=product&#038;p=22481"},"modified":"2026-04-08T13:22:43","modified_gmt":"2026-04-08T10:22:43","slug":"coroana-funerara-artificiala-forma-inima-cu-trandafiri-rosii","status":"publish","type":"product","link":"https:\/\/www.lemeta.ro\/index.php\/produs\/coroana-funerara-artificiala-forma-inima-cu-trandafiri-rosii\/","title":{"rendered":"Coroana funerara, artificiala forma inima cu trandafiri rosii"},"content":{"rendered":"<p data-start=\"208\" data-end=\"623\">Coroana funerar\u0103 artificial\u0103 \u00een form\u0103 de inim\u0103 cu trandafiri ro\u0219ii este unul dintre cele mai expresive moduri de a transmite iubirea, respectul \u0219i regretul profund. Forma inimii este simbolul universal al leg\u0103turilor care nu se pierd niciodat\u0103, iar trandafirii ro\u0219ii amplific\u0103 acest mesaj prin semnifica\u021bia lor puternic\u0103 \u2013 dragoste etern\u0103, ata\u0219ament \u0219i pre\u021buire f\u0103r\u0103 sf\u00e2r\u0219it.<\/p>\n<p data-start=\"625\" data-end=\"1043\">Acest tip de aranjament este ales atunci c\u00e2nd cuvintele nu mai sunt suficiente, iar gestul trebuie s\u0103 vorbeasc\u0103 de la sine. Realizat\u0103 din flori artificiale rezistente, coroana \u00ee\u0219i p\u0103streaz\u0103 forma \u0219i intensitatea culorilor \u00een timp, f\u0103r\u0103 \u00eentre\u021binere. Designul distinct \u0219i structura stabil\u0103 o fac potrivit\u0103 at\u00e2t pentru ceremonii funerare, c\u00e2t \u0219i pentru amplasare ulterioar\u0103, oferind un omagiu vizibil, profund \u0219i durabil.<\/p>\n","protected":false},"excerpt":{"rendered":"<p data-start=\"1073\" data-end=\"1202\">Coroan\u0103 funerar\u0103 \u00een form\u0103 de inim\u0103 cu trandafiri ro\u0219ii, simbol al iubirii eterne \u0219i al respectului profund. Elegant\u0103 \u0219i durabil\u0103.<\/p>\n","protected":false},"featured_media":22482,"template":"","meta":{"ngg_post_thumbnail":0},"product_brand":[],"product_cat":[14],"product_tag":[],"class_list":{"0":"post-22481","1":"product","2":"type-product","3":"status-publish","4":"has-post-thumbnail","6":"product_cat-coroane-artificiale","8":"first","9":"outofstock","10":"taxable","11":"shipping-taxable","12":"purchasable","13":"product-type-simple"},"yoast_head":"<!-- This site is optimized with the Yoast SEO plugin v27.4 - https:\/\/yoast.com\/product\/yoast-seo-wordpress\/ -->\n<title>Coroana artificiala cu trandafiri si dalii albe<\/title>\n<meta name=\"description\" content=\"Coroan\u0103 funerar\u0103 \u00een form\u0103 de inim\u0103 cu trandafiri ro\u0219ii, elegant\u0103 \u0219i rezistent\u0103, ideal\u0103 pentru a exprima iubirea, respectul \u0219i omagiul profund.\" \/>\n<meta name=\"robots\" content=\"index, follow, max-snippet:-1, max-image-preview:large, max-video-preview:-1\" \/>\n<link rel=\"canonical\" href=\"https:\/\/www.lemeta.ro\/index.php\/produs\/coroana-funerara-artificiala-forma-inima-cu-trandafiri-rosii\/\" \/>\n<meta property=\"og:locale\" content=\"ro_RO\" \/>\n<meta property=\"og:type\" content=\"article\" \/>\n<meta property=\"og:title\" content=\"Coroana artificiala cu trandafiri si dalii albe\" \/>\n<meta property=\"og:description\" content=\"Coroan\u0103 funerar\u0103 \u00een form\u0103 de inim\u0103 cu trandafiri ro\u0219ii, elegant\u0103 \u0219i rezistent\u0103, ideal\u0103 pentru a exprima iubirea, respectul \u0219i omagiul profund.\" \/>\n<meta property=\"og:url\" content=\"https:\/\/www.lemeta.ro\/index.php\/produs\/coroana-funerara-artificiala-forma-inima-cu-trandafiri-rosii\/\" \/>\n<meta property=\"og:site_name\" content=\"Lemeta - Monumente funerare\" \/>\n<meta property=\"article:publisher\" content=\"https:\/\/www.facebook.com\/lemeta.ro\" \/>\n<meta property=\"article:modified_time\" content=\"2026-04-08T10:22:43+00:00\" \/>\n<meta property=\"og:image\" content=\"https:\/\/www.lemeta.ro\/wp-content\/uploads\/2026\/04\/coroana-artificiala-forma-inima-cu-trandafiri-rosii.jpg\" \/>\n\t<meta property=\"og:image:width\" content=\"1512\" \/>\n\t<meta property=\"og:image:height\" content=\"1512\" \/>\n\t<meta property=\"og:image:type\" content=\"image\/jpeg\" \/>\n<meta name=\"twitter:card\" content=\"summary_large_image\" \/>\n<meta name=\"twitter:label1\" content=\"Timp estimat pentru citire\" \/>\n\t<meta name=\"twitter:data1\" content=\"1 minut\" \/>\n<script type=\"application\/ld+json\" class=\"yoast-schema-graph\">{\"@context\":\"https:\\\/\\\/schema.org\",\"@graph\":[{\"@type\":\"WebPage\",\"@id\":\"https:\\\/\\\/www.lemeta.ro\\\/index.php\\\/produs\\\/coroana-funerara-artificiala-forma-inima-cu-trandafiri-rosii\\\/\",\"url\":\"https:\\\/\\\/www.lemeta.ro\\\/index.php\\\/produs\\\/coroana-funerara-artificiala-forma-inima-cu-trandafiri-rosii\\\/\",\"name\":\"Coroana artificiala cu trandafiri si dalii albe\",\"isPartOf\":{\"@id\":\"https:\\\/\\\/www.lemeta.ro\\\/#website\"},\"primaryImageOfPage\":{\"@id\":\"https:\\\/\\\/www.lemeta.ro\\\/index.php\\\/produs\\\/coroana-funerara-artificiala-forma-inima-cu-trandafiri-rosii\\\/#primaryimage\"},\"image\":{\"@id\":\"https:\\\/\\\/www.lemeta.ro\\\/index.php\\\/produs\\\/coroana-funerara-artificiala-forma-inima-cu-trandafiri-rosii\\\/#primaryimage\"},\"thumbnailUrl\":\"https:\\\/\\\/www.lemeta.ro\\\/wp-content\\\/uploads\\\/2026\\\/04\\\/coroana-artificiala-forma-inima-cu-trandafiri-rosii.jpg\",\"datePublished\":\"2026-04-01T12:41:48+00:00\",\"dateModified\":\"2026-04-08T10:22:43+00:00\",\"description\":\"Coroan\u0103 funerar\u0103 \u00een form\u0103 de inim\u0103 cu trandafiri ro\u0219ii, elegant\u0103 \u0219i rezistent\u0103, ideal\u0103 pentru a exprima iubirea, respectul \u0219i omagiul profund.\",\"breadcrumb\":{\"@id\":\"https:\\\/\\\/www.lemeta.ro\\\/index.php\\\/produs\\\/coroana-funerara-artificiala-forma-inima-cu-trandafiri-rosii\\\/#breadcrumb\"},\"inLanguage\":\"ro-RO\",\"potentialAction\":[{\"@type\":\"ReadAction\",\"target\":[\"https:\\\/\\\/www.lemeta.ro\\\/index.php\\\/produs\\\/coroana-funerara-artificiala-forma-inima-cu-trandafiri-rosii\\\/\"]}]},{\"@type\":\"ImageObject\",\"inLanguage\":\"ro-RO\",\"@id\":\"https:\\\/\\\/www.lemeta.ro\\\/index.php\\\/produs\\\/coroana-funerara-artificiala-forma-inima-cu-trandafiri-rosii\\\/#primaryimage\",\"url\":\"https:\\\/\\\/www.lemeta.ro\\\/wp-content\\\/uploads\\\/2026\\\/04\\\/coroana-artificiala-forma-inima-cu-trandafiri-rosii.jpg\",\"contentUrl\":\"https:\\\/\\\/www.lemeta.ro\\\/wp-content\\\/uploads\\\/2026\\\/04\\\/coroana-artificiala-forma-inima-cu-trandafiri-rosii.jpg\",\"width\":1512,\"height\":1512},{\"@type\":\"BreadcrumbList\",\"@id\":\"https:\\\/\\\/www.lemeta.ro\\\/index.php\\\/produs\\\/coroana-funerara-artificiala-forma-inima-cu-trandafiri-rosii\\\/#breadcrumb\",\"itemListElement\":[{\"@type\":\"ListItem\",\"position\":1,\"name\":\"Home\",\"item\":\"https:\\\/\\\/www.lemeta.ro\\\/\"},{\"@type\":\"ListItem\",\"position\":2,\"name\":\"Shop Lemeta\",\"item\":\"https:\\\/\\\/www.lemeta.ro\\\/index.php\\\/shop-lemeta\\\/\"},{\"@type\":\"ListItem\",\"position\":3,\"name\":\"Coroana funerara, artificiala forma inima cu trandafiri rosii\"}]},{\"@type\":\"WebSite\",\"@id\":\"https:\\\/\\\/www.lemeta.ro\\\/#website\",\"url\":\"https:\\\/\\\/www.lemeta.ro\\\/\",\"name\":\"Lemeta - Monumente funerare\",\"description\":\"Monumente funerare\",\"publisher\":{\"@id\":\"https:\\\/\\\/www.lemeta.ro\\\/#organization\"},\"potentialAction\":[{\"@type\":\"SearchAction\",\"target\":{\"@type\":\"EntryPoint\",\"urlTemplate\":\"https:\\\/\\\/www.lemeta.ro\\\/?s={search_term_string}\"},\"query-input\":{\"@type\":\"PropertyValueSpecification\",\"valueRequired\":true,\"valueName\":\"search_term_string\"}}],\"inLanguage\":\"ro-RO\"},{\"@type\":\"Organization\",\"@id\":\"https:\\\/\\\/www.lemeta.ro\\\/#organization\",\"name\":\"Lemeta - Monumente funerare\",\"url\":\"https:\\\/\\\/www.lemeta.ro\\\/\",\"logo\":{\"@type\":\"ImageObject\",\"inLanguage\":\"ro-RO\",\"@id\":\"https:\\\/\\\/www.lemeta.ro\\\/#\\\/schema\\\/logo\\\/image\\\/\",\"url\":\"https:\\\/\\\/www.lemeta.ro\\\/wp-content\\\/uploads\\\/2024\\\/05\\\/lemeta-logo.jpg\",\"contentUrl\":\"https:\\\/\\\/www.lemeta.ro\\\/wp-content\\\/uploads\\\/2024\\\/05\\\/lemeta-logo.jpg\",\"width\":800,\"height\":800,\"caption\":\"Lemeta - Monumente funerare\"},\"image\":{\"@id\":\"https:\\\/\\\/www.lemeta.ro\\\/#\\\/schema\\\/logo\\\/image\\\/\"},\"sameAs\":[\"https:\\\/\\\/www.facebook.com\\\/lemeta.ro\"]}]}<\/script>\n<!-- \/ Yoast SEO plugin. -->","yoast_head_json":{"title":"Coroana artificiala cu trandafiri si dalii albe","description":"Coroan\u0103 funerar\u0103 \u00een form\u0103 de inim\u0103 cu trandafiri ro\u0219ii, elegant\u0103 \u0219i rezistent\u0103, ideal\u0103 pentru a exprima iubirea, respectul \u0219i omagiul profund.","robots":{"index":"index","follow":"follow","max-snippet":"max-snippet:-1","max-image-preview":"max-image-preview:large","max-video-preview":"max-video-preview:-1"},"canonical":"https:\/\/www.lemeta.ro\/index.php\/produs\/coroana-funerara-artificiala-forma-inima-cu-trandafiri-rosii\/","og_locale":"ro_RO","og_type":"article","og_title":"Coroana artificiala cu trandafiri si dalii albe","og_description":"Coroan\u0103 funerar\u0103 \u00een form\u0103 de inim\u0103 cu trandafiri ro\u0219ii, elegant\u0103 \u0219i rezistent\u0103, ideal\u0103 pentru a exprima iubirea, respectul \u0219i omagiul profund.","og_url":"https:\/\/www.lemeta.ro\/index.php\/produs\/coroana-funerara-artificiala-forma-inima-cu-trandafiri-rosii\/","og_site_name":"Lemeta - Monumente funerare","article_publisher":"https:\/\/www.facebook.com\/lemeta.ro","article_modified_time":"2026-04-08T10:22:43+00:00","og_image":[{"width":1512,"height":1512,"url":"https:\/\/www.lemeta.ro\/wp-content\/uploads\/2026\/04\/coroana-artificiala-forma-inima-cu-trandafiri-rosii.jpg","type":"image\/jpeg"}],"twitter_card":"summary_large_image","twitter_misc":{"Timp estimat pentru citire":"1 minut"},"schema":{"@context":"https:\/\/schema.org","@graph":[{"@type":"WebPage","@id":"https:\/\/www.lemeta.ro\/index.php\/produs\/coroana-funerara-artificiala-forma-inima-cu-trandafiri-rosii\/","url":"https:\/\/www.lemeta.ro\/index.php\/produs\/coroana-funerara-artificiala-forma-inima-cu-trandafiri-rosii\/","name":"Coroana artificiala cu trandafiri si dalii albe","isPartOf":{"@id":"https:\/\/www.lemeta.ro\/#website"},"primaryImageOfPage":{"@id":"https:\/\/www.lemeta.ro\/index.php\/produs\/coroana-funerara-artificiala-forma-inima-cu-trandafiri-rosii\/#primaryimage"},"image":{"@id":"https:\/\/www.lemeta.ro\/index.php\/produs\/coroana-funerara-artificiala-forma-inima-cu-trandafiri-rosii\/#primaryimage"},"thumbnailUrl":"https:\/\/www.lemeta.ro\/wp-content\/uploads\/2026\/04\/coroana-artificiala-forma-inima-cu-trandafiri-rosii.jpg","datePublished":"2026-04-01T12:41:48+00:00","dateModified":"2026-04-08T10:22:43+00:00","description":"Coroan\u0103 funerar\u0103 \u00een form\u0103 de inim\u0103 cu trandafiri ro\u0219ii, elegant\u0103 \u0219i rezistent\u0103, ideal\u0103 pentru a exprima iubirea, respectul \u0219i omagiul profund.","breadcrumb":{"@id":"https:\/\/www.lemeta.ro\/index.php\/produs\/coroana-funerara-artificiala-forma-inima-cu-trandafiri-rosii\/#breadcrumb"},"inLanguage":"ro-RO","potentialAction":[{"@type":"ReadAction","target":["https:\/\/www.lemeta.ro\/index.php\/produs\/coroana-funerara-artificiala-forma-inima-cu-trandafiri-rosii\/"]}]},{"@type":"ImageObject","inLanguage":"ro-RO","@id":"https:\/\/www.lemeta.ro\/index.php\/produs\/coroana-funerara-artificiala-forma-inima-cu-trandafiri-rosii\/#primaryimage","url":"https:\/\/www.lemeta.ro\/wp-content\/uploads\/2026\/04\/coroana-artificiala-forma-inima-cu-trandafiri-rosii.jpg","contentUrl":"https:\/\/www.lemeta.ro\/wp-content\/uploads\/2026\/04\/coroana-artificiala-forma-inima-cu-trandafiri-rosii.jpg","width":1512,"height":1512},{"@type":"BreadcrumbList","@id":"https:\/\/www.lemeta.ro\/index.php\/produs\/coroana-funerara-artificiala-forma-inima-cu-trandafiri-rosii\/#breadcrumb","itemListElement":[{"@type":"ListItem","position":1,"name":"Home","item":"https:\/\/www.lemeta.ro\/"},{"@type":"ListItem","position":2,"name":"Shop Lemeta","item":"https:\/\/www.lemeta.ro\/index.php\/shop-lemeta\/"},{"@type":"ListItem","position":3,"name":"Coroana funerara, artificiala forma inima cu trandafiri rosii"}]},{"@type":"WebSite","@id":"https:\/\/www.lemeta.ro\/#website","url":"https:\/\/www.lemeta.ro\/","name":"Lemeta - Monumente funerare","description":"Monumente funerare","publisher":{"@id":"https:\/\/www.lemeta.ro\/#organization"},"potentialAction":[{"@type":"SearchAction","target":{"@type":"EntryPoint","urlTemplate":"https:\/\/www.lemeta.ro\/?s={search_term_string}"},"query-input":{"@type":"PropertyValueSpecification","valueRequired":true,"valueName":"search_term_string"}}],"inLanguage":"ro-RO"},{"@type":"Organization","@id":"https:\/\/www.lemeta.ro\/#organization","name":"Lemeta - Monumente funerare","url":"https:\/\/www.lemeta.ro\/","logo":{"@type":"ImageObject","inLanguage":"ro-RO","@id":"https:\/\/www.lemeta.ro\/#\/schema\/logo\/image\/","url":"https:\/\/www.lemeta.ro\/wp-content\/uploads\/2024\/05\/lemeta-logo.jpg","contentUrl":"https:\/\/www.lemeta.ro\/wp-content\/uploads\/2024\/05\/lemeta-logo.jpg","width":800,"height":800,"caption":"Lemeta - Monumente funerare"},"image":{"@id":"https:\/\/www.lemeta.ro\/#\/schema\/logo\/image\/"},"sameAs":["https:\/\/www.facebook.com\/lemeta.ro"]}]}},"_links":{"self":[{"href":"https:\/\/www.lemeta.ro\/index.php\/wp-json\/wp\/v2\/product\/22481","targetHints":{"allow":["GET"]}}],"collection":[{"href":"https:\/\/www.lemeta.ro\/index.php\/wp-json\/wp\/v2\/product"}],"about":[{"href":"https:\/\/www.lemeta.ro\/index.php\/wp-json\/wp\/v2\/types\/product"}],"wp:featuredmedia":[{"embeddable":true,"href":"https:\/\/www.lemeta.ro\/index.php\/wp-json\/wp\/v2\/media\/22482"}],"wp:attachment":[{"href":"https:\/\/www.lemeta.ro\/index.php\/wp-json\/wp\/v2\/media?parent=22481"}],"wp:term":[{"taxonomy":"product_brand","embeddable":true,"href":"https:\/\/www.lemeta.ro\/index.php\/wp-json\/wp\/v2\/product_brand?post=22481"},{"taxonomy":"product_cat","embeddable":true,"href":"https:\/\/www.lemeta.ro\/index.php\/wp-json\/wp\/v2\/product_cat?post=22481"},{"taxonomy":"product_tag","embeddable":true,"href":"https:\/\/www.lemeta.ro\/index.php\/wp-json\/wp\/v2\/product_tag?post=22481"}],"curies":[{"name":"wp","href":"https:\/\/api.w.org\/{rel}","templated":true}]}}